{"id":992,"date":"2022-10-28T14:34:03","date_gmt":"2022-10-28T12:34:03","guid":{"rendered":"https:\/\/9editions.com\/boutique\/?post_type=product&#038;p=992"},"modified":"2024-09-30T11:07:22","modified_gmt":"2024-09-30T09:07:22","slug":"les-entre-mondes","status":"publish","type":"product","link":"https:\/\/9editions.com\/boutique\/produit\/les-entre-mondes\/","title":{"rendered":"Les Entre-Mondes"},"content":{"rendered":"<p>Depuis sa naissance dans les Entre-Mondes, Alya attend avec impatience le moment o\u00f9 elle pourra retrouver l&rsquo;Antique d&rsquo;\u00e9b\u00e8ne sur Tellus.<\/p>\n<p>Ce que la derni\u00e8re des Antiques ignore, c&rsquo;est qu&rsquo;elle est la clef de vo\u00fbte des Univers. Le dernier espoir pour la lumi\u00e8re face aux forces mal\u00e9fiques.<\/p>\n<p>Alors que sur Tellus, Ninazu de Sum\u00e8re et Ngay de KaMa\u00a0 se rencontre et s&rsquo;aiment, Dimm\u00e9 la terrible d\u00e9mone pr\u00e9pare ses funestes projets.<\/p>\n<p>Alya pourra-t-elle accomplir sa premi\u00e8re mission ?<\/p>\n","protected":false},"excerpt":{"rendered":"<p>Depuis sa naissance dans les Entre-Mondes, Alya attend avec impatience le moment o\u00f9 elle pourra retrouver l&rsquo;Antique d&rsquo;\u00e9b\u00e8ne sur Tellus.<\/p>\n<p>Ce que la derni\u00e8re des Antiques ignore, c&rsquo;est qu&rsquo;elle est la clef de vo\u00fbte des Univers. Le dernier espoir pour la lumi\u00e8re face aux forces mal\u00e9fiques.<\/p>\n<p>Alors que sur Tellus, Ninazu de Sum\u00e8re et Ngay de KaMa\u00a0 se rencontre et s&rsquo;aiment, Dimm\u00e9 la terrible d\u00e9mone pr\u00e9pare ses funestes projets.<\/p>\n<p>Alya pourra-t-elle accomplir sa premi\u00e8re mission ?<\/p>\n","protected":false},"featured_media":2437,"comment_status":"open","ping_status":"closed","template":"","meta":[],"product_brand":[],"product_cat":[36,29,184],"product_tag":[],"class_list":{"0":"post-992","1":"product","2":"type-product","3":"status-publish","6":"product_cat-aventures","7":"product_cat-ebook","8":"product_cat-fantastique","9":"product_shipping_class-ebook","11":"first","12":"instock","13":"purchasable","14":"product-type-simple"},"yoast_head":"<!-- This site is optimized with the Yoast SEO plugin v27.3 - https:\/\/yoast.com\/product\/yoast-seo-wordpress\/ -->\n<title>Les Entre-Mondes - 9 \u00e9ditions<\/title>\n<meta name=\"description\" content=\"9 \u00e9ditions vous pr\u00e9sente le roman fantastique Les entre-monde de Martine- Marie Boussoutrot. Une lecture pour les fans de rebondissements\" \/>\n<meta name=\"robots\" content=\"index, follow, max-snippet:-1, max-image-preview:large, max-video-preview:-1\" \/>\n<link rel=\"canonical\" href=\"https:\/\/9editions.com\/boutique\/produit\/les-entre-mondes\/\" \/>\n<meta property=\"og:locale\" content=\"fr_FR\" \/>\n<meta property=\"og:type\" content=\"article\" \/>\n<meta property=\"og:title\" content=\"Les Entre-Mondes - 9 \u00e9ditions\" \/>\n<meta property=\"og:description\" content=\"9 \u00e9ditions vous pr\u00e9sente le roman fantastique Les entre-monde de Martine- Marie Boussoutrot. Une lecture pour les fans de rebondissements\" \/>\n<meta property=\"og:url\" content=\"https:\/\/9editions.com\/boutique\/produit\/les-entre-mondes\/\" \/>\n<meta property=\"og:site_name\" content=\"9 \u00e9ditions\" \/>\n<meta property=\"article:publisher\" content=\"https:\/\/www.facebook.com\/9editions?ref=bookmarks\" \/>\n<meta property=\"article:modified_time\" content=\"2024-09-30T09:07:22+00:00\" \/>\n<meta property=\"og:image\" content=\"https:\/\/9editions.com\/boutique\/wp-content\/uploads\/2022\/10\/9editions-LIVRE-MARTINE-MARIE-BOSSOUTROT-1500-pxl-001.jpg\" \/>\n\t<meta property=\"og:image:width\" content=\"1500\" \/>\n\t<meta property=\"og:image:height\" content=\"2271\" \/>\n\t<meta property=\"og:image:type\" content=\"image\/jpeg\" \/>\n<meta name=\"twitter:card\" content=\"summary_large_image\" \/>\n<meta name=\"twitter:site\" content=\"@9_editions\" \/>\n<meta name=\"twitter:label1\" content=\"Dur\u00e9e de lecture estim\u00e9e\" \/>\n\t<meta name=\"twitter:data1\" content=\"1 minute\" \/>\n<script type=\"application\/ld+json\" class=\"yoast-schema-graph\">{\"@context\":\"https:\\\/\\\/schema.org\",\"@graph\":[{\"@type\":\"WebPage\",\"@id\":\"https:\\\/\\\/9editions.com\\\/boutique\\\/produit\\\/les-entre-mondes\\\/\",\"url\":\"https:\\\/\\\/9editions.com\\\/boutique\\\/produit\\\/les-entre-mondes\\\/\",\"name\":\"Les Entre-Mondes - 9 \u00e9ditions\",\"isPartOf\":{\"@id\":\"https:\\\/\\\/9editions.com\\\/boutique\\\/#website\"},\"primaryImageOfPage\":{\"@id\":\"https:\\\/\\\/9editions.com\\\/boutique\\\/produit\\\/les-entre-mondes\\\/#primaryimage\"},\"image\":{\"@id\":\"https:\\\/\\\/9editions.com\\\/boutique\\\/produit\\\/les-entre-mondes\\\/#primaryimage\"},\"thumbnailUrl\":\"https:\\\/\\\/9editions.com\\\/boutique\\\/wp-content\\\/uploads\\\/2022\\\/10\\\/9editions-LIVRE-MARTINE-MARIE-BOSSOUTROT-1500-pxl-001.jpg\",\"datePublished\":\"2022-10-28T12:34:03+00:00\",\"dateModified\":\"2024-09-30T09:07:22+00:00\",\"description\":\"9 \u00e9ditions vous pr\u00e9sente le roman fantastique Les entre-monde de Martine- Marie Boussoutrot. Une lecture pour les fans de rebondissements\",\"breadcrumb\":{\"@id\":\"https:\\\/\\\/9editions.com\\\/boutique\\\/produit\\\/les-entre-mondes\\\/#breadcrumb\"},\"inLanguage\":\"fr-FR\",\"potentialAction\":[{\"@type\":\"ReadAction\",\"target\":[\"https:\\\/\\\/9editions.com\\\/boutique\\\/produit\\\/les-entre-mondes\\\/\"]}]},{\"@type\":\"ImageObject\",\"inLanguage\":\"fr-FR\",\"@id\":\"https:\\\/\\\/9editions.com\\\/boutique\\\/produit\\\/les-entre-mondes\\\/#primaryimage\",\"url\":\"https:\\\/\\\/9editions.com\\\/boutique\\\/wp-content\\\/uploads\\\/2022\\\/10\\\/9editions-LIVRE-MARTINE-MARIE-BOSSOUTROT-1500-pxl-001.jpg\",\"contentUrl\":\"https:\\\/\\\/9editions.com\\\/boutique\\\/wp-content\\\/uploads\\\/2022\\\/10\\\/9editions-LIVRE-MARTINE-MARIE-BOSSOUTROT-1500-pxl-001.jpg\",\"width\":1500,\"height\":2271,\"caption\":\"9editions-Les entre-mondes\"},{\"@type\":\"BreadcrumbList\",\"@id\":\"https:\\\/\\\/9editions.com\\\/boutique\\\/produit\\\/les-entre-mondes\\\/#breadcrumb\",\"itemListElement\":[{\"@type\":\"ListItem\",\"position\":1,\"name\":\"Accueil\",\"item\":\"https:\\\/\\\/9editions.com\\\/boutique\\\/\"},{\"@type\":\"ListItem\",\"position\":2,\"name\":\"Boutique\",\"item\":\"https:\\\/\\\/9editions.com\\\/boutique\\\/\"},{\"@type\":\"ListItem\",\"position\":3,\"name\":\"Les Entre-Mondes\"}]},{\"@type\":\"WebSite\",\"@id\":\"https:\\\/\\\/9editions.com\\\/boutique\\\/#website\",\"url\":\"https:\\\/\\\/9editions.com\\\/boutique\\\/\",\"name\":\"9 \u00e9ditions\",\"description\":\"La maison d&#039;\u00e9dition au c\u00f4t\u00e9 des auteurs\",\"publisher\":{\"@id\":\"https:\\\/\\\/9editions.com\\\/boutique\\\/#organization\"},\"potentialAction\":[{\"@type\":\"SearchAction\",\"target\":{\"@type\":\"EntryPoint\",\"urlTemplate\":\"https:\\\/\\\/9editions.com\\\/boutique\\\/?s={search_term_string}\"},\"query-input\":{\"@type\":\"PropertyValueSpecification\",\"valueRequired\":true,\"valueName\":\"search_term_string\"}}],\"inLanguage\":\"fr-FR\"},{\"@type\":\"Organization\",\"@id\":\"https:\\\/\\\/9editions.com\\\/boutique\\\/#organization\",\"name\":\"9 \u00e9ditions\",\"url\":\"https:\\\/\\\/9editions.com\\\/boutique\\\/\",\"logo\":{\"@type\":\"ImageObject\",\"inLanguage\":\"fr-FR\",\"@id\":\"https:\\\/\\\/9editions.com\\\/boutique\\\/#\\\/schema\\\/logo\\\/image\\\/\",\"url\":\"https:\\\/\\\/9editions.com\\\/boutique\\\/wp-content\\\/uploads\\\/2020\\\/03\\\/cropped-9-editions-logo-amazon.jpg\",\"contentUrl\":\"https:\\\/\\\/9editions.com\\\/boutique\\\/wp-content\\\/uploads\\\/2020\\\/03\\\/cropped-9-editions-logo-amazon.jpg\",\"width\":120,\"height\":30,\"caption\":\"9 \u00e9ditions\"},\"image\":{\"@id\":\"https:\\\/\\\/9editions.com\\\/boutique\\\/#\\\/schema\\\/logo\\\/image\\\/\"},\"sameAs\":[\"https:\\\/\\\/www.facebook.com\\\/9editions?ref=bookmarks\",\"https:\\\/\\\/x.com\\\/9_editions\",\"https:\\\/\\\/www.instagram.com\\\/9editions_\\\/\"]}]}<\/script>\n<!-- \/ Yoast SEO plugin. -->","yoast_head_json":{"title":"Les Entre-Mondes - 9 \u00e9ditions","description":"9 \u00e9ditions vous pr\u00e9sente le roman fantastique Les entre-monde de Martine- Marie Boussoutrot. Une lecture pour les fans de rebondissements","robots":{"index":"index","follow":"follow","max-snippet":"max-snippet:-1","max-image-preview":"max-image-preview:large","max-video-preview":"max-video-preview:-1"},"canonical":"https:\/\/9editions.com\/boutique\/produit\/les-entre-mondes\/","og_locale":"fr_FR","og_type":"article","og_title":"Les Entre-Mondes - 9 \u00e9ditions","og_description":"9 \u00e9ditions vous pr\u00e9sente le roman fantastique Les entre-monde de Martine- Marie Boussoutrot. Une lecture pour les fans de rebondissements","og_url":"https:\/\/9editions.com\/boutique\/produit\/les-entre-mondes\/","og_site_name":"9 \u00e9ditions","article_publisher":"https:\/\/www.facebook.com\/9editions?ref=bookmarks","article_modified_time":"2024-09-30T09:07:22+00:00","og_image":[{"width":1500,"height":2271,"url":"https:\/\/9editions.com\/boutique\/wp-content\/uploads\/2022\/10\/9editions-LIVRE-MARTINE-MARIE-BOSSOUTROT-1500-pxl-001.jpg","type":"image\/jpeg"}],"twitter_card":"summary_large_image","twitter_site":"@9_editions","twitter_misc":{"Dur\u00e9e de lecture estim\u00e9e":"1 minute"},"schema":{"@context":"https:\/\/schema.org","@graph":[{"@type":"WebPage","@id":"https:\/\/9editions.com\/boutique\/produit\/les-entre-mondes\/","url":"https:\/\/9editions.com\/boutique\/produit\/les-entre-mondes\/","name":"Les Entre-Mondes - 9 \u00e9ditions","isPartOf":{"@id":"https:\/\/9editions.com\/boutique\/#website"},"primaryImageOfPage":{"@id":"https:\/\/9editions.com\/boutique\/produit\/les-entre-mondes\/#primaryimage"},"image":{"@id":"https:\/\/9editions.com\/boutique\/produit\/les-entre-mondes\/#primaryimage"},"thumbnailUrl":"https:\/\/9editions.com\/boutique\/wp-content\/uploads\/2022\/10\/9editions-LIVRE-MARTINE-MARIE-BOSSOUTROT-1500-pxl-001.jpg","datePublished":"2022-10-28T12:34:03+00:00","dateModified":"2024-09-30T09:07:22+00:00","description":"9 \u00e9ditions vous pr\u00e9sente le roman fantastique Les entre-monde de Martine- Marie Boussoutrot. Une lecture pour les fans de rebondissements","breadcrumb":{"@id":"https:\/\/9editions.com\/boutique\/produit\/les-entre-mondes\/#breadcrumb"},"inLanguage":"fr-FR","potentialAction":[{"@type":"ReadAction","target":["https:\/\/9editions.com\/boutique\/produit\/les-entre-mondes\/"]}]},{"@type":"ImageObject","inLanguage":"fr-FR","@id":"https:\/\/9editions.com\/boutique\/produit\/les-entre-mondes\/#primaryimage","url":"https:\/\/9editions.com\/boutique\/wp-content\/uploads\/2022\/10\/9editions-LIVRE-MARTINE-MARIE-BOSSOUTROT-1500-pxl-001.jpg","contentUrl":"https:\/\/9editions.com\/boutique\/wp-content\/uploads\/2022\/10\/9editions-LIVRE-MARTINE-MARIE-BOSSOUTROT-1500-pxl-001.jpg","width":1500,"height":2271,"caption":"9editions-Les entre-mondes"},{"@type":"BreadcrumbList","@id":"https:\/\/9editions.com\/boutique\/produit\/les-entre-mondes\/#breadcrumb","itemListElement":[{"@type":"ListItem","position":1,"name":"Accueil","item":"https:\/\/9editions.com\/boutique\/"},{"@type":"ListItem","position":2,"name":"Boutique","item":"https:\/\/9editions.com\/boutique\/"},{"@type":"ListItem","position":3,"name":"Les Entre-Mondes"}]},{"@type":"WebSite","@id":"https:\/\/9editions.com\/boutique\/#website","url":"https:\/\/9editions.com\/boutique\/","name":"9 \u00e9ditions","description":"La maison d&#039;\u00e9dition au c\u00f4t\u00e9 des auteurs","publisher":{"@id":"https:\/\/9editions.com\/boutique\/#organization"},"potentialAction":[{"@type":"SearchAction","target":{"@type":"EntryPoint","urlTemplate":"https:\/\/9editions.com\/boutique\/?s={search_term_string}"},"query-input":{"@type":"PropertyValueSpecification","valueRequired":true,"valueName":"search_term_string"}}],"inLanguage":"fr-FR"},{"@type":"Organization","@id":"https:\/\/9editions.com\/boutique\/#organization","name":"9 \u00e9ditions","url":"https:\/\/9editions.com\/boutique\/","logo":{"@type":"ImageObject","inLanguage":"fr-FR","@id":"https:\/\/9editions.com\/boutique\/#\/schema\/logo\/image\/","url":"https:\/\/9editions.com\/boutique\/wp-content\/uploads\/2020\/03\/cropped-9-editions-logo-amazon.jpg","contentUrl":"https:\/\/9editions.com\/boutique\/wp-content\/uploads\/2020\/03\/cropped-9-editions-logo-amazon.jpg","width":120,"height":30,"caption":"9 \u00e9ditions"},"image":{"@id":"https:\/\/9editions.com\/boutique\/#\/schema\/logo\/image\/"},"sameAs":["https:\/\/www.facebook.com\/9editions?ref=bookmarks","https:\/\/x.com\/9_editions","https:\/\/www.instagram.com\/9editions_\/"]}]}},"jetpack_sharing_enabled":true,"_links":{"self":[{"href":"https:\/\/9editions.com\/boutique\/wp-json\/wp\/v2\/product\/992","targetHints":{"allow":["GET"]}}],"collection":[{"href":"https:\/\/9editions.com\/boutique\/wp-json\/wp\/v2\/product"}],"about":[{"href":"https:\/\/9editions.com\/boutique\/wp-json\/wp\/v2\/types\/product"}],"replies":[{"embeddable":true,"href":"https:\/\/9editions.com\/boutique\/wp-json\/wp\/v2\/comments?post=992"}],"wp:featuredmedia":[{"embeddable":true,"href":"https:\/\/9editions.com\/boutique\/wp-json\/wp\/v2\/media\/2437"}],"wp:attachment":[{"href":"https:\/\/9editions.com\/boutique\/wp-json\/wp\/v2\/media?parent=992"}],"wp:term":[{"taxonomy":"product_brand","embeddable":true,"href":"https:\/\/9editions.com\/boutique\/wp-json\/wp\/v2\/product_brand?post=992"},{"taxonomy":"product_cat","embeddable":true,"href":"https:\/\/9editions.com\/boutique\/wp-json\/wp\/v2\/product_cat?post=992"},{"taxonomy":"product_tag","embeddable":true,"href":"https:\/\/9editions.com\/boutique\/wp-json\/wp\/v2\/product_tag?post=992"}],"curies":[{"name":"wp","href":"https:\/\/api.w.org\/{rel}","templated":true}]}}