{"id":987,"date":"2022-10-28T14:28:22","date_gmt":"2022-10-28T12:28:22","guid":{"rendered":"https:\/\/9editions.com\/boutique\/?post_type=product&#038;p=987"},"modified":"2023-01-17T17:27:15","modified_gmt":"2023-01-17T16:27:15","slug":"la-cour-contes-comptes-et-nouvelles-dune-haute-institution","status":"publish","type":"product","link":"https:\/\/9editions.com\/boutique\/produit\/la-cour-contes-comptes-et-nouvelles-dune-haute-institution\/","title":{"rendered":"LA COUR ! Contes (comptes) et nouvelles d&rsquo;une haute institution"},"content":{"rendered":"<p>Un autre regard sur la Cour des Comptes, celui d&rsquo;un modeste huissier qui d\u00e9nonce l&rsquo;aristocratie de cette grande maison !<\/p>\n","protected":false},"excerpt":{"rendered":"<p>Un autre regard sur la Cour des Comptes, celui d&rsquo;un modeste huissier qui d\u00e9nonce l&rsquo;aristocratie de cette grande maison !<\/p>\n","protected":false},"featured_media":991,"comment_status":"open","ping_status":"closed","template":"","meta":[],"product_brand":[],"product_cat":[29,80],"product_tag":[144,196,193,194,192,195],"class_list":{"0":"post-987","1":"product","2":"type-product","3":"status-publish","6":"product_cat-ebook","7":"product_cat-societe","8":"product_tag-arnaud-leconte","9":"product_tag-cour-des-comptes","10":"product_tag-derapage","11":"product_tag-essai","12":"product_tag-institution","13":"product_tag-scandale","14":"product_shipping_class-ebook","16":"first","17":"instock","18":"purchasable","19":"product-type-simple"},"yoast_head":"<!-- This site is optimized with the Yoast SEO plugin v27.5 - https:\/\/yoast.com\/product\/yoast-seo-wordpress\/ -->\n<title>LA COUR ! Contes (comptes) et nouvelles d&#039;une haute institution - 9 \u00e9ditions<\/title>\n<meta name=\"description\" content=\"Arnaud Leconte a travaill\u00e9 pendant des ann\u00e9es dans la haute institution de la cour des comptes, \u00e0 travers ce livre il d\u00e9nonce toutes le d\u00e9rives\" \/>\n<meta name=\"robots\" content=\"index, follow, max-snippet:-1, max-image-preview:large, max-video-preview:-1\" \/>\n<link rel=\"canonical\" href=\"https:\/\/9editions.com\/boutique\/produit\/la-cour-contes-comptes-et-nouvelles-dune-haute-institution\/\" \/>\n<meta property=\"og:locale\" content=\"fr_FR\" \/>\n<meta property=\"og:type\" content=\"article\" \/>\n<meta property=\"og:title\" content=\"LA COUR ! Contes (comptes) et nouvelles d&#039;une haute institution - 9 \u00e9ditions\" \/>\n<meta property=\"og:description\" content=\"Arnaud Leconte a travaill\u00e9 pendant des ann\u00e9es dans la haute institution de la cour des comptes, \u00e0 travers ce livre il d\u00e9nonce toutes le d\u00e9rives\" \/>\n<meta property=\"og:url\" content=\"https:\/\/9editions.com\/boutique\/produit\/la-cour-contes-comptes-et-nouvelles-dune-haute-institution\/\" \/>\n<meta property=\"og:site_name\" content=\"9 \u00e9ditions\" \/>\n<meta property=\"article:publisher\" content=\"https:\/\/www.facebook.com\/9editions?ref=bookmarks\" \/>\n<meta property=\"article:modified_time\" content=\"2023-01-17T16:27:15+00:00\" \/>\n<meta property=\"og:image\" content=\"https:\/\/9editions.com\/boutique\/wp-content\/uploads\/2022\/10\/9editions-LIVRE-Arnaud-LECONTE-LA-COUR.jpg\" \/>\n\t<meta property=\"og:image:width\" content=\"727\" \/>\n\t<meta property=\"og:image:height\" content=\"1078\" \/>\n\t<meta property=\"og:image:type\" content=\"image\/jpeg\" \/>\n<meta name=\"twitter:card\" content=\"summary_large_image\" \/>\n<meta name=\"twitter:site\" content=\"@9_editions\" \/>\n<meta name=\"twitter:label1\" content=\"Dur\u00e9e de lecture estim\u00e9e\" \/>\n\t<meta name=\"twitter:data1\" content=\"1 minute\" \/>\n<script type=\"application\/ld+json\" class=\"yoast-schema-graph\">{\"@context\":\"https:\\\/\\\/schema.org\",\"@graph\":[{\"@type\":\"WebPage\",\"@id\":\"https:\\\/\\\/9editions.com\\\/boutique\\\/produit\\\/la-cour-contes-comptes-et-nouvelles-dune-haute-institution\\\/\",\"url\":\"https:\\\/\\\/9editions.com\\\/boutique\\\/produit\\\/la-cour-contes-comptes-et-nouvelles-dune-haute-institution\\\/\",\"name\":\"LA COUR ! Contes (comptes) et nouvelles d'une haute institution - 9 \u00e9ditions\",\"isPartOf\":{\"@id\":\"https:\\\/\\\/9editions.com\\\/boutique\\\/#website\"},\"primaryImageOfPage\":{\"@id\":\"https:\\\/\\\/9editions.com\\\/boutique\\\/produit\\\/la-cour-contes-comptes-et-nouvelles-dune-haute-institution\\\/#primaryimage\"},\"image\":{\"@id\":\"https:\\\/\\\/9editions.com\\\/boutique\\\/produit\\\/la-cour-contes-comptes-et-nouvelles-dune-haute-institution\\\/#primaryimage\"},\"thumbnailUrl\":\"https:\\\/\\\/9editions.com\\\/boutique\\\/wp-content\\\/uploads\\\/2022\\\/10\\\/9editions-LIVRE-Arnaud-LECONTE-LA-COUR.jpg\",\"datePublished\":\"2022-10-28T12:28:22+00:00\",\"dateModified\":\"2023-01-17T16:27:15+00:00\",\"description\":\"Arnaud Leconte a travaill\u00e9 pendant des ann\u00e9es dans la haute institution de la cour des comptes, \u00e0 travers ce livre il d\u00e9nonce toutes le d\u00e9rives\",\"breadcrumb\":{\"@id\":\"https:\\\/\\\/9editions.com\\\/boutique\\\/produit\\\/la-cour-contes-comptes-et-nouvelles-dune-haute-institution\\\/#breadcrumb\"},\"inLanguage\":\"fr-FR\",\"potentialAction\":[{\"@type\":\"ReadAction\",\"target\":[\"https:\\\/\\\/9editions.com\\\/boutique\\\/produit\\\/la-cour-contes-comptes-et-nouvelles-dune-haute-institution\\\/\"]}]},{\"@type\":\"ImageObject\",\"inLanguage\":\"fr-FR\",\"@id\":\"https:\\\/\\\/9editions.com\\\/boutique\\\/produit\\\/la-cour-contes-comptes-et-nouvelles-dune-haute-institution\\\/#primaryimage\",\"url\":\"https:\\\/\\\/9editions.com\\\/boutique\\\/wp-content\\\/uploads\\\/2022\\\/10\\\/9editions-LIVRE-Arnaud-LECONTE-LA-COUR.jpg\",\"contentUrl\":\"https:\\\/\\\/9editions.com\\\/boutique\\\/wp-content\\\/uploads\\\/2022\\\/10\\\/9editions-LIVRE-Arnaud-LECONTE-LA-COUR.jpg\",\"width\":727,\"height\":1078},{\"@type\":\"BreadcrumbList\",\"@id\":\"https:\\\/\\\/9editions.com\\\/boutique\\\/produit\\\/la-cour-contes-comptes-et-nouvelles-dune-haute-institution\\\/#breadcrumb\",\"itemListElement\":[{\"@type\":\"ListItem\",\"position\":1,\"name\":\"Accueil\",\"item\":\"https:\\\/\\\/9editions.com\\\/boutique\\\/\"},{\"@type\":\"ListItem\",\"position\":2,\"name\":\"Boutique\",\"item\":\"https:\\\/\\\/9editions.com\\\/boutique\\\/\"},{\"@type\":\"ListItem\",\"position\":3,\"name\":\"LA COUR ! Contes (comptes) et nouvelles d&rsquo;une haute institution\"}]},{\"@type\":\"WebSite\",\"@id\":\"https:\\\/\\\/9editions.com\\\/boutique\\\/#website\",\"url\":\"https:\\\/\\\/9editions.com\\\/boutique\\\/\",\"name\":\"9 \u00e9ditions\",\"description\":\"La maison d&#039;\u00e9dition au c\u00f4t\u00e9 des auteurs\",\"publisher\":{\"@id\":\"https:\\\/\\\/9editions.com\\\/boutique\\\/#organization\"},\"potentialAction\":[{\"@type\":\"SearchAction\",\"target\":{\"@type\":\"EntryPoint\",\"urlTemplate\":\"https:\\\/\\\/9editions.com\\\/boutique\\\/?s={search_term_string}\"},\"query-input\":{\"@type\":\"PropertyValueSpecification\",\"valueRequired\":true,\"valueName\":\"search_term_string\"}}],\"inLanguage\":\"fr-FR\"},{\"@type\":\"Organization\",\"@id\":\"https:\\\/\\\/9editions.com\\\/boutique\\\/#organization\",\"name\":\"9 \u00e9ditions\",\"url\":\"https:\\\/\\\/9editions.com\\\/boutique\\\/\",\"logo\":{\"@type\":\"ImageObject\",\"inLanguage\":\"fr-FR\",\"@id\":\"https:\\\/\\\/9editions.com\\\/boutique\\\/#\\\/schema\\\/logo\\\/image\\\/\",\"url\":\"https:\\\/\\\/9editions.com\\\/boutique\\\/wp-content\\\/uploads\\\/2020\\\/03\\\/cropped-9-editions-logo-amazon.jpg\",\"contentUrl\":\"https:\\\/\\\/9editions.com\\\/boutique\\\/wp-content\\\/uploads\\\/2020\\\/03\\\/cropped-9-editions-logo-amazon.jpg\",\"width\":120,\"height\":30,\"caption\":\"9 \u00e9ditions\"},\"image\":{\"@id\":\"https:\\\/\\\/9editions.com\\\/boutique\\\/#\\\/schema\\\/logo\\\/image\\\/\"},\"sameAs\":[\"https:\\\/\\\/www.facebook.com\\\/9editions?ref=bookmarks\",\"https:\\\/\\\/x.com\\\/9_editions\",\"https:\\\/\\\/www.instagram.com\\\/9editions_\\\/\"]}]}<\/script>\n<!-- \/ Yoast SEO plugin. -->","yoast_head_json":{"title":"LA COUR ! Contes (comptes) et nouvelles d'une haute institution - 9 \u00e9ditions","description":"Arnaud Leconte a travaill\u00e9 pendant des ann\u00e9es dans la haute institution de la cour des comptes, \u00e0 travers ce livre il d\u00e9nonce toutes le d\u00e9rives","robots":{"index":"index","follow":"follow","max-snippet":"max-snippet:-1","max-image-preview":"max-image-preview:large","max-video-preview":"max-video-preview:-1"},"canonical":"https:\/\/9editions.com\/boutique\/produit\/la-cour-contes-comptes-et-nouvelles-dune-haute-institution\/","og_locale":"fr_FR","og_type":"article","og_title":"LA COUR ! Contes (comptes) et nouvelles d'une haute institution - 9 \u00e9ditions","og_description":"Arnaud Leconte a travaill\u00e9 pendant des ann\u00e9es dans la haute institution de la cour des comptes, \u00e0 travers ce livre il d\u00e9nonce toutes le d\u00e9rives","og_url":"https:\/\/9editions.com\/boutique\/produit\/la-cour-contes-comptes-et-nouvelles-dune-haute-institution\/","og_site_name":"9 \u00e9ditions","article_publisher":"https:\/\/www.facebook.com\/9editions?ref=bookmarks","article_modified_time":"2023-01-17T16:27:15+00:00","og_image":[{"width":727,"height":1078,"url":"https:\/\/9editions.com\/boutique\/wp-content\/uploads\/2022\/10\/9editions-LIVRE-Arnaud-LECONTE-LA-COUR.jpg","type":"image\/jpeg"}],"twitter_card":"summary_large_image","twitter_site":"@9_editions","twitter_misc":{"Dur\u00e9e de lecture estim\u00e9e":"1 minute"},"schema":{"@context":"https:\/\/schema.org","@graph":[{"@type":"WebPage","@id":"https:\/\/9editions.com\/boutique\/produit\/la-cour-contes-comptes-et-nouvelles-dune-haute-institution\/","url":"https:\/\/9editions.com\/boutique\/produit\/la-cour-contes-comptes-et-nouvelles-dune-haute-institution\/","name":"LA COUR ! Contes (comptes) et nouvelles d'une haute institution - 9 \u00e9ditions","isPartOf":{"@id":"https:\/\/9editions.com\/boutique\/#website"},"primaryImageOfPage":{"@id":"https:\/\/9editions.com\/boutique\/produit\/la-cour-contes-comptes-et-nouvelles-dune-haute-institution\/#primaryimage"},"image":{"@id":"https:\/\/9editions.com\/boutique\/produit\/la-cour-contes-comptes-et-nouvelles-dune-haute-institution\/#primaryimage"},"thumbnailUrl":"https:\/\/9editions.com\/boutique\/wp-content\/uploads\/2022\/10\/9editions-LIVRE-Arnaud-LECONTE-LA-COUR.jpg","datePublished":"2022-10-28T12:28:22+00:00","dateModified":"2023-01-17T16:27:15+00:00","description":"Arnaud Leconte a travaill\u00e9 pendant des ann\u00e9es dans la haute institution de la cour des comptes, \u00e0 travers ce livre il d\u00e9nonce toutes le d\u00e9rives","breadcrumb":{"@id":"https:\/\/9editions.com\/boutique\/produit\/la-cour-contes-comptes-et-nouvelles-dune-haute-institution\/#breadcrumb"},"inLanguage":"fr-FR","potentialAction":[{"@type":"ReadAction","target":["https:\/\/9editions.com\/boutique\/produit\/la-cour-contes-comptes-et-nouvelles-dune-haute-institution\/"]}]},{"@type":"ImageObject","inLanguage":"fr-FR","@id":"https:\/\/9editions.com\/boutique\/produit\/la-cour-contes-comptes-et-nouvelles-dune-haute-institution\/#primaryimage","url":"https:\/\/9editions.com\/boutique\/wp-content\/uploads\/2022\/10\/9editions-LIVRE-Arnaud-LECONTE-LA-COUR.jpg","contentUrl":"https:\/\/9editions.com\/boutique\/wp-content\/uploads\/2022\/10\/9editions-LIVRE-Arnaud-LECONTE-LA-COUR.jpg","width":727,"height":1078},{"@type":"BreadcrumbList","@id":"https:\/\/9editions.com\/boutique\/produit\/la-cour-contes-comptes-et-nouvelles-dune-haute-institution\/#breadcrumb","itemListElement":[{"@type":"ListItem","position":1,"name":"Accueil","item":"https:\/\/9editions.com\/boutique\/"},{"@type":"ListItem","position":2,"name":"Boutique","item":"https:\/\/9editions.com\/boutique\/"},{"@type":"ListItem","position":3,"name":"LA COUR ! Contes (comptes) et nouvelles d&rsquo;une haute institution"}]},{"@type":"WebSite","@id":"https:\/\/9editions.com\/boutique\/#website","url":"https:\/\/9editions.com\/boutique\/","name":"9 \u00e9ditions","description":"La maison d&#039;\u00e9dition au c\u00f4t\u00e9 des auteurs","publisher":{"@id":"https:\/\/9editions.com\/boutique\/#organization"},"potentialAction":[{"@type":"SearchAction","target":{"@type":"EntryPoint","urlTemplate":"https:\/\/9editions.com\/boutique\/?s={search_term_string}"},"query-input":{"@type":"PropertyValueSpecification","valueRequired":true,"valueName":"search_term_string"}}],"inLanguage":"fr-FR"},{"@type":"Organization","@id":"https:\/\/9editions.com\/boutique\/#organization","name":"9 \u00e9ditions","url":"https:\/\/9editions.com\/boutique\/","logo":{"@type":"ImageObject","inLanguage":"fr-FR","@id":"https:\/\/9editions.com\/boutique\/#\/schema\/logo\/image\/","url":"https:\/\/9editions.com\/boutique\/wp-content\/uploads\/2020\/03\/cropped-9-editions-logo-amazon.jpg","contentUrl":"https:\/\/9editions.com\/boutique\/wp-content\/uploads\/2020\/03\/cropped-9-editions-logo-amazon.jpg","width":120,"height":30,"caption":"9 \u00e9ditions"},"image":{"@id":"https:\/\/9editions.com\/boutique\/#\/schema\/logo\/image\/"},"sameAs":["https:\/\/www.facebook.com\/9editions?ref=bookmarks","https:\/\/x.com\/9_editions","https:\/\/www.instagram.com\/9editions_\/"]}]}},"jetpack_sharing_enabled":true,"_links":{"self":[{"href":"https:\/\/9editions.com\/boutique\/wp-json\/wp\/v2\/product\/987","targetHints":{"allow":["GET"]}}],"collection":[{"href":"https:\/\/9editions.com\/boutique\/wp-json\/wp\/v2\/product"}],"about":[{"href":"https:\/\/9editions.com\/boutique\/wp-json\/wp\/v2\/types\/product"}],"replies":[{"embeddable":true,"href":"https:\/\/9editions.com\/boutique\/wp-json\/wp\/v2\/comments?post=987"}],"wp:featuredmedia":[{"embeddable":true,"href":"https:\/\/9editions.com\/boutique\/wp-json\/wp\/v2\/media\/991"}],"wp:attachment":[{"href":"https:\/\/9editions.com\/boutique\/wp-json\/wp\/v2\/media?parent=987"}],"wp:term":[{"taxonomy":"product_brand","embeddable":true,"href":"https:\/\/9editions.com\/boutique\/wp-json\/wp\/v2\/product_brand?post=987"},{"taxonomy":"product_cat","embeddable":true,"href":"https:\/\/9editions.com\/boutique\/wp-json\/wp\/v2\/product_cat?post=987"},{"taxonomy":"product_tag","embeddable":true,"href":"https:\/\/9editions.com\/boutique\/wp-json\/wp\/v2\/product_tag?post=987"}],"curies":[{"name":"wp","href":"https:\/\/api.w.org\/{rel}","templated":true}]}}