{"id":982,"date":"2022-10-28T14:11:55","date_gmt":"2022-10-28T12:11:55","guid":{"rendered":"https:\/\/9editions.com\/boutique\/?post_type=product&#038;p=982"},"modified":"2024-11-28T02:23:40","modified_gmt":"2024-11-28T01:23:40","slug":"chimeres-ebook","status":"publish","type":"product","link":"https:\/\/9editions.com\/boutique\/produit\/chimeres-ebook\/","title":{"rendered":"Chim\u00e8res (ebook)"},"content":{"rendered":"<p>Lorsqu\u2019Eric, jeune chercheur en voyage d\u2019\u00e9tudes \u00e0 Santorin, trouve lors d\u2019une plong\u00e9e un cylindre bloqu\u00e9 dans les fonds marins, il ne se doute pas que cette d\u00e9couverte va l\u2019entrainer dans une s\u00e9rie d\u2019\u00e9v\u00e8nements surprenants : le cylindre, d\u2019abord herm\u00e9tique, va finir par r\u00e9v\u00e9ler son contenu : une substance in\u00e9dite qui va susciter bien des convoitises. Avec l\u2019aide de ses amis chercheurs et de la belle Jenny, les d\u00e9couvertes qu\u2019il fera l\u2019entraineront vers un autre monde : celui du secret scientifique\u2026<\/p>\n<p>Les Quark, civilisation multi mill\u00e9naire, gardaient en permanence \u00e0 l\u2019esprit qu\u2019ils avaient failli s\u2019auto d\u00e9truire lors du \u00ab grand malheur \u00bb, guerre civile qui avait oblig\u00e9 les survivants \u00e0 se r\u00e9fugier sous terre et \u00e0 y construire un nouveau mode de vie. Pour s\u2019adapter \u00e0 leur nouveau monde, ils avaient proc\u00e9d\u00e9 sur eux \u00e0 des am\u00e9liorations g\u00e9n\u00e9tiques, qu\u2019ils avaient fini par interdire. La tentation fut trop forte pour l\u2019un des leurs savants, marginal et transgressif, qui renverra les cr\u00e9atures qu\u2019il avait cr\u00e9\u00e9s sur terre pour les sauver de l\u2019\u00e9limination.<\/p>\n<p>Consid\u00e9r\u00e9s comme des demi-dieux par les terriens, ces cr\u00e9atures hybrides finiront par dispara\u00eetre dans de bien \u00e9tranges circonstances.<\/p>\n<p>Les cylindres qui renfermaient leurs ADN, consid\u00e9r\u00e9s comme d\u00e9truits seront le lien de rencontre de ces deux histoires parall\u00e8les et rompant les codes de l\u2019espace-temps.<\/p>\n","protected":false},"excerpt":{"rendered":"<p>Lorsqu\u2019Eric, jeune chercheur en voyage d\u2019\u00e9tudes \u00e0 Santorin, trouve lors d\u2019une plong\u00e9e un cylindre bloqu\u00e9 dans les fonds marins, il ne se doute pas que cette d\u00e9couverte va l\u2019entrainer dans une s\u00e9rie d\u2019\u00e9v\u00e8nements surprenants : le cylindre, d\u2019abord herm\u00e9tique, va finir par r\u00e9v\u00e9ler son contenu : une substance in\u00e9dite qui va susciter bien des convoitises. Avec l\u2019aide de ses amis chercheurs et de la belle Jenny, les d\u00e9couvertes qu\u2019il fera l\u2019entraineront vers un autre monde : celui du secret scientifique\u2026<\/p>\n<p>Les Quark, civilisation multi mill\u00e9naire, gardaient en permanence \u00e0 l\u2019esprit qu\u2019ils avaient failli s\u2019auto d\u00e9truire lors du \u00ab grand malheur \u00bb, guerre civile qui avait oblig\u00e9 les survivants \u00e0 se r\u00e9fugier sous terre et \u00e0 y construire un nouveau mode de vie. Pour s\u2019adapter \u00e0 leur nouveau monde, ils avaient proc\u00e9d\u00e9 sur eux \u00e0 des am\u00e9liorations g\u00e9n\u00e9tiques, qu\u2019ils avaient fini par interdire. La tentation fut trop forte pour l\u2019un des leurs savants, marginal et transgressif, qui renverra les cr\u00e9atures qu\u2019il avait cr\u00e9\u00e9s sur terre pour les sauver de l\u2019\u00e9limination.<\/p>\n<p>Consid\u00e9r\u00e9s comme des demi-dieux par les terriens, ces cr\u00e9atures hybrides finiront par dispara\u00eetre dans de bien \u00e9tranges circonstances.<\/p>\n<p>Les cylindres qui renfermaient leurs ADN, consid\u00e9r\u00e9s comme d\u00e9truits seront le lien de rencontre de ces deux histoires parall\u00e8les et rompant les codes de l\u2019espace-temps.<\/p>\n","protected":false},"featured_media":980,"comment_status":"open","ping_status":"closed","template":"","meta":[],"product_brand":[],"product_cat":[36,29,184,18],"product_tag":[187,186,157,71,185],"class_list":{"0":"post-982","1":"product","2":"type-product","3":"status-publish","6":"product_cat-aventures","7":"product_cat-ebook","8":"product_cat-fantastique","9":"product_cat-roman","10":"product_tag-chimeres","11":"product_tag-eric-maja","12":"product_tag-fantastique","13":"product_tag-roman","14":"product_tag-science-fiction","15":"product_shipping_class-ebook","17":"first","18":"instock","19":"purchasable","20":"product-type-simple"},"yoast_head":"<!-- This site is optimized with the Yoast SEO plugin v27.3 - https:\/\/yoast.com\/product\/yoast-seo-wordpress\/ -->\n<title>Chim\u00e8res (ebook) - 9 \u00e9ditions<\/title>\n<meta name=\"description\" content=\"Le livre broch\u00e9 &quot;Chim\u00e8res&quot; de MAJA Eric est dans les bacs. Amateur de science-fiction nous vous invitons \u00e0 lire ce roman digne d&#039;un sc\u00e9nario hollywoodien.\" \/>\n<meta name=\"robots\" content=\"index, follow, max-snippet:-1, max-image-preview:large, max-video-preview:-1\" \/>\n<link rel=\"canonical\" href=\"https:\/\/9editions.com\/boutique\/produit\/chimeres-ebook\/\" \/>\n<meta property=\"og:locale\" content=\"fr_FR\" \/>\n<meta property=\"og:type\" content=\"article\" \/>\n<meta property=\"og:title\" content=\"Chim\u00e8res (ebook) - 9 \u00e9ditions\" \/>\n<meta property=\"og:description\" content=\"Le livre broch\u00e9 &quot;Chim\u00e8res&quot; de MAJA Eric est dans les bacs. Amateur de science-fiction nous vous invitons \u00e0 lire ce roman digne d&#039;un sc\u00e9nario hollywoodien.\" \/>\n<meta property=\"og:url\" content=\"https:\/\/9editions.com\/boutique\/produit\/chimeres-ebook\/\" \/>\n<meta property=\"og:site_name\" content=\"9 \u00e9ditions\" \/>\n<meta property=\"article:publisher\" content=\"https:\/\/www.facebook.com\/9editions?ref=bookmarks\" \/>\n<meta property=\"article:modified_time\" content=\"2024-11-28T01:23:40+00:00\" \/>\n<meta property=\"og:image\" content=\"https:\/\/9editions.com\/boutique\/wp-content\/uploads\/2022\/10\/9782377270613_1_75.jpg\" \/>\n\t<meta property=\"og:image:width\" content=\"1500\" \/>\n\t<meta property=\"og:image:height\" content=\"2080\" \/>\n\t<meta property=\"og:image:type\" content=\"image\/jpeg\" \/>\n<meta name=\"twitter:card\" content=\"summary_large_image\" \/>\n<meta name=\"twitter:site\" content=\"@9_editions\" \/>\n<meta name=\"twitter:label1\" content=\"Dur\u00e9e de lecture estim\u00e9e\" \/>\n\t<meta name=\"twitter:data1\" content=\"2 minutes\" \/>\n<script type=\"application\/ld+json\" class=\"yoast-schema-graph\">{\"@context\":\"https:\\\/\\\/schema.org\",\"@graph\":[{\"@type\":\"WebPage\",\"@id\":\"https:\\\/\\\/9editions.com\\\/boutique\\\/produit\\\/chimeres-ebook\\\/\",\"url\":\"https:\\\/\\\/9editions.com\\\/boutique\\\/produit\\\/chimeres-ebook\\\/\",\"name\":\"Chim\u00e8res (ebook) - 9 \u00e9ditions\",\"isPartOf\":{\"@id\":\"https:\\\/\\\/9editions.com\\\/boutique\\\/#website\"},\"primaryImageOfPage\":{\"@id\":\"https:\\\/\\\/9editions.com\\\/boutique\\\/produit\\\/chimeres-ebook\\\/#primaryimage\"},\"image\":{\"@id\":\"https:\\\/\\\/9editions.com\\\/boutique\\\/produit\\\/chimeres-ebook\\\/#primaryimage\"},\"thumbnailUrl\":\"https:\\\/\\\/9editions.com\\\/boutique\\\/wp-content\\\/uploads\\\/2022\\\/10\\\/9782377270613_1_75.jpg\",\"datePublished\":\"2022-10-28T12:11:55+00:00\",\"dateModified\":\"2024-11-28T01:23:40+00:00\",\"description\":\"Le livre broch\u00e9 \\\"Chim\u00e8res\\\" de MAJA Eric est dans les bacs. Amateur de science-fiction nous vous invitons \u00e0 lire ce roman digne d'un sc\u00e9nario hollywoodien.\",\"breadcrumb\":{\"@id\":\"https:\\\/\\\/9editions.com\\\/boutique\\\/produit\\\/chimeres-ebook\\\/#breadcrumb\"},\"inLanguage\":\"fr-FR\",\"potentialAction\":[{\"@type\":\"ReadAction\",\"target\":[\"https:\\\/\\\/9editions.com\\\/boutique\\\/produit\\\/chimeres-ebook\\\/\"]}]},{\"@type\":\"ImageObject\",\"inLanguage\":\"fr-FR\",\"@id\":\"https:\\\/\\\/9editions.com\\\/boutique\\\/produit\\\/chimeres-ebook\\\/#primaryimage\",\"url\":\"https:\\\/\\\/9editions.com\\\/boutique\\\/wp-content\\\/uploads\\\/2022\\\/10\\\/9782377270613_1_75.jpg\",\"contentUrl\":\"https:\\\/\\\/9editions.com\\\/boutique\\\/wp-content\\\/uploads\\\/2022\\\/10\\\/9782377270613_1_75.jpg\",\"width\":1500,\"height\":2080},{\"@type\":\"BreadcrumbList\",\"@id\":\"https:\\\/\\\/9editions.com\\\/boutique\\\/produit\\\/chimeres-ebook\\\/#breadcrumb\",\"itemListElement\":[{\"@type\":\"ListItem\",\"position\":1,\"name\":\"Accueil\",\"item\":\"https:\\\/\\\/9editions.com\\\/boutique\\\/\"},{\"@type\":\"ListItem\",\"position\":2,\"name\":\"Boutique\",\"item\":\"https:\\\/\\\/9editions.com\\\/boutique\\\/\"},{\"@type\":\"ListItem\",\"position\":3,\"name\":\"Chim\u00e8res (ebook)\"}]},{\"@type\":\"WebSite\",\"@id\":\"https:\\\/\\\/9editions.com\\\/boutique\\\/#website\",\"url\":\"https:\\\/\\\/9editions.com\\\/boutique\\\/\",\"name\":\"9 \u00e9ditions\",\"description\":\"La maison d&#039;\u00e9dition au c\u00f4t\u00e9 des auteurs\",\"publisher\":{\"@id\":\"https:\\\/\\\/9editions.com\\\/boutique\\\/#organization\"},\"potentialAction\":[{\"@type\":\"SearchAction\",\"target\":{\"@type\":\"EntryPoint\",\"urlTemplate\":\"https:\\\/\\\/9editions.com\\\/boutique\\\/?s={search_term_string}\"},\"query-input\":{\"@type\":\"PropertyValueSpecification\",\"valueRequired\":true,\"valueName\":\"search_term_string\"}}],\"inLanguage\":\"fr-FR\"},{\"@type\":\"Organization\",\"@id\":\"https:\\\/\\\/9editions.com\\\/boutique\\\/#organization\",\"name\":\"9 \u00e9ditions\",\"url\":\"https:\\\/\\\/9editions.com\\\/boutique\\\/\",\"logo\":{\"@type\":\"ImageObject\",\"inLanguage\":\"fr-FR\",\"@id\":\"https:\\\/\\\/9editions.com\\\/boutique\\\/#\\\/schema\\\/logo\\\/image\\\/\",\"url\":\"https:\\\/\\\/9editions.com\\\/boutique\\\/wp-content\\\/uploads\\\/2020\\\/03\\\/cropped-9-editions-logo-amazon.jpg\",\"contentUrl\":\"https:\\\/\\\/9editions.com\\\/boutique\\\/wp-content\\\/uploads\\\/2020\\\/03\\\/cropped-9-editions-logo-amazon.jpg\",\"width\":120,\"height\":30,\"caption\":\"9 \u00e9ditions\"},\"image\":{\"@id\":\"https:\\\/\\\/9editions.com\\\/boutique\\\/#\\\/schema\\\/logo\\\/image\\\/\"},\"sameAs\":[\"https:\\\/\\\/www.facebook.com\\\/9editions?ref=bookmarks\",\"https:\\\/\\\/x.com\\\/9_editions\",\"https:\\\/\\\/www.instagram.com\\\/9editions_\\\/\"]}]}<\/script>\n<!-- \/ Yoast SEO plugin. -->","yoast_head_json":{"title":"Chim\u00e8res (ebook) - 9 \u00e9ditions","description":"Le livre broch\u00e9 \"Chim\u00e8res\" de MAJA Eric est dans les bacs. Amateur de science-fiction nous vous invitons \u00e0 lire ce roman digne d'un sc\u00e9nario hollywoodien.","robots":{"index":"index","follow":"follow","max-snippet":"max-snippet:-1","max-image-preview":"max-image-preview:large","max-video-preview":"max-video-preview:-1"},"canonical":"https:\/\/9editions.com\/boutique\/produit\/chimeres-ebook\/","og_locale":"fr_FR","og_type":"article","og_title":"Chim\u00e8res (ebook) - 9 \u00e9ditions","og_description":"Le livre broch\u00e9 \"Chim\u00e8res\" de MAJA Eric est dans les bacs. Amateur de science-fiction nous vous invitons \u00e0 lire ce roman digne d'un sc\u00e9nario hollywoodien.","og_url":"https:\/\/9editions.com\/boutique\/produit\/chimeres-ebook\/","og_site_name":"9 \u00e9ditions","article_publisher":"https:\/\/www.facebook.com\/9editions?ref=bookmarks","article_modified_time":"2024-11-28T01:23:40+00:00","og_image":[{"width":1500,"height":2080,"url":"https:\/\/9editions.com\/boutique\/wp-content\/uploads\/2022\/10\/9782377270613_1_75.jpg","type":"image\/jpeg"}],"twitter_card":"summary_large_image","twitter_site":"@9_editions","twitter_misc":{"Dur\u00e9e de lecture estim\u00e9e":"2 minutes"},"schema":{"@context":"https:\/\/schema.org","@graph":[{"@type":"WebPage","@id":"https:\/\/9editions.com\/boutique\/produit\/chimeres-ebook\/","url":"https:\/\/9editions.com\/boutique\/produit\/chimeres-ebook\/","name":"Chim\u00e8res (ebook) - 9 \u00e9ditions","isPartOf":{"@id":"https:\/\/9editions.com\/boutique\/#website"},"primaryImageOfPage":{"@id":"https:\/\/9editions.com\/boutique\/produit\/chimeres-ebook\/#primaryimage"},"image":{"@id":"https:\/\/9editions.com\/boutique\/produit\/chimeres-ebook\/#primaryimage"},"thumbnailUrl":"https:\/\/9editions.com\/boutique\/wp-content\/uploads\/2022\/10\/9782377270613_1_75.jpg","datePublished":"2022-10-28T12:11:55+00:00","dateModified":"2024-11-28T01:23:40+00:00","description":"Le livre broch\u00e9 \"Chim\u00e8res\" de MAJA Eric est dans les bacs. Amateur de science-fiction nous vous invitons \u00e0 lire ce roman digne d'un sc\u00e9nario hollywoodien.","breadcrumb":{"@id":"https:\/\/9editions.com\/boutique\/produit\/chimeres-ebook\/#breadcrumb"},"inLanguage":"fr-FR","potentialAction":[{"@type":"ReadAction","target":["https:\/\/9editions.com\/boutique\/produit\/chimeres-ebook\/"]}]},{"@type":"ImageObject","inLanguage":"fr-FR","@id":"https:\/\/9editions.com\/boutique\/produit\/chimeres-ebook\/#primaryimage","url":"https:\/\/9editions.com\/boutique\/wp-content\/uploads\/2022\/10\/9782377270613_1_75.jpg","contentUrl":"https:\/\/9editions.com\/boutique\/wp-content\/uploads\/2022\/10\/9782377270613_1_75.jpg","width":1500,"height":2080},{"@type":"BreadcrumbList","@id":"https:\/\/9editions.com\/boutique\/produit\/chimeres-ebook\/#breadcrumb","itemListElement":[{"@type":"ListItem","position":1,"name":"Accueil","item":"https:\/\/9editions.com\/boutique\/"},{"@type":"ListItem","position":2,"name":"Boutique","item":"https:\/\/9editions.com\/boutique\/"},{"@type":"ListItem","position":3,"name":"Chim\u00e8res (ebook)"}]},{"@type":"WebSite","@id":"https:\/\/9editions.com\/boutique\/#website","url":"https:\/\/9editions.com\/boutique\/","name":"9 \u00e9ditions","description":"La maison d&#039;\u00e9dition au c\u00f4t\u00e9 des auteurs","publisher":{"@id":"https:\/\/9editions.com\/boutique\/#organization"},"potentialAction":[{"@type":"SearchAction","target":{"@type":"EntryPoint","urlTemplate":"https:\/\/9editions.com\/boutique\/?s={search_term_string}"},"query-input":{"@type":"PropertyValueSpecification","valueRequired":true,"valueName":"search_term_string"}}],"inLanguage":"fr-FR"},{"@type":"Organization","@id":"https:\/\/9editions.com\/boutique\/#organization","name":"9 \u00e9ditions","url":"https:\/\/9editions.com\/boutique\/","logo":{"@type":"ImageObject","inLanguage":"fr-FR","@id":"https:\/\/9editions.com\/boutique\/#\/schema\/logo\/image\/","url":"https:\/\/9editions.com\/boutique\/wp-content\/uploads\/2020\/03\/cropped-9-editions-logo-amazon.jpg","contentUrl":"https:\/\/9editions.com\/boutique\/wp-content\/uploads\/2020\/03\/cropped-9-editions-logo-amazon.jpg","width":120,"height":30,"caption":"9 \u00e9ditions"},"image":{"@id":"https:\/\/9editions.com\/boutique\/#\/schema\/logo\/image\/"},"sameAs":["https:\/\/www.facebook.com\/9editions?ref=bookmarks","https:\/\/x.com\/9_editions","https:\/\/www.instagram.com\/9editions_\/"]}]}},"jetpack_sharing_enabled":true,"_links":{"self":[{"href":"https:\/\/9editions.com\/boutique\/wp-json\/wp\/v2\/product\/982","targetHints":{"allow":["GET"]}}],"collection":[{"href":"https:\/\/9editions.com\/boutique\/wp-json\/wp\/v2\/product"}],"about":[{"href":"https:\/\/9editions.com\/boutique\/wp-json\/wp\/v2\/types\/product"}],"replies":[{"embeddable":true,"href":"https:\/\/9editions.com\/boutique\/wp-json\/wp\/v2\/comments?post=982"}],"wp:featuredmedia":[{"embeddable":true,"href":"https:\/\/9editions.com\/boutique\/wp-json\/wp\/v2\/media\/980"}],"wp:attachment":[{"href":"https:\/\/9editions.com\/boutique\/wp-json\/wp\/v2\/media?parent=982"}],"wp:term":[{"taxonomy":"product_brand","embeddable":true,"href":"https:\/\/9editions.com\/boutique\/wp-json\/wp\/v2\/product_brand?post=982"},{"taxonomy":"product_cat","embeddable":true,"href":"https:\/\/9editions.com\/boutique\/wp-json\/wp\/v2\/product_cat?post=982"},{"taxonomy":"product_tag","embeddable":true,"href":"https:\/\/9editions.com\/boutique\/wp-json\/wp\/v2\/product_tag?post=982"}],"curies":[{"name":"wp","href":"https:\/\/api.w.org\/{rel}","templated":true}]}}