{"id":973,"date":"2022-10-28T13:59:51","date_gmt":"2022-10-28T11:59:51","guid":{"rendered":"https:\/\/9editions.com\/boutique\/?post_type=product&#038;p=973"},"modified":"2023-01-17T17:29:30","modified_gmt":"2023-01-17T16:29:30","slug":"tous-les-chemins-menent-au-casino","status":"publish","type":"product","link":"https:\/\/9editions.com\/boutique\/produit\/tous-les-chemins-menent-au-casino\/","title":{"rendered":"Tous les chemins m\u00e8nent au Casino"},"content":{"rendered":"<p>Au Canon de la Nation, qui fait PMU, il se lie d\u2019amiti\u00e9 avec Ange, un corse venu sur le continent pour travailler. \u00c0 ce jour, depuis trois ans qu\u2019il r\u00e9side sur Paris, il est officiellement demandeur d\u2019emploi ! Son r\u00e9el m\u00e9tier est videur d\u2019une boite de nuit situ\u00e9e \u00e0 Ch\u00e2telet, qui appartient \u00e0 des corses. G\u00e9rard est fascin\u00e9 par son nouvel ami car celui-ci est toujours habill\u00e9 de mani\u00e8re \u00e9l\u00e9gante, poss\u00e9dant une certaine aura aupr\u00e8s de la gente f\u00e9minine. Il est aussi un grand parieur aux courses et il lui explique quelques m\u00e9thodes pour soi disant s\u2019enrichir. Il lui vanta les m\u00e9rites d\u2019un cheval \u00ab l\u2019\u00e9clair \u00bb qui doit courir le lendemain \u00e0 Vincennes. G\u00e9rard \u00e9coutant ses recommandations paria 6000 francs sur ce cheval mais contre toute attente celui-ci ne finit jamais la course. D\u00e9pit\u00e9, il comprit que les courses de chevaux ne sont finalement pas pour lui.<\/p>\n<p>Ange le convainquit de le rejoindre \u00e0 la sortie de son job \u00e0 Ch\u00e2telet, pour ensuite se rendre au cercle Wagram, haut lieu des jeux de table et de roulettes de la r\u00e9gion parisienne. Cet \u00e9tablissement est la propri\u00e9t\u00e9 de mafieux d\u2019origine corse.<\/p>\n","protected":false},"excerpt":{"rendered":"<p>Au Canon de la Nation, qui fait PMU, il se lie d\u2019amiti\u00e9 avec Ange, un corse venu sur le continent pour travailler. \u00c0 ce jour, depuis trois ans qu\u2019il r\u00e9side sur Paris, il est officiellement demandeur d\u2019emploi ! Son r\u00e9el m\u00e9tier est videur d\u2019une boite de nuit situ\u00e9e \u00e0 Ch\u00e2telet, qui appartient \u00e0 des corses. G\u00e9rard est fascin\u00e9 par son nouvel ami car celui-ci est toujours habill\u00e9 de mani\u00e8re \u00e9l\u00e9gante, poss\u00e9dant une certaine aura aupr\u00e8s de la gente f\u00e9minine. Il est aussi un grand parieur aux courses et il lui explique quelques m\u00e9thodes pour soi disant s\u2019enrichir. Il lui vanta les m\u00e9rites d\u2019un cheval \u00ab l\u2019\u00e9clair \u00bb qui doit courir le lendemain \u00e0 Vincennes. G\u00e9rard \u00e9coutant ses recommandations paria 6000 francs sur ce cheval mais contre toute attente celui-ci ne finit jamais la course. D\u00e9pit\u00e9, il comprit que les courses de chevaux ne sont finalement pas pour lui.<\/p>\n<p>Ange le convainquit de le rejoindre \u00e0 la sortie de son job \u00e0 Ch\u00e2telet, pour ensuite se rendre au cercle Wagram, haut lieu des jeux de table et de roulettes de la r\u00e9gion parisienne. Cet \u00e9tablissement est la propri\u00e9t\u00e9 de mafieux d\u2019origine corse.<\/p>\n","protected":false},"featured_media":974,"comment_status":"open","ping_status":"closed","template":"","meta":[],"product_brand":[],"product_cat":[29,22,18],"product_tag":[144,177,178,94,71],"class_list":{"0":"post-973","1":"product","2":"type-product","3":"status-publish","6":"product_cat-ebook","7":"product_cat-policier","8":"product_cat-roman","9":"product_tag-arnaud-leconte","10":"product_tag-casino","11":"product_tag-corse","12":"product_tag-policier","13":"product_tag-roman","14":"product_shipping_class-ebook","16":"first","17":"instock","18":"purchasable","19":"product-type-simple"},"yoast_head":"<!-- This site is optimized with the Yoast SEO plugin v27.3 - https:\/\/yoast.com\/product\/yoast-seo-wordpress\/ -->\n<title>Tous les chemins m\u00e8nent au Casino - 9 \u00e9ditions<\/title>\n<meta name=\"description\" content=\"D\u00e9couvrez le dernier roman d&#039;Arnaud LECONTE, une histoire de mafia corse bien \u00e9crite. Fan de roman policier vous devez absolument lire ce polar \u00e0 suspense\" \/>\n<meta name=\"robots\" content=\"index, follow, max-snippet:-1, max-image-preview:large, max-video-preview:-1\" \/>\n<link rel=\"canonical\" href=\"https:\/\/9editions.com\/boutique\/produit\/tous-les-chemins-menent-au-casino\/\" \/>\n<meta property=\"og:locale\" content=\"fr_FR\" \/>\n<meta property=\"og:type\" content=\"article\" \/>\n<meta property=\"og:title\" content=\"Tous les chemins m\u00e8nent au Casino - 9 \u00e9ditions\" \/>\n<meta property=\"og:description\" content=\"D\u00e9couvrez le dernier roman d&#039;Arnaud LECONTE, une histoire de mafia corse bien \u00e9crite. Fan de roman policier vous devez absolument lire ce polar \u00e0 suspense\" \/>\n<meta property=\"og:url\" content=\"https:\/\/9editions.com\/boutique\/produit\/tous-les-chemins-menent-au-casino\/\" \/>\n<meta property=\"og:site_name\" content=\"9 \u00e9ditions\" \/>\n<meta property=\"article:publisher\" content=\"https:\/\/www.facebook.com\/9editions?ref=bookmarks\" \/>\n<meta property=\"article:modified_time\" content=\"2023-01-17T16:29:30+00:00\" \/>\n<meta property=\"og:image\" content=\"https:\/\/9editions.com\/boutique\/wp-content\/uploads\/2022\/10\/9editions-LIVRE-ARNAUD-LECONTE-CASINO-Premiere-de-couv.jpg\" \/>\n\t<meta property=\"og:image:width\" content=\"1500\" \/>\n\t<meta property=\"og:image:height\" content=\"2227\" \/>\n\t<meta property=\"og:image:type\" content=\"image\/jpeg\" \/>\n<meta name=\"twitter:card\" content=\"summary_large_image\" \/>\n<meta name=\"twitter:site\" content=\"@9_editions\" \/>\n<script type=\"application\/ld+json\" class=\"yoast-schema-graph\">{\"@context\":\"https:\\\/\\\/schema.org\",\"@graph\":[{\"@type\":\"WebPage\",\"@id\":\"https:\\\/\\\/9editions.com\\\/boutique\\\/produit\\\/tous-les-chemins-menent-au-casino\\\/\",\"url\":\"https:\\\/\\\/9editions.com\\\/boutique\\\/produit\\\/tous-les-chemins-menent-au-casino\\\/\",\"name\":\"Tous les chemins m\u00e8nent au Casino - 9 \u00e9ditions\",\"isPartOf\":{\"@id\":\"https:\\\/\\\/9editions.com\\\/boutique\\\/#website\"},\"primaryImageOfPage\":{\"@id\":\"https:\\\/\\\/9editions.com\\\/boutique\\\/produit\\\/tous-les-chemins-menent-au-casino\\\/#primaryimage\"},\"image\":{\"@id\":\"https:\\\/\\\/9editions.com\\\/boutique\\\/produit\\\/tous-les-chemins-menent-au-casino\\\/#primaryimage\"},\"thumbnailUrl\":\"https:\\\/\\\/9editions.com\\\/boutique\\\/wp-content\\\/uploads\\\/2022\\\/10\\\/9editions-LIVRE-ARNAUD-LECONTE-CASINO-Premiere-de-couv.jpg\",\"datePublished\":\"2022-10-28T11:59:51+00:00\",\"dateModified\":\"2023-01-17T16:29:30+00:00\",\"description\":\"D\u00e9couvrez le dernier roman d'Arnaud LECONTE, une histoire de mafia corse bien \u00e9crite. Fan de roman policier vous devez absolument lire ce polar \u00e0 suspense\",\"breadcrumb\":{\"@id\":\"https:\\\/\\\/9editions.com\\\/boutique\\\/produit\\\/tous-les-chemins-menent-au-casino\\\/#breadcrumb\"},\"inLanguage\":\"fr-FR\",\"potentialAction\":[{\"@type\":\"ReadAction\",\"target\":[\"https:\\\/\\\/9editions.com\\\/boutique\\\/produit\\\/tous-les-chemins-menent-au-casino\\\/\"]}]},{\"@type\":\"ImageObject\",\"inLanguage\":\"fr-FR\",\"@id\":\"https:\\\/\\\/9editions.com\\\/boutique\\\/produit\\\/tous-les-chemins-menent-au-casino\\\/#primaryimage\",\"url\":\"https:\\\/\\\/9editions.com\\\/boutique\\\/wp-content\\\/uploads\\\/2022\\\/10\\\/9editions-LIVRE-ARNAUD-LECONTE-CASINO-Premiere-de-couv.jpg\",\"contentUrl\":\"https:\\\/\\\/9editions.com\\\/boutique\\\/wp-content\\\/uploads\\\/2022\\\/10\\\/9editions-LIVRE-ARNAUD-LECONTE-CASINO-Premiere-de-couv.jpg\",\"width\":1500,\"height\":2227},{\"@type\":\"BreadcrumbList\",\"@id\":\"https:\\\/\\\/9editions.com\\\/boutique\\\/produit\\\/tous-les-chemins-menent-au-casino\\\/#breadcrumb\",\"itemListElement\":[{\"@type\":\"ListItem\",\"position\":1,\"name\":\"Accueil\",\"item\":\"https:\\\/\\\/9editions.com\\\/boutique\\\/\"},{\"@type\":\"ListItem\",\"position\":2,\"name\":\"Boutique\",\"item\":\"https:\\\/\\\/9editions.com\\\/boutique\\\/\"},{\"@type\":\"ListItem\",\"position\":3,\"name\":\"Tous les chemins m\u00e8nent au Casino\"}]},{\"@type\":\"WebSite\",\"@id\":\"https:\\\/\\\/9editions.com\\\/boutique\\\/#website\",\"url\":\"https:\\\/\\\/9editions.com\\\/boutique\\\/\",\"name\":\"9 \u00e9ditions\",\"description\":\"La maison d&#039;\u00e9dition au c\u00f4t\u00e9 des auteurs\",\"publisher\":{\"@id\":\"https:\\\/\\\/9editions.com\\\/boutique\\\/#organization\"},\"potentialAction\":[{\"@type\":\"SearchAction\",\"target\":{\"@type\":\"EntryPoint\",\"urlTemplate\":\"https:\\\/\\\/9editions.com\\\/boutique\\\/?s={search_term_string}\"},\"query-input\":{\"@type\":\"PropertyValueSpecification\",\"valueRequired\":true,\"valueName\":\"search_term_string\"}}],\"inLanguage\":\"fr-FR\"},{\"@type\":\"Organization\",\"@id\":\"https:\\\/\\\/9editions.com\\\/boutique\\\/#organization\",\"name\":\"9 \u00e9ditions\",\"url\":\"https:\\\/\\\/9editions.com\\\/boutique\\\/\",\"logo\":{\"@type\":\"ImageObject\",\"inLanguage\":\"fr-FR\",\"@id\":\"https:\\\/\\\/9editions.com\\\/boutique\\\/#\\\/schema\\\/logo\\\/image\\\/\",\"url\":\"https:\\\/\\\/9editions.com\\\/boutique\\\/wp-content\\\/uploads\\\/2020\\\/03\\\/cropped-9-editions-logo-amazon.jpg\",\"contentUrl\":\"https:\\\/\\\/9editions.com\\\/boutique\\\/wp-content\\\/uploads\\\/2020\\\/03\\\/cropped-9-editions-logo-amazon.jpg\",\"width\":120,\"height\":30,\"caption\":\"9 \u00e9ditions\"},\"image\":{\"@id\":\"https:\\\/\\\/9editions.com\\\/boutique\\\/#\\\/schema\\\/logo\\\/image\\\/\"},\"sameAs\":[\"https:\\\/\\\/www.facebook.com\\\/9editions?ref=bookmarks\",\"https:\\\/\\\/x.com\\\/9_editions\",\"https:\\\/\\\/www.instagram.com\\\/9editions_\\\/\"]}]}<\/script>\n<!-- \/ Yoast SEO plugin. -->","yoast_head_json":{"title":"Tous les chemins m\u00e8nent au Casino - 9 \u00e9ditions","description":"D\u00e9couvrez le dernier roman d'Arnaud LECONTE, une histoire de mafia corse bien \u00e9crite. Fan de roman policier vous devez absolument lire ce polar \u00e0 suspense","robots":{"index":"index","follow":"follow","max-snippet":"max-snippet:-1","max-image-preview":"max-image-preview:large","max-video-preview":"max-video-preview:-1"},"canonical":"https:\/\/9editions.com\/boutique\/produit\/tous-les-chemins-menent-au-casino\/","og_locale":"fr_FR","og_type":"article","og_title":"Tous les chemins m\u00e8nent au Casino - 9 \u00e9ditions","og_description":"D\u00e9couvrez le dernier roman d'Arnaud LECONTE, une histoire de mafia corse bien \u00e9crite. Fan de roman policier vous devez absolument lire ce polar \u00e0 suspense","og_url":"https:\/\/9editions.com\/boutique\/produit\/tous-les-chemins-menent-au-casino\/","og_site_name":"9 \u00e9ditions","article_publisher":"https:\/\/www.facebook.com\/9editions?ref=bookmarks","article_modified_time":"2023-01-17T16:29:30+00:00","og_image":[{"width":1500,"height":2227,"url":"https:\/\/9editions.com\/boutique\/wp-content\/uploads\/2022\/10\/9editions-LIVRE-ARNAUD-LECONTE-CASINO-Premiere-de-couv.jpg","type":"image\/jpeg"}],"twitter_card":"summary_large_image","twitter_site":"@9_editions","schema":{"@context":"https:\/\/schema.org","@graph":[{"@type":"WebPage","@id":"https:\/\/9editions.com\/boutique\/produit\/tous-les-chemins-menent-au-casino\/","url":"https:\/\/9editions.com\/boutique\/produit\/tous-les-chemins-menent-au-casino\/","name":"Tous les chemins m\u00e8nent au Casino - 9 \u00e9ditions","isPartOf":{"@id":"https:\/\/9editions.com\/boutique\/#website"},"primaryImageOfPage":{"@id":"https:\/\/9editions.com\/boutique\/produit\/tous-les-chemins-menent-au-casino\/#primaryimage"},"image":{"@id":"https:\/\/9editions.com\/boutique\/produit\/tous-les-chemins-menent-au-casino\/#primaryimage"},"thumbnailUrl":"https:\/\/9editions.com\/boutique\/wp-content\/uploads\/2022\/10\/9editions-LIVRE-ARNAUD-LECONTE-CASINO-Premiere-de-couv.jpg","datePublished":"2022-10-28T11:59:51+00:00","dateModified":"2023-01-17T16:29:30+00:00","description":"D\u00e9couvrez le dernier roman d'Arnaud LECONTE, une histoire de mafia corse bien \u00e9crite. Fan de roman policier vous devez absolument lire ce polar \u00e0 suspense","breadcrumb":{"@id":"https:\/\/9editions.com\/boutique\/produit\/tous-les-chemins-menent-au-casino\/#breadcrumb"},"inLanguage":"fr-FR","potentialAction":[{"@type":"ReadAction","target":["https:\/\/9editions.com\/boutique\/produit\/tous-les-chemins-menent-au-casino\/"]}]},{"@type":"ImageObject","inLanguage":"fr-FR","@id":"https:\/\/9editions.com\/boutique\/produit\/tous-les-chemins-menent-au-casino\/#primaryimage","url":"https:\/\/9editions.com\/boutique\/wp-content\/uploads\/2022\/10\/9editions-LIVRE-ARNAUD-LECONTE-CASINO-Premiere-de-couv.jpg","contentUrl":"https:\/\/9editions.com\/boutique\/wp-content\/uploads\/2022\/10\/9editions-LIVRE-ARNAUD-LECONTE-CASINO-Premiere-de-couv.jpg","width":1500,"height":2227},{"@type":"BreadcrumbList","@id":"https:\/\/9editions.com\/boutique\/produit\/tous-les-chemins-menent-au-casino\/#breadcrumb","itemListElement":[{"@type":"ListItem","position":1,"name":"Accueil","item":"https:\/\/9editions.com\/boutique\/"},{"@type":"ListItem","position":2,"name":"Boutique","item":"https:\/\/9editions.com\/boutique\/"},{"@type":"ListItem","position":3,"name":"Tous les chemins m\u00e8nent au Casino"}]},{"@type":"WebSite","@id":"https:\/\/9editions.com\/boutique\/#website","url":"https:\/\/9editions.com\/boutique\/","name":"9 \u00e9ditions","description":"La maison d&#039;\u00e9dition au c\u00f4t\u00e9 des auteurs","publisher":{"@id":"https:\/\/9editions.com\/boutique\/#organization"},"potentialAction":[{"@type":"SearchAction","target":{"@type":"EntryPoint","urlTemplate":"https:\/\/9editions.com\/boutique\/?s={search_term_string}"},"query-input":{"@type":"PropertyValueSpecification","valueRequired":true,"valueName":"search_term_string"}}],"inLanguage":"fr-FR"},{"@type":"Organization","@id":"https:\/\/9editions.com\/boutique\/#organization","name":"9 \u00e9ditions","url":"https:\/\/9editions.com\/boutique\/","logo":{"@type":"ImageObject","inLanguage":"fr-FR","@id":"https:\/\/9editions.com\/boutique\/#\/schema\/logo\/image\/","url":"https:\/\/9editions.com\/boutique\/wp-content\/uploads\/2020\/03\/cropped-9-editions-logo-amazon.jpg","contentUrl":"https:\/\/9editions.com\/boutique\/wp-content\/uploads\/2020\/03\/cropped-9-editions-logo-amazon.jpg","width":120,"height":30,"caption":"9 \u00e9ditions"},"image":{"@id":"https:\/\/9editions.com\/boutique\/#\/schema\/logo\/image\/"},"sameAs":["https:\/\/www.facebook.com\/9editions?ref=bookmarks","https:\/\/x.com\/9_editions","https:\/\/www.instagram.com\/9editions_\/"]}]}},"jetpack_sharing_enabled":true,"_links":{"self":[{"href":"https:\/\/9editions.com\/boutique\/wp-json\/wp\/v2\/product\/973","targetHints":{"allow":["GET"]}}],"collection":[{"href":"https:\/\/9editions.com\/boutique\/wp-json\/wp\/v2\/product"}],"about":[{"href":"https:\/\/9editions.com\/boutique\/wp-json\/wp\/v2\/types\/product"}],"replies":[{"embeddable":true,"href":"https:\/\/9editions.com\/boutique\/wp-json\/wp\/v2\/comments?post=973"}],"wp:featuredmedia":[{"embeddable":true,"href":"https:\/\/9editions.com\/boutique\/wp-json\/wp\/v2\/media\/974"}],"wp:attachment":[{"href":"https:\/\/9editions.com\/boutique\/wp-json\/wp\/v2\/media?parent=973"}],"wp:term":[{"taxonomy":"product_brand","embeddable":true,"href":"https:\/\/9editions.com\/boutique\/wp-json\/wp\/v2\/product_brand?post=973"},{"taxonomy":"product_cat","embeddable":true,"href":"https:\/\/9editions.com\/boutique\/wp-json\/wp\/v2\/product_cat?post=973"},{"taxonomy":"product_tag","embeddable":true,"href":"https:\/\/9editions.com\/boutique\/wp-json\/wp\/v2\/product_tag?post=973"}],"curies":[{"name":"wp","href":"https:\/\/api.w.org\/{rel}","templated":true}]}}