{"id":923,"date":"2022-10-26T08:39:39","date_gmt":"2022-10-26T06:39:39","guid":{"rendered":"https:\/\/9editions.com\/boutique\/?post_type=product&#038;p=923"},"modified":"2023-01-17T17:37:10","modified_gmt":"2023-01-17T16:37:10","slug":"la-louve-chamane-livre-broche","status":"publish","type":"product","link":"https:\/\/9editions.com\/boutique\/produit\/la-louve-chamane-livre-broche\/","title":{"rendered":"La Louve Chamane (Livre broch\u00e9)"},"content":{"rendered":"<p>Lisa, \u00e9tudiante Fran\u00e7aise de vingt ans, s\u2019envole pour Stony Mountain aux Etats-Unis pour suivre ses \u00e9tudes. L\u2019appel du Montana depuis de nombreuses ann\u00e9es a eu raison d\u2019elle et elle est persuad\u00e9e qu\u2019elle trouvera des r\u00e9ponses \u00e0 ses questions l\u00e0-bas. En effet, Lisa est une jeune femme particuli\u00e8re, aux capacit\u00e9s extrasensorielles hors du commun, mais qui l\u2019ont malheureusement oblig\u00e9 \u00e0 avoir une vie solitaire jusqu\u2019\u00e0 pr\u00e9sent, car incomprise dans cette soci\u00e9t\u00e9 peu spirituelle.<\/p>\n<p>Mais contre toute attente, elle va faire la rencontre de Doryan, un beau jeune homme atypique et myst\u00e9rieux, qui va l\u2019aider \u00e0 prendre confiance en elle et \u00e0 s\u2019ouvrir au monde. Mais pourra-t-il l\u2019aider \u00e0 comprendre pourquoi elle se sent si diff\u00e9rente ? Ce pourrait-il que Doryan lui aussi soit quelqu\u2019un de diff\u00e9rent ? Jusqu\u2019o\u00f9 sa qu\u00eate de r\u00e9ponse va mener Lisa ? Jusqu\u2019\u00e0 quelle v\u00e9rit\u00e9 ?<\/p>\n","protected":false},"excerpt":{"rendered":"<p>Lisa, \u00e9tudiante Fran\u00e7aise de vingt ans, s\u2019envole pour Stony Mountain aux Etats-Unis pour suivre ses \u00e9tudes. L\u2019appel du Montana depuis de nombreuses ann\u00e9es a eu raison d\u2019elle et elle est persuad\u00e9e qu\u2019elle trouvera des r\u00e9ponses \u00e0 ses questions l\u00e0-bas. En effet, Lisa est une jeune femme particuli\u00e8re, aux capacit\u00e9s extrasensorielles hors du commun, mais qui l\u2019ont malheureusement oblig\u00e9 \u00e0 avoir une vie solitaire jusqu\u2019\u00e0 pr\u00e9sent, car incomprise dans cette soci\u00e9t\u00e9 peu spirituelle.<\/p>\n<p>Mais contre toute attente, elle va faire la rencontre de Doryan, un beau jeune homme atypique et myst\u00e9rieux, qui va l\u2019aider \u00e0 prendre confiance en elle et \u00e0 s\u2019ouvrir au monde. Mais pourra-t-il l\u2019aider \u00e0 comprendre pourquoi elle se sent si diff\u00e9rente ? Ce pourrait-il que Doryan lui aussi soit quelqu\u2019un de diff\u00e9rent ? Jusqu\u2019o\u00f9 sa qu\u00eate de r\u00e9ponse va mener Lisa ? Jusqu\u2019\u00e0 quelle v\u00e9rit\u00e9 ?<\/p>\n","protected":false},"featured_media":925,"comment_status":"open","ping_status":"closed","template":"","meta":[],"product_brand":[],"product_cat":[36,156,32],"product_tag":[157,158,160,159,162,71,161],"class_list":{"0":"post-923","1":"product","2":"type-product","3":"status-publish","6":"product_cat-aventures","7":"product_cat-jeune-adulte","8":"product_cat-livre-broche","9":"product_tag-fantastique","10":"product_tag-jeune-adulte","11":"product_tag-loup-garou","12":"product_tag-louve","13":"product_tag-nina-swan","14":"product_tag-roman","15":"product_tag-vampire","16":"product_shipping_class-livre","18":"first","19":"instock","20":"purchasable","21":"product-type-simple"},"yoast_head":"<!-- This site is optimized with the Yoast SEO plugin v27.3 - https:\/\/yoast.com\/product\/yoast-seo-wordpress\/ -->\n<title>La Louve Chamane (Livre broch\u00e9) - 9 \u00e9ditions<\/title>\n<meta name=\"description\" content=\"Ce roman fantastique ne laissera pas indiff\u00e9rent les fans de livres comme Twilight ou Journal intime d&#039;un vampire. Ce premier tome vous entra\u00eene dans un..\" \/>\n<meta name=\"robots\" content=\"index, follow, max-snippet:-1, max-image-preview:large, max-video-preview:-1\" \/>\n<link rel=\"canonical\" href=\"https:\/\/9editions.com\/boutique\/produit\/la-louve-chamane-livre-broche\/\" \/>\n<meta property=\"og:locale\" content=\"fr_FR\" \/>\n<meta property=\"og:type\" content=\"article\" \/>\n<meta property=\"og:title\" content=\"La Louve Chamane (Livre broch\u00e9) - 9 \u00e9ditions\" \/>\n<meta property=\"og:description\" content=\"Ce roman fantastique ne laissera pas indiff\u00e9rent les fans de livres comme Twilight ou Journal intime d&#039;un vampire. Ce premier tome vous entra\u00eene dans un..\" \/>\n<meta property=\"og:url\" content=\"https:\/\/9editions.com\/boutique\/produit\/la-louve-chamane-livre-broche\/\" \/>\n<meta property=\"og:site_name\" content=\"9 \u00e9ditions\" \/>\n<meta property=\"article:publisher\" content=\"https:\/\/www.facebook.com\/9editions?ref=bookmarks\" \/>\n<meta property=\"article:modified_time\" content=\"2023-01-17T16:37:10+00:00\" \/>\n<meta property=\"og:image\" content=\"https:\/\/9editions.com\/boutique\/wp-content\/uploads\/2022\/10\/9782377270835_1_75-scaled.jpg\" \/>\n\t<meta property=\"og:image:width\" content=\"1665\" \/>\n\t<meta property=\"og:image:height\" content=\"2560\" \/>\n\t<meta property=\"og:image:type\" content=\"image\/jpeg\" \/>\n<meta name=\"twitter:card\" content=\"summary_large_image\" \/>\n<meta name=\"twitter:site\" content=\"@9_editions\" \/>\n<meta name=\"twitter:label1\" content=\"Dur\u00e9e de lecture estim\u00e9e\" \/>\n\t<meta name=\"twitter:data1\" content=\"1 minute\" \/>\n<script type=\"application\/ld+json\" class=\"yoast-schema-graph\">{\"@context\":\"https:\\\/\\\/schema.org\",\"@graph\":[{\"@type\":\"WebPage\",\"@id\":\"https:\\\/\\\/9editions.com\\\/boutique\\\/produit\\\/la-louve-chamane-livre-broche\\\/\",\"url\":\"https:\\\/\\\/9editions.com\\\/boutique\\\/produit\\\/la-louve-chamane-livre-broche\\\/\",\"name\":\"La Louve Chamane (Livre broch\u00e9) - 9 \u00e9ditions\",\"isPartOf\":{\"@id\":\"https:\\\/\\\/9editions.com\\\/boutique\\\/#website\"},\"primaryImageOfPage\":{\"@id\":\"https:\\\/\\\/9editions.com\\\/boutique\\\/produit\\\/la-louve-chamane-livre-broche\\\/#primaryimage\"},\"image\":{\"@id\":\"https:\\\/\\\/9editions.com\\\/boutique\\\/produit\\\/la-louve-chamane-livre-broche\\\/#primaryimage\"},\"thumbnailUrl\":\"https:\\\/\\\/9editions.com\\\/boutique\\\/wp-content\\\/uploads\\\/2022\\\/10\\\/9782377270835_1_75-scaled.jpg\",\"datePublished\":\"2022-10-26T06:39:39+00:00\",\"dateModified\":\"2023-01-17T16:37:10+00:00\",\"description\":\"Ce roman fantastique ne laissera pas indiff\u00e9rent les fans de livres comme Twilight ou Journal intime d'un vampire. Ce premier tome vous entra\u00eene dans un..\",\"breadcrumb\":{\"@id\":\"https:\\\/\\\/9editions.com\\\/boutique\\\/produit\\\/la-louve-chamane-livre-broche\\\/#breadcrumb\"},\"inLanguage\":\"fr-FR\",\"potentialAction\":[{\"@type\":\"ReadAction\",\"target\":[\"https:\\\/\\\/9editions.com\\\/boutique\\\/produit\\\/la-louve-chamane-livre-broche\\\/\"]}]},{\"@type\":\"ImageObject\",\"inLanguage\":\"fr-FR\",\"@id\":\"https:\\\/\\\/9editions.com\\\/boutique\\\/produit\\\/la-louve-chamane-livre-broche\\\/#primaryimage\",\"url\":\"https:\\\/\\\/9editions.com\\\/boutique\\\/wp-content\\\/uploads\\\/2022\\\/10\\\/9782377270835_1_75-scaled.jpg\",\"contentUrl\":\"https:\\\/\\\/9editions.com\\\/boutique\\\/wp-content\\\/uploads\\\/2022\\\/10\\\/9782377270835_1_75-scaled.jpg\",\"width\":1665,\"height\":2560},{\"@type\":\"BreadcrumbList\",\"@id\":\"https:\\\/\\\/9editions.com\\\/boutique\\\/produit\\\/la-louve-chamane-livre-broche\\\/#breadcrumb\",\"itemListElement\":[{\"@type\":\"ListItem\",\"position\":1,\"name\":\"Accueil\",\"item\":\"https:\\\/\\\/9editions.com\\\/boutique\\\/\"},{\"@type\":\"ListItem\",\"position\":2,\"name\":\"Boutique\",\"item\":\"https:\\\/\\\/9editions.com\\\/boutique\\\/\"},{\"@type\":\"ListItem\",\"position\":3,\"name\":\"La Louve Chamane (Livre broch\u00e9)\"}]},{\"@type\":\"WebSite\",\"@id\":\"https:\\\/\\\/9editions.com\\\/boutique\\\/#website\",\"url\":\"https:\\\/\\\/9editions.com\\\/boutique\\\/\",\"name\":\"9 \u00e9ditions\",\"description\":\"La maison d&#039;\u00e9dition au c\u00f4t\u00e9 des auteurs\",\"publisher\":{\"@id\":\"https:\\\/\\\/9editions.com\\\/boutique\\\/#organization\"},\"potentialAction\":[{\"@type\":\"SearchAction\",\"target\":{\"@type\":\"EntryPoint\",\"urlTemplate\":\"https:\\\/\\\/9editions.com\\\/boutique\\\/?s={search_term_string}\"},\"query-input\":{\"@type\":\"PropertyValueSpecification\",\"valueRequired\":true,\"valueName\":\"search_term_string\"}}],\"inLanguage\":\"fr-FR\"},{\"@type\":\"Organization\",\"@id\":\"https:\\\/\\\/9editions.com\\\/boutique\\\/#organization\",\"name\":\"9 \u00e9ditions\",\"url\":\"https:\\\/\\\/9editions.com\\\/boutique\\\/\",\"logo\":{\"@type\":\"ImageObject\",\"inLanguage\":\"fr-FR\",\"@id\":\"https:\\\/\\\/9editions.com\\\/boutique\\\/#\\\/schema\\\/logo\\\/image\\\/\",\"url\":\"https:\\\/\\\/9editions.com\\\/boutique\\\/wp-content\\\/uploads\\\/2020\\\/03\\\/cropped-9-editions-logo-amazon.jpg\",\"contentUrl\":\"https:\\\/\\\/9editions.com\\\/boutique\\\/wp-content\\\/uploads\\\/2020\\\/03\\\/cropped-9-editions-logo-amazon.jpg\",\"width\":120,\"height\":30,\"caption\":\"9 \u00e9ditions\"},\"image\":{\"@id\":\"https:\\\/\\\/9editions.com\\\/boutique\\\/#\\\/schema\\\/logo\\\/image\\\/\"},\"sameAs\":[\"https:\\\/\\\/www.facebook.com\\\/9editions?ref=bookmarks\",\"https:\\\/\\\/x.com\\\/9_editions\",\"https:\\\/\\\/www.instagram.com\\\/9editions_\\\/\"]}]}<\/script>\n<!-- \/ Yoast SEO plugin. -->","yoast_head_json":{"title":"La Louve Chamane (Livre broch\u00e9) - 9 \u00e9ditions","description":"Ce roman fantastique ne laissera pas indiff\u00e9rent les fans de livres comme Twilight ou Journal intime d'un vampire. Ce premier tome vous entra\u00eene dans un..","robots":{"index":"index","follow":"follow","max-snippet":"max-snippet:-1","max-image-preview":"max-image-preview:large","max-video-preview":"max-video-preview:-1"},"canonical":"https:\/\/9editions.com\/boutique\/produit\/la-louve-chamane-livre-broche\/","og_locale":"fr_FR","og_type":"article","og_title":"La Louve Chamane (Livre broch\u00e9) - 9 \u00e9ditions","og_description":"Ce roman fantastique ne laissera pas indiff\u00e9rent les fans de livres comme Twilight ou Journal intime d'un vampire. Ce premier tome vous entra\u00eene dans un..","og_url":"https:\/\/9editions.com\/boutique\/produit\/la-louve-chamane-livre-broche\/","og_site_name":"9 \u00e9ditions","article_publisher":"https:\/\/www.facebook.com\/9editions?ref=bookmarks","article_modified_time":"2023-01-17T16:37:10+00:00","og_image":[{"width":1665,"height":2560,"url":"https:\/\/9editions.com\/boutique\/wp-content\/uploads\/2022\/10\/9782377270835_1_75-scaled.jpg","type":"image\/jpeg"}],"twitter_card":"summary_large_image","twitter_site":"@9_editions","twitter_misc":{"Dur\u00e9e de lecture estim\u00e9e":"1 minute"},"schema":{"@context":"https:\/\/schema.org","@graph":[{"@type":"WebPage","@id":"https:\/\/9editions.com\/boutique\/produit\/la-louve-chamane-livre-broche\/","url":"https:\/\/9editions.com\/boutique\/produit\/la-louve-chamane-livre-broche\/","name":"La Louve Chamane (Livre broch\u00e9) - 9 \u00e9ditions","isPartOf":{"@id":"https:\/\/9editions.com\/boutique\/#website"},"primaryImageOfPage":{"@id":"https:\/\/9editions.com\/boutique\/produit\/la-louve-chamane-livre-broche\/#primaryimage"},"image":{"@id":"https:\/\/9editions.com\/boutique\/produit\/la-louve-chamane-livre-broche\/#primaryimage"},"thumbnailUrl":"https:\/\/9editions.com\/boutique\/wp-content\/uploads\/2022\/10\/9782377270835_1_75-scaled.jpg","datePublished":"2022-10-26T06:39:39+00:00","dateModified":"2023-01-17T16:37:10+00:00","description":"Ce roman fantastique ne laissera pas indiff\u00e9rent les fans de livres comme Twilight ou Journal intime d'un vampire. Ce premier tome vous entra\u00eene dans un..","breadcrumb":{"@id":"https:\/\/9editions.com\/boutique\/produit\/la-louve-chamane-livre-broche\/#breadcrumb"},"inLanguage":"fr-FR","potentialAction":[{"@type":"ReadAction","target":["https:\/\/9editions.com\/boutique\/produit\/la-louve-chamane-livre-broche\/"]}]},{"@type":"ImageObject","inLanguage":"fr-FR","@id":"https:\/\/9editions.com\/boutique\/produit\/la-louve-chamane-livre-broche\/#primaryimage","url":"https:\/\/9editions.com\/boutique\/wp-content\/uploads\/2022\/10\/9782377270835_1_75-scaled.jpg","contentUrl":"https:\/\/9editions.com\/boutique\/wp-content\/uploads\/2022\/10\/9782377270835_1_75-scaled.jpg","width":1665,"height":2560},{"@type":"BreadcrumbList","@id":"https:\/\/9editions.com\/boutique\/produit\/la-louve-chamane-livre-broche\/#breadcrumb","itemListElement":[{"@type":"ListItem","position":1,"name":"Accueil","item":"https:\/\/9editions.com\/boutique\/"},{"@type":"ListItem","position":2,"name":"Boutique","item":"https:\/\/9editions.com\/boutique\/"},{"@type":"ListItem","position":3,"name":"La Louve Chamane (Livre broch\u00e9)"}]},{"@type":"WebSite","@id":"https:\/\/9editions.com\/boutique\/#website","url":"https:\/\/9editions.com\/boutique\/","name":"9 \u00e9ditions","description":"La maison d&#039;\u00e9dition au c\u00f4t\u00e9 des auteurs","publisher":{"@id":"https:\/\/9editions.com\/boutique\/#organization"},"potentialAction":[{"@type":"SearchAction","target":{"@type":"EntryPoint","urlTemplate":"https:\/\/9editions.com\/boutique\/?s={search_term_string}"},"query-input":{"@type":"PropertyValueSpecification","valueRequired":true,"valueName":"search_term_string"}}],"inLanguage":"fr-FR"},{"@type":"Organization","@id":"https:\/\/9editions.com\/boutique\/#organization","name":"9 \u00e9ditions","url":"https:\/\/9editions.com\/boutique\/","logo":{"@type":"ImageObject","inLanguage":"fr-FR","@id":"https:\/\/9editions.com\/boutique\/#\/schema\/logo\/image\/","url":"https:\/\/9editions.com\/boutique\/wp-content\/uploads\/2020\/03\/cropped-9-editions-logo-amazon.jpg","contentUrl":"https:\/\/9editions.com\/boutique\/wp-content\/uploads\/2020\/03\/cropped-9-editions-logo-amazon.jpg","width":120,"height":30,"caption":"9 \u00e9ditions"},"image":{"@id":"https:\/\/9editions.com\/boutique\/#\/schema\/logo\/image\/"},"sameAs":["https:\/\/www.facebook.com\/9editions?ref=bookmarks","https:\/\/x.com\/9_editions","https:\/\/www.instagram.com\/9editions_\/"]}]}},"jetpack_sharing_enabled":true,"_links":{"self":[{"href":"https:\/\/9editions.com\/boutique\/wp-json\/wp\/v2\/product\/923","targetHints":{"allow":["GET"]}}],"collection":[{"href":"https:\/\/9editions.com\/boutique\/wp-json\/wp\/v2\/product"}],"about":[{"href":"https:\/\/9editions.com\/boutique\/wp-json\/wp\/v2\/types\/product"}],"replies":[{"embeddable":true,"href":"https:\/\/9editions.com\/boutique\/wp-json\/wp\/v2\/comments?post=923"}],"wp:featuredmedia":[{"embeddable":true,"href":"https:\/\/9editions.com\/boutique\/wp-json\/wp\/v2\/media\/925"}],"wp:attachment":[{"href":"https:\/\/9editions.com\/boutique\/wp-json\/wp\/v2\/media?parent=923"}],"wp:term":[{"taxonomy":"product_brand","embeddable":true,"href":"https:\/\/9editions.com\/boutique\/wp-json\/wp\/v2\/product_brand?post=923"},{"taxonomy":"product_cat","embeddable":true,"href":"https:\/\/9editions.com\/boutique\/wp-json\/wp\/v2\/product_cat?post=923"},{"taxonomy":"product_tag","embeddable":true,"href":"https:\/\/9editions.com\/boutique\/wp-json\/wp\/v2\/product_tag?post=923"}],"curies":[{"name":"wp","href":"https:\/\/api.w.org\/{rel}","templated":true}]}}