{"id":883,"date":"2022-10-24T15:51:23","date_gmt":"2022-10-24T13:51:23","guid":{"rendered":"http:\/\/9editions.com\/boutique\/?post_type=product&#038;p=883"},"modified":"2023-01-17T17:37:22","modified_gmt":"2023-01-17T16:37:22","slug":"loratio-livre-ebook","status":"publish","type":"product","link":"https:\/\/9editions.com\/boutique\/produit\/loratio-livre-ebook\/","title":{"rendered":"L&rsquo;oratio (ebook)"},"content":{"rendered":"<p>Le commissaire Jack Monroe n\u2019aurait pas d\u00fb envoyer dans le \u00ab\u00a0mur\u00a0\u00bb cette pauvre serveuse du restaurant de poissons, le <em>Tahiti Plage<\/em>. Il en avait honte\u00a0!<\/p>\n<p>La journ\u00e9e \u00e9tait belle, jusqu\u2019au moment o\u00f9 il re\u00e7ut un appel t\u00e9l\u00e9phonique. Il ne se doutait pas qu\u2019il allait plonger dans les affres maudites des t\u00e9n\u00e8bres le pr\u00e9cipitant vers des angoisses ancestrales et c\u00e9lestes.<\/p>\n","protected":false},"excerpt":{"rendered":"<p>Le commissaire Jack Monroe n\u2019aurait pas d\u00fb envoyer dans le \u00ab\u00a0mur\u00a0\u00bb cette pauvre serveuse du restaurant de poissons, le <em>Tahiti Plage<\/em>. Il en avait honte\u00a0!<\/p>\n<p>La journ\u00e9e \u00e9tait belle, jusqu\u2019au moment o\u00f9 il re\u00e7ut un appel t\u00e9l\u00e9phonique. Il ne se doutait pas qu\u2019il allait plonger dans les affres maudites des t\u00e9n\u00e8bres le pr\u00e9cipitant vers des angoisses ancestrales et c\u00e9lestes.<\/p>\n","protected":false},"featured_media":881,"comment_status":"open","ping_status":"closed","template":"","meta":[],"product_brand":[],"product_cat":[29,22,18],"product_tag":[155,93,95,154],"class_list":{"0":"post-883","1":"product","2":"type-product","3":"status-publish","6":"product_cat-ebook","7":"product_cat-policier","8":"product_cat-roman","9":"product_tag-loratio","10":"product_tag-philippe-henault","11":"product_tag-polar","12":"product_tag-roman-policier","13":"product_shipping_class-ebook","15":"first","16":"instock","17":"purchasable","18":"product-type-simple"},"yoast_head":"<!-- This site is optimized with the Yoast SEO plugin v27.3 - https:\/\/yoast.com\/product\/yoast-seo-wordpress\/ -->\n<title>L&#039;oratio (ebook) - 9 \u00e9ditions<\/title>\n<meta name=\"description\" content=\"L&#039;oratio est la suite des aventures de Jack Monroe, personnage principal des romans de Phlippe Henault. Ce livre est d\u00e9di\u00e9 \u00e0 la mort subite d&#039;un ami de ce..\" \/>\n<meta name=\"robots\" content=\"index, follow, max-snippet:-1, max-image-preview:large, max-video-preview:-1\" \/>\n<link rel=\"canonical\" href=\"https:\/\/9editions.com\/boutique\/produit\/loratio-livre-ebook\/\" \/>\n<meta property=\"og:locale\" content=\"fr_FR\" \/>\n<meta property=\"og:type\" content=\"article\" \/>\n<meta property=\"og:title\" content=\"L&#039;oratio (ebook) - 9 \u00e9ditions\" \/>\n<meta property=\"og:description\" content=\"L&#039;oratio est la suite des aventures de Jack Monroe, personnage principal des romans de Phlippe Henault. Ce livre est d\u00e9di\u00e9 \u00e0 la mort subite d&#039;un ami de ce..\" \/>\n<meta property=\"og:url\" content=\"https:\/\/9editions.com\/boutique\/produit\/loratio-livre-ebook\/\" \/>\n<meta property=\"og:site_name\" content=\"9 \u00e9ditions\" \/>\n<meta property=\"article:publisher\" content=\"https:\/\/www.facebook.com\/9editions?ref=bookmarks\" \/>\n<meta property=\"article:modified_time\" content=\"2023-01-17T16:37:22+00:00\" \/>\n<meta property=\"og:image\" content=\"https:\/\/9editions.com\/boutique\/wp-content\/uploads\/2022\/10\/9editions-LIVRE-LORATIO-PHILIPPE-HENAULT.jpg\" \/>\n\t<meta property=\"og:image:width\" content=\"1773\" \/>\n\t<meta property=\"og:image:height\" content=\"2480\" \/>\n\t<meta property=\"og:image:type\" content=\"image\/jpeg\" \/>\n<meta name=\"twitter:card\" content=\"summary_large_image\" \/>\n<meta name=\"twitter:site\" content=\"@9_editions\" \/>\n<meta name=\"twitter:label1\" content=\"Dur\u00e9e de lecture estim\u00e9e\" \/>\n\t<meta name=\"twitter:data1\" content=\"1 minute\" \/>\n<script type=\"application\/ld+json\" class=\"yoast-schema-graph\">{\"@context\":\"https:\\\/\\\/schema.org\",\"@graph\":[{\"@type\":\"WebPage\",\"@id\":\"https:\\\/\\\/9editions.com\\\/boutique\\\/produit\\\/loratio-livre-ebook\\\/\",\"url\":\"https:\\\/\\\/9editions.com\\\/boutique\\\/produit\\\/loratio-livre-ebook\\\/\",\"name\":\"L'oratio (ebook) - 9 \u00e9ditions\",\"isPartOf\":{\"@id\":\"https:\\\/\\\/9editions.com\\\/boutique\\\/#website\"},\"primaryImageOfPage\":{\"@id\":\"https:\\\/\\\/9editions.com\\\/boutique\\\/produit\\\/loratio-livre-ebook\\\/#primaryimage\"},\"image\":{\"@id\":\"https:\\\/\\\/9editions.com\\\/boutique\\\/produit\\\/loratio-livre-ebook\\\/#primaryimage\"},\"thumbnailUrl\":\"https:\\\/\\\/9editions.com\\\/boutique\\\/wp-content\\\/uploads\\\/2022\\\/10\\\/9editions-LIVRE-LORATIO-PHILIPPE-HENAULT.jpg\",\"datePublished\":\"2022-10-24T13:51:23+00:00\",\"dateModified\":\"2023-01-17T16:37:22+00:00\",\"description\":\"L'oratio est la suite des aventures de Jack Monroe, personnage principal des romans de Phlippe Henault. Ce livre est d\u00e9di\u00e9 \u00e0 la mort subite d'un ami de ce..\",\"breadcrumb\":{\"@id\":\"https:\\\/\\\/9editions.com\\\/boutique\\\/produit\\\/loratio-livre-ebook\\\/#breadcrumb\"},\"inLanguage\":\"fr-FR\",\"potentialAction\":[{\"@type\":\"ReadAction\",\"target\":[\"https:\\\/\\\/9editions.com\\\/boutique\\\/produit\\\/loratio-livre-ebook\\\/\"]}]},{\"@type\":\"ImageObject\",\"inLanguage\":\"fr-FR\",\"@id\":\"https:\\\/\\\/9editions.com\\\/boutique\\\/produit\\\/loratio-livre-ebook\\\/#primaryimage\",\"url\":\"https:\\\/\\\/9editions.com\\\/boutique\\\/wp-content\\\/uploads\\\/2022\\\/10\\\/9editions-LIVRE-LORATIO-PHILIPPE-HENAULT.jpg\",\"contentUrl\":\"https:\\\/\\\/9editions.com\\\/boutique\\\/wp-content\\\/uploads\\\/2022\\\/10\\\/9editions-LIVRE-LORATIO-PHILIPPE-HENAULT.jpg\",\"width\":1773,\"height\":2480},{\"@type\":\"BreadcrumbList\",\"@id\":\"https:\\\/\\\/9editions.com\\\/boutique\\\/produit\\\/loratio-livre-ebook\\\/#breadcrumb\",\"itemListElement\":[{\"@type\":\"ListItem\",\"position\":1,\"name\":\"Accueil\",\"item\":\"https:\\\/\\\/9editions.com\\\/boutique\\\/\"},{\"@type\":\"ListItem\",\"position\":2,\"name\":\"Boutique\",\"item\":\"https:\\\/\\\/9editions.com\\\/boutique\\\/\"},{\"@type\":\"ListItem\",\"position\":3,\"name\":\"L&rsquo;oratio (ebook)\"}]},{\"@type\":\"WebSite\",\"@id\":\"https:\\\/\\\/9editions.com\\\/boutique\\\/#website\",\"url\":\"https:\\\/\\\/9editions.com\\\/boutique\\\/\",\"name\":\"9 \u00e9ditions\",\"description\":\"La maison d&#039;\u00e9dition au c\u00f4t\u00e9 des auteurs\",\"publisher\":{\"@id\":\"https:\\\/\\\/9editions.com\\\/boutique\\\/#organization\"},\"potentialAction\":[{\"@type\":\"SearchAction\",\"target\":{\"@type\":\"EntryPoint\",\"urlTemplate\":\"https:\\\/\\\/9editions.com\\\/boutique\\\/?s={search_term_string}\"},\"query-input\":{\"@type\":\"PropertyValueSpecification\",\"valueRequired\":true,\"valueName\":\"search_term_string\"}}],\"inLanguage\":\"fr-FR\"},{\"@type\":\"Organization\",\"@id\":\"https:\\\/\\\/9editions.com\\\/boutique\\\/#organization\",\"name\":\"9 \u00e9ditions\",\"url\":\"https:\\\/\\\/9editions.com\\\/boutique\\\/\",\"logo\":{\"@type\":\"ImageObject\",\"inLanguage\":\"fr-FR\",\"@id\":\"https:\\\/\\\/9editions.com\\\/boutique\\\/#\\\/schema\\\/logo\\\/image\\\/\",\"url\":\"https:\\\/\\\/9editions.com\\\/boutique\\\/wp-content\\\/uploads\\\/2020\\\/03\\\/cropped-9-editions-logo-amazon.jpg\",\"contentUrl\":\"https:\\\/\\\/9editions.com\\\/boutique\\\/wp-content\\\/uploads\\\/2020\\\/03\\\/cropped-9-editions-logo-amazon.jpg\",\"width\":120,\"height\":30,\"caption\":\"9 \u00e9ditions\"},\"image\":{\"@id\":\"https:\\\/\\\/9editions.com\\\/boutique\\\/#\\\/schema\\\/logo\\\/image\\\/\"},\"sameAs\":[\"https:\\\/\\\/www.facebook.com\\\/9editions?ref=bookmarks\",\"https:\\\/\\\/x.com\\\/9_editions\",\"https:\\\/\\\/www.instagram.com\\\/9editions_\\\/\"]}]}<\/script>\n<!-- \/ Yoast SEO plugin. -->","yoast_head_json":{"title":"L'oratio (ebook) - 9 \u00e9ditions","description":"L'oratio est la suite des aventures de Jack Monroe, personnage principal des romans de Phlippe Henault. Ce livre est d\u00e9di\u00e9 \u00e0 la mort subite d'un ami de ce..","robots":{"index":"index","follow":"follow","max-snippet":"max-snippet:-1","max-image-preview":"max-image-preview:large","max-video-preview":"max-video-preview:-1"},"canonical":"https:\/\/9editions.com\/boutique\/produit\/loratio-livre-ebook\/","og_locale":"fr_FR","og_type":"article","og_title":"L'oratio (ebook) - 9 \u00e9ditions","og_description":"L'oratio est la suite des aventures de Jack Monroe, personnage principal des romans de Phlippe Henault. Ce livre est d\u00e9di\u00e9 \u00e0 la mort subite d'un ami de ce..","og_url":"https:\/\/9editions.com\/boutique\/produit\/loratio-livre-ebook\/","og_site_name":"9 \u00e9ditions","article_publisher":"https:\/\/www.facebook.com\/9editions?ref=bookmarks","article_modified_time":"2023-01-17T16:37:22+00:00","og_image":[{"width":1773,"height":2480,"url":"https:\/\/9editions.com\/boutique\/wp-content\/uploads\/2022\/10\/9editions-LIVRE-LORATIO-PHILIPPE-HENAULT.jpg","type":"image\/jpeg"}],"twitter_card":"summary_large_image","twitter_site":"@9_editions","twitter_misc":{"Dur\u00e9e de lecture estim\u00e9e":"1 minute"},"schema":{"@context":"https:\/\/schema.org","@graph":[{"@type":"WebPage","@id":"https:\/\/9editions.com\/boutique\/produit\/loratio-livre-ebook\/","url":"https:\/\/9editions.com\/boutique\/produit\/loratio-livre-ebook\/","name":"L'oratio (ebook) - 9 \u00e9ditions","isPartOf":{"@id":"https:\/\/9editions.com\/boutique\/#website"},"primaryImageOfPage":{"@id":"https:\/\/9editions.com\/boutique\/produit\/loratio-livre-ebook\/#primaryimage"},"image":{"@id":"https:\/\/9editions.com\/boutique\/produit\/loratio-livre-ebook\/#primaryimage"},"thumbnailUrl":"https:\/\/9editions.com\/boutique\/wp-content\/uploads\/2022\/10\/9editions-LIVRE-LORATIO-PHILIPPE-HENAULT.jpg","datePublished":"2022-10-24T13:51:23+00:00","dateModified":"2023-01-17T16:37:22+00:00","description":"L'oratio est la suite des aventures de Jack Monroe, personnage principal des romans de Phlippe Henault. Ce livre est d\u00e9di\u00e9 \u00e0 la mort subite d'un ami de ce..","breadcrumb":{"@id":"https:\/\/9editions.com\/boutique\/produit\/loratio-livre-ebook\/#breadcrumb"},"inLanguage":"fr-FR","potentialAction":[{"@type":"ReadAction","target":["https:\/\/9editions.com\/boutique\/produit\/loratio-livre-ebook\/"]}]},{"@type":"ImageObject","inLanguage":"fr-FR","@id":"https:\/\/9editions.com\/boutique\/produit\/loratio-livre-ebook\/#primaryimage","url":"https:\/\/9editions.com\/boutique\/wp-content\/uploads\/2022\/10\/9editions-LIVRE-LORATIO-PHILIPPE-HENAULT.jpg","contentUrl":"https:\/\/9editions.com\/boutique\/wp-content\/uploads\/2022\/10\/9editions-LIVRE-LORATIO-PHILIPPE-HENAULT.jpg","width":1773,"height":2480},{"@type":"BreadcrumbList","@id":"https:\/\/9editions.com\/boutique\/produit\/loratio-livre-ebook\/#breadcrumb","itemListElement":[{"@type":"ListItem","position":1,"name":"Accueil","item":"https:\/\/9editions.com\/boutique\/"},{"@type":"ListItem","position":2,"name":"Boutique","item":"https:\/\/9editions.com\/boutique\/"},{"@type":"ListItem","position":3,"name":"L&rsquo;oratio (ebook)"}]},{"@type":"WebSite","@id":"https:\/\/9editions.com\/boutique\/#website","url":"https:\/\/9editions.com\/boutique\/","name":"9 \u00e9ditions","description":"La maison d&#039;\u00e9dition au c\u00f4t\u00e9 des auteurs","publisher":{"@id":"https:\/\/9editions.com\/boutique\/#organization"},"potentialAction":[{"@type":"SearchAction","target":{"@type":"EntryPoint","urlTemplate":"https:\/\/9editions.com\/boutique\/?s={search_term_string}"},"query-input":{"@type":"PropertyValueSpecification","valueRequired":true,"valueName":"search_term_string"}}],"inLanguage":"fr-FR"},{"@type":"Organization","@id":"https:\/\/9editions.com\/boutique\/#organization","name":"9 \u00e9ditions","url":"https:\/\/9editions.com\/boutique\/","logo":{"@type":"ImageObject","inLanguage":"fr-FR","@id":"https:\/\/9editions.com\/boutique\/#\/schema\/logo\/image\/","url":"https:\/\/9editions.com\/boutique\/wp-content\/uploads\/2020\/03\/cropped-9-editions-logo-amazon.jpg","contentUrl":"https:\/\/9editions.com\/boutique\/wp-content\/uploads\/2020\/03\/cropped-9-editions-logo-amazon.jpg","width":120,"height":30,"caption":"9 \u00e9ditions"},"image":{"@id":"https:\/\/9editions.com\/boutique\/#\/schema\/logo\/image\/"},"sameAs":["https:\/\/www.facebook.com\/9editions?ref=bookmarks","https:\/\/x.com\/9_editions","https:\/\/www.instagram.com\/9editions_\/"]}]}},"jetpack_sharing_enabled":true,"_links":{"self":[{"href":"https:\/\/9editions.com\/boutique\/wp-json\/wp\/v2\/product\/883","targetHints":{"allow":["GET"]}}],"collection":[{"href":"https:\/\/9editions.com\/boutique\/wp-json\/wp\/v2\/product"}],"about":[{"href":"https:\/\/9editions.com\/boutique\/wp-json\/wp\/v2\/types\/product"}],"replies":[{"embeddable":true,"href":"https:\/\/9editions.com\/boutique\/wp-json\/wp\/v2\/comments?post=883"}],"wp:featuredmedia":[{"embeddable":true,"href":"https:\/\/9editions.com\/boutique\/wp-json\/wp\/v2\/media\/881"}],"wp:attachment":[{"href":"https:\/\/9editions.com\/boutique\/wp-json\/wp\/v2\/media?parent=883"}],"wp:term":[{"taxonomy":"product_brand","embeddable":true,"href":"https:\/\/9editions.com\/boutique\/wp-json\/wp\/v2\/product_brand?post=883"},{"taxonomy":"product_cat","embeddable":true,"href":"https:\/\/9editions.com\/boutique\/wp-json\/wp\/v2\/product_cat?post=883"},{"taxonomy":"product_tag","embeddable":true,"href":"https:\/\/9editions.com\/boutique\/wp-json\/wp\/v2\/product_tag?post=883"}],"curies":[{"name":"wp","href":"https:\/\/api.w.org\/{rel}","templated":true}]}}