{"id":867,"date":"2022-10-24T14:46:51","date_gmt":"2022-10-24T12:46:51","guid":{"rendered":"http:\/\/9editions.com\/boutique\/?post_type=product&#038;p=867"},"modified":"2023-08-07T09:00:37","modified_gmt":"2023-08-07T07:00:37","slug":"ervoan-le-corsaire-de-la-republique-livre-broche","status":"publish","type":"product","link":"https:\/\/9editions.com\/boutique\/produit\/ervoan-le-corsaire-de-la-republique-livre-broche\/","title":{"rendered":"Ervoan Le corsaire de la R\u00e9publique (Livre broch\u00e9)"},"content":{"rendered":"<p>Ervoan, jeune noble breton, s\u2019engage aux c\u00f4t\u00e9s des royalistes pour d\u00e9fendre la monarchie, emp\u00eacher que les leurs soient enr\u00f4l\u00e9s dans les arm\u00e9es r\u00e9publicaines et r\u00e9tablir les us et coutumes de la Bretagne, mais tout ne se passe pas comme pr\u00e9vu et il est oblig\u00e9 de quitter la France.<\/p>\n<p>D\u00e9laissant sa famille et sa promise, il embarque sur un navire en partance pour l\u2019oc\u00e9an Indien. Il fait la connaissance de Robert Surcouf qui l\u2019entra\u00eenera dans une vie de corsaire. Mais cette vie ne convient pas \u00e0 Ervoan.<\/p>\n<p>Il d\u00e9barque \u00e0 Pondich\u00e9ry o\u00f9 il rencontre un armateur, lui aussi breton, qui l\u2019engage pour mener \u00e0 bien des missions concernant son commerce.<\/p>\n","protected":false},"excerpt":{"rendered":"<p>Ervoan, jeune noble breton, s\u2019engage aux c\u00f4t\u00e9s des royalistes pour d\u00e9fendre la monarchie, emp\u00eacher que les leurs soient enr\u00f4l\u00e9s dans les arm\u00e9es r\u00e9publicaines et r\u00e9tablir les us et coutumes de la Bretagne, mais tout ne se passe pas comme pr\u00e9vu et il est oblig\u00e9 de quitter la France.<br \/>\nD\u00e9laissant sa famille et sa promise, il embarque sur un navire en partance pour l\u2019oc\u00e9an Indien. Il fait la connaissance de Robert Surcouf qui l\u2019entra\u00eenera dans une vie de corsaire. Mais cette vie ne convient pas \u00e0 Ervoan.<br \/>\nIl d\u00e9barque \u00e0 Pondich\u00e9ry o\u00f9 il rencontre un armateur, lui aussi breton, qui l\u2019engage pour mener \u00e0 bien des missions concernant son commerce.<\/p>\n","protected":false},"featured_media":869,"comment_status":"open","ping_status":"closed","template":"","meta":[],"product_brand":[],"product_cat":[36,143,32,18],"product_tag":[144,147,148,145,146,149],"class_list":{"0":"post-867","1":"product","2":"type-product","3":"status-publish","6":"product_cat-aventures","7":"product_cat-histoire","8":"product_cat-livre-broche","9":"product_cat-roman","10":"product_tag-arnaud-leconte","11":"product_tag-bretagne","12":"product_tag-breton","13":"product_tag-histoire-maritime","14":"product_tag-pirate","15":"product_tag-roman-historique","16":"product_shipping_class-livre","18":"first","19":"instock","20":"purchasable","21":"product-type-simple"},"yoast_head":"<!-- This site is optimized with the Yoast SEO plugin v27.3 - https:\/\/yoast.com\/product\/yoast-seo-wordpress\/ -->\n<title>Ervoan Le corsaire de la R\u00e9publique (Livre broch\u00e9) - 9 \u00e9ditions<\/title>\n<meta name=\"description\" content=\"Voici le roman historique d&#039;Arnaud Leconte sur Ervoan le corsaire de la R\u00e9publique apr\u00e8s le succ\u00e8s de LA COUR ! Contes et nouvelles d&#039;une haute institution\" \/>\n<meta name=\"robots\" content=\"index, follow, max-snippet:-1, max-image-preview:large, max-video-preview:-1\" \/>\n<link rel=\"canonical\" href=\"https:\/\/9editions.com\/boutique\/produit\/ervoan-le-corsaire-de-la-republique-livre-broche\/\" \/>\n<meta property=\"og:locale\" content=\"fr_FR\" \/>\n<meta property=\"og:type\" content=\"article\" \/>\n<meta property=\"og:title\" content=\"Ervoan Le corsaire de la R\u00e9publique (Livre broch\u00e9) - 9 \u00e9ditions\" \/>\n<meta property=\"og:description\" content=\"Voici le roman historique d&#039;Arnaud Leconte sur Ervoan le corsaire de la R\u00e9publique apr\u00e8s le succ\u00e8s de LA COUR ! Contes et nouvelles d&#039;une haute institution\" \/>\n<meta property=\"og:url\" content=\"https:\/\/9editions.com\/boutique\/produit\/ervoan-le-corsaire-de-la-republique-livre-broche\/\" \/>\n<meta property=\"og:site_name\" content=\"9 \u00e9ditions\" \/>\n<meta property=\"article:publisher\" content=\"https:\/\/www.facebook.com\/9editions?ref=bookmarks\" \/>\n<meta property=\"article:modified_time\" content=\"2023-08-07T07:00:37+00:00\" \/>\n<meta property=\"og:image\" content=\"https:\/\/9editions.com\/boutique\/wp-content\/uploads\/2022\/10\/9editions-LIVRE-Arnaud-LECONTE-ERVOAN-LE-CORSAIRE-DE-LA-REPUBLIQUE-FRONT.jpg\" \/>\n\t<meta property=\"og:image:width\" content=\"1717\" \/>\n\t<meta property=\"og:image:height\" content=\"2364\" \/>\n\t<meta property=\"og:image:type\" content=\"image\/jpeg\" \/>\n<meta name=\"twitter:card\" content=\"summary_large_image\" \/>\n<meta name=\"twitter:site\" content=\"@9_editions\" \/>\n<meta name=\"twitter:label1\" content=\"Dur\u00e9e de lecture estim\u00e9e\" \/>\n\t<meta name=\"twitter:data1\" content=\"1 minute\" \/>\n<script type=\"application\/ld+json\" class=\"yoast-schema-graph\">{\"@context\":\"https:\\\/\\\/schema.org\",\"@graph\":[{\"@type\":\"WebPage\",\"@id\":\"https:\\\/\\\/9editions.com\\\/boutique\\\/produit\\\/ervoan-le-corsaire-de-la-republique-livre-broche\\\/\",\"url\":\"https:\\\/\\\/9editions.com\\\/boutique\\\/produit\\\/ervoan-le-corsaire-de-la-republique-livre-broche\\\/\",\"name\":\"Ervoan Le corsaire de la R\u00e9publique (Livre broch\u00e9) - 9 \u00e9ditions\",\"isPartOf\":{\"@id\":\"https:\\\/\\\/9editions.com\\\/boutique\\\/#website\"},\"primaryImageOfPage\":{\"@id\":\"https:\\\/\\\/9editions.com\\\/boutique\\\/produit\\\/ervoan-le-corsaire-de-la-republique-livre-broche\\\/#primaryimage\"},\"image\":{\"@id\":\"https:\\\/\\\/9editions.com\\\/boutique\\\/produit\\\/ervoan-le-corsaire-de-la-republique-livre-broche\\\/#primaryimage\"},\"thumbnailUrl\":\"https:\\\/\\\/9editions.com\\\/boutique\\\/wp-content\\\/uploads\\\/2022\\\/10\\\/9editions-LIVRE-Arnaud-LECONTE-ERVOAN-LE-CORSAIRE-DE-LA-REPUBLIQUE-FRONT.jpg\",\"datePublished\":\"2022-10-24T12:46:51+00:00\",\"dateModified\":\"2023-08-07T07:00:37+00:00\",\"description\":\"Voici le roman historique d'Arnaud Leconte sur Ervoan le corsaire de la R\u00e9publique apr\u00e8s le succ\u00e8s de LA COUR ! Contes et nouvelles d'une haute institution\",\"breadcrumb\":{\"@id\":\"https:\\\/\\\/9editions.com\\\/boutique\\\/produit\\\/ervoan-le-corsaire-de-la-republique-livre-broche\\\/#breadcrumb\"},\"inLanguage\":\"fr-FR\",\"potentialAction\":[{\"@type\":\"ReadAction\",\"target\":[\"https:\\\/\\\/9editions.com\\\/boutique\\\/produit\\\/ervoan-le-corsaire-de-la-republique-livre-broche\\\/\"]}]},{\"@type\":\"ImageObject\",\"inLanguage\":\"fr-FR\",\"@id\":\"https:\\\/\\\/9editions.com\\\/boutique\\\/produit\\\/ervoan-le-corsaire-de-la-republique-livre-broche\\\/#primaryimage\",\"url\":\"https:\\\/\\\/9editions.com\\\/boutique\\\/wp-content\\\/uploads\\\/2022\\\/10\\\/9editions-LIVRE-Arnaud-LECONTE-ERVOAN-LE-CORSAIRE-DE-LA-REPUBLIQUE-FRONT.jpg\",\"contentUrl\":\"https:\\\/\\\/9editions.com\\\/boutique\\\/wp-content\\\/uploads\\\/2022\\\/10\\\/9editions-LIVRE-Arnaud-LECONTE-ERVOAN-LE-CORSAIRE-DE-LA-REPUBLIQUE-FRONT.jpg\",\"width\":1717,\"height\":2364},{\"@type\":\"BreadcrumbList\",\"@id\":\"https:\\\/\\\/9editions.com\\\/boutique\\\/produit\\\/ervoan-le-corsaire-de-la-republique-livre-broche\\\/#breadcrumb\",\"itemListElement\":[{\"@type\":\"ListItem\",\"position\":1,\"name\":\"Accueil\",\"item\":\"https:\\\/\\\/9editions.com\\\/boutique\\\/\"},{\"@type\":\"ListItem\",\"position\":2,\"name\":\"Boutique\",\"item\":\"https:\\\/\\\/9editions.com\\\/boutique\\\/\"},{\"@type\":\"ListItem\",\"position\":3,\"name\":\"Ervoan Le corsaire de la R\u00e9publique (Livre broch\u00e9)\"}]},{\"@type\":\"WebSite\",\"@id\":\"https:\\\/\\\/9editions.com\\\/boutique\\\/#website\",\"url\":\"https:\\\/\\\/9editions.com\\\/boutique\\\/\",\"name\":\"9 \u00e9ditions\",\"description\":\"La maison d&#039;\u00e9dition au c\u00f4t\u00e9 des auteurs\",\"publisher\":{\"@id\":\"https:\\\/\\\/9editions.com\\\/boutique\\\/#organization\"},\"potentialAction\":[{\"@type\":\"SearchAction\",\"target\":{\"@type\":\"EntryPoint\",\"urlTemplate\":\"https:\\\/\\\/9editions.com\\\/boutique\\\/?s={search_term_string}\"},\"query-input\":{\"@type\":\"PropertyValueSpecification\",\"valueRequired\":true,\"valueName\":\"search_term_string\"}}],\"inLanguage\":\"fr-FR\"},{\"@type\":\"Organization\",\"@id\":\"https:\\\/\\\/9editions.com\\\/boutique\\\/#organization\",\"name\":\"9 \u00e9ditions\",\"url\":\"https:\\\/\\\/9editions.com\\\/boutique\\\/\",\"logo\":{\"@type\":\"ImageObject\",\"inLanguage\":\"fr-FR\",\"@id\":\"https:\\\/\\\/9editions.com\\\/boutique\\\/#\\\/schema\\\/logo\\\/image\\\/\",\"url\":\"https:\\\/\\\/9editions.com\\\/boutique\\\/wp-content\\\/uploads\\\/2020\\\/03\\\/cropped-9-editions-logo-amazon.jpg\",\"contentUrl\":\"https:\\\/\\\/9editions.com\\\/boutique\\\/wp-content\\\/uploads\\\/2020\\\/03\\\/cropped-9-editions-logo-amazon.jpg\",\"width\":120,\"height\":30,\"caption\":\"9 \u00e9ditions\"},\"image\":{\"@id\":\"https:\\\/\\\/9editions.com\\\/boutique\\\/#\\\/schema\\\/logo\\\/image\\\/\"},\"sameAs\":[\"https:\\\/\\\/www.facebook.com\\\/9editions?ref=bookmarks\",\"https:\\\/\\\/x.com\\\/9_editions\",\"https:\\\/\\\/www.instagram.com\\\/9editions_\\\/\"]}]}<\/script>\n<!-- \/ Yoast SEO plugin. -->","yoast_head_json":{"title":"Ervoan Le corsaire de la R\u00e9publique (Livre broch\u00e9) - 9 \u00e9ditions","description":"Voici le roman historique d'Arnaud Leconte sur Ervoan le corsaire de la R\u00e9publique apr\u00e8s le succ\u00e8s de LA COUR ! Contes et nouvelles d'une haute institution","robots":{"index":"index","follow":"follow","max-snippet":"max-snippet:-1","max-image-preview":"max-image-preview:large","max-video-preview":"max-video-preview:-1"},"canonical":"https:\/\/9editions.com\/boutique\/produit\/ervoan-le-corsaire-de-la-republique-livre-broche\/","og_locale":"fr_FR","og_type":"article","og_title":"Ervoan Le corsaire de la R\u00e9publique (Livre broch\u00e9) - 9 \u00e9ditions","og_description":"Voici le roman historique d'Arnaud Leconte sur Ervoan le corsaire de la R\u00e9publique apr\u00e8s le succ\u00e8s de LA COUR ! Contes et nouvelles d'une haute institution","og_url":"https:\/\/9editions.com\/boutique\/produit\/ervoan-le-corsaire-de-la-republique-livre-broche\/","og_site_name":"9 \u00e9ditions","article_publisher":"https:\/\/www.facebook.com\/9editions?ref=bookmarks","article_modified_time":"2023-08-07T07:00:37+00:00","og_image":[{"width":1717,"height":2364,"url":"https:\/\/9editions.com\/boutique\/wp-content\/uploads\/2022\/10\/9editions-LIVRE-Arnaud-LECONTE-ERVOAN-LE-CORSAIRE-DE-LA-REPUBLIQUE-FRONT.jpg","type":"image\/jpeg"}],"twitter_card":"summary_large_image","twitter_site":"@9_editions","twitter_misc":{"Dur\u00e9e de lecture estim\u00e9e":"1 minute"},"schema":{"@context":"https:\/\/schema.org","@graph":[{"@type":"WebPage","@id":"https:\/\/9editions.com\/boutique\/produit\/ervoan-le-corsaire-de-la-republique-livre-broche\/","url":"https:\/\/9editions.com\/boutique\/produit\/ervoan-le-corsaire-de-la-republique-livre-broche\/","name":"Ervoan Le corsaire de la R\u00e9publique (Livre broch\u00e9) - 9 \u00e9ditions","isPartOf":{"@id":"https:\/\/9editions.com\/boutique\/#website"},"primaryImageOfPage":{"@id":"https:\/\/9editions.com\/boutique\/produit\/ervoan-le-corsaire-de-la-republique-livre-broche\/#primaryimage"},"image":{"@id":"https:\/\/9editions.com\/boutique\/produit\/ervoan-le-corsaire-de-la-republique-livre-broche\/#primaryimage"},"thumbnailUrl":"https:\/\/9editions.com\/boutique\/wp-content\/uploads\/2022\/10\/9editions-LIVRE-Arnaud-LECONTE-ERVOAN-LE-CORSAIRE-DE-LA-REPUBLIQUE-FRONT.jpg","datePublished":"2022-10-24T12:46:51+00:00","dateModified":"2023-08-07T07:00:37+00:00","description":"Voici le roman historique d'Arnaud Leconte sur Ervoan le corsaire de la R\u00e9publique apr\u00e8s le succ\u00e8s de LA COUR ! Contes et nouvelles d'une haute institution","breadcrumb":{"@id":"https:\/\/9editions.com\/boutique\/produit\/ervoan-le-corsaire-de-la-republique-livre-broche\/#breadcrumb"},"inLanguage":"fr-FR","potentialAction":[{"@type":"ReadAction","target":["https:\/\/9editions.com\/boutique\/produit\/ervoan-le-corsaire-de-la-republique-livre-broche\/"]}]},{"@type":"ImageObject","inLanguage":"fr-FR","@id":"https:\/\/9editions.com\/boutique\/produit\/ervoan-le-corsaire-de-la-republique-livre-broche\/#primaryimage","url":"https:\/\/9editions.com\/boutique\/wp-content\/uploads\/2022\/10\/9editions-LIVRE-Arnaud-LECONTE-ERVOAN-LE-CORSAIRE-DE-LA-REPUBLIQUE-FRONT.jpg","contentUrl":"https:\/\/9editions.com\/boutique\/wp-content\/uploads\/2022\/10\/9editions-LIVRE-Arnaud-LECONTE-ERVOAN-LE-CORSAIRE-DE-LA-REPUBLIQUE-FRONT.jpg","width":1717,"height":2364},{"@type":"BreadcrumbList","@id":"https:\/\/9editions.com\/boutique\/produit\/ervoan-le-corsaire-de-la-republique-livre-broche\/#breadcrumb","itemListElement":[{"@type":"ListItem","position":1,"name":"Accueil","item":"https:\/\/9editions.com\/boutique\/"},{"@type":"ListItem","position":2,"name":"Boutique","item":"https:\/\/9editions.com\/boutique\/"},{"@type":"ListItem","position":3,"name":"Ervoan Le corsaire de la R\u00e9publique (Livre broch\u00e9)"}]},{"@type":"WebSite","@id":"https:\/\/9editions.com\/boutique\/#website","url":"https:\/\/9editions.com\/boutique\/","name":"9 \u00e9ditions","description":"La maison d&#039;\u00e9dition au c\u00f4t\u00e9 des auteurs","publisher":{"@id":"https:\/\/9editions.com\/boutique\/#organization"},"potentialAction":[{"@type":"SearchAction","target":{"@type":"EntryPoint","urlTemplate":"https:\/\/9editions.com\/boutique\/?s={search_term_string}"},"query-input":{"@type":"PropertyValueSpecification","valueRequired":true,"valueName":"search_term_string"}}],"inLanguage":"fr-FR"},{"@type":"Organization","@id":"https:\/\/9editions.com\/boutique\/#organization","name":"9 \u00e9ditions","url":"https:\/\/9editions.com\/boutique\/","logo":{"@type":"ImageObject","inLanguage":"fr-FR","@id":"https:\/\/9editions.com\/boutique\/#\/schema\/logo\/image\/","url":"https:\/\/9editions.com\/boutique\/wp-content\/uploads\/2020\/03\/cropped-9-editions-logo-amazon.jpg","contentUrl":"https:\/\/9editions.com\/boutique\/wp-content\/uploads\/2020\/03\/cropped-9-editions-logo-amazon.jpg","width":120,"height":30,"caption":"9 \u00e9ditions"},"image":{"@id":"https:\/\/9editions.com\/boutique\/#\/schema\/logo\/image\/"},"sameAs":["https:\/\/www.facebook.com\/9editions?ref=bookmarks","https:\/\/x.com\/9_editions","https:\/\/www.instagram.com\/9editions_\/"]}]}},"jetpack_sharing_enabled":true,"_links":{"self":[{"href":"https:\/\/9editions.com\/boutique\/wp-json\/wp\/v2\/product\/867","targetHints":{"allow":["GET"]}}],"collection":[{"href":"https:\/\/9editions.com\/boutique\/wp-json\/wp\/v2\/product"}],"about":[{"href":"https:\/\/9editions.com\/boutique\/wp-json\/wp\/v2\/types\/product"}],"replies":[{"embeddable":true,"href":"https:\/\/9editions.com\/boutique\/wp-json\/wp\/v2\/comments?post=867"}],"wp:featuredmedia":[{"embeddable":true,"href":"https:\/\/9editions.com\/boutique\/wp-json\/wp\/v2\/media\/869"}],"wp:attachment":[{"href":"https:\/\/9editions.com\/boutique\/wp-json\/wp\/v2\/media?parent=867"}],"wp:term":[{"taxonomy":"product_brand","embeddable":true,"href":"https:\/\/9editions.com\/boutique\/wp-json\/wp\/v2\/product_brand?post=867"},{"taxonomy":"product_cat","embeddable":true,"href":"https:\/\/9editions.com\/boutique\/wp-json\/wp\/v2\/product_cat?post=867"},{"taxonomy":"product_tag","embeddable":true,"href":"https:\/\/9editions.com\/boutique\/wp-json\/wp\/v2\/product_tag?post=867"}],"curies":[{"name":"wp","href":"https:\/\/api.w.org\/{rel}","templated":true}]}}