{"id":669,"date":"2022-10-17T10:39:19","date_gmt":"2022-10-17T08:39:19","guid":{"rendered":"https:\/\/9editions.com\/boutique\/?post_type=product&#038;p=669"},"modified":"2022-10-17T10:39:20","modified_gmt":"2022-10-17T08:39:20","slug":"lamour-rendu-visible-livre-broche","status":"publish","type":"product","link":"https:\/\/9editions.com\/boutique\/produit\/lamour-rendu-visible-livre-broche\/","title":{"rendered":"L&rsquo;amour rendu visible (Livre broch\u00e9)"},"content":{"rendered":"<p>Cette p\u00e9riode de confinement m&rsquo;a permis d&rsquo;achever l&rsquo;\u00e9criture de mon t\u00e9moignage autobiographique depuis l&rsquo;accident de la route qui m&rsquo;a rendu t\u00e9trapl\u00e9gique il y a 18 ans jusqu&rsquo;a\u0300 ce jour.<\/p>\n<p>En \u00e9voquant mes sept ann\u00e9es de vie en Inde a\u0300 la d\u00e9couverte et l&rsquo;exp\u00e9rimentation de la m\u00e9decine ayurv\u00e9dique, du yoga et de la m\u00e9ditation, je d\u00e9cris mon parcours th\u00e9rapeutique et mon chemin de vie alliant l&rsquo;amour, le voyage, la spiritualit\u00e9\u0301 et la vie avec le handicap&#8230;<\/p>\n<p>J&rsquo;ai \u00e0 coeur de partager mon exp\u00e9rience personnelle dans l&rsquo;espoir d&rsquo;\u00e9veiller chez d&rsquo;autres que moi, handicap\u00e9 ou non, le go\u00fbt du voyage et de la d\u00e9couverte de soi, j&rsquo;aimerais transmettre un message d&rsquo;espoir, de r\u00e9silience, ouvrir une fen\u00eatre sur le yoga et la m\u00e9ditation comme une alternative possible au d\u00e9sarroi et \u00e0 l&rsquo;isolement des personnes \u00e0 mobilit\u00e9 r\u00e9duite.<\/p>\n","protected":false},"excerpt":{"rendered":"<p>Cette p\u00e9riode de confinement m&#039;a permis d&#039;achever l&#039;\u00e9criture de mon t\u00e9moignage autobiographique depuis l&#039;accident de la route qui m&#039;a rendu t\u00e9trapl\u00e9gique il y a 18 ans jusqu&#039;a\u0300 ce jour.<\/p>\n<p>En \u00e9voquant mes sept ann\u00e9es de vie en Inde a\u0300 la d\u00e9couverte et l&#039;exp\u00e9rimentation de la m\u00e9decine ayurv\u00e9dique, du yoga et de la m\u00e9ditation, je d\u00e9cris mon parcours th\u00e9rapeutique et mon chemin de vie alliant l&#039;amour, le voyage, la spiritualit\u00e9\u0301 et la vie avec le handicap&#8230;<\/p>\n<p>J&#039;ai \u00e0 coeur de partager mon exp\u00e9rience personnelle dans l&#039;espoir d&#039;\u00e9veiller chez d&#039;autres que moi, handicap\u00e9 ou non, le go\u00fbt du voyage et de la d\u00e9couverte de soi, j&#039;aimerais transmettre un message d&#039;espoir, de r\u00e9silience, ouvrir une fen\u00eatre sur le yoga et la m\u00e9ditation comme une alternative possible au d\u00e9sarroi et \u00e0 l&#039;isolement des personnes \u00e0 mobilit\u00e9 r\u00e9duite.<\/p>\n","protected":false},"featured_media":670,"comment_status":"open","ping_status":"closed","template":"","meta":[],"product_brand":[],"product_cat":[20,32,80],"product_tag":[113,58,39,115,73,112,114,116],"class_list":{"0":"post-669","1":"product","2":"type-product","3":"status-publish","6":"product_cat-biographie","7":"product_cat-livre-broche","8":"product_cat-societe","9":"product_tag-accident-de-voiture","10":"product_tag-biographie","11":"product_tag-handicap","12":"product_tag-inde","13":"product_tag-memoires","14":"product_tag-temoignage","15":"product_tag-tetraplegie","16":"product_tag-yoga","18":"first","19":"instock","20":"taxable","21":"shipping-taxable","22":"purchasable","23":"product-type-simple"},"yoast_head":"<!-- This site is optimized with the Yoast SEO plugin v27.5 - https:\/\/yoast.com\/product\/yoast-seo-wordpress\/ -->\n<title>L&#039;amour rendu visible (Livre broch\u00e9) - 9 \u00e9ditions<\/title>\n<meta name=\"description\" content=\"9 \u00e9ditions vous propose de lire l&#039;autobiographie d&#039;H\u00e9l\u00e8ne Langlet &quot;L&#039;amour rendu visible&quot;. T\u00e9trapl\u00e9gique elle se reconstruit gr\u00e2ce au yoga.\" \/>\n<meta name=\"robots\" content=\"index, follow, max-snippet:-1, max-image-preview:large, max-video-preview:-1\" \/>\n<link rel=\"canonical\" href=\"https:\/\/9editions.com\/boutique\/produit\/lamour-rendu-visible-livre-broche\/\" \/>\n<meta property=\"og:locale\" content=\"fr_FR\" \/>\n<meta property=\"og:type\" content=\"article\" \/>\n<meta property=\"og:title\" content=\"L&#039;amour rendu visible (Livre broch\u00e9) - 9 \u00e9ditions\" \/>\n<meta property=\"og:description\" content=\"9 \u00e9ditions vous propose de lire l&#039;autobiographie d&#039;H\u00e9l\u00e8ne Langlet &quot;L&#039;amour rendu visible&quot;. T\u00e9trapl\u00e9gique elle se reconstruit gr\u00e2ce au yoga.\" \/>\n<meta property=\"og:url\" content=\"https:\/\/9editions.com\/boutique\/produit\/lamour-rendu-visible-livre-broche\/\" \/>\n<meta property=\"og:site_name\" content=\"9 \u00e9ditions\" \/>\n<meta property=\"article:publisher\" content=\"https:\/\/www.facebook.com\/9editions?ref=bookmarks\" \/>\n<meta property=\"article:modified_time\" content=\"2022-10-17T08:39:20+00:00\" \/>\n<meta property=\"og:image\" content=\"https:\/\/9editions.com\/boutique\/wp-content\/uploads\/2022\/10\/9editions-LIVRE-LANGLET-Helene-Lamour-rendu-visible-FRONT.jpg\" \/>\n\t<meta property=\"og:image:width\" content=\"1706\" \/>\n\t<meta property=\"og:image:height\" content=\"2354\" \/>\n\t<meta property=\"og:image:type\" content=\"image\/jpeg\" \/>\n<meta name=\"twitter:card\" content=\"summary_large_image\" \/>\n<meta name=\"twitter:site\" content=\"@9_editions\" \/>\n<script type=\"application\/ld+json\" class=\"yoast-schema-graph\">{\"@context\":\"https:\\\/\\\/schema.org\",\"@graph\":[{\"@type\":\"WebPage\",\"@id\":\"https:\\\/\\\/9editions.com\\\/boutique\\\/produit\\\/lamour-rendu-visible-livre-broche\\\/\",\"url\":\"https:\\\/\\\/9editions.com\\\/boutique\\\/produit\\\/lamour-rendu-visible-livre-broche\\\/\",\"name\":\"L'amour rendu visible (Livre broch\u00e9) - 9 \u00e9ditions\",\"isPartOf\":{\"@id\":\"https:\\\/\\\/9editions.com\\\/boutique\\\/#website\"},\"primaryImageOfPage\":{\"@id\":\"https:\\\/\\\/9editions.com\\\/boutique\\\/produit\\\/lamour-rendu-visible-livre-broche\\\/#primaryimage\"},\"image\":{\"@id\":\"https:\\\/\\\/9editions.com\\\/boutique\\\/produit\\\/lamour-rendu-visible-livre-broche\\\/#primaryimage\"},\"thumbnailUrl\":\"https:\\\/\\\/9editions.com\\\/boutique\\\/wp-content\\\/uploads\\\/2022\\\/10\\\/9editions-LIVRE-LANGLET-Helene-Lamour-rendu-visible-FRONT.jpg\",\"datePublished\":\"2022-10-17T08:39:19+00:00\",\"dateModified\":\"2022-10-17T08:39:20+00:00\",\"description\":\"9 \u00e9ditions vous propose de lire l'autobiographie d'H\u00e9l\u00e8ne Langlet \\\"L'amour rendu visible\\\". T\u00e9trapl\u00e9gique elle se reconstruit gr\u00e2ce au yoga.\",\"breadcrumb\":{\"@id\":\"https:\\\/\\\/9editions.com\\\/boutique\\\/produit\\\/lamour-rendu-visible-livre-broche\\\/#breadcrumb\"},\"inLanguage\":\"fr-FR\",\"potentialAction\":[{\"@type\":\"ReadAction\",\"target\":[\"https:\\\/\\\/9editions.com\\\/boutique\\\/produit\\\/lamour-rendu-visible-livre-broche\\\/\"]}]},{\"@type\":\"ImageObject\",\"inLanguage\":\"fr-FR\",\"@id\":\"https:\\\/\\\/9editions.com\\\/boutique\\\/produit\\\/lamour-rendu-visible-livre-broche\\\/#primaryimage\",\"url\":\"https:\\\/\\\/9editions.com\\\/boutique\\\/wp-content\\\/uploads\\\/2022\\\/10\\\/9editions-LIVRE-LANGLET-Helene-Lamour-rendu-visible-FRONT.jpg\",\"contentUrl\":\"https:\\\/\\\/9editions.com\\\/boutique\\\/wp-content\\\/uploads\\\/2022\\\/10\\\/9editions-LIVRE-LANGLET-Helene-Lamour-rendu-visible-FRONT.jpg\",\"width\":1706,\"height\":2354},{\"@type\":\"BreadcrumbList\",\"@id\":\"https:\\\/\\\/9editions.com\\\/boutique\\\/produit\\\/lamour-rendu-visible-livre-broche\\\/#breadcrumb\",\"itemListElement\":[{\"@type\":\"ListItem\",\"position\":1,\"name\":\"Accueil\",\"item\":\"https:\\\/\\\/9editions.com\\\/boutique\\\/\"},{\"@type\":\"ListItem\",\"position\":2,\"name\":\"Boutique\",\"item\":\"https:\\\/\\\/9editions.com\\\/boutique\\\/\"},{\"@type\":\"ListItem\",\"position\":3,\"name\":\"L&rsquo;amour rendu visible (Livre broch\u00e9)\"}]},{\"@type\":\"WebSite\",\"@id\":\"https:\\\/\\\/9editions.com\\\/boutique\\\/#website\",\"url\":\"https:\\\/\\\/9editions.com\\\/boutique\\\/\",\"name\":\"9 \u00e9ditions\",\"description\":\"La maison d&#039;\u00e9dition au c\u00f4t\u00e9 des auteurs\",\"publisher\":{\"@id\":\"https:\\\/\\\/9editions.com\\\/boutique\\\/#organization\"},\"potentialAction\":[{\"@type\":\"SearchAction\",\"target\":{\"@type\":\"EntryPoint\",\"urlTemplate\":\"https:\\\/\\\/9editions.com\\\/boutique\\\/?s={search_term_string}\"},\"query-input\":{\"@type\":\"PropertyValueSpecification\",\"valueRequired\":true,\"valueName\":\"search_term_string\"}}],\"inLanguage\":\"fr-FR\"},{\"@type\":\"Organization\",\"@id\":\"https:\\\/\\\/9editions.com\\\/boutique\\\/#organization\",\"name\":\"9 \u00e9ditions\",\"url\":\"https:\\\/\\\/9editions.com\\\/boutique\\\/\",\"logo\":{\"@type\":\"ImageObject\",\"inLanguage\":\"fr-FR\",\"@id\":\"https:\\\/\\\/9editions.com\\\/boutique\\\/#\\\/schema\\\/logo\\\/image\\\/\",\"url\":\"https:\\\/\\\/9editions.com\\\/boutique\\\/wp-content\\\/uploads\\\/2020\\\/03\\\/cropped-9-editions-logo-amazon.jpg\",\"contentUrl\":\"https:\\\/\\\/9editions.com\\\/boutique\\\/wp-content\\\/uploads\\\/2020\\\/03\\\/cropped-9-editions-logo-amazon.jpg\",\"width\":120,\"height\":30,\"caption\":\"9 \u00e9ditions\"},\"image\":{\"@id\":\"https:\\\/\\\/9editions.com\\\/boutique\\\/#\\\/schema\\\/logo\\\/image\\\/\"},\"sameAs\":[\"https:\\\/\\\/www.facebook.com\\\/9editions?ref=bookmarks\",\"https:\\\/\\\/x.com\\\/9_editions\",\"https:\\\/\\\/www.instagram.com\\\/9editions_\\\/\"]}]}<\/script>\n<!-- \/ Yoast SEO plugin. -->","yoast_head_json":{"title":"L'amour rendu visible (Livre broch\u00e9) - 9 \u00e9ditions","description":"9 \u00e9ditions vous propose de lire l'autobiographie d'H\u00e9l\u00e8ne Langlet \"L'amour rendu visible\". T\u00e9trapl\u00e9gique elle se reconstruit gr\u00e2ce au yoga.","robots":{"index":"index","follow":"follow","max-snippet":"max-snippet:-1","max-image-preview":"max-image-preview:large","max-video-preview":"max-video-preview:-1"},"canonical":"https:\/\/9editions.com\/boutique\/produit\/lamour-rendu-visible-livre-broche\/","og_locale":"fr_FR","og_type":"article","og_title":"L'amour rendu visible (Livre broch\u00e9) - 9 \u00e9ditions","og_description":"9 \u00e9ditions vous propose de lire l'autobiographie d'H\u00e9l\u00e8ne Langlet \"L'amour rendu visible\". T\u00e9trapl\u00e9gique elle se reconstruit gr\u00e2ce au yoga.","og_url":"https:\/\/9editions.com\/boutique\/produit\/lamour-rendu-visible-livre-broche\/","og_site_name":"9 \u00e9ditions","article_publisher":"https:\/\/www.facebook.com\/9editions?ref=bookmarks","article_modified_time":"2022-10-17T08:39:20+00:00","og_image":[{"width":1706,"height":2354,"url":"https:\/\/9editions.com\/boutique\/wp-content\/uploads\/2022\/10\/9editions-LIVRE-LANGLET-Helene-Lamour-rendu-visible-FRONT.jpg","type":"image\/jpeg"}],"twitter_card":"summary_large_image","twitter_site":"@9_editions","schema":{"@context":"https:\/\/schema.org","@graph":[{"@type":"WebPage","@id":"https:\/\/9editions.com\/boutique\/produit\/lamour-rendu-visible-livre-broche\/","url":"https:\/\/9editions.com\/boutique\/produit\/lamour-rendu-visible-livre-broche\/","name":"L'amour rendu visible (Livre broch\u00e9) - 9 \u00e9ditions","isPartOf":{"@id":"https:\/\/9editions.com\/boutique\/#website"},"primaryImageOfPage":{"@id":"https:\/\/9editions.com\/boutique\/produit\/lamour-rendu-visible-livre-broche\/#primaryimage"},"image":{"@id":"https:\/\/9editions.com\/boutique\/produit\/lamour-rendu-visible-livre-broche\/#primaryimage"},"thumbnailUrl":"https:\/\/9editions.com\/boutique\/wp-content\/uploads\/2022\/10\/9editions-LIVRE-LANGLET-Helene-Lamour-rendu-visible-FRONT.jpg","datePublished":"2022-10-17T08:39:19+00:00","dateModified":"2022-10-17T08:39:20+00:00","description":"9 \u00e9ditions vous propose de lire l'autobiographie d'H\u00e9l\u00e8ne Langlet \"L'amour rendu visible\". T\u00e9trapl\u00e9gique elle se reconstruit gr\u00e2ce au yoga.","breadcrumb":{"@id":"https:\/\/9editions.com\/boutique\/produit\/lamour-rendu-visible-livre-broche\/#breadcrumb"},"inLanguage":"fr-FR","potentialAction":[{"@type":"ReadAction","target":["https:\/\/9editions.com\/boutique\/produit\/lamour-rendu-visible-livre-broche\/"]}]},{"@type":"ImageObject","inLanguage":"fr-FR","@id":"https:\/\/9editions.com\/boutique\/produit\/lamour-rendu-visible-livre-broche\/#primaryimage","url":"https:\/\/9editions.com\/boutique\/wp-content\/uploads\/2022\/10\/9editions-LIVRE-LANGLET-Helene-Lamour-rendu-visible-FRONT.jpg","contentUrl":"https:\/\/9editions.com\/boutique\/wp-content\/uploads\/2022\/10\/9editions-LIVRE-LANGLET-Helene-Lamour-rendu-visible-FRONT.jpg","width":1706,"height":2354},{"@type":"BreadcrumbList","@id":"https:\/\/9editions.com\/boutique\/produit\/lamour-rendu-visible-livre-broche\/#breadcrumb","itemListElement":[{"@type":"ListItem","position":1,"name":"Accueil","item":"https:\/\/9editions.com\/boutique\/"},{"@type":"ListItem","position":2,"name":"Boutique","item":"https:\/\/9editions.com\/boutique\/"},{"@type":"ListItem","position":3,"name":"L&rsquo;amour rendu visible (Livre broch\u00e9)"}]},{"@type":"WebSite","@id":"https:\/\/9editions.com\/boutique\/#website","url":"https:\/\/9editions.com\/boutique\/","name":"9 \u00e9ditions","description":"La maison d&#039;\u00e9dition au c\u00f4t\u00e9 des auteurs","publisher":{"@id":"https:\/\/9editions.com\/boutique\/#organization"},"potentialAction":[{"@type":"SearchAction","target":{"@type":"EntryPoint","urlTemplate":"https:\/\/9editions.com\/boutique\/?s={search_term_string}"},"query-input":{"@type":"PropertyValueSpecification","valueRequired":true,"valueName":"search_term_string"}}],"inLanguage":"fr-FR"},{"@type":"Organization","@id":"https:\/\/9editions.com\/boutique\/#organization","name":"9 \u00e9ditions","url":"https:\/\/9editions.com\/boutique\/","logo":{"@type":"ImageObject","inLanguage":"fr-FR","@id":"https:\/\/9editions.com\/boutique\/#\/schema\/logo\/image\/","url":"https:\/\/9editions.com\/boutique\/wp-content\/uploads\/2020\/03\/cropped-9-editions-logo-amazon.jpg","contentUrl":"https:\/\/9editions.com\/boutique\/wp-content\/uploads\/2020\/03\/cropped-9-editions-logo-amazon.jpg","width":120,"height":30,"caption":"9 \u00e9ditions"},"image":{"@id":"https:\/\/9editions.com\/boutique\/#\/schema\/logo\/image\/"},"sameAs":["https:\/\/www.facebook.com\/9editions?ref=bookmarks","https:\/\/x.com\/9_editions","https:\/\/www.instagram.com\/9editions_\/"]}]}},"jetpack_sharing_enabled":true,"_links":{"self":[{"href":"https:\/\/9editions.com\/boutique\/wp-json\/wp\/v2\/product\/669","targetHints":{"allow":["GET"]}}],"collection":[{"href":"https:\/\/9editions.com\/boutique\/wp-json\/wp\/v2\/product"}],"about":[{"href":"https:\/\/9editions.com\/boutique\/wp-json\/wp\/v2\/types\/product"}],"replies":[{"embeddable":true,"href":"https:\/\/9editions.com\/boutique\/wp-json\/wp\/v2\/comments?post=669"}],"wp:featuredmedia":[{"embeddable":true,"href":"https:\/\/9editions.com\/boutique\/wp-json\/wp\/v2\/media\/670"}],"wp:attachment":[{"href":"https:\/\/9editions.com\/boutique\/wp-json\/wp\/v2\/media?parent=669"}],"wp:term":[{"taxonomy":"product_brand","embeddable":true,"href":"https:\/\/9editions.com\/boutique\/wp-json\/wp\/v2\/product_brand?post=669"},{"taxonomy":"product_cat","embeddable":true,"href":"https:\/\/9editions.com\/boutique\/wp-json\/wp\/v2\/product_cat?post=669"},{"taxonomy":"product_tag","embeddable":true,"href":"https:\/\/9editions.com\/boutique\/wp-json\/wp\/v2\/product_tag?post=669"}],"curies":[{"name":"wp","href":"https:\/\/api.w.org\/{rel}","templated":true}]}}