{"id":508,"date":"2022-10-10T14:10:53","date_gmt":"2022-10-10T12:10:53","guid":{"rendered":"https:\/\/9editions.com\/boutique\/?post_type=product&#038;p=508"},"modified":"2024-06-11T17:10:04","modified_gmt":"2024-06-11T15:10:04","slug":"a-1-kilometre-de-chez-moi-journal-dun-confinement-ebook","status":"publish","type":"product","link":"https:\/\/9editions.com\/boutique\/produit\/a-1-kilometre-de-chez-moi-journal-dun-confinement-ebook\/","title":{"rendered":"A 1 kilom\u00e8tre de chez moi &#8211; Journal d&rsquo;un confinement (ebook)"},"content":{"rendered":"<p>Durant le confinement, j\u2019ai r\u00e9alis\u00e9 chaque jour une photo, accompagn\u00e9e d\u2019un petit po\u00e8me, en respectant la r\u00e8gle d\u2019un kilom\u00e8tre seulement autour de la maison. Ces trente photographies avec leur po\u00e8me ont fix\u00e9 un moment, d\u00e9tail modeste ou ensemble, de la sortie quotidienne autoris\u00e9e.<\/p>\n<p>Ce \u00ab\u00a0journal\u00a0\u00bb rend compte de la notion d\u2019enfermement qui nous a tous \u00e9treints pendant cette p\u00e9riode contraignante de lutte contre la Covid, o\u00f9 entre privation de libert\u00e9 et d\u00e9sir d\u2019esp\u00e9rance, la qu\u00eate du beau nous a aid\u00e9s \u00e0 survivre.<\/p>\n<p>Mais il dit aussi qu\u2019il n\u2019est pas toujours besoin d\u2019aller loin pour trouver de l\u2019int\u00e9r\u00eat \u00e0 regarder et \u00e9crire le Monde.<\/p>\n","protected":false},"excerpt":{"rendered":"<p>Durant le confinement, j\u2019ai r\u00e9alis\u00e9 chaque jour une photo, accompagn\u00e9e d\u2019un petit po\u00e8me, en respectant la r\u00e8gle d\u2019un kilom\u00e8tre seulement autour de la maison. Ces trente photographies avec leur po\u00e8me ont fix\u00e9 un moment, d\u00e9tail modeste ou ensemble, de la sortie quotidienne autoris\u00e9e.<\/p>\n<p>Ce \u00ab\u00a0journal\u00a0\u00bb rend compte de la notion d\u2019enfermement qui nous a tous \u00e9treints pendant cette p\u00e9riode contraignante de lutte contre la Covid, o\u00f9 entre privation de libert\u00e9 et d\u00e9sir d\u2019esp\u00e9rance, la qu\u00eate du beau nous a aid\u00e9s \u00e0 survivre.<\/p>\n<p>Mais il dit aussi qu\u2019il n\u2019est pas toujours besoin d\u2019aller loin pour trouver de l\u2019int\u00e9r\u00eat \u00e0 regarder et \u00e9crire le Monde.<\/p>\n","protected":false},"featured_media":507,"comment_status":"open","ping_status":"closed","template":"","meta":[],"product_brand":[],"product_cat":[29,19,80],"product_tag":[84,97,85,100,98,99],"class_list":{"0":"post-508","1":"product","2":"type-product","3":"status-publish","6":"product_cat-ebook","7":"product_cat-poesie","8":"product_cat-societe","9":"product_tag-confinement","10":"product_tag-evelyne-biausser","11":"product_tag-journal","12":"product_tag-prix-litterire","13":"product_tag-recueil-de-photographies","14":"product_tag-recueil-de-poemes","15":"product_shipping_class-ebook","17":"first","18":"instock","19":"purchasable","20":"product-type-simple"},"yoast_head":"<!-- This site is optimized with the Yoast SEO plugin v27.5 - https:\/\/yoast.com\/product\/yoast-seo-wordpress\/ -->\n<title>A 1 kilom\u00e8tre de chez moi - Journal d&#039;un confinement (ebook) - 9 \u00e9ditions<\/title>\n<meta name=\"description\" content=\"D\u00e9couvrez le monde d&#039;Evelyne Biausser po\u00eate et photographe elle partage ces 30 jours de confinement dans ce journal &quot;A 1 km de chez moi&quot;\" \/>\n<meta name=\"robots\" content=\"index, follow, max-snippet:-1, max-image-preview:large, max-video-preview:-1\" \/>\n<link rel=\"canonical\" href=\"https:\/\/9editions.com\/boutique\/produit\/a-1-kilometre-de-chez-moi-journal-dun-confinement-ebook\/\" \/>\n<meta property=\"og:locale\" content=\"fr_FR\" \/>\n<meta property=\"og:type\" content=\"article\" \/>\n<meta property=\"og:title\" content=\"A 1 kilom\u00e8tre de chez moi - Journal d&#039;un confinement (ebook) - 9 \u00e9ditions\" \/>\n<meta property=\"og:description\" content=\"D\u00e9couvrez le monde d&#039;Evelyne Biausser po\u00eate et photographe elle partage ces 30 jours de confinement dans ce journal &quot;A 1 km de chez moi&quot;\" \/>\n<meta property=\"og:url\" content=\"https:\/\/9editions.com\/boutique\/produit\/a-1-kilometre-de-chez-moi-journal-dun-confinement-ebook\/\" \/>\n<meta property=\"og:site_name\" content=\"9 \u00e9ditions\" \/>\n<meta property=\"article:publisher\" content=\"https:\/\/www.facebook.com\/9editions?ref=bookmarks\" \/>\n<meta property=\"article:modified_time\" content=\"2024-06-11T15:10:04+00:00\" \/>\n<meta property=\"og:image\" content=\"https:\/\/9editions.com\/boutique\/wp-content\/uploads\/2022\/10\/9editions-A-1-KM-DE-CHEZ-MOI-BIAUSSER-EVELYNE-FRONT.jpg\" \/>\n\t<meta property=\"og:image:width\" content=\"1795\" \/>\n\t<meta property=\"og:image:height\" content=\"2541\" \/>\n\t<meta property=\"og:image:type\" content=\"image\/jpeg\" \/>\n<meta name=\"twitter:card\" content=\"summary_large_image\" \/>\n<meta name=\"twitter:site\" content=\"@9_editions\" \/>\n<meta name=\"twitter:label1\" content=\"Dur\u00e9e de lecture estim\u00e9e\" \/>\n\t<meta name=\"twitter:data1\" content=\"1 minute\" \/>\n<script type=\"application\/ld+json\" class=\"yoast-schema-graph\">{\"@context\":\"https:\\\/\\\/schema.org\",\"@graph\":[{\"@type\":\"WebPage\",\"@id\":\"https:\\\/\\\/9editions.com\\\/boutique\\\/produit\\\/a-1-kilometre-de-chez-moi-journal-dun-confinement-ebook\\\/\",\"url\":\"https:\\\/\\\/9editions.com\\\/boutique\\\/produit\\\/a-1-kilometre-de-chez-moi-journal-dun-confinement-ebook\\\/\",\"name\":\"A 1 kilom\u00e8tre de chez moi - Journal d'un confinement (ebook) - 9 \u00e9ditions\",\"isPartOf\":{\"@id\":\"https:\\\/\\\/9editions.com\\\/boutique\\\/#website\"},\"primaryImageOfPage\":{\"@id\":\"https:\\\/\\\/9editions.com\\\/boutique\\\/produit\\\/a-1-kilometre-de-chez-moi-journal-dun-confinement-ebook\\\/#primaryimage\"},\"image\":{\"@id\":\"https:\\\/\\\/9editions.com\\\/boutique\\\/produit\\\/a-1-kilometre-de-chez-moi-journal-dun-confinement-ebook\\\/#primaryimage\"},\"thumbnailUrl\":\"https:\\\/\\\/9editions.com\\\/boutique\\\/wp-content\\\/uploads\\\/2022\\\/10\\\/9editions-A-1-KM-DE-CHEZ-MOI-BIAUSSER-EVELYNE-FRONT.jpg\",\"datePublished\":\"2022-10-10T12:10:53+00:00\",\"dateModified\":\"2024-06-11T15:10:04+00:00\",\"description\":\"D\u00e9couvrez le monde d'Evelyne Biausser po\u00eate et photographe elle partage ces 30 jours de confinement dans ce journal \\\"A 1 km de chez moi\\\"\",\"breadcrumb\":{\"@id\":\"https:\\\/\\\/9editions.com\\\/boutique\\\/produit\\\/a-1-kilometre-de-chez-moi-journal-dun-confinement-ebook\\\/#breadcrumb\"},\"inLanguage\":\"fr-FR\",\"potentialAction\":[{\"@type\":\"ReadAction\",\"target\":[\"https:\\\/\\\/9editions.com\\\/boutique\\\/produit\\\/a-1-kilometre-de-chez-moi-journal-dun-confinement-ebook\\\/\"]}]},{\"@type\":\"ImageObject\",\"inLanguage\":\"fr-FR\",\"@id\":\"https:\\\/\\\/9editions.com\\\/boutique\\\/produit\\\/a-1-kilometre-de-chez-moi-journal-dun-confinement-ebook\\\/#primaryimage\",\"url\":\"https:\\\/\\\/9editions.com\\\/boutique\\\/wp-content\\\/uploads\\\/2022\\\/10\\\/9editions-A-1-KM-DE-CHEZ-MOI-BIAUSSER-EVELYNE-FRONT.jpg\",\"contentUrl\":\"https:\\\/\\\/9editions.com\\\/boutique\\\/wp-content\\\/uploads\\\/2022\\\/10\\\/9editions-A-1-KM-DE-CHEZ-MOI-BIAUSSER-EVELYNE-FRONT.jpg\",\"width\":1795,\"height\":2541},{\"@type\":\"BreadcrumbList\",\"@id\":\"https:\\\/\\\/9editions.com\\\/boutique\\\/produit\\\/a-1-kilometre-de-chez-moi-journal-dun-confinement-ebook\\\/#breadcrumb\",\"itemListElement\":[{\"@type\":\"ListItem\",\"position\":1,\"name\":\"Accueil\",\"item\":\"https:\\\/\\\/9editions.com\\\/boutique\\\/\"},{\"@type\":\"ListItem\",\"position\":2,\"name\":\"Boutique\",\"item\":\"https:\\\/\\\/9editions.com\\\/boutique\\\/\"},{\"@type\":\"ListItem\",\"position\":3,\"name\":\"A 1 kilom\u00e8tre de chez moi &#8211; Journal d&rsquo;un confinement (ebook)\"}]},{\"@type\":\"WebSite\",\"@id\":\"https:\\\/\\\/9editions.com\\\/boutique\\\/#website\",\"url\":\"https:\\\/\\\/9editions.com\\\/boutique\\\/\",\"name\":\"9 \u00e9ditions\",\"description\":\"La maison d&#039;\u00e9dition au c\u00f4t\u00e9 des auteurs\",\"publisher\":{\"@id\":\"https:\\\/\\\/9editions.com\\\/boutique\\\/#organization\"},\"potentialAction\":[{\"@type\":\"SearchAction\",\"target\":{\"@type\":\"EntryPoint\",\"urlTemplate\":\"https:\\\/\\\/9editions.com\\\/boutique\\\/?s={search_term_string}\"},\"query-input\":{\"@type\":\"PropertyValueSpecification\",\"valueRequired\":true,\"valueName\":\"search_term_string\"}}],\"inLanguage\":\"fr-FR\"},{\"@type\":\"Organization\",\"@id\":\"https:\\\/\\\/9editions.com\\\/boutique\\\/#organization\",\"name\":\"9 \u00e9ditions\",\"url\":\"https:\\\/\\\/9editions.com\\\/boutique\\\/\",\"logo\":{\"@type\":\"ImageObject\",\"inLanguage\":\"fr-FR\",\"@id\":\"https:\\\/\\\/9editions.com\\\/boutique\\\/#\\\/schema\\\/logo\\\/image\\\/\",\"url\":\"https:\\\/\\\/9editions.com\\\/boutique\\\/wp-content\\\/uploads\\\/2020\\\/03\\\/cropped-9-editions-logo-amazon.jpg\",\"contentUrl\":\"https:\\\/\\\/9editions.com\\\/boutique\\\/wp-content\\\/uploads\\\/2020\\\/03\\\/cropped-9-editions-logo-amazon.jpg\",\"width\":120,\"height\":30,\"caption\":\"9 \u00e9ditions\"},\"image\":{\"@id\":\"https:\\\/\\\/9editions.com\\\/boutique\\\/#\\\/schema\\\/logo\\\/image\\\/\"},\"sameAs\":[\"https:\\\/\\\/www.facebook.com\\\/9editions?ref=bookmarks\",\"https:\\\/\\\/x.com\\\/9_editions\",\"https:\\\/\\\/www.instagram.com\\\/9editions_\\\/\"]}]}<\/script>\n<!-- \/ Yoast SEO plugin. -->","yoast_head_json":{"title":"A 1 kilom\u00e8tre de chez moi - Journal d'un confinement (ebook) - 9 \u00e9ditions","description":"D\u00e9couvrez le monde d'Evelyne Biausser po\u00eate et photographe elle partage ces 30 jours de confinement dans ce journal \"A 1 km de chez moi\"","robots":{"index":"index","follow":"follow","max-snippet":"max-snippet:-1","max-image-preview":"max-image-preview:large","max-video-preview":"max-video-preview:-1"},"canonical":"https:\/\/9editions.com\/boutique\/produit\/a-1-kilometre-de-chez-moi-journal-dun-confinement-ebook\/","og_locale":"fr_FR","og_type":"article","og_title":"A 1 kilom\u00e8tre de chez moi - Journal d'un confinement (ebook) - 9 \u00e9ditions","og_description":"D\u00e9couvrez le monde d'Evelyne Biausser po\u00eate et photographe elle partage ces 30 jours de confinement dans ce journal \"A 1 km de chez moi\"","og_url":"https:\/\/9editions.com\/boutique\/produit\/a-1-kilometre-de-chez-moi-journal-dun-confinement-ebook\/","og_site_name":"9 \u00e9ditions","article_publisher":"https:\/\/www.facebook.com\/9editions?ref=bookmarks","article_modified_time":"2024-06-11T15:10:04+00:00","og_image":[{"width":1795,"height":2541,"url":"https:\/\/9editions.com\/boutique\/wp-content\/uploads\/2022\/10\/9editions-A-1-KM-DE-CHEZ-MOI-BIAUSSER-EVELYNE-FRONT.jpg","type":"image\/jpeg"}],"twitter_card":"summary_large_image","twitter_site":"@9_editions","twitter_misc":{"Dur\u00e9e de lecture estim\u00e9e":"1 minute"},"schema":{"@context":"https:\/\/schema.org","@graph":[{"@type":"WebPage","@id":"https:\/\/9editions.com\/boutique\/produit\/a-1-kilometre-de-chez-moi-journal-dun-confinement-ebook\/","url":"https:\/\/9editions.com\/boutique\/produit\/a-1-kilometre-de-chez-moi-journal-dun-confinement-ebook\/","name":"A 1 kilom\u00e8tre de chez moi - Journal d'un confinement (ebook) - 9 \u00e9ditions","isPartOf":{"@id":"https:\/\/9editions.com\/boutique\/#website"},"primaryImageOfPage":{"@id":"https:\/\/9editions.com\/boutique\/produit\/a-1-kilometre-de-chez-moi-journal-dun-confinement-ebook\/#primaryimage"},"image":{"@id":"https:\/\/9editions.com\/boutique\/produit\/a-1-kilometre-de-chez-moi-journal-dun-confinement-ebook\/#primaryimage"},"thumbnailUrl":"https:\/\/9editions.com\/boutique\/wp-content\/uploads\/2022\/10\/9editions-A-1-KM-DE-CHEZ-MOI-BIAUSSER-EVELYNE-FRONT.jpg","datePublished":"2022-10-10T12:10:53+00:00","dateModified":"2024-06-11T15:10:04+00:00","description":"D\u00e9couvrez le monde d'Evelyne Biausser po\u00eate et photographe elle partage ces 30 jours de confinement dans ce journal \"A 1 km de chez moi\"","breadcrumb":{"@id":"https:\/\/9editions.com\/boutique\/produit\/a-1-kilometre-de-chez-moi-journal-dun-confinement-ebook\/#breadcrumb"},"inLanguage":"fr-FR","potentialAction":[{"@type":"ReadAction","target":["https:\/\/9editions.com\/boutique\/produit\/a-1-kilometre-de-chez-moi-journal-dun-confinement-ebook\/"]}]},{"@type":"ImageObject","inLanguage":"fr-FR","@id":"https:\/\/9editions.com\/boutique\/produit\/a-1-kilometre-de-chez-moi-journal-dun-confinement-ebook\/#primaryimage","url":"https:\/\/9editions.com\/boutique\/wp-content\/uploads\/2022\/10\/9editions-A-1-KM-DE-CHEZ-MOI-BIAUSSER-EVELYNE-FRONT.jpg","contentUrl":"https:\/\/9editions.com\/boutique\/wp-content\/uploads\/2022\/10\/9editions-A-1-KM-DE-CHEZ-MOI-BIAUSSER-EVELYNE-FRONT.jpg","width":1795,"height":2541},{"@type":"BreadcrumbList","@id":"https:\/\/9editions.com\/boutique\/produit\/a-1-kilometre-de-chez-moi-journal-dun-confinement-ebook\/#breadcrumb","itemListElement":[{"@type":"ListItem","position":1,"name":"Accueil","item":"https:\/\/9editions.com\/boutique\/"},{"@type":"ListItem","position":2,"name":"Boutique","item":"https:\/\/9editions.com\/boutique\/"},{"@type":"ListItem","position":3,"name":"A 1 kilom\u00e8tre de chez moi &#8211; Journal d&rsquo;un confinement (ebook)"}]},{"@type":"WebSite","@id":"https:\/\/9editions.com\/boutique\/#website","url":"https:\/\/9editions.com\/boutique\/","name":"9 \u00e9ditions","description":"La maison d&#039;\u00e9dition au c\u00f4t\u00e9 des auteurs","publisher":{"@id":"https:\/\/9editions.com\/boutique\/#organization"},"potentialAction":[{"@type":"SearchAction","target":{"@type":"EntryPoint","urlTemplate":"https:\/\/9editions.com\/boutique\/?s={search_term_string}"},"query-input":{"@type":"PropertyValueSpecification","valueRequired":true,"valueName":"search_term_string"}}],"inLanguage":"fr-FR"},{"@type":"Organization","@id":"https:\/\/9editions.com\/boutique\/#organization","name":"9 \u00e9ditions","url":"https:\/\/9editions.com\/boutique\/","logo":{"@type":"ImageObject","inLanguage":"fr-FR","@id":"https:\/\/9editions.com\/boutique\/#\/schema\/logo\/image\/","url":"https:\/\/9editions.com\/boutique\/wp-content\/uploads\/2020\/03\/cropped-9-editions-logo-amazon.jpg","contentUrl":"https:\/\/9editions.com\/boutique\/wp-content\/uploads\/2020\/03\/cropped-9-editions-logo-amazon.jpg","width":120,"height":30,"caption":"9 \u00e9ditions"},"image":{"@id":"https:\/\/9editions.com\/boutique\/#\/schema\/logo\/image\/"},"sameAs":["https:\/\/www.facebook.com\/9editions?ref=bookmarks","https:\/\/x.com\/9_editions","https:\/\/www.instagram.com\/9editions_\/"]}]}},"jetpack_sharing_enabled":true,"_links":{"self":[{"href":"https:\/\/9editions.com\/boutique\/wp-json\/wp\/v2\/product\/508","targetHints":{"allow":["GET"]}}],"collection":[{"href":"https:\/\/9editions.com\/boutique\/wp-json\/wp\/v2\/product"}],"about":[{"href":"https:\/\/9editions.com\/boutique\/wp-json\/wp\/v2\/types\/product"}],"replies":[{"embeddable":true,"href":"https:\/\/9editions.com\/boutique\/wp-json\/wp\/v2\/comments?post=508"}],"wp:featuredmedia":[{"embeddable":true,"href":"https:\/\/9editions.com\/boutique\/wp-json\/wp\/v2\/media\/507"}],"wp:attachment":[{"href":"https:\/\/9editions.com\/boutique\/wp-json\/wp\/v2\/media?parent=508"}],"wp:term":[{"taxonomy":"product_brand","embeddable":true,"href":"https:\/\/9editions.com\/boutique\/wp-json\/wp\/v2\/product_brand?post=508"},{"taxonomy":"product_cat","embeddable":true,"href":"https:\/\/9editions.com\/boutique\/wp-json\/wp\/v2\/product_cat?post=508"},{"taxonomy":"product_tag","embeddable":true,"href":"https:\/\/9editions.com\/boutique\/wp-json\/wp\/v2\/product_tag?post=508"}],"curies":[{"name":"wp","href":"https:\/\/api.w.org\/{rel}","templated":true}]}}