{"id":504,"date":"2022-10-10T13:59:36","date_gmt":"2022-10-10T11:59:36","guid":{"rendered":"https:\/\/9editions.com\/boutique\/?post_type=product&#038;p=504"},"modified":"2023-01-17T17:35:56","modified_gmt":"2023-01-17T16:35:56","slug":"le-syndrome-du-colibri-ebook","status":"publish","type":"product","link":"https:\/\/9editions.com\/boutique\/produit\/le-syndrome-du-colibri-ebook\/","title":{"rendered":"Le Syndrome du Colibri (ebook)"},"content":{"rendered":"<p>Quel rapport y a-t-il entre : La tentative d\u2019assassinat du Commissaire Jack Monroe, les r\u00e9seaux sociaux, la g\u00e9opolitique du COVID 19, le mouvement # Mee-Too, Maeva une fillette maltrait\u00e9e, une attaque cybern\u00e9tique, un dossier explosif politico scientifique concernant un consortium pharmaceutique, une petite juge C\u00e9line Marantz et le Colibri d\u2019Elena en for\u00eat \u00e9quatoriale.<br \/>\nVous le d\u00e9couvrirez dans son 7\u00e8me roman ; un conte thriller-po\u00e9tico-politique ; en suivant ce vol stationnaire qui n\u2019en est pas un !<\/p>\n","protected":false},"excerpt":{"rendered":"<p>Quel rapport y a-t-il entre : La tentative d\u2019assassinat du Commissaire Jack Monroe, les r\u00e9seaux sociaux, la g\u00e9opolitique du COVID 19, le mouvement # Mee-Too, Maeva une fillette maltrait\u00e9e, une attaque cybern\u00e9tique, un dossier explosif politico scientifique concernant un consortium pharmaceutique, une petite juge C\u00e9line Marantz et le Colibri d\u2019Elena en for\u00eat \u00e9quatoriale.<br \/>\nVous le d\u00e9couvrirez dans son 7\u00e8me roman ; un conte thriller-po\u00e9tico-politique ; en suivant ce vol stationnaire qui n\u2019en est pas un !<\/p>\n","protected":false},"featured_media":502,"comment_status":"open","ping_status":"closed","template":"","meta":[],"product_brand":[],"product_cat":[29,22,18],"product_tag":[96,92,93,95,94,71],"class_list":{"0":"post-504","1":"product","2":"type-product","3":"status-publish","6":"product_cat-ebook","7":"product_cat-policier","8":"product_cat-roman","9":"product_tag-jack-monroe","10":"product_tag-le-syndrome-du-colibri","11":"product_tag-philippe-henault","12":"product_tag-polar","13":"product_tag-policier","14":"product_tag-roman","15":"product_shipping_class-ebook","17":"first","18":"instock","19":"purchasable","20":"product-type-simple"},"yoast_head":"<!-- This site is optimized with the Yoast SEO plugin v27.5 - https:\/\/yoast.com\/product\/yoast-seo-wordpress\/ -->\n<title>Le Syndrome du Colibri (ebook) - 9 \u00e9ditions<\/title>\n<meta name=\"description\" content=\"D\u00e9couvrez le septi\u00e8me roman policier &quot;Le Syndrome du Colibri&quot; de Philippe Henault publi\u00e9 par la maison d&#039;\u00e9dition &quot;9 \u00e9ditions&quot;\" \/>\n<meta name=\"robots\" content=\"index, follow, max-snippet:-1, max-image-preview:large, max-video-preview:-1\" \/>\n<link rel=\"canonical\" href=\"https:\/\/9editions.com\/boutique\/produit\/le-syndrome-du-colibri-ebook\/\" \/>\n<meta property=\"og:locale\" content=\"fr_FR\" \/>\n<meta property=\"og:type\" content=\"article\" \/>\n<meta property=\"og:title\" content=\"Le Syndrome du Colibri (ebook) - 9 \u00e9ditions\" \/>\n<meta property=\"og:description\" content=\"D\u00e9couvrez le septi\u00e8me roman policier &quot;Le Syndrome du Colibri&quot; de Philippe Henault publi\u00e9 par la maison d&#039;\u00e9dition &quot;9 \u00e9ditions&quot;\" \/>\n<meta property=\"og:url\" content=\"https:\/\/9editions.com\/boutique\/produit\/le-syndrome-du-colibri-ebook\/\" \/>\n<meta property=\"og:site_name\" content=\"9 \u00e9ditions\" \/>\n<meta property=\"article:publisher\" content=\"https:\/\/www.facebook.com\/9editions?ref=bookmarks\" \/>\n<meta property=\"article:modified_time\" content=\"2023-01-17T16:35:56+00:00\" \/>\n<meta property=\"og:image\" content=\"https:\/\/9editions.com\/boutique\/wp-content\/uploads\/2022\/10\/978-2-37727-125-2.webp\" \/>\n\t<meta property=\"og:image:width\" content=\"1713\" \/>\n\t<meta property=\"og:image:height\" content=\"2365\" \/>\n\t<meta property=\"og:image:type\" content=\"image\/webp\" \/>\n<meta name=\"twitter:card\" content=\"summary_large_image\" \/>\n<meta name=\"twitter:site\" content=\"@9_editions\" \/>\n<meta name=\"twitter:label1\" content=\"Dur\u00e9e de lecture estim\u00e9e\" \/>\n\t<meta name=\"twitter:data1\" content=\"1 minute\" \/>\n<script type=\"application\/ld+json\" class=\"yoast-schema-graph\">{\"@context\":\"https:\\\/\\\/schema.org\",\"@graph\":[{\"@type\":\"WebPage\",\"@id\":\"https:\\\/\\\/9editions.com\\\/boutique\\\/produit\\\/le-syndrome-du-colibri-ebook\\\/\",\"url\":\"https:\\\/\\\/9editions.com\\\/boutique\\\/produit\\\/le-syndrome-du-colibri-ebook\\\/\",\"name\":\"Le Syndrome du Colibri (ebook) - 9 \u00e9ditions\",\"isPartOf\":{\"@id\":\"https:\\\/\\\/9editions.com\\\/boutique\\\/#website\"},\"primaryImageOfPage\":{\"@id\":\"https:\\\/\\\/9editions.com\\\/boutique\\\/produit\\\/le-syndrome-du-colibri-ebook\\\/#primaryimage\"},\"image\":{\"@id\":\"https:\\\/\\\/9editions.com\\\/boutique\\\/produit\\\/le-syndrome-du-colibri-ebook\\\/#primaryimage\"},\"thumbnailUrl\":\"https:\\\/\\\/9editions.com\\\/boutique\\\/wp-content\\\/uploads\\\/2022\\\/10\\\/978-2-37727-125-2.webp\",\"datePublished\":\"2022-10-10T11:59:36+00:00\",\"dateModified\":\"2023-01-17T16:35:56+00:00\",\"description\":\"D\u00e9couvrez le septi\u00e8me roman policier \\\"Le Syndrome du Colibri\\\" de Philippe Henault publi\u00e9 par la maison d'\u00e9dition \\\"9 \u00e9ditions\\\"\",\"breadcrumb\":{\"@id\":\"https:\\\/\\\/9editions.com\\\/boutique\\\/produit\\\/le-syndrome-du-colibri-ebook\\\/#breadcrumb\"},\"inLanguage\":\"fr-FR\",\"potentialAction\":[{\"@type\":\"ReadAction\",\"target\":[\"https:\\\/\\\/9editions.com\\\/boutique\\\/produit\\\/le-syndrome-du-colibri-ebook\\\/\"]}]},{\"@type\":\"ImageObject\",\"inLanguage\":\"fr-FR\",\"@id\":\"https:\\\/\\\/9editions.com\\\/boutique\\\/produit\\\/le-syndrome-du-colibri-ebook\\\/#primaryimage\",\"url\":\"https:\\\/\\\/9editions.com\\\/boutique\\\/wp-content\\\/uploads\\\/2022\\\/10\\\/978-2-37727-125-2.webp\",\"contentUrl\":\"https:\\\/\\\/9editions.com\\\/boutique\\\/wp-content\\\/uploads\\\/2022\\\/10\\\/978-2-37727-125-2.webp\",\"width\":1713,\"height\":2365},{\"@type\":\"BreadcrumbList\",\"@id\":\"https:\\\/\\\/9editions.com\\\/boutique\\\/produit\\\/le-syndrome-du-colibri-ebook\\\/#breadcrumb\",\"itemListElement\":[{\"@type\":\"ListItem\",\"position\":1,\"name\":\"Accueil\",\"item\":\"https:\\\/\\\/9editions.com\\\/boutique\\\/\"},{\"@type\":\"ListItem\",\"position\":2,\"name\":\"Boutique\",\"item\":\"https:\\\/\\\/9editions.com\\\/boutique\\\/\"},{\"@type\":\"ListItem\",\"position\":3,\"name\":\"Le Syndrome du Colibri (ebook)\"}]},{\"@type\":\"WebSite\",\"@id\":\"https:\\\/\\\/9editions.com\\\/boutique\\\/#website\",\"url\":\"https:\\\/\\\/9editions.com\\\/boutique\\\/\",\"name\":\"9 \u00e9ditions\",\"description\":\"La maison d&#039;\u00e9dition au c\u00f4t\u00e9 des auteurs\",\"publisher\":{\"@id\":\"https:\\\/\\\/9editions.com\\\/boutique\\\/#organization\"},\"potentialAction\":[{\"@type\":\"SearchAction\",\"target\":{\"@type\":\"EntryPoint\",\"urlTemplate\":\"https:\\\/\\\/9editions.com\\\/boutique\\\/?s={search_term_string}\"},\"query-input\":{\"@type\":\"PropertyValueSpecification\",\"valueRequired\":true,\"valueName\":\"search_term_string\"}}],\"inLanguage\":\"fr-FR\"},{\"@type\":\"Organization\",\"@id\":\"https:\\\/\\\/9editions.com\\\/boutique\\\/#organization\",\"name\":\"9 \u00e9ditions\",\"url\":\"https:\\\/\\\/9editions.com\\\/boutique\\\/\",\"logo\":{\"@type\":\"ImageObject\",\"inLanguage\":\"fr-FR\",\"@id\":\"https:\\\/\\\/9editions.com\\\/boutique\\\/#\\\/schema\\\/logo\\\/image\\\/\",\"url\":\"https:\\\/\\\/9editions.com\\\/boutique\\\/wp-content\\\/uploads\\\/2020\\\/03\\\/cropped-9-editions-logo-amazon.jpg\",\"contentUrl\":\"https:\\\/\\\/9editions.com\\\/boutique\\\/wp-content\\\/uploads\\\/2020\\\/03\\\/cropped-9-editions-logo-amazon.jpg\",\"width\":120,\"height\":30,\"caption\":\"9 \u00e9ditions\"},\"image\":{\"@id\":\"https:\\\/\\\/9editions.com\\\/boutique\\\/#\\\/schema\\\/logo\\\/image\\\/\"},\"sameAs\":[\"https:\\\/\\\/www.facebook.com\\\/9editions?ref=bookmarks\",\"https:\\\/\\\/x.com\\\/9_editions\",\"https:\\\/\\\/www.instagram.com\\\/9editions_\\\/\"]}]}<\/script>\n<!-- \/ Yoast SEO plugin. -->","yoast_head_json":{"title":"Le Syndrome du Colibri (ebook) - 9 \u00e9ditions","description":"D\u00e9couvrez le septi\u00e8me roman policier \"Le Syndrome du Colibri\" de Philippe Henault publi\u00e9 par la maison d'\u00e9dition \"9 \u00e9ditions\"","robots":{"index":"index","follow":"follow","max-snippet":"max-snippet:-1","max-image-preview":"max-image-preview:large","max-video-preview":"max-video-preview:-1"},"canonical":"https:\/\/9editions.com\/boutique\/produit\/le-syndrome-du-colibri-ebook\/","og_locale":"fr_FR","og_type":"article","og_title":"Le Syndrome du Colibri (ebook) - 9 \u00e9ditions","og_description":"D\u00e9couvrez le septi\u00e8me roman policier \"Le Syndrome du Colibri\" de Philippe Henault publi\u00e9 par la maison d'\u00e9dition \"9 \u00e9ditions\"","og_url":"https:\/\/9editions.com\/boutique\/produit\/le-syndrome-du-colibri-ebook\/","og_site_name":"9 \u00e9ditions","article_publisher":"https:\/\/www.facebook.com\/9editions?ref=bookmarks","article_modified_time":"2023-01-17T16:35:56+00:00","og_image":[{"width":1713,"height":2365,"url":"https:\/\/9editions.com\/boutique\/wp-content\/uploads\/2022\/10\/978-2-37727-125-2.webp","type":"image\/webp"}],"twitter_card":"summary_large_image","twitter_site":"@9_editions","twitter_misc":{"Dur\u00e9e de lecture estim\u00e9e":"1 minute"},"schema":{"@context":"https:\/\/schema.org","@graph":[{"@type":"WebPage","@id":"https:\/\/9editions.com\/boutique\/produit\/le-syndrome-du-colibri-ebook\/","url":"https:\/\/9editions.com\/boutique\/produit\/le-syndrome-du-colibri-ebook\/","name":"Le Syndrome du Colibri (ebook) - 9 \u00e9ditions","isPartOf":{"@id":"https:\/\/9editions.com\/boutique\/#website"},"primaryImageOfPage":{"@id":"https:\/\/9editions.com\/boutique\/produit\/le-syndrome-du-colibri-ebook\/#primaryimage"},"image":{"@id":"https:\/\/9editions.com\/boutique\/produit\/le-syndrome-du-colibri-ebook\/#primaryimage"},"thumbnailUrl":"https:\/\/9editions.com\/boutique\/wp-content\/uploads\/2022\/10\/978-2-37727-125-2.webp","datePublished":"2022-10-10T11:59:36+00:00","dateModified":"2023-01-17T16:35:56+00:00","description":"D\u00e9couvrez le septi\u00e8me roman policier \"Le Syndrome du Colibri\" de Philippe Henault publi\u00e9 par la maison d'\u00e9dition \"9 \u00e9ditions\"","breadcrumb":{"@id":"https:\/\/9editions.com\/boutique\/produit\/le-syndrome-du-colibri-ebook\/#breadcrumb"},"inLanguage":"fr-FR","potentialAction":[{"@type":"ReadAction","target":["https:\/\/9editions.com\/boutique\/produit\/le-syndrome-du-colibri-ebook\/"]}]},{"@type":"ImageObject","inLanguage":"fr-FR","@id":"https:\/\/9editions.com\/boutique\/produit\/le-syndrome-du-colibri-ebook\/#primaryimage","url":"https:\/\/9editions.com\/boutique\/wp-content\/uploads\/2022\/10\/978-2-37727-125-2.webp","contentUrl":"https:\/\/9editions.com\/boutique\/wp-content\/uploads\/2022\/10\/978-2-37727-125-2.webp","width":1713,"height":2365},{"@type":"BreadcrumbList","@id":"https:\/\/9editions.com\/boutique\/produit\/le-syndrome-du-colibri-ebook\/#breadcrumb","itemListElement":[{"@type":"ListItem","position":1,"name":"Accueil","item":"https:\/\/9editions.com\/boutique\/"},{"@type":"ListItem","position":2,"name":"Boutique","item":"https:\/\/9editions.com\/boutique\/"},{"@type":"ListItem","position":3,"name":"Le Syndrome du Colibri (ebook)"}]},{"@type":"WebSite","@id":"https:\/\/9editions.com\/boutique\/#website","url":"https:\/\/9editions.com\/boutique\/","name":"9 \u00e9ditions","description":"La maison d&#039;\u00e9dition au c\u00f4t\u00e9 des auteurs","publisher":{"@id":"https:\/\/9editions.com\/boutique\/#organization"},"potentialAction":[{"@type":"SearchAction","target":{"@type":"EntryPoint","urlTemplate":"https:\/\/9editions.com\/boutique\/?s={search_term_string}"},"query-input":{"@type":"PropertyValueSpecification","valueRequired":true,"valueName":"search_term_string"}}],"inLanguage":"fr-FR"},{"@type":"Organization","@id":"https:\/\/9editions.com\/boutique\/#organization","name":"9 \u00e9ditions","url":"https:\/\/9editions.com\/boutique\/","logo":{"@type":"ImageObject","inLanguage":"fr-FR","@id":"https:\/\/9editions.com\/boutique\/#\/schema\/logo\/image\/","url":"https:\/\/9editions.com\/boutique\/wp-content\/uploads\/2020\/03\/cropped-9-editions-logo-amazon.jpg","contentUrl":"https:\/\/9editions.com\/boutique\/wp-content\/uploads\/2020\/03\/cropped-9-editions-logo-amazon.jpg","width":120,"height":30,"caption":"9 \u00e9ditions"},"image":{"@id":"https:\/\/9editions.com\/boutique\/#\/schema\/logo\/image\/"},"sameAs":["https:\/\/www.facebook.com\/9editions?ref=bookmarks","https:\/\/x.com\/9_editions","https:\/\/www.instagram.com\/9editions_\/"]}]}},"jetpack_sharing_enabled":true,"_links":{"self":[{"href":"https:\/\/9editions.com\/boutique\/wp-json\/wp\/v2\/product\/504","targetHints":{"allow":["GET"]}}],"collection":[{"href":"https:\/\/9editions.com\/boutique\/wp-json\/wp\/v2\/product"}],"about":[{"href":"https:\/\/9editions.com\/boutique\/wp-json\/wp\/v2\/types\/product"}],"replies":[{"embeddable":true,"href":"https:\/\/9editions.com\/boutique\/wp-json\/wp\/v2\/comments?post=504"}],"wp:featuredmedia":[{"embeddable":true,"href":"https:\/\/9editions.com\/boutique\/wp-json\/wp\/v2\/media\/502"}],"wp:attachment":[{"href":"https:\/\/9editions.com\/boutique\/wp-json\/wp\/v2\/media?parent=504"}],"wp:term":[{"taxonomy":"product_brand","embeddable":true,"href":"https:\/\/9editions.com\/boutique\/wp-json\/wp\/v2\/product_brand?post=504"},{"taxonomy":"product_cat","embeddable":true,"href":"https:\/\/9editions.com\/boutique\/wp-json\/wp\/v2\/product_cat?post=504"},{"taxonomy":"product_tag","embeddable":true,"href":"https:\/\/9editions.com\/boutique\/wp-json\/wp\/v2\/product_tag?post=504"}],"curies":[{"name":"wp","href":"https:\/\/api.w.org\/{rel}","templated":true}]}}