{"id":490,"date":"2022-10-10T13:27:57","date_gmt":"2022-10-10T11:27:57","guid":{"rendered":"https:\/\/9editions.com\/boutique\/?post_type=product&#038;p=490"},"modified":"2023-01-17T17:42:50","modified_gmt":"2023-01-17T16:42:50","slug":"la-vie-cachee-dun-phoenix-au-grand-coeur-ebook","status":"publish","type":"product","link":"https:\/\/9editions.com\/boutique\/produit\/la-vie-cachee-dun-phoenix-au-grand-coeur-ebook\/","title":{"rendered":"La vie cach\u00e9e d&rsquo;un phoenix au grand coeur (ebook)"},"content":{"rendered":"<p>D\u00e9couvrez le r\u00e9cit de mes deux plus grands combats face aux d\u00e9cisions de justice.<br \/>\nLe premier est une d\u00e9cision que je n&rsquo;ai pas choisie dans son ex\u00e9cution, mais qui m&rsquo;a priv\u00e9 de famille. De ma naissance \u00e0 6 ans, je n&rsquo;ai pas eu de rep\u00e8res familiaux. En effet, toujours transf\u00e9r\u00e9 entre famille d&rsquo;accueil et foyer pour enfants, j&rsquo;ai d\u00fb me construire dans cette structure.<br \/>\nLe second, qui perdure, est suite \u00e0 un accident de travail. J&rsquo;ai \u00e9t\u00e9 percut\u00e9 par un chariot \u00e9l\u00e9vateur et l&rsquo;entreprise m\u2019a men\u00e9 la vie dure, en ne faisant que mentir sur les faits pour se prot\u00e9ger. \u00c7a a eu des cons\u00e9quences immenses sur ma sant\u00e9 et l&rsquo;assurance maladie n\u2019en a eu que faire, son seul objectif \u00e9tait de ne suivre que la soci\u00e9t\u00e9, malgr\u00e9 des r\u00e9sultats m\u00e9dicaux et des \u00e9l\u00e9ments de la vie quotidienne qui me donnaient raison. La justice, ayant pris position pour l&rsquo;entreprise et l&rsquo;assurance maladie, n&rsquo;a pas jou\u00e9 son r\u00f4le, allant jusqu&rsquo;au d\u00e9ni de droit.<\/p>\n","protected":false},"excerpt":{"rendered":"<p>D\u00e9couvrez le r\u00e9cit de mes deux plus grands combats face aux d\u00e9cisions de justice.<br \/>\nLe premier est une d\u00e9cision que je n&rsquo;ai pas choisie dans son ex\u00e9cution, mais qui m&rsquo;a priv\u00e9 de famille. De ma naissance \u00e0 6 ans, je n&rsquo;ai pas eu de rep\u00e8res familiaux. En effet, toujours transf\u00e9r\u00e9 entre famille d&rsquo;accueil et foyer pour enfants, j&rsquo;ai d\u00fb me construire dans cette structure.<br \/>\nLe second, qui perdure, est suite \u00e0 un accident de travail. J&rsquo;ai \u00e9t\u00e9 percut\u00e9 par un chariot \u00e9l\u00e9vateur et l&rsquo;entreprise m\u2019a men\u00e9 la vie dure, en ne faisant que mentir sur les faits pour se prot\u00e9ger. \u00c7a a eu des cons\u00e9quences immenses sur ma sant\u00e9 et l&rsquo;assurance maladie n\u2019en a eu que faire, son seul objectif \u00e9tait de ne suivre que la soci\u00e9t\u00e9, malgr\u00e9 des r\u00e9sultats m\u00e9dicaux et des \u00e9l\u00e9ments de la vie quotidienne qui me donnaient raison. La justice, ayant pris position pour l&rsquo;entreprise et l&rsquo;assurance maladie, n&rsquo;a pas jou\u00e9 son r\u00f4le, allant jusqu&rsquo;au d\u00e9ni de droit.<\/p>\n","protected":false},"featured_media":492,"comment_status":"open","ping_status":"closed","template":"","meta":[],"product_brand":[],"product_cat":[20,68,29,80],"product_tag":[81,82,83],"class_list":{"0":"post-490","1":"product","2":"type-product","3":"status-publish","6":"product_cat-biographie","7":"product_cat-drame","8":"product_cat-ebook","9":"product_cat-societe","10":"product_tag-habib-moine","11":"product_tag-justice","12":"product_tag-la-vie-cachee-dun-phoenix-au-grand-coeur","13":"product_shipping_class-ebook","15":"first","16":"instock","17":"purchasable","18":"product-type-simple"},"yoast_head":"<!-- This site is optimized with the Yoast SEO plugin v27.5 - https:\/\/yoast.com\/product\/yoast-seo-wordpress\/ -->\n<title>La vie cach\u00e9e d&#039;un phoenix au grand coeur (ebook) - 9 \u00e9ditions<\/title>\n<meta name=\"description\" content=\"D\u00e9couvrez le r\u00e9cit d&#039;Habib Moine, ces deux plus grands combats face aux d\u00e9cisions de justice, avec La vie cach\u00e9e d&#039;un phoenix au grand coeur.\" \/>\n<meta name=\"robots\" content=\"index, follow, max-snippet:-1, max-image-preview:large, max-video-preview:-1\" \/>\n<link rel=\"canonical\" href=\"https:\/\/9editions.com\/boutique\/produit\/la-vie-cachee-dun-phoenix-au-grand-coeur-ebook\/\" \/>\n<meta property=\"og:locale\" content=\"fr_FR\" \/>\n<meta property=\"og:type\" content=\"article\" \/>\n<meta property=\"og:title\" content=\"La vie cach\u00e9e d&#039;un phoenix au grand coeur (ebook) - 9 \u00e9ditions\" \/>\n<meta property=\"og:description\" content=\"D\u00e9couvrez le r\u00e9cit d&#039;Habib Moine, ces deux plus grands combats face aux d\u00e9cisions de justice, avec La vie cach\u00e9e d&#039;un phoenix au grand coeur.\" \/>\n<meta property=\"og:url\" content=\"https:\/\/9editions.com\/boutique\/produit\/la-vie-cachee-dun-phoenix-au-grand-coeur-ebook\/\" \/>\n<meta property=\"og:site_name\" content=\"9 \u00e9ditions\" \/>\n<meta property=\"article:publisher\" content=\"https:\/\/www.facebook.com\/9editions?ref=bookmarks\" \/>\n<meta property=\"article:modified_time\" content=\"2023-01-17T16:42:50+00:00\" \/>\n<meta property=\"og:image\" content=\"https:\/\/9editions.com\/boutique\/wp-content\/uploads\/2022\/10\/9editions-LIVRE-MOINE-HABIB-LA-VIE-CACHEE-D-UN-PHOENIX-AU-GRAND-COEUR-FRONT.jpg\" \/>\n\t<meta property=\"og:image:width\" content=\"1713\" \/>\n\t<meta property=\"og:image:height\" content=\"2303\" \/>\n\t<meta property=\"og:image:type\" content=\"image\/jpeg\" \/>\n<meta name=\"twitter:card\" content=\"summary_large_image\" \/>\n<meta name=\"twitter:site\" content=\"@9_editions\" \/>\n<script type=\"application\/ld+json\" class=\"yoast-schema-graph\">{\"@context\":\"https:\\\/\\\/schema.org\",\"@graph\":[{\"@type\":\"WebPage\",\"@id\":\"https:\\\/\\\/9editions.com\\\/boutique\\\/produit\\\/la-vie-cachee-dun-phoenix-au-grand-coeur-ebook\\\/\",\"url\":\"https:\\\/\\\/9editions.com\\\/boutique\\\/produit\\\/la-vie-cachee-dun-phoenix-au-grand-coeur-ebook\\\/\",\"name\":\"La vie cach\u00e9e d'un phoenix au grand coeur (ebook) - 9 \u00e9ditions\",\"isPartOf\":{\"@id\":\"https:\\\/\\\/9editions.com\\\/boutique\\\/#website\"},\"primaryImageOfPage\":{\"@id\":\"https:\\\/\\\/9editions.com\\\/boutique\\\/produit\\\/la-vie-cachee-dun-phoenix-au-grand-coeur-ebook\\\/#primaryimage\"},\"image\":{\"@id\":\"https:\\\/\\\/9editions.com\\\/boutique\\\/produit\\\/la-vie-cachee-dun-phoenix-au-grand-coeur-ebook\\\/#primaryimage\"},\"thumbnailUrl\":\"https:\\\/\\\/9editions.com\\\/boutique\\\/wp-content\\\/uploads\\\/2022\\\/10\\\/9editions-LIVRE-MOINE-HABIB-LA-VIE-CACHEE-D-UN-PHOENIX-AU-GRAND-COEUR-FRONT.jpg\",\"datePublished\":\"2022-10-10T11:27:57+00:00\",\"dateModified\":\"2023-01-17T16:42:50+00:00\",\"description\":\"D\u00e9couvrez le r\u00e9cit d'Habib Moine, ces deux plus grands combats face aux d\u00e9cisions de justice, avec La vie cach\u00e9e d'un phoenix au grand coeur.\",\"breadcrumb\":{\"@id\":\"https:\\\/\\\/9editions.com\\\/boutique\\\/produit\\\/la-vie-cachee-dun-phoenix-au-grand-coeur-ebook\\\/#breadcrumb\"},\"inLanguage\":\"fr-FR\",\"potentialAction\":[{\"@type\":\"ReadAction\",\"target\":[\"https:\\\/\\\/9editions.com\\\/boutique\\\/produit\\\/la-vie-cachee-dun-phoenix-au-grand-coeur-ebook\\\/\"]}]},{\"@type\":\"ImageObject\",\"inLanguage\":\"fr-FR\",\"@id\":\"https:\\\/\\\/9editions.com\\\/boutique\\\/produit\\\/la-vie-cachee-dun-phoenix-au-grand-coeur-ebook\\\/#primaryimage\",\"url\":\"https:\\\/\\\/9editions.com\\\/boutique\\\/wp-content\\\/uploads\\\/2022\\\/10\\\/9editions-LIVRE-MOINE-HABIB-LA-VIE-CACHEE-D-UN-PHOENIX-AU-GRAND-COEUR-FRONT.jpg\",\"contentUrl\":\"https:\\\/\\\/9editions.com\\\/boutique\\\/wp-content\\\/uploads\\\/2022\\\/10\\\/9editions-LIVRE-MOINE-HABIB-LA-VIE-CACHEE-D-UN-PHOENIX-AU-GRAND-COEUR-FRONT.jpg\",\"width\":1713,\"height\":2303},{\"@type\":\"BreadcrumbList\",\"@id\":\"https:\\\/\\\/9editions.com\\\/boutique\\\/produit\\\/la-vie-cachee-dun-phoenix-au-grand-coeur-ebook\\\/#breadcrumb\",\"itemListElement\":[{\"@type\":\"ListItem\",\"position\":1,\"name\":\"Accueil\",\"item\":\"https:\\\/\\\/9editions.com\\\/boutique\\\/\"},{\"@type\":\"ListItem\",\"position\":2,\"name\":\"Boutique\",\"item\":\"https:\\\/\\\/9editions.com\\\/boutique\\\/\"},{\"@type\":\"ListItem\",\"position\":3,\"name\":\"La vie cach\u00e9e d&rsquo;un phoenix au grand coeur (ebook)\"}]},{\"@type\":\"WebSite\",\"@id\":\"https:\\\/\\\/9editions.com\\\/boutique\\\/#website\",\"url\":\"https:\\\/\\\/9editions.com\\\/boutique\\\/\",\"name\":\"9 \u00e9ditions\",\"description\":\"La maison d&#039;\u00e9dition au c\u00f4t\u00e9 des auteurs\",\"publisher\":{\"@id\":\"https:\\\/\\\/9editions.com\\\/boutique\\\/#organization\"},\"potentialAction\":[{\"@type\":\"SearchAction\",\"target\":{\"@type\":\"EntryPoint\",\"urlTemplate\":\"https:\\\/\\\/9editions.com\\\/boutique\\\/?s={search_term_string}\"},\"query-input\":{\"@type\":\"PropertyValueSpecification\",\"valueRequired\":true,\"valueName\":\"search_term_string\"}}],\"inLanguage\":\"fr-FR\"},{\"@type\":\"Organization\",\"@id\":\"https:\\\/\\\/9editions.com\\\/boutique\\\/#organization\",\"name\":\"9 \u00e9ditions\",\"url\":\"https:\\\/\\\/9editions.com\\\/boutique\\\/\",\"logo\":{\"@type\":\"ImageObject\",\"inLanguage\":\"fr-FR\",\"@id\":\"https:\\\/\\\/9editions.com\\\/boutique\\\/#\\\/schema\\\/logo\\\/image\\\/\",\"url\":\"https:\\\/\\\/9editions.com\\\/boutique\\\/wp-content\\\/uploads\\\/2020\\\/03\\\/cropped-9-editions-logo-amazon.jpg\",\"contentUrl\":\"https:\\\/\\\/9editions.com\\\/boutique\\\/wp-content\\\/uploads\\\/2020\\\/03\\\/cropped-9-editions-logo-amazon.jpg\",\"width\":120,\"height\":30,\"caption\":\"9 \u00e9ditions\"},\"image\":{\"@id\":\"https:\\\/\\\/9editions.com\\\/boutique\\\/#\\\/schema\\\/logo\\\/image\\\/\"},\"sameAs\":[\"https:\\\/\\\/www.facebook.com\\\/9editions?ref=bookmarks\",\"https:\\\/\\\/x.com\\\/9_editions\",\"https:\\\/\\\/www.instagram.com\\\/9editions_\\\/\"]}]}<\/script>\n<!-- \/ Yoast SEO plugin. -->","yoast_head_json":{"title":"La vie cach\u00e9e d'un phoenix au grand coeur (ebook) - 9 \u00e9ditions","description":"D\u00e9couvrez le r\u00e9cit d'Habib Moine, ces deux plus grands combats face aux d\u00e9cisions de justice, avec La vie cach\u00e9e d'un phoenix au grand coeur.","robots":{"index":"index","follow":"follow","max-snippet":"max-snippet:-1","max-image-preview":"max-image-preview:large","max-video-preview":"max-video-preview:-1"},"canonical":"https:\/\/9editions.com\/boutique\/produit\/la-vie-cachee-dun-phoenix-au-grand-coeur-ebook\/","og_locale":"fr_FR","og_type":"article","og_title":"La vie cach\u00e9e d'un phoenix au grand coeur (ebook) - 9 \u00e9ditions","og_description":"D\u00e9couvrez le r\u00e9cit d'Habib Moine, ces deux plus grands combats face aux d\u00e9cisions de justice, avec La vie cach\u00e9e d'un phoenix au grand coeur.","og_url":"https:\/\/9editions.com\/boutique\/produit\/la-vie-cachee-dun-phoenix-au-grand-coeur-ebook\/","og_site_name":"9 \u00e9ditions","article_publisher":"https:\/\/www.facebook.com\/9editions?ref=bookmarks","article_modified_time":"2023-01-17T16:42:50+00:00","og_image":[{"width":1713,"height":2303,"url":"https:\/\/9editions.com\/boutique\/wp-content\/uploads\/2022\/10\/9editions-LIVRE-MOINE-HABIB-LA-VIE-CACHEE-D-UN-PHOENIX-AU-GRAND-COEUR-FRONT.jpg","type":"image\/jpeg"}],"twitter_card":"summary_large_image","twitter_site":"@9_editions","schema":{"@context":"https:\/\/schema.org","@graph":[{"@type":"WebPage","@id":"https:\/\/9editions.com\/boutique\/produit\/la-vie-cachee-dun-phoenix-au-grand-coeur-ebook\/","url":"https:\/\/9editions.com\/boutique\/produit\/la-vie-cachee-dun-phoenix-au-grand-coeur-ebook\/","name":"La vie cach\u00e9e d'un phoenix au grand coeur (ebook) - 9 \u00e9ditions","isPartOf":{"@id":"https:\/\/9editions.com\/boutique\/#website"},"primaryImageOfPage":{"@id":"https:\/\/9editions.com\/boutique\/produit\/la-vie-cachee-dun-phoenix-au-grand-coeur-ebook\/#primaryimage"},"image":{"@id":"https:\/\/9editions.com\/boutique\/produit\/la-vie-cachee-dun-phoenix-au-grand-coeur-ebook\/#primaryimage"},"thumbnailUrl":"https:\/\/9editions.com\/boutique\/wp-content\/uploads\/2022\/10\/9editions-LIVRE-MOINE-HABIB-LA-VIE-CACHEE-D-UN-PHOENIX-AU-GRAND-COEUR-FRONT.jpg","datePublished":"2022-10-10T11:27:57+00:00","dateModified":"2023-01-17T16:42:50+00:00","description":"D\u00e9couvrez le r\u00e9cit d'Habib Moine, ces deux plus grands combats face aux d\u00e9cisions de justice, avec La vie cach\u00e9e d'un phoenix au grand coeur.","breadcrumb":{"@id":"https:\/\/9editions.com\/boutique\/produit\/la-vie-cachee-dun-phoenix-au-grand-coeur-ebook\/#breadcrumb"},"inLanguage":"fr-FR","potentialAction":[{"@type":"ReadAction","target":["https:\/\/9editions.com\/boutique\/produit\/la-vie-cachee-dun-phoenix-au-grand-coeur-ebook\/"]}]},{"@type":"ImageObject","inLanguage":"fr-FR","@id":"https:\/\/9editions.com\/boutique\/produit\/la-vie-cachee-dun-phoenix-au-grand-coeur-ebook\/#primaryimage","url":"https:\/\/9editions.com\/boutique\/wp-content\/uploads\/2022\/10\/9editions-LIVRE-MOINE-HABIB-LA-VIE-CACHEE-D-UN-PHOENIX-AU-GRAND-COEUR-FRONT.jpg","contentUrl":"https:\/\/9editions.com\/boutique\/wp-content\/uploads\/2022\/10\/9editions-LIVRE-MOINE-HABIB-LA-VIE-CACHEE-D-UN-PHOENIX-AU-GRAND-COEUR-FRONT.jpg","width":1713,"height":2303},{"@type":"BreadcrumbList","@id":"https:\/\/9editions.com\/boutique\/produit\/la-vie-cachee-dun-phoenix-au-grand-coeur-ebook\/#breadcrumb","itemListElement":[{"@type":"ListItem","position":1,"name":"Accueil","item":"https:\/\/9editions.com\/boutique\/"},{"@type":"ListItem","position":2,"name":"Boutique","item":"https:\/\/9editions.com\/boutique\/"},{"@type":"ListItem","position":3,"name":"La vie cach\u00e9e d&rsquo;un phoenix au grand coeur (ebook)"}]},{"@type":"WebSite","@id":"https:\/\/9editions.com\/boutique\/#website","url":"https:\/\/9editions.com\/boutique\/","name":"9 \u00e9ditions","description":"La maison d&#039;\u00e9dition au c\u00f4t\u00e9 des auteurs","publisher":{"@id":"https:\/\/9editions.com\/boutique\/#organization"},"potentialAction":[{"@type":"SearchAction","target":{"@type":"EntryPoint","urlTemplate":"https:\/\/9editions.com\/boutique\/?s={search_term_string}"},"query-input":{"@type":"PropertyValueSpecification","valueRequired":true,"valueName":"search_term_string"}}],"inLanguage":"fr-FR"},{"@type":"Organization","@id":"https:\/\/9editions.com\/boutique\/#organization","name":"9 \u00e9ditions","url":"https:\/\/9editions.com\/boutique\/","logo":{"@type":"ImageObject","inLanguage":"fr-FR","@id":"https:\/\/9editions.com\/boutique\/#\/schema\/logo\/image\/","url":"https:\/\/9editions.com\/boutique\/wp-content\/uploads\/2020\/03\/cropped-9-editions-logo-amazon.jpg","contentUrl":"https:\/\/9editions.com\/boutique\/wp-content\/uploads\/2020\/03\/cropped-9-editions-logo-amazon.jpg","width":120,"height":30,"caption":"9 \u00e9ditions"},"image":{"@id":"https:\/\/9editions.com\/boutique\/#\/schema\/logo\/image\/"},"sameAs":["https:\/\/www.facebook.com\/9editions?ref=bookmarks","https:\/\/x.com\/9_editions","https:\/\/www.instagram.com\/9editions_\/"]}]}},"jetpack_sharing_enabled":true,"_links":{"self":[{"href":"https:\/\/9editions.com\/boutique\/wp-json\/wp\/v2\/product\/490","targetHints":{"allow":["GET"]}}],"collection":[{"href":"https:\/\/9editions.com\/boutique\/wp-json\/wp\/v2\/product"}],"about":[{"href":"https:\/\/9editions.com\/boutique\/wp-json\/wp\/v2\/types\/product"}],"replies":[{"embeddable":true,"href":"https:\/\/9editions.com\/boutique\/wp-json\/wp\/v2\/comments?post=490"}],"wp:featuredmedia":[{"embeddable":true,"href":"https:\/\/9editions.com\/boutique\/wp-json\/wp\/v2\/media\/492"}],"wp:attachment":[{"href":"https:\/\/9editions.com\/boutique\/wp-json\/wp\/v2\/media?parent=490"}],"wp:term":[{"taxonomy":"product_brand","embeddable":true,"href":"https:\/\/9editions.com\/boutique\/wp-json\/wp\/v2\/product_brand?post=490"},{"taxonomy":"product_cat","embeddable":true,"href":"https:\/\/9editions.com\/boutique\/wp-json\/wp\/v2\/product_cat?post=490"},{"taxonomy":"product_tag","embeddable":true,"href":"https:\/\/9editions.com\/boutique\/wp-json\/wp\/v2\/product_tag?post=490"}],"curies":[{"name":"wp","href":"https:\/\/api.w.org\/{rel}","templated":true}]}}