{"id":484,"date":"2022-10-10T13:13:17","date_gmt":"2022-10-10T11:13:17","guid":{"rendered":"https:\/\/9editions.com\/boutique\/?post_type=product&#038;p=484"},"modified":"2023-01-17T17:36:37","modified_gmt":"2023-01-17T16:36:37","slug":"victoria-felicite-mariette-et-moi-livre-broche","status":"publish","type":"product","link":"https:\/\/9editions.com\/boutique\/produit\/victoria-felicite-mariette-et-moi-livre-broche\/","title":{"rendered":"Victoria, F\u00e9licit\u00e9, Mariette et moi (livre broch\u00e9)"},"content":{"rendered":"<p>Il faut vivre e bonheur avec ce que nous offre chaque jour la vie. Les impr\u00e9vus, les d\u00e9sagr\u00e9ments, voire les malheurs je les vis aussi, mais pour qu&rsquo;ils ne m&rsquo;atteignent pas, je pense \u00e0 demain quand ils seront pass\u00e9s, quand ce ne seront plus que des souvenirs, alors je me dis, rien n&rsquo;est hasard, ton destin l&rsquo;avait pr\u00e9vu et tu as su le d\u00e9passer&#8230;<\/p>\n<p>Maintenant je conjugue ma vie au pr\u00e9sent, c&rsquo;est \u00e7a le bonheur&#8230;<\/p>\n","protected":false},"excerpt":{"rendered":"<p>Il faut vivre e bonheur avec ce que nous offre chaque jour la vie. Les impr\u00e9vus, les d\u00e9sagr\u00e9ments, voire les malheurs je les vis aussi, mais pour qu&rsquo;ils ne m&rsquo;atteignent pas, je pense \u00e0 demain quand ils seront pass\u00e9s, quand ce ne seront plus que des souvenirs, alors je me dis, rien n&rsquo;est hasard, ton destin l&rsquo;avait pr\u00e9vu et tu as su le d\u00e9passer&#8230;<\/p>\n<p>Maintenant je conjugue ma vie au pr\u00e9sent, c&rsquo;est \u00e7a le bonheur&#8230;<\/p>\n","protected":false},"featured_media":482,"comment_status":"open","ping_status":"closed","template":"","meta":[],"product_brand":[],"product_cat":[20,68,32,18],"product_tag":[58,59,69,70,73,71,72],"class_list":{"0":"post-484","1":"product","2":"type-product","3":"status-publish","6":"product_cat-biographie","7":"product_cat-drame","8":"product_cat-livre-broche","9":"product_cat-roman","10":"product_tag-biographie","11":"product_tag-combat-de-femmes","12":"product_tag-ethiopie","13":"product_tag-marylene-blas","14":"product_tag-memoires","15":"product_tag-roman","16":"product_tag-victoria-felicite-mariette-et-moi","17":"product_shipping_class-livre","19":"first","20":"instock","21":"purchasable","22":"product-type-simple"},"yoast_head":"<!-- This site is optimized with the Yoast SEO plugin v27.5 - https:\/\/yoast.com\/product\/yoast-seo-wordpress\/ -->\n<title>Victoria, F\u00e9licit\u00e9, Mariette et moi (livre broch\u00e9) - 9 \u00e9ditions<\/title>\n<meta name=\"description\" content=\"9 \u00e9ditions vous propose de lire le roman de Maryl\u00e8ne Blas sur ces trois &quot;filles&quot; d&#039;adoption d&#039;origine Ethiopienne elles vont vivre en France\" \/>\n<meta name=\"robots\" content=\"index, follow, max-snippet:-1, max-image-preview:large, max-video-preview:-1\" \/>\n<link rel=\"canonical\" href=\"https:\/\/9editions.com\/boutique\/produit\/victoria-felicite-mariette-et-moi-livre-broche\/\" \/>\n<meta property=\"og:locale\" content=\"fr_FR\" \/>\n<meta property=\"og:type\" content=\"article\" \/>\n<meta property=\"og:title\" content=\"Victoria, F\u00e9licit\u00e9, Mariette et moi (livre broch\u00e9) - 9 \u00e9ditions\" \/>\n<meta property=\"og:description\" content=\"9 \u00e9ditions vous propose de lire le roman de Maryl\u00e8ne Blas sur ces trois &quot;filles&quot; d&#039;adoption d&#039;origine Ethiopienne elles vont vivre en France\" \/>\n<meta property=\"og:url\" content=\"https:\/\/9editions.com\/boutique\/produit\/victoria-felicite-mariette-et-moi-livre-broche\/\" \/>\n<meta property=\"og:site_name\" content=\"9 \u00e9ditions\" \/>\n<meta property=\"article:publisher\" content=\"https:\/\/www.facebook.com\/9editions?ref=bookmarks\" \/>\n<meta property=\"article:modified_time\" content=\"2023-01-17T16:36:37+00:00\" \/>\n<meta property=\"og:image\" content=\"https:\/\/9editions.com\/boutique\/wp-content\/uploads\/2022\/10\/9782377271344-1-75.jpg\" \/>\n\t<meta property=\"og:image:width\" content=\"1710\" \/>\n\t<meta property=\"og:image:height\" content=\"2363\" \/>\n\t<meta property=\"og:image:type\" content=\"image\/jpeg\" \/>\n<meta name=\"twitter:card\" content=\"summary_large_image\" \/>\n<meta name=\"twitter:site\" content=\"@9_editions\" \/>\n<meta name=\"twitter:label1\" content=\"Dur\u00e9e de lecture estim\u00e9e\" \/>\n\t<meta name=\"twitter:data1\" content=\"1 minute\" \/>\n<script type=\"application\/ld+json\" class=\"yoast-schema-graph\">{\"@context\":\"https:\\\/\\\/schema.org\",\"@graph\":[{\"@type\":\"WebPage\",\"@id\":\"https:\\\/\\\/9editions.com\\\/boutique\\\/produit\\\/victoria-felicite-mariette-et-moi-livre-broche\\\/\",\"url\":\"https:\\\/\\\/9editions.com\\\/boutique\\\/produit\\\/victoria-felicite-mariette-et-moi-livre-broche\\\/\",\"name\":\"Victoria, F\u00e9licit\u00e9, Mariette et moi (livre broch\u00e9) - 9 \u00e9ditions\",\"isPartOf\":{\"@id\":\"https:\\\/\\\/9editions.com\\\/boutique\\\/#website\"},\"primaryImageOfPage\":{\"@id\":\"https:\\\/\\\/9editions.com\\\/boutique\\\/produit\\\/victoria-felicite-mariette-et-moi-livre-broche\\\/#primaryimage\"},\"image\":{\"@id\":\"https:\\\/\\\/9editions.com\\\/boutique\\\/produit\\\/victoria-felicite-mariette-et-moi-livre-broche\\\/#primaryimage\"},\"thumbnailUrl\":\"https:\\\/\\\/9editions.com\\\/boutique\\\/wp-content\\\/uploads\\\/2022\\\/10\\\/9782377271344-1-75.jpg\",\"datePublished\":\"2022-10-10T11:13:17+00:00\",\"dateModified\":\"2023-01-17T16:36:37+00:00\",\"description\":\"9 \u00e9ditions vous propose de lire le roman de Maryl\u00e8ne Blas sur ces trois \\\"filles\\\" d'adoption d'origine Ethiopienne elles vont vivre en France\",\"breadcrumb\":{\"@id\":\"https:\\\/\\\/9editions.com\\\/boutique\\\/produit\\\/victoria-felicite-mariette-et-moi-livre-broche\\\/#breadcrumb\"},\"inLanguage\":\"fr-FR\",\"potentialAction\":[{\"@type\":\"ReadAction\",\"target\":[\"https:\\\/\\\/9editions.com\\\/boutique\\\/produit\\\/victoria-felicite-mariette-et-moi-livre-broche\\\/\"]}]},{\"@type\":\"ImageObject\",\"inLanguage\":\"fr-FR\",\"@id\":\"https:\\\/\\\/9editions.com\\\/boutique\\\/produit\\\/victoria-felicite-mariette-et-moi-livre-broche\\\/#primaryimage\",\"url\":\"https:\\\/\\\/9editions.com\\\/boutique\\\/wp-content\\\/uploads\\\/2022\\\/10\\\/9782377271344-1-75.jpg\",\"contentUrl\":\"https:\\\/\\\/9editions.com\\\/boutique\\\/wp-content\\\/uploads\\\/2022\\\/10\\\/9782377271344-1-75.jpg\",\"width\":1710,\"height\":2363},{\"@type\":\"BreadcrumbList\",\"@id\":\"https:\\\/\\\/9editions.com\\\/boutique\\\/produit\\\/victoria-felicite-mariette-et-moi-livre-broche\\\/#breadcrumb\",\"itemListElement\":[{\"@type\":\"ListItem\",\"position\":1,\"name\":\"Accueil\",\"item\":\"https:\\\/\\\/9editions.com\\\/boutique\\\/\"},{\"@type\":\"ListItem\",\"position\":2,\"name\":\"Boutique\",\"item\":\"https:\\\/\\\/9editions.com\\\/boutique\\\/\"},{\"@type\":\"ListItem\",\"position\":3,\"name\":\"Victoria, F\u00e9licit\u00e9, Mariette et moi (livre broch\u00e9)\"}]},{\"@type\":\"WebSite\",\"@id\":\"https:\\\/\\\/9editions.com\\\/boutique\\\/#website\",\"url\":\"https:\\\/\\\/9editions.com\\\/boutique\\\/\",\"name\":\"9 \u00e9ditions\",\"description\":\"La maison d&#039;\u00e9dition au c\u00f4t\u00e9 des auteurs\",\"publisher\":{\"@id\":\"https:\\\/\\\/9editions.com\\\/boutique\\\/#organization\"},\"potentialAction\":[{\"@type\":\"SearchAction\",\"target\":{\"@type\":\"EntryPoint\",\"urlTemplate\":\"https:\\\/\\\/9editions.com\\\/boutique\\\/?s={search_term_string}\"},\"query-input\":{\"@type\":\"PropertyValueSpecification\",\"valueRequired\":true,\"valueName\":\"search_term_string\"}}],\"inLanguage\":\"fr-FR\"},{\"@type\":\"Organization\",\"@id\":\"https:\\\/\\\/9editions.com\\\/boutique\\\/#organization\",\"name\":\"9 \u00e9ditions\",\"url\":\"https:\\\/\\\/9editions.com\\\/boutique\\\/\",\"logo\":{\"@type\":\"ImageObject\",\"inLanguage\":\"fr-FR\",\"@id\":\"https:\\\/\\\/9editions.com\\\/boutique\\\/#\\\/schema\\\/logo\\\/image\\\/\",\"url\":\"https:\\\/\\\/9editions.com\\\/boutique\\\/wp-content\\\/uploads\\\/2020\\\/03\\\/cropped-9-editions-logo-amazon.jpg\",\"contentUrl\":\"https:\\\/\\\/9editions.com\\\/boutique\\\/wp-content\\\/uploads\\\/2020\\\/03\\\/cropped-9-editions-logo-amazon.jpg\",\"width\":120,\"height\":30,\"caption\":\"9 \u00e9ditions\"},\"image\":{\"@id\":\"https:\\\/\\\/9editions.com\\\/boutique\\\/#\\\/schema\\\/logo\\\/image\\\/\"},\"sameAs\":[\"https:\\\/\\\/www.facebook.com\\\/9editions?ref=bookmarks\",\"https:\\\/\\\/x.com\\\/9_editions\",\"https:\\\/\\\/www.instagram.com\\\/9editions_\\\/\"]}]}<\/script>\n<!-- \/ Yoast SEO plugin. -->","yoast_head_json":{"title":"Victoria, F\u00e9licit\u00e9, Mariette et moi (livre broch\u00e9) - 9 \u00e9ditions","description":"9 \u00e9ditions vous propose de lire le roman de Maryl\u00e8ne Blas sur ces trois \"filles\" d'adoption d'origine Ethiopienne elles vont vivre en France","robots":{"index":"index","follow":"follow","max-snippet":"max-snippet:-1","max-image-preview":"max-image-preview:large","max-video-preview":"max-video-preview:-1"},"canonical":"https:\/\/9editions.com\/boutique\/produit\/victoria-felicite-mariette-et-moi-livre-broche\/","og_locale":"fr_FR","og_type":"article","og_title":"Victoria, F\u00e9licit\u00e9, Mariette et moi (livre broch\u00e9) - 9 \u00e9ditions","og_description":"9 \u00e9ditions vous propose de lire le roman de Maryl\u00e8ne Blas sur ces trois \"filles\" d'adoption d'origine Ethiopienne elles vont vivre en France","og_url":"https:\/\/9editions.com\/boutique\/produit\/victoria-felicite-mariette-et-moi-livre-broche\/","og_site_name":"9 \u00e9ditions","article_publisher":"https:\/\/www.facebook.com\/9editions?ref=bookmarks","article_modified_time":"2023-01-17T16:36:37+00:00","og_image":[{"width":1710,"height":2363,"url":"https:\/\/9editions.com\/boutique\/wp-content\/uploads\/2022\/10\/9782377271344-1-75.jpg","type":"image\/jpeg"}],"twitter_card":"summary_large_image","twitter_site":"@9_editions","twitter_misc":{"Dur\u00e9e de lecture estim\u00e9e":"1 minute"},"schema":{"@context":"https:\/\/schema.org","@graph":[{"@type":"WebPage","@id":"https:\/\/9editions.com\/boutique\/produit\/victoria-felicite-mariette-et-moi-livre-broche\/","url":"https:\/\/9editions.com\/boutique\/produit\/victoria-felicite-mariette-et-moi-livre-broche\/","name":"Victoria, F\u00e9licit\u00e9, Mariette et moi (livre broch\u00e9) - 9 \u00e9ditions","isPartOf":{"@id":"https:\/\/9editions.com\/boutique\/#website"},"primaryImageOfPage":{"@id":"https:\/\/9editions.com\/boutique\/produit\/victoria-felicite-mariette-et-moi-livre-broche\/#primaryimage"},"image":{"@id":"https:\/\/9editions.com\/boutique\/produit\/victoria-felicite-mariette-et-moi-livre-broche\/#primaryimage"},"thumbnailUrl":"https:\/\/9editions.com\/boutique\/wp-content\/uploads\/2022\/10\/9782377271344-1-75.jpg","datePublished":"2022-10-10T11:13:17+00:00","dateModified":"2023-01-17T16:36:37+00:00","description":"9 \u00e9ditions vous propose de lire le roman de Maryl\u00e8ne Blas sur ces trois \"filles\" d'adoption d'origine Ethiopienne elles vont vivre en France","breadcrumb":{"@id":"https:\/\/9editions.com\/boutique\/produit\/victoria-felicite-mariette-et-moi-livre-broche\/#breadcrumb"},"inLanguage":"fr-FR","potentialAction":[{"@type":"ReadAction","target":["https:\/\/9editions.com\/boutique\/produit\/victoria-felicite-mariette-et-moi-livre-broche\/"]}]},{"@type":"ImageObject","inLanguage":"fr-FR","@id":"https:\/\/9editions.com\/boutique\/produit\/victoria-felicite-mariette-et-moi-livre-broche\/#primaryimage","url":"https:\/\/9editions.com\/boutique\/wp-content\/uploads\/2022\/10\/9782377271344-1-75.jpg","contentUrl":"https:\/\/9editions.com\/boutique\/wp-content\/uploads\/2022\/10\/9782377271344-1-75.jpg","width":1710,"height":2363},{"@type":"BreadcrumbList","@id":"https:\/\/9editions.com\/boutique\/produit\/victoria-felicite-mariette-et-moi-livre-broche\/#breadcrumb","itemListElement":[{"@type":"ListItem","position":1,"name":"Accueil","item":"https:\/\/9editions.com\/boutique\/"},{"@type":"ListItem","position":2,"name":"Boutique","item":"https:\/\/9editions.com\/boutique\/"},{"@type":"ListItem","position":3,"name":"Victoria, F\u00e9licit\u00e9, Mariette et moi (livre broch\u00e9)"}]},{"@type":"WebSite","@id":"https:\/\/9editions.com\/boutique\/#website","url":"https:\/\/9editions.com\/boutique\/","name":"9 \u00e9ditions","description":"La maison d&#039;\u00e9dition au c\u00f4t\u00e9 des auteurs","publisher":{"@id":"https:\/\/9editions.com\/boutique\/#organization"},"potentialAction":[{"@type":"SearchAction","target":{"@type":"EntryPoint","urlTemplate":"https:\/\/9editions.com\/boutique\/?s={search_term_string}"},"query-input":{"@type":"PropertyValueSpecification","valueRequired":true,"valueName":"search_term_string"}}],"inLanguage":"fr-FR"},{"@type":"Organization","@id":"https:\/\/9editions.com\/boutique\/#organization","name":"9 \u00e9ditions","url":"https:\/\/9editions.com\/boutique\/","logo":{"@type":"ImageObject","inLanguage":"fr-FR","@id":"https:\/\/9editions.com\/boutique\/#\/schema\/logo\/image\/","url":"https:\/\/9editions.com\/boutique\/wp-content\/uploads\/2020\/03\/cropped-9-editions-logo-amazon.jpg","contentUrl":"https:\/\/9editions.com\/boutique\/wp-content\/uploads\/2020\/03\/cropped-9-editions-logo-amazon.jpg","width":120,"height":30,"caption":"9 \u00e9ditions"},"image":{"@id":"https:\/\/9editions.com\/boutique\/#\/schema\/logo\/image\/"},"sameAs":["https:\/\/www.facebook.com\/9editions?ref=bookmarks","https:\/\/x.com\/9_editions","https:\/\/www.instagram.com\/9editions_\/"]}]}},"jetpack_sharing_enabled":true,"_links":{"self":[{"href":"https:\/\/9editions.com\/boutique\/wp-json\/wp\/v2\/product\/484","targetHints":{"allow":["GET"]}}],"collection":[{"href":"https:\/\/9editions.com\/boutique\/wp-json\/wp\/v2\/product"}],"about":[{"href":"https:\/\/9editions.com\/boutique\/wp-json\/wp\/v2\/types\/product"}],"replies":[{"embeddable":true,"href":"https:\/\/9editions.com\/boutique\/wp-json\/wp\/v2\/comments?post=484"}],"wp:featuredmedia":[{"embeddable":true,"href":"https:\/\/9editions.com\/boutique\/wp-json\/wp\/v2\/media\/482"}],"wp:attachment":[{"href":"https:\/\/9editions.com\/boutique\/wp-json\/wp\/v2\/media?parent=484"}],"wp:term":[{"taxonomy":"product_brand","embeddable":true,"href":"https:\/\/9editions.com\/boutique\/wp-json\/wp\/v2\/product_brand?post=484"},{"taxonomy":"product_cat","embeddable":true,"href":"https:\/\/9editions.com\/boutique\/wp-json\/wp\/v2\/product_cat?post=484"},{"taxonomy":"product_tag","embeddable":true,"href":"https:\/\/9editions.com\/boutique\/wp-json\/wp\/v2\/product_tag?post=484"}],"curies":[{"name":"wp","href":"https:\/\/api.w.org\/{rel}","templated":true}]}}