{"id":3113,"date":"2026-03-03T10:08:38","date_gmt":"2026-03-03T09:08:38","guid":{"rendered":"https:\/\/9editions.com\/boutique\/?post_type=product&#038;p=3113"},"modified":"2026-03-03T10:08:38","modified_gmt":"2026-03-03T09:08:38","slug":"note-de-synthese-astuces-et-couleurs-nouvelle-edition-2026","status":"publish","type":"product","link":"https:\/\/9editions.com\/boutique\/produit\/note-de-synthese-astuces-et-couleurs-nouvelle-edition-2026\/","title":{"rendered":"Note de synth\u00e8se, astuces et couleurs Nouvelle \u00e9dition 2026"},"content":{"rendered":"<p>Certes, des livres sur l&rsquo;\u00e9preuve de la note de synth\u00e8se, il en existe d\u00e9j\u00e0&#8230; Mais celui-ci est unique !<\/p>\n<p>En effet, vous y d\u00e9couvrirez une m\u00e9thode in\u00e9dite pour b\u00e2tir votre plan (l\u2019\u00e9tape la plus redout\u00e9e par les \u00e9tudiants) : la m\u00e9thode des couleurs. Et \u00e0 la fin de chaque paragraphe, vous trouverez diff\u00e9rentes astuces pour r\u00e9ussir cette \u00e9preuve qui fait tant peur.<\/p>\n<p>R\u00e9cent (mis \u00e0 jour en 2026), dense en id\u00e9es in\u00e9dites et en informations, r\u00e9dig\u00e9 dans un style fluide et facile \u00e0 comprendre, et structur\u00e9 par un plan d\u00e9taill\u00e9 \u00e9quilibr\u00e9, pertinent, coh\u00e9rent, clair, pr\u00e9cis, cet ouvrage est le premier \u00e0 avoir propos\u00e9 toute une s\u00e9rie d\u2019astuces originales pour \u00e9laborer des notes de synth\u00e8se.<\/p>\n<p>Un grand classique, donc !<\/p>\n","protected":false},"excerpt":{"rendered":"<p>Avant de se rediriger vers une carri\u00e8re d\u2019\u00e9crivaine, Catherine Sentenac a acquis une formation de juriste, un Master 2 en droit de l&rsquo;Environnement \u00e0 l&rsquo;Universit\u00e9 de Montpellier ; elle a obtenu l\u2019examen d&rsquo;acc\u00e8s \u00e0 l\u2019\u00c9cole des Avocats de Montpellier. <\/p>\n<p>Elle a travaill\u00e9 pour diverses associations de protection de l&rsquo;Environnement, dont l&rsquo;Association de Protection des Animaux Sauvages (l\u2019ASPAS) et l\u2019association D\u00e9veloppement Solidaire et Durable (Association DSD), et a d\u00e9j\u00e0 publi\u00e9 un ouvrage qui contient une m\u00e9thodologie nouvelle pour manipuler l\u2019ensemble des Codes de droit : \u00ab\u00a0D\u00e9coder le Code, Le grand classique\u00a0\u00bb.<\/p>\n","protected":false},"featured_media":3114,"comment_status":"open","ping_status":"closed","template":"","meta":[],"product_brand":[],"product_cat":[32,48],"product_tag":[50,289,51,60],"class_list":{"0":"post-3113","1":"product","2":"type-product","3":"status-publish","6":"product_cat-livre-broche","7":"product_cat-methodologie","8":"product_tag-catherine-sentenac","9":"product_tag-concours-de-droit","10":"product_tag-droit","11":"product_tag-methodologie","12":"product_shipping_class-livre","14":"first","15":"instock","16":"purchasable","17":"product-type-simple"},"yoast_head":"<!-- This site is optimized with the Yoast SEO plugin v27.3 - https:\/\/yoast.com\/product\/yoast-seo-wordpress\/ -->\n<title>Note de synth\u00e8se, astuces et couleurs Nouvelle \u00e9dition 2026 - 9 \u00e9ditions<\/title>\n<meta name=\"description\" content=\"Catherine Sentenac vous propose sa m\u00e9thodologie de droit mise \u00e0 jour : nouveaux codes et textes de loi sur la Note de synth\u00e8se, Astuces et Couleurs 2026\" \/>\n<meta name=\"robots\" content=\"index, follow, max-snippet:-1, max-image-preview:large, max-video-preview:-1\" \/>\n<link rel=\"canonical\" href=\"https:\/\/9editions.com\/boutique\/produit\/note-de-synthese-astuces-et-couleurs-nouvelle-edition-2026\/\" \/>\n<meta property=\"og:locale\" content=\"fr_FR\" \/>\n<meta property=\"og:type\" content=\"article\" \/>\n<meta property=\"og:title\" content=\"Note de synth\u00e8se, astuces et couleurs Nouvelle \u00e9dition 2026 - 9 \u00e9ditions\" \/>\n<meta property=\"og:description\" content=\"Catherine Sentenac vous propose sa m\u00e9thodologie de droit mise \u00e0 jour : nouveaux codes et textes de loi sur la Note de synth\u00e8se, Astuces et Couleurs 2026\" \/>\n<meta property=\"og:url\" content=\"https:\/\/9editions.com\/boutique\/produit\/note-de-synthese-astuces-et-couleurs-nouvelle-edition-2026\/\" \/>\n<meta property=\"og:site_name\" content=\"9 \u00e9ditions\" \/>\n<meta property=\"article:publisher\" content=\"https:\/\/www.facebook.com\/9editions?ref=bookmarks\" \/>\n<meta property=\"og:image\" content=\"https:\/\/9editions.com\/boutique\/wp-content\/uploads\/2026\/03\/9782377272044_1.jpg\" \/>\n\t<meta property=\"og:image:width\" content=\"1715\" \/>\n\t<meta property=\"og:image:height\" content=\"2364\" \/>\n\t<meta property=\"og:image:type\" content=\"image\/jpeg\" \/>\n<meta name=\"twitter:card\" content=\"summary_large_image\" \/>\n<meta name=\"twitter:site\" content=\"@9_editions\" \/>\n<meta name=\"twitter:label1\" content=\"Dur\u00e9e de lecture estim\u00e9e\" \/>\n\t<meta name=\"twitter:data1\" content=\"1 minute\" \/>\n<script type=\"application\/ld+json\" class=\"yoast-schema-graph\">{\"@context\":\"https:\\\/\\\/schema.org\",\"@graph\":[{\"@type\":\"WebPage\",\"@id\":\"https:\\\/\\\/9editions.com\\\/boutique\\\/produit\\\/note-de-synthese-astuces-et-couleurs-nouvelle-edition-2026\\\/\",\"url\":\"https:\\\/\\\/9editions.com\\\/boutique\\\/produit\\\/note-de-synthese-astuces-et-couleurs-nouvelle-edition-2026\\\/\",\"name\":\"Note de synth\u00e8se, astuces et couleurs Nouvelle \u00e9dition 2026 - 9 \u00e9ditions\",\"isPartOf\":{\"@id\":\"https:\\\/\\\/9editions.com\\\/boutique\\\/#website\"},\"primaryImageOfPage\":{\"@id\":\"https:\\\/\\\/9editions.com\\\/boutique\\\/produit\\\/note-de-synthese-astuces-et-couleurs-nouvelle-edition-2026\\\/#primaryimage\"},\"image\":{\"@id\":\"https:\\\/\\\/9editions.com\\\/boutique\\\/produit\\\/note-de-synthese-astuces-et-couleurs-nouvelle-edition-2026\\\/#primaryimage\"},\"thumbnailUrl\":\"https:\\\/\\\/9editions.com\\\/boutique\\\/wp-content\\\/uploads\\\/2026\\\/03\\\/9782377272044_1.jpg\",\"datePublished\":\"2026-03-03T09:08:38+00:00\",\"description\":\"Catherine Sentenac vous propose sa m\u00e9thodologie de droit mise \u00e0 jour : nouveaux codes et textes de loi sur la Note de synth\u00e8se, Astuces et Couleurs 2026\",\"breadcrumb\":{\"@id\":\"https:\\\/\\\/9editions.com\\\/boutique\\\/produit\\\/note-de-synthese-astuces-et-couleurs-nouvelle-edition-2026\\\/#breadcrumb\"},\"inLanguage\":\"fr-FR\",\"potentialAction\":[{\"@type\":\"ReadAction\",\"target\":[\"https:\\\/\\\/9editions.com\\\/boutique\\\/produit\\\/note-de-synthese-astuces-et-couleurs-nouvelle-edition-2026\\\/\"]}]},{\"@type\":\"ImageObject\",\"inLanguage\":\"fr-FR\",\"@id\":\"https:\\\/\\\/9editions.com\\\/boutique\\\/produit\\\/note-de-synthese-astuces-et-couleurs-nouvelle-edition-2026\\\/#primaryimage\",\"url\":\"https:\\\/\\\/9editions.com\\\/boutique\\\/wp-content\\\/uploads\\\/2026\\\/03\\\/9782377272044_1.jpg\",\"contentUrl\":\"https:\\\/\\\/9editions.com\\\/boutique\\\/wp-content\\\/uploads\\\/2026\\\/03\\\/9782377272044_1.jpg\",\"width\":1715,\"height\":2364},{\"@type\":\"BreadcrumbList\",\"@id\":\"https:\\\/\\\/9editions.com\\\/boutique\\\/produit\\\/note-de-synthese-astuces-et-couleurs-nouvelle-edition-2026\\\/#breadcrumb\",\"itemListElement\":[{\"@type\":\"ListItem\",\"position\":1,\"name\":\"Accueil\",\"item\":\"https:\\\/\\\/9editions.com\\\/boutique\\\/\"},{\"@type\":\"ListItem\",\"position\":2,\"name\":\"Boutique\",\"item\":\"https:\\\/\\\/9editions.com\\\/boutique\\\/\"},{\"@type\":\"ListItem\",\"position\":3,\"name\":\"Note de synth\u00e8se, astuces et couleurs Nouvelle \u00e9dition 2026\"}]},{\"@type\":\"WebSite\",\"@id\":\"https:\\\/\\\/9editions.com\\\/boutique\\\/#website\",\"url\":\"https:\\\/\\\/9editions.com\\\/boutique\\\/\",\"name\":\"9 \u00e9ditions\",\"description\":\"La maison d&#039;\u00e9dition au c\u00f4t\u00e9 des auteurs\",\"publisher\":{\"@id\":\"https:\\\/\\\/9editions.com\\\/boutique\\\/#organization\"},\"potentialAction\":[{\"@type\":\"SearchAction\",\"target\":{\"@type\":\"EntryPoint\",\"urlTemplate\":\"https:\\\/\\\/9editions.com\\\/boutique\\\/?s={search_term_string}\"},\"query-input\":{\"@type\":\"PropertyValueSpecification\",\"valueRequired\":true,\"valueName\":\"search_term_string\"}}],\"inLanguage\":\"fr-FR\"},{\"@type\":\"Organization\",\"@id\":\"https:\\\/\\\/9editions.com\\\/boutique\\\/#organization\",\"name\":\"9 \u00e9ditions\",\"url\":\"https:\\\/\\\/9editions.com\\\/boutique\\\/\",\"logo\":{\"@type\":\"ImageObject\",\"inLanguage\":\"fr-FR\",\"@id\":\"https:\\\/\\\/9editions.com\\\/boutique\\\/#\\\/schema\\\/logo\\\/image\\\/\",\"url\":\"https:\\\/\\\/9editions.com\\\/boutique\\\/wp-content\\\/uploads\\\/2020\\\/03\\\/cropped-9-editions-logo-amazon.jpg\",\"contentUrl\":\"https:\\\/\\\/9editions.com\\\/boutique\\\/wp-content\\\/uploads\\\/2020\\\/03\\\/cropped-9-editions-logo-amazon.jpg\",\"width\":120,\"height\":30,\"caption\":\"9 \u00e9ditions\"},\"image\":{\"@id\":\"https:\\\/\\\/9editions.com\\\/boutique\\\/#\\\/schema\\\/logo\\\/image\\\/\"},\"sameAs\":[\"https:\\\/\\\/www.facebook.com\\\/9editions?ref=bookmarks\",\"https:\\\/\\\/x.com\\\/9_editions\",\"https:\\\/\\\/www.instagram.com\\\/9editions_\\\/\"]}]}<\/script>\n<!-- \/ Yoast SEO plugin. -->","yoast_head_json":{"title":"Note de synth\u00e8se, astuces et couleurs Nouvelle \u00e9dition 2026 - 9 \u00e9ditions","description":"Catherine Sentenac vous propose sa m\u00e9thodologie de droit mise \u00e0 jour : nouveaux codes et textes de loi sur la Note de synth\u00e8se, Astuces et Couleurs 2026","robots":{"index":"index","follow":"follow","max-snippet":"max-snippet:-1","max-image-preview":"max-image-preview:large","max-video-preview":"max-video-preview:-1"},"canonical":"https:\/\/9editions.com\/boutique\/produit\/note-de-synthese-astuces-et-couleurs-nouvelle-edition-2026\/","og_locale":"fr_FR","og_type":"article","og_title":"Note de synth\u00e8se, astuces et couleurs Nouvelle \u00e9dition 2026 - 9 \u00e9ditions","og_description":"Catherine Sentenac vous propose sa m\u00e9thodologie de droit mise \u00e0 jour : nouveaux codes et textes de loi sur la Note de synth\u00e8se, Astuces et Couleurs 2026","og_url":"https:\/\/9editions.com\/boutique\/produit\/note-de-synthese-astuces-et-couleurs-nouvelle-edition-2026\/","og_site_name":"9 \u00e9ditions","article_publisher":"https:\/\/www.facebook.com\/9editions?ref=bookmarks","og_image":[{"width":1715,"height":2364,"url":"https:\/\/9editions.com\/boutique\/wp-content\/uploads\/2026\/03\/9782377272044_1.jpg","type":"image\/jpeg"}],"twitter_card":"summary_large_image","twitter_site":"@9_editions","twitter_misc":{"Dur\u00e9e de lecture estim\u00e9e":"1 minute"},"schema":{"@context":"https:\/\/schema.org","@graph":[{"@type":"WebPage","@id":"https:\/\/9editions.com\/boutique\/produit\/note-de-synthese-astuces-et-couleurs-nouvelle-edition-2026\/","url":"https:\/\/9editions.com\/boutique\/produit\/note-de-synthese-astuces-et-couleurs-nouvelle-edition-2026\/","name":"Note de synth\u00e8se, astuces et couleurs Nouvelle \u00e9dition 2026 - 9 \u00e9ditions","isPartOf":{"@id":"https:\/\/9editions.com\/boutique\/#website"},"primaryImageOfPage":{"@id":"https:\/\/9editions.com\/boutique\/produit\/note-de-synthese-astuces-et-couleurs-nouvelle-edition-2026\/#primaryimage"},"image":{"@id":"https:\/\/9editions.com\/boutique\/produit\/note-de-synthese-astuces-et-couleurs-nouvelle-edition-2026\/#primaryimage"},"thumbnailUrl":"https:\/\/9editions.com\/boutique\/wp-content\/uploads\/2026\/03\/9782377272044_1.jpg","datePublished":"2026-03-03T09:08:38+00:00","description":"Catherine Sentenac vous propose sa m\u00e9thodologie de droit mise \u00e0 jour : nouveaux codes et textes de loi sur la Note de synth\u00e8se, Astuces et Couleurs 2026","breadcrumb":{"@id":"https:\/\/9editions.com\/boutique\/produit\/note-de-synthese-astuces-et-couleurs-nouvelle-edition-2026\/#breadcrumb"},"inLanguage":"fr-FR","potentialAction":[{"@type":"ReadAction","target":["https:\/\/9editions.com\/boutique\/produit\/note-de-synthese-astuces-et-couleurs-nouvelle-edition-2026\/"]}]},{"@type":"ImageObject","inLanguage":"fr-FR","@id":"https:\/\/9editions.com\/boutique\/produit\/note-de-synthese-astuces-et-couleurs-nouvelle-edition-2026\/#primaryimage","url":"https:\/\/9editions.com\/boutique\/wp-content\/uploads\/2026\/03\/9782377272044_1.jpg","contentUrl":"https:\/\/9editions.com\/boutique\/wp-content\/uploads\/2026\/03\/9782377272044_1.jpg","width":1715,"height":2364},{"@type":"BreadcrumbList","@id":"https:\/\/9editions.com\/boutique\/produit\/note-de-synthese-astuces-et-couleurs-nouvelle-edition-2026\/#breadcrumb","itemListElement":[{"@type":"ListItem","position":1,"name":"Accueil","item":"https:\/\/9editions.com\/boutique\/"},{"@type":"ListItem","position":2,"name":"Boutique","item":"https:\/\/9editions.com\/boutique\/"},{"@type":"ListItem","position":3,"name":"Note de synth\u00e8se, astuces et couleurs Nouvelle \u00e9dition 2026"}]},{"@type":"WebSite","@id":"https:\/\/9editions.com\/boutique\/#website","url":"https:\/\/9editions.com\/boutique\/","name":"9 \u00e9ditions","description":"La maison d&#039;\u00e9dition au c\u00f4t\u00e9 des auteurs","publisher":{"@id":"https:\/\/9editions.com\/boutique\/#organization"},"potentialAction":[{"@type":"SearchAction","target":{"@type":"EntryPoint","urlTemplate":"https:\/\/9editions.com\/boutique\/?s={search_term_string}"},"query-input":{"@type":"PropertyValueSpecification","valueRequired":true,"valueName":"search_term_string"}}],"inLanguage":"fr-FR"},{"@type":"Organization","@id":"https:\/\/9editions.com\/boutique\/#organization","name":"9 \u00e9ditions","url":"https:\/\/9editions.com\/boutique\/","logo":{"@type":"ImageObject","inLanguage":"fr-FR","@id":"https:\/\/9editions.com\/boutique\/#\/schema\/logo\/image\/","url":"https:\/\/9editions.com\/boutique\/wp-content\/uploads\/2020\/03\/cropped-9-editions-logo-amazon.jpg","contentUrl":"https:\/\/9editions.com\/boutique\/wp-content\/uploads\/2020\/03\/cropped-9-editions-logo-amazon.jpg","width":120,"height":30,"caption":"9 \u00e9ditions"},"image":{"@id":"https:\/\/9editions.com\/boutique\/#\/schema\/logo\/image\/"},"sameAs":["https:\/\/www.facebook.com\/9editions?ref=bookmarks","https:\/\/x.com\/9_editions","https:\/\/www.instagram.com\/9editions_\/"]}]}},"jetpack_sharing_enabled":true,"_links":{"self":[{"href":"https:\/\/9editions.com\/boutique\/wp-json\/wp\/v2\/product\/3113","targetHints":{"allow":["GET"]}}],"collection":[{"href":"https:\/\/9editions.com\/boutique\/wp-json\/wp\/v2\/product"}],"about":[{"href":"https:\/\/9editions.com\/boutique\/wp-json\/wp\/v2\/types\/product"}],"replies":[{"embeddable":true,"href":"https:\/\/9editions.com\/boutique\/wp-json\/wp\/v2\/comments?post=3113"}],"wp:featuredmedia":[{"embeddable":true,"href":"https:\/\/9editions.com\/boutique\/wp-json\/wp\/v2\/media\/3114"}],"wp:attachment":[{"href":"https:\/\/9editions.com\/boutique\/wp-json\/wp\/v2\/media?parent=3113"}],"wp:term":[{"taxonomy":"product_brand","embeddable":true,"href":"https:\/\/9editions.com\/boutique\/wp-json\/wp\/v2\/product_brand?post=3113"},{"taxonomy":"product_cat","embeddable":true,"href":"https:\/\/9editions.com\/boutique\/wp-json\/wp\/v2\/product_cat?post=3113"},{"taxonomy":"product_tag","embeddable":true,"href":"https:\/\/9editions.com\/boutique\/wp-json\/wp\/v2\/product_tag?post=3113"}],"curies":[{"name":"wp","href":"https:\/\/api.w.org\/{rel}","templated":true}]}}