{"id":3106,"date":"2026-01-06T10:36:22","date_gmt":"2026-01-06T09:36:22","guid":{"rendered":"https:\/\/9editions.com\/boutique\/?post_type=product&#038;p=3106"},"modified":"2026-01-06T10:44:54","modified_gmt":"2026-01-06T09:44:54","slug":"louvrage","status":"publish","type":"product","link":"https:\/\/9editions.com\/boutique\/produit\/louvrage\/","title":{"rendered":"L&rsquo;ouvr&rsquo;\u00e2ge"},"content":{"rendered":"<p>Apr\u00e8s des longues \u00e9tudes de droit, Catherine Centanse s\u2019est redirig\u00e9e vers une carri\u00e8re d\u2019\u00e9crivaine. Autrice de quatre ouvrages de d\u00e9veloppement personnel parus chez le m\u00eame \u00e9diteur, \u00e9galement po\u00e8te, elle a obtenu la mention po\u00e9tique au concours national \u00ab les Po\u00e9siades \u00bb organis\u00e9 par l\u2019Institut Acad\u00e9mique de Litt\u00e9rature Francophone. Enfin, elle \u00e9crit des ouvrages de psychologie et de philosophie.<\/p>\n","protected":false},"excerpt":{"rendered":"<p>Ouvrez donc cet ouvrage ! Il contient des histoires in\u00e9dites pour petits et grands de tous les milieux et de tous les \u00e2ges.<\/p>\n<p>Ces contes, originaux et vari\u00e9s, sont dr\u00f4les ; et pourtant, ils permettront de faire r\u00e9fl\u00e9chir grands et petits.<\/p>\n<p>R\u00e9dig\u00e9es dans un style nouveau, fluide et facile \u00e0 lire, ces histoires sont tr\u00e8s riches en vocabulaire expliqu\u00e9 simplement par de nombreuses notes de bas de page pour d\u00e9finir les mots subtils, et pour permettre aux loupiots de bien saisir le sens de chaque mot. Illustr\u00e9es par des dessins \u00e0 l\u2019aquarelle, elles sont aussi pleines de joie et de jeux de mots.<\/p>\n<p>Voil\u00e0 comment, tout en leur faisant travailler la ma\u00eetrise de la langue fran\u00e7aise, ces contes permettront \u00e0 vos enfants de rire et de se remplir d\u2019une bonne \u00e9nergie.<\/p>\n","protected":false},"featured_media":3107,"comment_status":"open","ping_status":"closed","template":"","meta":[],"product_brand":[],"product_cat":[170,32],"product_tag":[28,209,532,264],"class_list":{"0":"post-3106","1":"product","2":"type-product","3":"status-publish","6":"product_cat-jeunesse","7":"product_cat-livre-broche","8":"product_tag-catherine-centanse","9":"product_tag-jeunesse","10":"product_tag-louvrage","11":"product_tag-livre-jeunesse","12":"product_shipping_class-livre","14":"first","15":"instock","16":"purchasable","17":"product-type-simple"},"yoast_head":"<!-- This site is optimized with the Yoast SEO plugin v27.3 - https:\/\/yoast.com\/product\/yoast-seo-wordpress\/ -->\n<title>L&#039;ouvr&#039;\u00e2ge - 9 \u00e9ditions<\/title>\n<meta name=\"description\" content=\"D\u00e9couvrez le seconds livre de contes illustr\u00e9s pour enfants de Catherine Centanse : L&#039;ouvr&#039;\u00e2ge publi\u00e9 chez 9 \u00e9ditions. L&#039;autrice propose une lecture ludique\" \/>\n<meta name=\"robots\" content=\"index, follow, max-snippet:-1, max-image-preview:large, max-video-preview:-1\" \/>\n<link rel=\"canonical\" href=\"https:\/\/9editions.com\/boutique\/produit\/louvrage\/\" \/>\n<meta property=\"og:locale\" content=\"fr_FR\" \/>\n<meta property=\"og:type\" content=\"article\" \/>\n<meta property=\"og:title\" content=\"L&#039;ouvr&#039;\u00e2ge - 9 \u00e9ditions\" \/>\n<meta property=\"og:description\" content=\"D\u00e9couvrez le seconds livre de contes illustr\u00e9s pour enfants de Catherine Centanse : L&#039;ouvr&#039;\u00e2ge publi\u00e9 chez 9 \u00e9ditions. L&#039;autrice propose une lecture ludique\" \/>\n<meta property=\"og:url\" content=\"https:\/\/9editions.com\/boutique\/produit\/louvrage\/\" \/>\n<meta property=\"og:site_name\" content=\"9 \u00e9ditions\" \/>\n<meta property=\"article:publisher\" content=\"https:\/\/www.facebook.com\/9editions?ref=bookmarks\" \/>\n<meta property=\"article:modified_time\" content=\"2026-01-06T09:44:54+00:00\" \/>\n<meta property=\"og:image\" content=\"https:\/\/9editions.com\/boutique\/wp-content\/uploads\/2026\/01\/978277272006_1.jpg\" \/>\n\t<meta property=\"og:image:width\" content=\"2511\" \/>\n\t<meta property=\"og:image:height\" content=\"1805\" \/>\n\t<meta property=\"og:image:type\" content=\"image\/jpeg\" \/>\n<meta name=\"twitter:card\" content=\"summary_large_image\" \/>\n<meta name=\"twitter:site\" content=\"@9_editions\" \/>\n<meta name=\"twitter:label1\" content=\"Dur\u00e9e de lecture estim\u00e9e\" \/>\n\t<meta name=\"twitter:data1\" content=\"1 minute\" \/>\n<script type=\"application\/ld+json\" class=\"yoast-schema-graph\">{\"@context\":\"https:\\\/\\\/schema.org\",\"@graph\":[{\"@type\":\"WebPage\",\"@id\":\"https:\\\/\\\/9editions.com\\\/boutique\\\/produit\\\/louvrage\\\/\",\"url\":\"https:\\\/\\\/9editions.com\\\/boutique\\\/produit\\\/louvrage\\\/\",\"name\":\"L'ouvr'\u00e2ge - 9 \u00e9ditions\",\"isPartOf\":{\"@id\":\"https:\\\/\\\/9editions.com\\\/boutique\\\/#website\"},\"primaryImageOfPage\":{\"@id\":\"https:\\\/\\\/9editions.com\\\/boutique\\\/produit\\\/louvrage\\\/#primaryimage\"},\"image\":{\"@id\":\"https:\\\/\\\/9editions.com\\\/boutique\\\/produit\\\/louvrage\\\/#primaryimage\"},\"thumbnailUrl\":\"https:\\\/\\\/9editions.com\\\/boutique\\\/wp-content\\\/uploads\\\/2026\\\/01\\\/978277272006_1.jpg\",\"datePublished\":\"2026-01-06T09:36:22+00:00\",\"dateModified\":\"2026-01-06T09:44:54+00:00\",\"description\":\"D\u00e9couvrez le seconds livre de contes illustr\u00e9s pour enfants de Catherine Centanse : L'ouvr'\u00e2ge publi\u00e9 chez 9 \u00e9ditions. L'autrice propose une lecture ludique\",\"breadcrumb\":{\"@id\":\"https:\\\/\\\/9editions.com\\\/boutique\\\/produit\\\/louvrage\\\/#breadcrumb\"},\"inLanguage\":\"fr-FR\",\"potentialAction\":[{\"@type\":\"ReadAction\",\"target\":[\"https:\\\/\\\/9editions.com\\\/boutique\\\/produit\\\/louvrage\\\/\"]}]},{\"@type\":\"ImageObject\",\"inLanguage\":\"fr-FR\",\"@id\":\"https:\\\/\\\/9editions.com\\\/boutique\\\/produit\\\/louvrage\\\/#primaryimage\",\"url\":\"https:\\\/\\\/9editions.com\\\/boutique\\\/wp-content\\\/uploads\\\/2026\\\/01\\\/978277272006_1.jpg\",\"contentUrl\":\"https:\\\/\\\/9editions.com\\\/boutique\\\/wp-content\\\/uploads\\\/2026\\\/01\\\/978277272006_1.jpg\",\"width\":2511,\"height\":1805,\"caption\":\"L'ouvr'\u00e2ge livre pour enfants de Catherine Centanse\"},{\"@type\":\"BreadcrumbList\",\"@id\":\"https:\\\/\\\/9editions.com\\\/boutique\\\/produit\\\/louvrage\\\/#breadcrumb\",\"itemListElement\":[{\"@type\":\"ListItem\",\"position\":1,\"name\":\"Accueil\",\"item\":\"https:\\\/\\\/9editions.com\\\/boutique\\\/\"},{\"@type\":\"ListItem\",\"position\":2,\"name\":\"Boutique\",\"item\":\"https:\\\/\\\/9editions.com\\\/boutique\\\/\"},{\"@type\":\"ListItem\",\"position\":3,\"name\":\"L&rsquo;ouvr&rsquo;\u00e2ge\"}]},{\"@type\":\"WebSite\",\"@id\":\"https:\\\/\\\/9editions.com\\\/boutique\\\/#website\",\"url\":\"https:\\\/\\\/9editions.com\\\/boutique\\\/\",\"name\":\"9 \u00e9ditions\",\"description\":\"La maison d&#039;\u00e9dition au c\u00f4t\u00e9 des auteurs\",\"publisher\":{\"@id\":\"https:\\\/\\\/9editions.com\\\/boutique\\\/#organization\"},\"potentialAction\":[{\"@type\":\"SearchAction\",\"target\":{\"@type\":\"EntryPoint\",\"urlTemplate\":\"https:\\\/\\\/9editions.com\\\/boutique\\\/?s={search_term_string}\"},\"query-input\":{\"@type\":\"PropertyValueSpecification\",\"valueRequired\":true,\"valueName\":\"search_term_string\"}}],\"inLanguage\":\"fr-FR\"},{\"@type\":\"Organization\",\"@id\":\"https:\\\/\\\/9editions.com\\\/boutique\\\/#organization\",\"name\":\"9 \u00e9ditions\",\"url\":\"https:\\\/\\\/9editions.com\\\/boutique\\\/\",\"logo\":{\"@type\":\"ImageObject\",\"inLanguage\":\"fr-FR\",\"@id\":\"https:\\\/\\\/9editions.com\\\/boutique\\\/#\\\/schema\\\/logo\\\/image\\\/\",\"url\":\"https:\\\/\\\/9editions.com\\\/boutique\\\/wp-content\\\/uploads\\\/2020\\\/03\\\/cropped-9-editions-logo-amazon.jpg\",\"contentUrl\":\"https:\\\/\\\/9editions.com\\\/boutique\\\/wp-content\\\/uploads\\\/2020\\\/03\\\/cropped-9-editions-logo-amazon.jpg\",\"width\":120,\"height\":30,\"caption\":\"9 \u00e9ditions\"},\"image\":{\"@id\":\"https:\\\/\\\/9editions.com\\\/boutique\\\/#\\\/schema\\\/logo\\\/image\\\/\"},\"sameAs\":[\"https:\\\/\\\/www.facebook.com\\\/9editions?ref=bookmarks\",\"https:\\\/\\\/x.com\\\/9_editions\",\"https:\\\/\\\/www.instagram.com\\\/9editions_\\\/\"]}]}<\/script>\n<!-- \/ Yoast SEO plugin. -->","yoast_head_json":{"title":"L'ouvr'\u00e2ge - 9 \u00e9ditions","description":"D\u00e9couvrez le seconds livre de contes illustr\u00e9s pour enfants de Catherine Centanse : L'ouvr'\u00e2ge publi\u00e9 chez 9 \u00e9ditions. L'autrice propose une lecture ludique","robots":{"index":"index","follow":"follow","max-snippet":"max-snippet:-1","max-image-preview":"max-image-preview:large","max-video-preview":"max-video-preview:-1"},"canonical":"https:\/\/9editions.com\/boutique\/produit\/louvrage\/","og_locale":"fr_FR","og_type":"article","og_title":"L'ouvr'\u00e2ge - 9 \u00e9ditions","og_description":"D\u00e9couvrez le seconds livre de contes illustr\u00e9s pour enfants de Catherine Centanse : L'ouvr'\u00e2ge publi\u00e9 chez 9 \u00e9ditions. L'autrice propose une lecture ludique","og_url":"https:\/\/9editions.com\/boutique\/produit\/louvrage\/","og_site_name":"9 \u00e9ditions","article_publisher":"https:\/\/www.facebook.com\/9editions?ref=bookmarks","article_modified_time":"2026-01-06T09:44:54+00:00","og_image":[{"width":2511,"height":1805,"url":"https:\/\/9editions.com\/boutique\/wp-content\/uploads\/2026\/01\/978277272006_1.jpg","type":"image\/jpeg"}],"twitter_card":"summary_large_image","twitter_site":"@9_editions","twitter_misc":{"Dur\u00e9e de lecture estim\u00e9e":"1 minute"},"schema":{"@context":"https:\/\/schema.org","@graph":[{"@type":"WebPage","@id":"https:\/\/9editions.com\/boutique\/produit\/louvrage\/","url":"https:\/\/9editions.com\/boutique\/produit\/louvrage\/","name":"L'ouvr'\u00e2ge - 9 \u00e9ditions","isPartOf":{"@id":"https:\/\/9editions.com\/boutique\/#website"},"primaryImageOfPage":{"@id":"https:\/\/9editions.com\/boutique\/produit\/louvrage\/#primaryimage"},"image":{"@id":"https:\/\/9editions.com\/boutique\/produit\/louvrage\/#primaryimage"},"thumbnailUrl":"https:\/\/9editions.com\/boutique\/wp-content\/uploads\/2026\/01\/978277272006_1.jpg","datePublished":"2026-01-06T09:36:22+00:00","dateModified":"2026-01-06T09:44:54+00:00","description":"D\u00e9couvrez le seconds livre de contes illustr\u00e9s pour enfants de Catherine Centanse : L'ouvr'\u00e2ge publi\u00e9 chez 9 \u00e9ditions. L'autrice propose une lecture ludique","breadcrumb":{"@id":"https:\/\/9editions.com\/boutique\/produit\/louvrage\/#breadcrumb"},"inLanguage":"fr-FR","potentialAction":[{"@type":"ReadAction","target":["https:\/\/9editions.com\/boutique\/produit\/louvrage\/"]}]},{"@type":"ImageObject","inLanguage":"fr-FR","@id":"https:\/\/9editions.com\/boutique\/produit\/louvrage\/#primaryimage","url":"https:\/\/9editions.com\/boutique\/wp-content\/uploads\/2026\/01\/978277272006_1.jpg","contentUrl":"https:\/\/9editions.com\/boutique\/wp-content\/uploads\/2026\/01\/978277272006_1.jpg","width":2511,"height":1805,"caption":"L'ouvr'\u00e2ge livre pour enfants de Catherine Centanse"},{"@type":"BreadcrumbList","@id":"https:\/\/9editions.com\/boutique\/produit\/louvrage\/#breadcrumb","itemListElement":[{"@type":"ListItem","position":1,"name":"Accueil","item":"https:\/\/9editions.com\/boutique\/"},{"@type":"ListItem","position":2,"name":"Boutique","item":"https:\/\/9editions.com\/boutique\/"},{"@type":"ListItem","position":3,"name":"L&rsquo;ouvr&rsquo;\u00e2ge"}]},{"@type":"WebSite","@id":"https:\/\/9editions.com\/boutique\/#website","url":"https:\/\/9editions.com\/boutique\/","name":"9 \u00e9ditions","description":"La maison d&#039;\u00e9dition au c\u00f4t\u00e9 des auteurs","publisher":{"@id":"https:\/\/9editions.com\/boutique\/#organization"},"potentialAction":[{"@type":"SearchAction","target":{"@type":"EntryPoint","urlTemplate":"https:\/\/9editions.com\/boutique\/?s={search_term_string}"},"query-input":{"@type":"PropertyValueSpecification","valueRequired":true,"valueName":"search_term_string"}}],"inLanguage":"fr-FR"},{"@type":"Organization","@id":"https:\/\/9editions.com\/boutique\/#organization","name":"9 \u00e9ditions","url":"https:\/\/9editions.com\/boutique\/","logo":{"@type":"ImageObject","inLanguage":"fr-FR","@id":"https:\/\/9editions.com\/boutique\/#\/schema\/logo\/image\/","url":"https:\/\/9editions.com\/boutique\/wp-content\/uploads\/2020\/03\/cropped-9-editions-logo-amazon.jpg","contentUrl":"https:\/\/9editions.com\/boutique\/wp-content\/uploads\/2020\/03\/cropped-9-editions-logo-amazon.jpg","width":120,"height":30,"caption":"9 \u00e9ditions"},"image":{"@id":"https:\/\/9editions.com\/boutique\/#\/schema\/logo\/image\/"},"sameAs":["https:\/\/www.facebook.com\/9editions?ref=bookmarks","https:\/\/x.com\/9_editions","https:\/\/www.instagram.com\/9editions_\/"]}]}},"jetpack_sharing_enabled":true,"_links":{"self":[{"href":"https:\/\/9editions.com\/boutique\/wp-json\/wp\/v2\/product\/3106","targetHints":{"allow":["GET"]}}],"collection":[{"href":"https:\/\/9editions.com\/boutique\/wp-json\/wp\/v2\/product"}],"about":[{"href":"https:\/\/9editions.com\/boutique\/wp-json\/wp\/v2\/types\/product"}],"replies":[{"embeddable":true,"href":"https:\/\/9editions.com\/boutique\/wp-json\/wp\/v2\/comments?post=3106"}],"wp:featuredmedia":[{"embeddable":true,"href":"https:\/\/9editions.com\/boutique\/wp-json\/wp\/v2\/media\/3107"}],"wp:attachment":[{"href":"https:\/\/9editions.com\/boutique\/wp-json\/wp\/v2\/media?parent=3106"}],"wp:term":[{"taxonomy":"product_brand","embeddable":true,"href":"https:\/\/9editions.com\/boutique\/wp-json\/wp\/v2\/product_brand?post=3106"},{"taxonomy":"product_cat","embeddable":true,"href":"https:\/\/9editions.com\/boutique\/wp-json\/wp\/v2\/product_cat?post=3106"},{"taxonomy":"product_tag","embeddable":true,"href":"https:\/\/9editions.com\/boutique\/wp-json\/wp\/v2\/product_tag?post=3106"}],"curies":[{"name":"wp","href":"https:\/\/api.w.org\/{rel}","templated":true}]}}