{"id":3102,"date":"2025-11-19T12:15:46","date_gmt":"2025-11-19T11:15:46","guid":{"rendered":"https:\/\/9editions.com\/boutique\/?post_type=product&#038;p=3102"},"modified":"2025-11-21T16:24:16","modified_gmt":"2025-11-21T15:24:16","slug":"dans-les-coulisses-de-letrange","status":"publish","type":"product","link":"https:\/\/9editions.com\/boutique\/produit\/dans-les-coulisses-de-letrange\/","title":{"rendered":"Dans les coulisses de l&rsquo;Etrange"},"content":{"rendered":"<p><strong>En pr\u00e9vente sortie pr\u00e9vue 30 novembre 2025<\/strong><\/p>\n<p>Il y a autour de nous et en nous des myst\u00e8res, des ph\u00e9nom\u00e8nes hors normes que la science (la m\u00e9decine quantique, holistique, la parapsychologie, la t\u00e9l\u00e9pathie\u2026) et les lois naturelles n\u2019ont pas totalement expliqu\u00e9s \u00e0 ce jour. Certains endroits et sites tomb\u00e9s dans l\u2019oubli dans notre r\u00e9gion, nous exposent encore \u00e0 de myst\u00e9rieuses \u00e9nergies vibratoires ou forces telluriques ayant un pouvoir de gu\u00e9rir le corps, l\u2019\u00e2me et l\u2019esprit.<\/p>\n<p>Ce sont trois histoires extraordinaires que l\u2019auteure Jacqueline Morandini nous fait d\u00e9couvrir dans ce recueil de nouvelles. Elle y relate des faits insolites et troublants v\u00e9cus sur des lieux consid\u00e9r\u00e9s comme magiques pour les uns, sacr\u00e9s pour les autres, des lieux o\u00f9 l\u2019art, l\u2019architecture ou encore l\u2019arch\u00e9ologie\u2026 jouent un r\u00f4le majeur.<\/p>\n","protected":false},"excerpt":{"rendered":"<p>En pr\u00e9vente sortie pr\u00e9vue 30 novembre 2025 Il y a autour de nous et en nous des myst\u00e8res, des ph\u00e9nom\u00e8nes hors normes que la science (la m\u00e9decine quantique, holistique, la parapsychologie, la t\u00e9l\u00e9pathie\u2026) et les lois naturelles n\u2019ont pas totalement expliqu\u00e9s \u00e0 ce jour. Certains endroits et sites tomb\u00e9s dans<\/p>\n","protected":false},"featured_media":3100,"comment_status":"open","ping_status":"closed","template":"","meta":[],"product_brand":[],"product_cat":[184,32,151,231],"product_tag":[531,527,528,517,529,273,530],"class_list":{"0":"post-3102","1":"product","2":"type-product","3":"status-publish","6":"product_cat-fantastique","7":"product_cat-livre-broche","8":"product_cat-nouvelles","9":"product_cat-prevente","10":"product_tag-auteure-artiste-peintre","11":"product_tag-dans-les-coulisses-de-letrange","12":"product_tag-energie-tellurique","13":"product_tag-jacqueline-morandini","14":"product_tag-monaco","15":"product_tag-recueil-de-nouvelles","16":"product_tag-saint-tropez","18":"first","19":"instock","20":"purchasable","21":"product-type-simple"},"yoast_head":"<!-- This site is optimized with the Yoast SEO plugin v27.3 - https:\/\/yoast.com\/product\/yoast-seo-wordpress\/ -->\n<title>Dans les coulisses de l&#039;Etrange - 9 \u00e9ditions<\/title>\n<meta name=\"description\" content=\"Profitez de la pr\u00e9vente du recueil de nouvelles de Jacqueline Morandini : Dans les coulisses de l&#039;Etrange histoires situ\u00e9e de Monaco \u00e0 Saint Tropez\" \/>\n<meta name=\"robots\" content=\"index, follow, max-snippet:-1, max-image-preview:large, max-video-preview:-1\" \/>\n<link rel=\"canonical\" href=\"https:\/\/9editions.com\/boutique\/produit\/dans-les-coulisses-de-letrange\/\" \/>\n<meta property=\"og:locale\" content=\"fr_FR\" \/>\n<meta property=\"og:type\" content=\"article\" \/>\n<meta property=\"og:title\" content=\"Dans les coulisses de l&#039;Etrange - 9 \u00e9ditions\" \/>\n<meta property=\"og:description\" content=\"Profitez de la pr\u00e9vente du recueil de nouvelles de Jacqueline Morandini : Dans les coulisses de l&#039;Etrange histoires situ\u00e9e de Monaco \u00e0 Saint Tropez\" \/>\n<meta property=\"og:url\" content=\"https:\/\/9editions.com\/boutique\/produit\/dans-les-coulisses-de-letrange\/\" \/>\n<meta property=\"og:site_name\" content=\"9 \u00e9ditions\" \/>\n<meta property=\"article:publisher\" content=\"https:\/\/www.facebook.com\/9editions?ref=bookmarks\" \/>\n<meta property=\"article:modified_time\" content=\"2025-11-21T15:24:16+00:00\" \/>\n<meta property=\"og:image\" content=\"https:\/\/9editions.com\/boutique\/wp-content\/uploads\/2025\/11\/9782377272020_1.jpg\" \/>\n\t<meta property=\"og:image:width\" content=\"1360\" \/>\n\t<meta property=\"og:image:height\" content=\"2244\" \/>\n\t<meta property=\"og:image:type\" content=\"image\/jpeg\" \/>\n<meta name=\"twitter:card\" content=\"summary_large_image\" \/>\n<meta name=\"twitter:site\" content=\"@9_editions\" \/>\n<meta name=\"twitter:label1\" content=\"Dur\u00e9e de lecture estim\u00e9e\" \/>\n\t<meta name=\"twitter:data1\" content=\"1 minute\" \/>\n<script type=\"application\/ld+json\" class=\"yoast-schema-graph\">{\"@context\":\"https:\\\/\\\/schema.org\",\"@graph\":[{\"@type\":\"WebPage\",\"@id\":\"https:\\\/\\\/9editions.com\\\/boutique\\\/produit\\\/dans-les-coulisses-de-letrange\\\/\",\"url\":\"https:\\\/\\\/9editions.com\\\/boutique\\\/produit\\\/dans-les-coulisses-de-letrange\\\/\",\"name\":\"Dans les coulisses de l'Etrange - 9 \u00e9ditions\",\"isPartOf\":{\"@id\":\"https:\\\/\\\/9editions.com\\\/boutique\\\/#website\"},\"primaryImageOfPage\":{\"@id\":\"https:\\\/\\\/9editions.com\\\/boutique\\\/produit\\\/dans-les-coulisses-de-letrange\\\/#primaryimage\"},\"image\":{\"@id\":\"https:\\\/\\\/9editions.com\\\/boutique\\\/produit\\\/dans-les-coulisses-de-letrange\\\/#primaryimage\"},\"thumbnailUrl\":\"https:\\\/\\\/9editions.com\\\/boutique\\\/wp-content\\\/uploads\\\/2025\\\/11\\\/9782377272020_1.jpg\",\"datePublished\":\"2025-11-19T11:15:46+00:00\",\"dateModified\":\"2025-11-21T15:24:16+00:00\",\"description\":\"Profitez de la pr\u00e9vente du recueil de nouvelles de Jacqueline Morandini : Dans les coulisses de l'Etrange histoires situ\u00e9e de Monaco \u00e0 Saint Tropez\",\"breadcrumb\":{\"@id\":\"https:\\\/\\\/9editions.com\\\/boutique\\\/produit\\\/dans-les-coulisses-de-letrange\\\/#breadcrumb\"},\"inLanguage\":\"fr-FR\",\"potentialAction\":[{\"@type\":\"ReadAction\",\"target\":[\"https:\\\/\\\/9editions.com\\\/boutique\\\/produit\\\/dans-les-coulisses-de-letrange\\\/\"]}]},{\"@type\":\"ImageObject\",\"inLanguage\":\"fr-FR\",\"@id\":\"https:\\\/\\\/9editions.com\\\/boutique\\\/produit\\\/dans-les-coulisses-de-letrange\\\/#primaryimage\",\"url\":\"https:\\\/\\\/9editions.com\\\/boutique\\\/wp-content\\\/uploads\\\/2025\\\/11\\\/9782377272020_1.jpg\",\"contentUrl\":\"https:\\\/\\\/9editions.com\\\/boutique\\\/wp-content\\\/uploads\\\/2025\\\/11\\\/9782377272020_1.jpg\",\"width\":1360,\"height\":2244},{\"@type\":\"BreadcrumbList\",\"@id\":\"https:\\\/\\\/9editions.com\\\/boutique\\\/produit\\\/dans-les-coulisses-de-letrange\\\/#breadcrumb\",\"itemListElement\":[{\"@type\":\"ListItem\",\"position\":1,\"name\":\"Accueil\",\"item\":\"https:\\\/\\\/9editions.com\\\/boutique\\\/\"},{\"@type\":\"ListItem\",\"position\":2,\"name\":\"Boutique\",\"item\":\"https:\\\/\\\/9editions.com\\\/boutique\\\/\"},{\"@type\":\"ListItem\",\"position\":3,\"name\":\"Dans les coulisses de l&rsquo;Etrange\"}]},{\"@type\":\"WebSite\",\"@id\":\"https:\\\/\\\/9editions.com\\\/boutique\\\/#website\",\"url\":\"https:\\\/\\\/9editions.com\\\/boutique\\\/\",\"name\":\"9 \u00e9ditions\",\"description\":\"La maison d&#039;\u00e9dition au c\u00f4t\u00e9 des auteurs\",\"publisher\":{\"@id\":\"https:\\\/\\\/9editions.com\\\/boutique\\\/#organization\"},\"potentialAction\":[{\"@type\":\"SearchAction\",\"target\":{\"@type\":\"EntryPoint\",\"urlTemplate\":\"https:\\\/\\\/9editions.com\\\/boutique\\\/?s={search_term_string}\"},\"query-input\":{\"@type\":\"PropertyValueSpecification\",\"valueRequired\":true,\"valueName\":\"search_term_string\"}}],\"inLanguage\":\"fr-FR\"},{\"@type\":\"Organization\",\"@id\":\"https:\\\/\\\/9editions.com\\\/boutique\\\/#organization\",\"name\":\"9 \u00e9ditions\",\"url\":\"https:\\\/\\\/9editions.com\\\/boutique\\\/\",\"logo\":{\"@type\":\"ImageObject\",\"inLanguage\":\"fr-FR\",\"@id\":\"https:\\\/\\\/9editions.com\\\/boutique\\\/#\\\/schema\\\/logo\\\/image\\\/\",\"url\":\"https:\\\/\\\/9editions.com\\\/boutique\\\/wp-content\\\/uploads\\\/2020\\\/03\\\/cropped-9-editions-logo-amazon.jpg\",\"contentUrl\":\"https:\\\/\\\/9editions.com\\\/boutique\\\/wp-content\\\/uploads\\\/2020\\\/03\\\/cropped-9-editions-logo-amazon.jpg\",\"width\":120,\"height\":30,\"caption\":\"9 \u00e9ditions\"},\"image\":{\"@id\":\"https:\\\/\\\/9editions.com\\\/boutique\\\/#\\\/schema\\\/logo\\\/image\\\/\"},\"sameAs\":[\"https:\\\/\\\/www.facebook.com\\\/9editions?ref=bookmarks\",\"https:\\\/\\\/x.com\\\/9_editions\",\"https:\\\/\\\/www.instagram.com\\\/9editions_\\\/\"]}]}<\/script>\n<!-- \/ Yoast SEO plugin. -->","yoast_head_json":{"title":"Dans les coulisses de l'Etrange - 9 \u00e9ditions","description":"Profitez de la pr\u00e9vente du recueil de nouvelles de Jacqueline Morandini : Dans les coulisses de l'Etrange histoires situ\u00e9e de Monaco \u00e0 Saint Tropez","robots":{"index":"index","follow":"follow","max-snippet":"max-snippet:-1","max-image-preview":"max-image-preview:large","max-video-preview":"max-video-preview:-1"},"canonical":"https:\/\/9editions.com\/boutique\/produit\/dans-les-coulisses-de-letrange\/","og_locale":"fr_FR","og_type":"article","og_title":"Dans les coulisses de l'Etrange - 9 \u00e9ditions","og_description":"Profitez de la pr\u00e9vente du recueil de nouvelles de Jacqueline Morandini : Dans les coulisses de l'Etrange histoires situ\u00e9e de Monaco \u00e0 Saint Tropez","og_url":"https:\/\/9editions.com\/boutique\/produit\/dans-les-coulisses-de-letrange\/","og_site_name":"9 \u00e9ditions","article_publisher":"https:\/\/www.facebook.com\/9editions?ref=bookmarks","article_modified_time":"2025-11-21T15:24:16+00:00","og_image":[{"width":1360,"height":2244,"url":"https:\/\/9editions.com\/boutique\/wp-content\/uploads\/2025\/11\/9782377272020_1.jpg","type":"image\/jpeg"}],"twitter_card":"summary_large_image","twitter_site":"@9_editions","twitter_misc":{"Dur\u00e9e de lecture estim\u00e9e":"1 minute"},"schema":{"@context":"https:\/\/schema.org","@graph":[{"@type":"WebPage","@id":"https:\/\/9editions.com\/boutique\/produit\/dans-les-coulisses-de-letrange\/","url":"https:\/\/9editions.com\/boutique\/produit\/dans-les-coulisses-de-letrange\/","name":"Dans les coulisses de l'Etrange - 9 \u00e9ditions","isPartOf":{"@id":"https:\/\/9editions.com\/boutique\/#website"},"primaryImageOfPage":{"@id":"https:\/\/9editions.com\/boutique\/produit\/dans-les-coulisses-de-letrange\/#primaryimage"},"image":{"@id":"https:\/\/9editions.com\/boutique\/produit\/dans-les-coulisses-de-letrange\/#primaryimage"},"thumbnailUrl":"https:\/\/9editions.com\/boutique\/wp-content\/uploads\/2025\/11\/9782377272020_1.jpg","datePublished":"2025-11-19T11:15:46+00:00","dateModified":"2025-11-21T15:24:16+00:00","description":"Profitez de la pr\u00e9vente du recueil de nouvelles de Jacqueline Morandini : Dans les coulisses de l'Etrange histoires situ\u00e9e de Monaco \u00e0 Saint Tropez","breadcrumb":{"@id":"https:\/\/9editions.com\/boutique\/produit\/dans-les-coulisses-de-letrange\/#breadcrumb"},"inLanguage":"fr-FR","potentialAction":[{"@type":"ReadAction","target":["https:\/\/9editions.com\/boutique\/produit\/dans-les-coulisses-de-letrange\/"]}]},{"@type":"ImageObject","inLanguage":"fr-FR","@id":"https:\/\/9editions.com\/boutique\/produit\/dans-les-coulisses-de-letrange\/#primaryimage","url":"https:\/\/9editions.com\/boutique\/wp-content\/uploads\/2025\/11\/9782377272020_1.jpg","contentUrl":"https:\/\/9editions.com\/boutique\/wp-content\/uploads\/2025\/11\/9782377272020_1.jpg","width":1360,"height":2244},{"@type":"BreadcrumbList","@id":"https:\/\/9editions.com\/boutique\/produit\/dans-les-coulisses-de-letrange\/#breadcrumb","itemListElement":[{"@type":"ListItem","position":1,"name":"Accueil","item":"https:\/\/9editions.com\/boutique\/"},{"@type":"ListItem","position":2,"name":"Boutique","item":"https:\/\/9editions.com\/boutique\/"},{"@type":"ListItem","position":3,"name":"Dans les coulisses de l&rsquo;Etrange"}]},{"@type":"WebSite","@id":"https:\/\/9editions.com\/boutique\/#website","url":"https:\/\/9editions.com\/boutique\/","name":"9 \u00e9ditions","description":"La maison d&#039;\u00e9dition au c\u00f4t\u00e9 des auteurs","publisher":{"@id":"https:\/\/9editions.com\/boutique\/#organization"},"potentialAction":[{"@type":"SearchAction","target":{"@type":"EntryPoint","urlTemplate":"https:\/\/9editions.com\/boutique\/?s={search_term_string}"},"query-input":{"@type":"PropertyValueSpecification","valueRequired":true,"valueName":"search_term_string"}}],"inLanguage":"fr-FR"},{"@type":"Organization","@id":"https:\/\/9editions.com\/boutique\/#organization","name":"9 \u00e9ditions","url":"https:\/\/9editions.com\/boutique\/","logo":{"@type":"ImageObject","inLanguage":"fr-FR","@id":"https:\/\/9editions.com\/boutique\/#\/schema\/logo\/image\/","url":"https:\/\/9editions.com\/boutique\/wp-content\/uploads\/2020\/03\/cropped-9-editions-logo-amazon.jpg","contentUrl":"https:\/\/9editions.com\/boutique\/wp-content\/uploads\/2020\/03\/cropped-9-editions-logo-amazon.jpg","width":120,"height":30,"caption":"9 \u00e9ditions"},"image":{"@id":"https:\/\/9editions.com\/boutique\/#\/schema\/logo\/image\/"},"sameAs":["https:\/\/www.facebook.com\/9editions?ref=bookmarks","https:\/\/x.com\/9_editions","https:\/\/www.instagram.com\/9editions_\/"]}]}},"jetpack_sharing_enabled":true,"_links":{"self":[{"href":"https:\/\/9editions.com\/boutique\/wp-json\/wp\/v2\/product\/3102","targetHints":{"allow":["GET"]}}],"collection":[{"href":"https:\/\/9editions.com\/boutique\/wp-json\/wp\/v2\/product"}],"about":[{"href":"https:\/\/9editions.com\/boutique\/wp-json\/wp\/v2\/types\/product"}],"replies":[{"embeddable":true,"href":"https:\/\/9editions.com\/boutique\/wp-json\/wp\/v2\/comments?post=3102"}],"wp:featuredmedia":[{"embeddable":true,"href":"https:\/\/9editions.com\/boutique\/wp-json\/wp\/v2\/media\/3100"}],"wp:attachment":[{"href":"https:\/\/9editions.com\/boutique\/wp-json\/wp\/v2\/media?parent=3102"}],"wp:term":[{"taxonomy":"product_brand","embeddable":true,"href":"https:\/\/9editions.com\/boutique\/wp-json\/wp\/v2\/product_brand?post=3102"},{"taxonomy":"product_cat","embeddable":true,"href":"https:\/\/9editions.com\/boutique\/wp-json\/wp\/v2\/product_cat?post=3102"},{"taxonomy":"product_tag","embeddable":true,"href":"https:\/\/9editions.com\/boutique\/wp-json\/wp\/v2\/product_tag?post=3102"}],"curies":[{"name":"wp","href":"https:\/\/api.w.org\/{rel}","templated":true}]}}