{"id":3077,"date":"2025-11-05T15:52:04","date_gmt":"2025-11-05T14:52:04","guid":{"rendered":"https:\/\/9editions.com\/boutique\/?post_type=product&#038;p=3077"},"modified":"2025-11-05T15:52:05","modified_gmt":"2025-11-05T14:52:05","slug":"biographie-dun-constructeur-naval","status":"publish","type":"product","link":"https:\/\/9editions.com\/boutique\/produit\/biographie-dun-constructeur-naval\/","title":{"rendered":"Biographie d&rsquo;un constructeur naval"},"content":{"rendered":"<p>En 1945, au sortir de la guerre, un homme visionnaire fonde sur les rives de Cannes un chantier naval promis \u00e0 une renomm\u00e9e internationale. Pendant plus de trois d\u00e9cennies, plus de cent soixante bateaux verront le jour sous des mains expertes, dont quatre-vingts pour cent seront export\u00e9s vers vingt-trois pays aux quatre coins du monde. Vedettes de Douanes fran\u00e7aises et \u00e9trang\u00e8res, yachts de luxe et bateaux d\u2019exception constitueront le fleuron de la ville, faisant de Cannes une vitrine d&rsquo;excellence maritime. Dans la discr\u00e9tion, ce chantier donne pourtant naissance \u00e0 un chef-d\u2019\u0153uvre : la vedette la plus rapide du monde \u00e0 l\u2019\u00e9poque.<\/p>\n","protected":false},"excerpt":{"rendered":"<p>Sa petite-fille, Nathalie Jolly-Gastinois, lui rend hommage dans ce premier livre, anim\u00e9e par l\u2019envie de transmettre ce patrimoine. Passionn\u00e9e par les voyages, tout comme lui, elle s\u2019est \u00e9galement investie dans plusieurs actions b\u00e9n\u00e9voles, m\u00ealant curiosit\u00e9, engagement, et m\u00e9moire familiale.<\/p>\n","protected":false},"featured_media":3078,"comment_status":"open","ping_status":"closed","template":"","meta":[],"product_brand":[],"product_cat":[20,143,32,231],"product_tag":[523,525,526,524],"class_list":{"0":"post-3077","1":"product","2":"type-product","3":"status-publish","6":"product_cat-biographie","7":"product_cat-histoire","8":"product_cat-livre-broche","9":"product_cat-prevente","10":"product_tag-biographie-dun-constructeur-naval","11":"product_tag-cannes","12":"product_tag-chantiers-de-lesterel","13":"product_tag-nathalie-jolly-gastinois","14":"product_shipping_class-livre","16":"first","17":"instock","18":"purchasable","19":"product-type-simple"},"yoast_head":"<!-- This site is optimized with the Yoast SEO plugin v27.3 - https:\/\/yoast.com\/product\/yoast-seo-wordpress\/ -->\n<title>Biographie d&#039;un constructeur naval - 9 \u00e9ditions<\/title>\n<meta name=\"description\" content=\"Nathalie Jolly-Gastinois nous offre un tr\u00e8s beau livre illustr\u00e9 de photographie couleur sur Jean Jolly son grand-p\u00e8re constructeur naval. Publi\u00e9 9 \u00e9ditions\" \/>\n<meta name=\"robots\" content=\"index, follow, max-snippet:-1, max-image-preview:large, max-video-preview:-1\" \/>\n<link rel=\"canonical\" href=\"https:\/\/9editions.com\/boutique\/produit\/biographie-dun-constructeur-naval\/\" \/>\n<meta property=\"og:locale\" content=\"fr_FR\" \/>\n<meta property=\"og:type\" content=\"article\" \/>\n<meta property=\"og:title\" content=\"Biographie d&#039;un constructeur naval - 9 \u00e9ditions\" \/>\n<meta property=\"og:description\" content=\"Nathalie Jolly-Gastinois nous offre un tr\u00e8s beau livre illustr\u00e9 de photographie couleur sur Jean Jolly son grand-p\u00e8re constructeur naval. Publi\u00e9 9 \u00e9ditions\" \/>\n<meta property=\"og:url\" content=\"https:\/\/9editions.com\/boutique\/produit\/biographie-dun-constructeur-naval\/\" \/>\n<meta property=\"og:site_name\" content=\"9 \u00e9ditions\" \/>\n<meta property=\"article:publisher\" content=\"https:\/\/www.facebook.com\/9editions?ref=bookmarks\" \/>\n<meta property=\"article:modified_time\" content=\"2025-11-05T14:52:05+00:00\" \/>\n<meta property=\"og:image\" content=\"https:\/\/9editions.com\/boutique\/wp-content\/uploads\/2025\/11\/97827337271955_1.jpg\" \/>\n\t<meta property=\"og:image:width\" content=\"1713\" \/>\n\t<meta property=\"og:image:height\" content=\"2364\" \/>\n\t<meta property=\"og:image:type\" content=\"image\/jpeg\" \/>\n<meta name=\"twitter:card\" content=\"summary_large_image\" \/>\n<meta name=\"twitter:site\" content=\"@9_editions\" \/>\n<meta name=\"twitter:label1\" content=\"Dur\u00e9e de lecture estim\u00e9e\" \/>\n\t<meta name=\"twitter:data1\" content=\"1 minute\" \/>\n<script type=\"application\/ld+json\" class=\"yoast-schema-graph\">{\"@context\":\"https:\\\/\\\/schema.org\",\"@graph\":[{\"@type\":\"WebPage\",\"@id\":\"https:\\\/\\\/9editions.com\\\/boutique\\\/produit\\\/biographie-dun-constructeur-naval\\\/\",\"url\":\"https:\\\/\\\/9editions.com\\\/boutique\\\/produit\\\/biographie-dun-constructeur-naval\\\/\",\"name\":\"Biographie d'un constructeur naval - 9 \u00e9ditions\",\"isPartOf\":{\"@id\":\"https:\\\/\\\/9editions.com\\\/boutique\\\/#website\"},\"primaryImageOfPage\":{\"@id\":\"https:\\\/\\\/9editions.com\\\/boutique\\\/produit\\\/biographie-dun-constructeur-naval\\\/#primaryimage\"},\"image\":{\"@id\":\"https:\\\/\\\/9editions.com\\\/boutique\\\/produit\\\/biographie-dun-constructeur-naval\\\/#primaryimage\"},\"thumbnailUrl\":\"https:\\\/\\\/9editions.com\\\/boutique\\\/wp-content\\\/uploads\\\/2025\\\/11\\\/97827337271955_1.jpg\",\"datePublished\":\"2025-11-05T14:52:04+00:00\",\"dateModified\":\"2025-11-05T14:52:05+00:00\",\"description\":\"Nathalie Jolly-Gastinois nous offre un tr\u00e8s beau livre illustr\u00e9 de photographie couleur sur Jean Jolly son grand-p\u00e8re constructeur naval. Publi\u00e9 9 \u00e9ditions\",\"breadcrumb\":{\"@id\":\"https:\\\/\\\/9editions.com\\\/boutique\\\/produit\\\/biographie-dun-constructeur-naval\\\/#breadcrumb\"},\"inLanguage\":\"fr-FR\",\"potentialAction\":[{\"@type\":\"ReadAction\",\"target\":[\"https:\\\/\\\/9editions.com\\\/boutique\\\/produit\\\/biographie-dun-constructeur-naval\\\/\"]}]},{\"@type\":\"ImageObject\",\"inLanguage\":\"fr-FR\",\"@id\":\"https:\\\/\\\/9editions.com\\\/boutique\\\/produit\\\/biographie-dun-constructeur-naval\\\/#primaryimage\",\"url\":\"https:\\\/\\\/9editions.com\\\/boutique\\\/wp-content\\\/uploads\\\/2025\\\/11\\\/97827337271955_1.jpg\",\"contentUrl\":\"https:\\\/\\\/9editions.com\\\/boutique\\\/wp-content\\\/uploads\\\/2025\\\/11\\\/97827337271955_1.jpg\",\"width\":1713,\"height\":2364},{\"@type\":\"BreadcrumbList\",\"@id\":\"https:\\\/\\\/9editions.com\\\/boutique\\\/produit\\\/biographie-dun-constructeur-naval\\\/#breadcrumb\",\"itemListElement\":[{\"@type\":\"ListItem\",\"position\":1,\"name\":\"Accueil\",\"item\":\"https:\\\/\\\/9editions.com\\\/boutique\\\/\"},{\"@type\":\"ListItem\",\"position\":2,\"name\":\"Boutique\",\"item\":\"https:\\\/\\\/9editions.com\\\/boutique\\\/\"},{\"@type\":\"ListItem\",\"position\":3,\"name\":\"Biographie d&rsquo;un constructeur naval\"}]},{\"@type\":\"WebSite\",\"@id\":\"https:\\\/\\\/9editions.com\\\/boutique\\\/#website\",\"url\":\"https:\\\/\\\/9editions.com\\\/boutique\\\/\",\"name\":\"9 \u00e9ditions\",\"description\":\"La maison d&#039;\u00e9dition au c\u00f4t\u00e9 des auteurs\",\"publisher\":{\"@id\":\"https:\\\/\\\/9editions.com\\\/boutique\\\/#organization\"},\"potentialAction\":[{\"@type\":\"SearchAction\",\"target\":{\"@type\":\"EntryPoint\",\"urlTemplate\":\"https:\\\/\\\/9editions.com\\\/boutique\\\/?s={search_term_string}\"},\"query-input\":{\"@type\":\"PropertyValueSpecification\",\"valueRequired\":true,\"valueName\":\"search_term_string\"}}],\"inLanguage\":\"fr-FR\"},{\"@type\":\"Organization\",\"@id\":\"https:\\\/\\\/9editions.com\\\/boutique\\\/#organization\",\"name\":\"9 \u00e9ditions\",\"url\":\"https:\\\/\\\/9editions.com\\\/boutique\\\/\",\"logo\":{\"@type\":\"ImageObject\",\"inLanguage\":\"fr-FR\",\"@id\":\"https:\\\/\\\/9editions.com\\\/boutique\\\/#\\\/schema\\\/logo\\\/image\\\/\",\"url\":\"https:\\\/\\\/9editions.com\\\/boutique\\\/wp-content\\\/uploads\\\/2020\\\/03\\\/cropped-9-editions-logo-amazon.jpg\",\"contentUrl\":\"https:\\\/\\\/9editions.com\\\/boutique\\\/wp-content\\\/uploads\\\/2020\\\/03\\\/cropped-9-editions-logo-amazon.jpg\",\"width\":120,\"height\":30,\"caption\":\"9 \u00e9ditions\"},\"image\":{\"@id\":\"https:\\\/\\\/9editions.com\\\/boutique\\\/#\\\/schema\\\/logo\\\/image\\\/\"},\"sameAs\":[\"https:\\\/\\\/www.facebook.com\\\/9editions?ref=bookmarks\",\"https:\\\/\\\/x.com\\\/9_editions\",\"https:\\\/\\\/www.instagram.com\\\/9editions_\\\/\"]}]}<\/script>\n<!-- \/ Yoast SEO plugin. -->","yoast_head_json":{"title":"Biographie d'un constructeur naval - 9 \u00e9ditions","description":"Nathalie Jolly-Gastinois nous offre un tr\u00e8s beau livre illustr\u00e9 de photographie couleur sur Jean Jolly son grand-p\u00e8re constructeur naval. Publi\u00e9 9 \u00e9ditions","robots":{"index":"index","follow":"follow","max-snippet":"max-snippet:-1","max-image-preview":"max-image-preview:large","max-video-preview":"max-video-preview:-1"},"canonical":"https:\/\/9editions.com\/boutique\/produit\/biographie-dun-constructeur-naval\/","og_locale":"fr_FR","og_type":"article","og_title":"Biographie d'un constructeur naval - 9 \u00e9ditions","og_description":"Nathalie Jolly-Gastinois nous offre un tr\u00e8s beau livre illustr\u00e9 de photographie couleur sur Jean Jolly son grand-p\u00e8re constructeur naval. Publi\u00e9 9 \u00e9ditions","og_url":"https:\/\/9editions.com\/boutique\/produit\/biographie-dun-constructeur-naval\/","og_site_name":"9 \u00e9ditions","article_publisher":"https:\/\/www.facebook.com\/9editions?ref=bookmarks","article_modified_time":"2025-11-05T14:52:05+00:00","og_image":[{"width":1713,"height":2364,"url":"https:\/\/9editions.com\/boutique\/wp-content\/uploads\/2025\/11\/97827337271955_1.jpg","type":"image\/jpeg"}],"twitter_card":"summary_large_image","twitter_site":"@9_editions","twitter_misc":{"Dur\u00e9e de lecture estim\u00e9e":"1 minute"},"schema":{"@context":"https:\/\/schema.org","@graph":[{"@type":"WebPage","@id":"https:\/\/9editions.com\/boutique\/produit\/biographie-dun-constructeur-naval\/","url":"https:\/\/9editions.com\/boutique\/produit\/biographie-dun-constructeur-naval\/","name":"Biographie d'un constructeur naval - 9 \u00e9ditions","isPartOf":{"@id":"https:\/\/9editions.com\/boutique\/#website"},"primaryImageOfPage":{"@id":"https:\/\/9editions.com\/boutique\/produit\/biographie-dun-constructeur-naval\/#primaryimage"},"image":{"@id":"https:\/\/9editions.com\/boutique\/produit\/biographie-dun-constructeur-naval\/#primaryimage"},"thumbnailUrl":"https:\/\/9editions.com\/boutique\/wp-content\/uploads\/2025\/11\/97827337271955_1.jpg","datePublished":"2025-11-05T14:52:04+00:00","dateModified":"2025-11-05T14:52:05+00:00","description":"Nathalie Jolly-Gastinois nous offre un tr\u00e8s beau livre illustr\u00e9 de photographie couleur sur Jean Jolly son grand-p\u00e8re constructeur naval. Publi\u00e9 9 \u00e9ditions","breadcrumb":{"@id":"https:\/\/9editions.com\/boutique\/produit\/biographie-dun-constructeur-naval\/#breadcrumb"},"inLanguage":"fr-FR","potentialAction":[{"@type":"ReadAction","target":["https:\/\/9editions.com\/boutique\/produit\/biographie-dun-constructeur-naval\/"]}]},{"@type":"ImageObject","inLanguage":"fr-FR","@id":"https:\/\/9editions.com\/boutique\/produit\/biographie-dun-constructeur-naval\/#primaryimage","url":"https:\/\/9editions.com\/boutique\/wp-content\/uploads\/2025\/11\/97827337271955_1.jpg","contentUrl":"https:\/\/9editions.com\/boutique\/wp-content\/uploads\/2025\/11\/97827337271955_1.jpg","width":1713,"height":2364},{"@type":"BreadcrumbList","@id":"https:\/\/9editions.com\/boutique\/produit\/biographie-dun-constructeur-naval\/#breadcrumb","itemListElement":[{"@type":"ListItem","position":1,"name":"Accueil","item":"https:\/\/9editions.com\/boutique\/"},{"@type":"ListItem","position":2,"name":"Boutique","item":"https:\/\/9editions.com\/boutique\/"},{"@type":"ListItem","position":3,"name":"Biographie d&rsquo;un constructeur naval"}]},{"@type":"WebSite","@id":"https:\/\/9editions.com\/boutique\/#website","url":"https:\/\/9editions.com\/boutique\/","name":"9 \u00e9ditions","description":"La maison d&#039;\u00e9dition au c\u00f4t\u00e9 des auteurs","publisher":{"@id":"https:\/\/9editions.com\/boutique\/#organization"},"potentialAction":[{"@type":"SearchAction","target":{"@type":"EntryPoint","urlTemplate":"https:\/\/9editions.com\/boutique\/?s={search_term_string}"},"query-input":{"@type":"PropertyValueSpecification","valueRequired":true,"valueName":"search_term_string"}}],"inLanguage":"fr-FR"},{"@type":"Organization","@id":"https:\/\/9editions.com\/boutique\/#organization","name":"9 \u00e9ditions","url":"https:\/\/9editions.com\/boutique\/","logo":{"@type":"ImageObject","inLanguage":"fr-FR","@id":"https:\/\/9editions.com\/boutique\/#\/schema\/logo\/image\/","url":"https:\/\/9editions.com\/boutique\/wp-content\/uploads\/2020\/03\/cropped-9-editions-logo-amazon.jpg","contentUrl":"https:\/\/9editions.com\/boutique\/wp-content\/uploads\/2020\/03\/cropped-9-editions-logo-amazon.jpg","width":120,"height":30,"caption":"9 \u00e9ditions"},"image":{"@id":"https:\/\/9editions.com\/boutique\/#\/schema\/logo\/image\/"},"sameAs":["https:\/\/www.facebook.com\/9editions?ref=bookmarks","https:\/\/x.com\/9_editions","https:\/\/www.instagram.com\/9editions_\/"]}]}},"jetpack_sharing_enabled":true,"_links":{"self":[{"href":"https:\/\/9editions.com\/boutique\/wp-json\/wp\/v2\/product\/3077","targetHints":{"allow":["GET"]}}],"collection":[{"href":"https:\/\/9editions.com\/boutique\/wp-json\/wp\/v2\/product"}],"about":[{"href":"https:\/\/9editions.com\/boutique\/wp-json\/wp\/v2\/types\/product"}],"replies":[{"embeddable":true,"href":"https:\/\/9editions.com\/boutique\/wp-json\/wp\/v2\/comments?post=3077"}],"wp:featuredmedia":[{"embeddable":true,"href":"https:\/\/9editions.com\/boutique\/wp-json\/wp\/v2\/media\/3078"}],"wp:attachment":[{"href":"https:\/\/9editions.com\/boutique\/wp-json\/wp\/v2\/media?parent=3077"}],"wp:term":[{"taxonomy":"product_brand","embeddable":true,"href":"https:\/\/9editions.com\/boutique\/wp-json\/wp\/v2\/product_brand?post=3077"},{"taxonomy":"product_cat","embeddable":true,"href":"https:\/\/9editions.com\/boutique\/wp-json\/wp\/v2\/product_cat?post=3077"},{"taxonomy":"product_tag","embeddable":true,"href":"https:\/\/9editions.com\/boutique\/wp-json\/wp\/v2\/product_tag?post=3077"}],"curies":[{"name":"wp","href":"https:\/\/api.w.org\/{rel}","templated":true}]}}