{"id":3075,"date":"2025-10-13T11:19:15","date_gmt":"2025-10-13T09:19:15","guid":{"rendered":"https:\/\/9editions.com\/boutique\/?post_type=product&#038;p=3075"},"modified":"2025-10-13T11:22:42","modified_gmt":"2025-10-13T09:22:42","slug":"decoder-le-code-le-grand-classique-nouvelle-edition-2025-2026-ebook","status":"publish","type":"product","link":"https:\/\/9editions.com\/boutique\/produit\/decoder-le-code-le-grand-classique-nouvelle-edition-2025-2026-ebook\/","title":{"rendered":"D\u00e9coder le Code : Le grand classique nouvelle \u00e9dition 2025-2026 (ebook)"},"content":{"rendered":"<p>Vous faites du droit et vous \u00eates perdus dans les textes juridiques ? \u00ab D\u00e9coder le Code \u00bb est un livre fait pour vous !<\/p>\n<p>C\u2019est un ouvrage de m\u00e9thodologie en droit qui s\u2019adresse \u00e0 l\u2019ensemble des \u00e9tudiants en premi\u00e8re ann\u00e9e de droit, aux \u00e9tudiants des autres cursus (comme sciences politiques ou sociologie) qui ont une \u00e9preuve de droit, ainsi qu\u2019\u00e0 tous ceux qui pr\u00e9parent un concours difficile, et qui souhaitent mettre de l\u2019ordre pour ma\u00eetriser la masse de textes \u00e0 apprendre.<\/p>\n<p>Cette m\u00e9thode totalement in\u00e9dite permet de comprendre en d\u00e9tail de quoi est compos\u00e9 un Code de droit et d\u2019apprendre \u00e0 vraiment se servir des marque-pages et des surligneurs pour retrouver rapidement les textes de droit le jour de l\u2019\u00e9preuve. Avec \u00ab D\u00e9coder le Code \u00bb, les \u00e9tudiants en droit apprendront la rigueur et n\u2019auront plus de trou de m\u00e9moire le jour de l\u2019examen.<\/p>\n<p>Ouvrage illustr\u00e9, en couleurs, et structur\u00e9 par un plan clair et pr\u00e9cis, dense en information et en id\u00e9es originales tout en \u00e9tant r\u00e9dig\u00e9 dans un style fluide et facile \u00e0 comprendre, le premier \u00e0 avoir propos\u00e9 une m\u00e9thode jamais parue pour manipuler les Codes de droit, il contient de nombreux exemples concrets de textes r\u00e9cents (\u00e0 jour des Codes 2026), en droit public comme en droit priv\u00e9. Un grand classique, donc.<\/p>\n","protected":false},"excerpt":{"rendered":"<p>Avant de se rediriger vers une carri\u00e8re d\u2019\u00e9crivaine, Catherine Sentenac a acquis une formation de juriste, le Master en droit de l&rsquo;Environnement de l&rsquo;Universit\u00e9 de Montpellier ; elle a obtenu l\u2019examen d&rsquo;acc\u00e8s \u00e0 l\u2019\u00c9cole des Avocats de Montpellier.<br \/>\nElle a travaill\u00e9 pour diverses associations de protection de l&rsquo;environnement, dont l&rsquo;Association de Protection des Animaux Sauvages et l\u2019Association D\u00e9veloppement Solidaire et Durable, et a d\u00e9j\u00e0 publi\u00e9 un ouvrage de m\u00e9thodologie : Note de synth\u00e8se, Astuces et Couleurs.<\/p>\n","protected":false},"featured_media":3073,"comment_status":"open","ping_status":"closed","template":"","meta":[],"product_brand":[],"product_cat":[29,48],"product_tag":[124,289,49,505,522,60],"class_list":{"0":"post-3075","1":"product","2":"type-product","3":"status-publish","6":"product_cat-ebook","7":"product_cat-methodologie","8":"product_tag-catherine-sentanac","9":"product_tag-concours-de-droit","10":"product_tag-decoder-le-code","11":"product_tag-examen-de-droit","12":"product_tag-le-grand-classique","13":"product_tag-methodologie","14":"product_shipping_class-ebook","16":"first","17":"instock","18":"downloadable","19":"purchasable","20":"product-type-simple"},"yoast_head":"<!-- This site is optimized with the Yoast SEO plugin v27.5 - https:\/\/yoast.com\/product\/yoast-seo-wordpress\/ -->\n<title>D\u00e9coder le Code : Le grand classique nouvelle \u00e9dition 2025-2026 (ebook) - 9 \u00e9ditions<\/title>\n<meta name=\"description\" content=\"Pour la rentr\u00e9e universitaire 2025-2026, 9 \u00e9ditions vous propose la mise \u00e0 du livre de m\u00e9thodologie D\u00e9coder le Code Le grand classique de Catherine Sentenac\" \/>\n<meta name=\"robots\" content=\"index, follow, max-snippet:-1, max-image-preview:large, max-video-preview:-1\" \/>\n<link rel=\"canonical\" href=\"https:\/\/9editions.com\/boutique\/produit\/decoder-le-code-le-grand-classique-nouvelle-edition-2025-2026-ebook\/\" \/>\n<meta property=\"og:locale\" content=\"fr_FR\" \/>\n<meta property=\"og:type\" content=\"article\" \/>\n<meta property=\"og:title\" content=\"D\u00e9coder le Code : Le grand classique nouvelle \u00e9dition 2025-2026 (ebook) - 9 \u00e9ditions\" \/>\n<meta property=\"og:description\" content=\"Pour la rentr\u00e9e universitaire 2025-2026, 9 \u00e9ditions vous propose la mise \u00e0 du livre de m\u00e9thodologie D\u00e9coder le Code Le grand classique de Catherine Sentenac\" \/>\n<meta property=\"og:url\" content=\"https:\/\/9editions.com\/boutique\/produit\/decoder-le-code-le-grand-classique-nouvelle-edition-2025-2026-ebook\/\" \/>\n<meta property=\"og:site_name\" content=\"9 \u00e9ditions\" \/>\n<meta property=\"article:publisher\" content=\"https:\/\/www.facebook.com\/9editions?ref=bookmarks\" \/>\n<meta property=\"article:modified_time\" content=\"2025-10-13T09:22:42+00:00\" \/>\n<meta property=\"og:image\" content=\"https:\/\/9editions.com\/boutique\/wp-content\/uploads\/2025\/10\/9782377271986_1.jpg\" \/>\n\t<meta property=\"og:image:width\" content=\"1772\" \/>\n\t<meta property=\"og:image:height\" content=\"2480\" \/>\n\t<meta property=\"og:image:type\" content=\"image\/jpeg\" \/>\n<meta name=\"twitter:card\" content=\"summary_large_image\" \/>\n<meta name=\"twitter:site\" content=\"@9_editions\" \/>\n<meta name=\"twitter:label1\" content=\"Dur\u00e9e de lecture estim\u00e9e\" \/>\n\t<meta name=\"twitter:data1\" content=\"2 minutes\" \/>\n<script type=\"application\/ld+json\" class=\"yoast-schema-graph\">{\"@context\":\"https:\\\/\\\/schema.org\",\"@graph\":[{\"@type\":\"WebPage\",\"@id\":\"https:\\\/\\\/9editions.com\\\/boutique\\\/produit\\\/decoder-le-code-le-grand-classique-nouvelle-edition-2025-2026-ebook\\\/\",\"url\":\"https:\\\/\\\/9editions.com\\\/boutique\\\/produit\\\/decoder-le-code-le-grand-classique-nouvelle-edition-2025-2026-ebook\\\/\",\"name\":\"D\u00e9coder le Code : Le grand classique nouvelle \u00e9dition 2025-2026 (ebook) - 9 \u00e9ditions\",\"isPartOf\":{\"@id\":\"https:\\\/\\\/9editions.com\\\/boutique\\\/#website\"},\"primaryImageOfPage\":{\"@id\":\"https:\\\/\\\/9editions.com\\\/boutique\\\/produit\\\/decoder-le-code-le-grand-classique-nouvelle-edition-2025-2026-ebook\\\/#primaryimage\"},\"image\":{\"@id\":\"https:\\\/\\\/9editions.com\\\/boutique\\\/produit\\\/decoder-le-code-le-grand-classique-nouvelle-edition-2025-2026-ebook\\\/#primaryimage\"},\"thumbnailUrl\":\"https:\\\/\\\/9editions.com\\\/boutique\\\/wp-content\\\/uploads\\\/2025\\\/10\\\/9782377271986_1.jpg\",\"datePublished\":\"2025-10-13T09:19:15+00:00\",\"dateModified\":\"2025-10-13T09:22:42+00:00\",\"description\":\"Pour la rentr\u00e9e universitaire 2025-2026, 9 \u00e9ditions vous propose la mise \u00e0 du livre de m\u00e9thodologie D\u00e9coder le Code Le grand classique de Catherine Sentenac\",\"breadcrumb\":{\"@id\":\"https:\\\/\\\/9editions.com\\\/boutique\\\/produit\\\/decoder-le-code-le-grand-classique-nouvelle-edition-2025-2026-ebook\\\/#breadcrumb\"},\"inLanguage\":\"fr-FR\",\"potentialAction\":[{\"@type\":\"ReadAction\",\"target\":[\"https:\\\/\\\/9editions.com\\\/boutique\\\/produit\\\/decoder-le-code-le-grand-classique-nouvelle-edition-2025-2026-ebook\\\/\"]}]},{\"@type\":\"ImageObject\",\"inLanguage\":\"fr-FR\",\"@id\":\"https:\\\/\\\/9editions.com\\\/boutique\\\/produit\\\/decoder-le-code-le-grand-classique-nouvelle-edition-2025-2026-ebook\\\/#primaryimage\",\"url\":\"https:\\\/\\\/9editions.com\\\/boutique\\\/wp-content\\\/uploads\\\/2025\\\/10\\\/9782377271986_1.jpg\",\"contentUrl\":\"https:\\\/\\\/9editions.com\\\/boutique\\\/wp-content\\\/uploads\\\/2025\\\/10\\\/9782377271986_1.jpg\",\"width\":1772,\"height\":2480},{\"@type\":\"BreadcrumbList\",\"@id\":\"https:\\\/\\\/9editions.com\\\/boutique\\\/produit\\\/decoder-le-code-le-grand-classique-nouvelle-edition-2025-2026-ebook\\\/#breadcrumb\",\"itemListElement\":[{\"@type\":\"ListItem\",\"position\":1,\"name\":\"Accueil\",\"item\":\"https:\\\/\\\/9editions.com\\\/boutique\\\/\"},{\"@type\":\"ListItem\",\"position\":2,\"name\":\"Boutique\",\"item\":\"https:\\\/\\\/9editions.com\\\/boutique\\\/\"},{\"@type\":\"ListItem\",\"position\":3,\"name\":\"D\u00e9coder le Code : Le grand classique nouvelle \u00e9dition 2025-2026 (ebook)\"}]},{\"@type\":\"WebSite\",\"@id\":\"https:\\\/\\\/9editions.com\\\/boutique\\\/#website\",\"url\":\"https:\\\/\\\/9editions.com\\\/boutique\\\/\",\"name\":\"9 \u00e9ditions\",\"description\":\"La maison d&#039;\u00e9dition au c\u00f4t\u00e9 des auteurs\",\"publisher\":{\"@id\":\"https:\\\/\\\/9editions.com\\\/boutique\\\/#organization\"},\"potentialAction\":[{\"@type\":\"SearchAction\",\"target\":{\"@type\":\"EntryPoint\",\"urlTemplate\":\"https:\\\/\\\/9editions.com\\\/boutique\\\/?s={search_term_string}\"},\"query-input\":{\"@type\":\"PropertyValueSpecification\",\"valueRequired\":true,\"valueName\":\"search_term_string\"}}],\"inLanguage\":\"fr-FR\"},{\"@type\":\"Organization\",\"@id\":\"https:\\\/\\\/9editions.com\\\/boutique\\\/#organization\",\"name\":\"9 \u00e9ditions\",\"url\":\"https:\\\/\\\/9editions.com\\\/boutique\\\/\",\"logo\":{\"@type\":\"ImageObject\",\"inLanguage\":\"fr-FR\",\"@id\":\"https:\\\/\\\/9editions.com\\\/boutique\\\/#\\\/schema\\\/logo\\\/image\\\/\",\"url\":\"https:\\\/\\\/9editions.com\\\/boutique\\\/wp-content\\\/uploads\\\/2020\\\/03\\\/cropped-9-editions-logo-amazon.jpg\",\"contentUrl\":\"https:\\\/\\\/9editions.com\\\/boutique\\\/wp-content\\\/uploads\\\/2020\\\/03\\\/cropped-9-editions-logo-amazon.jpg\",\"width\":120,\"height\":30,\"caption\":\"9 \u00e9ditions\"},\"image\":{\"@id\":\"https:\\\/\\\/9editions.com\\\/boutique\\\/#\\\/schema\\\/logo\\\/image\\\/\"},\"sameAs\":[\"https:\\\/\\\/www.facebook.com\\\/9editions?ref=bookmarks\",\"https:\\\/\\\/x.com\\\/9_editions\",\"https:\\\/\\\/www.instagram.com\\\/9editions_\\\/\"]}]}<\/script>\n<!-- \/ Yoast SEO plugin. -->","yoast_head_json":{"title":"D\u00e9coder le Code : Le grand classique nouvelle \u00e9dition 2025-2026 (ebook) - 9 \u00e9ditions","description":"Pour la rentr\u00e9e universitaire 2025-2026, 9 \u00e9ditions vous propose la mise \u00e0 du livre de m\u00e9thodologie D\u00e9coder le Code Le grand classique de Catherine Sentenac","robots":{"index":"index","follow":"follow","max-snippet":"max-snippet:-1","max-image-preview":"max-image-preview:large","max-video-preview":"max-video-preview:-1"},"canonical":"https:\/\/9editions.com\/boutique\/produit\/decoder-le-code-le-grand-classique-nouvelle-edition-2025-2026-ebook\/","og_locale":"fr_FR","og_type":"article","og_title":"D\u00e9coder le Code : Le grand classique nouvelle \u00e9dition 2025-2026 (ebook) - 9 \u00e9ditions","og_description":"Pour la rentr\u00e9e universitaire 2025-2026, 9 \u00e9ditions vous propose la mise \u00e0 du livre de m\u00e9thodologie D\u00e9coder le Code Le grand classique de Catherine Sentenac","og_url":"https:\/\/9editions.com\/boutique\/produit\/decoder-le-code-le-grand-classique-nouvelle-edition-2025-2026-ebook\/","og_site_name":"9 \u00e9ditions","article_publisher":"https:\/\/www.facebook.com\/9editions?ref=bookmarks","article_modified_time":"2025-10-13T09:22:42+00:00","og_image":[{"width":1772,"height":2480,"url":"https:\/\/9editions.com\/boutique\/wp-content\/uploads\/2025\/10\/9782377271986_1.jpg","type":"image\/jpeg"}],"twitter_card":"summary_large_image","twitter_site":"@9_editions","twitter_misc":{"Dur\u00e9e de lecture estim\u00e9e":"2 minutes"},"schema":{"@context":"https:\/\/schema.org","@graph":[{"@type":"WebPage","@id":"https:\/\/9editions.com\/boutique\/produit\/decoder-le-code-le-grand-classique-nouvelle-edition-2025-2026-ebook\/","url":"https:\/\/9editions.com\/boutique\/produit\/decoder-le-code-le-grand-classique-nouvelle-edition-2025-2026-ebook\/","name":"D\u00e9coder le Code : Le grand classique nouvelle \u00e9dition 2025-2026 (ebook) - 9 \u00e9ditions","isPartOf":{"@id":"https:\/\/9editions.com\/boutique\/#website"},"primaryImageOfPage":{"@id":"https:\/\/9editions.com\/boutique\/produit\/decoder-le-code-le-grand-classique-nouvelle-edition-2025-2026-ebook\/#primaryimage"},"image":{"@id":"https:\/\/9editions.com\/boutique\/produit\/decoder-le-code-le-grand-classique-nouvelle-edition-2025-2026-ebook\/#primaryimage"},"thumbnailUrl":"https:\/\/9editions.com\/boutique\/wp-content\/uploads\/2025\/10\/9782377271986_1.jpg","datePublished":"2025-10-13T09:19:15+00:00","dateModified":"2025-10-13T09:22:42+00:00","description":"Pour la rentr\u00e9e universitaire 2025-2026, 9 \u00e9ditions vous propose la mise \u00e0 du livre de m\u00e9thodologie D\u00e9coder le Code Le grand classique de Catherine Sentenac","breadcrumb":{"@id":"https:\/\/9editions.com\/boutique\/produit\/decoder-le-code-le-grand-classique-nouvelle-edition-2025-2026-ebook\/#breadcrumb"},"inLanguage":"fr-FR","potentialAction":[{"@type":"ReadAction","target":["https:\/\/9editions.com\/boutique\/produit\/decoder-le-code-le-grand-classique-nouvelle-edition-2025-2026-ebook\/"]}]},{"@type":"ImageObject","inLanguage":"fr-FR","@id":"https:\/\/9editions.com\/boutique\/produit\/decoder-le-code-le-grand-classique-nouvelle-edition-2025-2026-ebook\/#primaryimage","url":"https:\/\/9editions.com\/boutique\/wp-content\/uploads\/2025\/10\/9782377271986_1.jpg","contentUrl":"https:\/\/9editions.com\/boutique\/wp-content\/uploads\/2025\/10\/9782377271986_1.jpg","width":1772,"height":2480},{"@type":"BreadcrumbList","@id":"https:\/\/9editions.com\/boutique\/produit\/decoder-le-code-le-grand-classique-nouvelle-edition-2025-2026-ebook\/#breadcrumb","itemListElement":[{"@type":"ListItem","position":1,"name":"Accueil","item":"https:\/\/9editions.com\/boutique\/"},{"@type":"ListItem","position":2,"name":"Boutique","item":"https:\/\/9editions.com\/boutique\/"},{"@type":"ListItem","position":3,"name":"D\u00e9coder le Code : Le grand classique nouvelle \u00e9dition 2025-2026 (ebook)"}]},{"@type":"WebSite","@id":"https:\/\/9editions.com\/boutique\/#website","url":"https:\/\/9editions.com\/boutique\/","name":"9 \u00e9ditions","description":"La maison d&#039;\u00e9dition au c\u00f4t\u00e9 des auteurs","publisher":{"@id":"https:\/\/9editions.com\/boutique\/#organization"},"potentialAction":[{"@type":"SearchAction","target":{"@type":"EntryPoint","urlTemplate":"https:\/\/9editions.com\/boutique\/?s={search_term_string}"},"query-input":{"@type":"PropertyValueSpecification","valueRequired":true,"valueName":"search_term_string"}}],"inLanguage":"fr-FR"},{"@type":"Organization","@id":"https:\/\/9editions.com\/boutique\/#organization","name":"9 \u00e9ditions","url":"https:\/\/9editions.com\/boutique\/","logo":{"@type":"ImageObject","inLanguage":"fr-FR","@id":"https:\/\/9editions.com\/boutique\/#\/schema\/logo\/image\/","url":"https:\/\/9editions.com\/boutique\/wp-content\/uploads\/2020\/03\/cropped-9-editions-logo-amazon.jpg","contentUrl":"https:\/\/9editions.com\/boutique\/wp-content\/uploads\/2020\/03\/cropped-9-editions-logo-amazon.jpg","width":120,"height":30,"caption":"9 \u00e9ditions"},"image":{"@id":"https:\/\/9editions.com\/boutique\/#\/schema\/logo\/image\/"},"sameAs":["https:\/\/www.facebook.com\/9editions?ref=bookmarks","https:\/\/x.com\/9_editions","https:\/\/www.instagram.com\/9editions_\/"]}]}},"jetpack_sharing_enabled":true,"_links":{"self":[{"href":"https:\/\/9editions.com\/boutique\/wp-json\/wp\/v2\/product\/3075","targetHints":{"allow":["GET"]}}],"collection":[{"href":"https:\/\/9editions.com\/boutique\/wp-json\/wp\/v2\/product"}],"about":[{"href":"https:\/\/9editions.com\/boutique\/wp-json\/wp\/v2\/types\/product"}],"replies":[{"embeddable":true,"href":"https:\/\/9editions.com\/boutique\/wp-json\/wp\/v2\/comments?post=3075"}],"wp:featuredmedia":[{"embeddable":true,"href":"https:\/\/9editions.com\/boutique\/wp-json\/wp\/v2\/media\/3073"}],"wp:attachment":[{"href":"https:\/\/9editions.com\/boutique\/wp-json\/wp\/v2\/media?parent=3075"}],"wp:term":[{"taxonomy":"product_brand","embeddable":true,"href":"https:\/\/9editions.com\/boutique\/wp-json\/wp\/v2\/product_brand?post=3075"},{"taxonomy":"product_cat","embeddable":true,"href":"https:\/\/9editions.com\/boutique\/wp-json\/wp\/v2\/product_cat?post=3075"},{"taxonomy":"product_tag","embeddable":true,"href":"https:\/\/9editions.com\/boutique\/wp-json\/wp\/v2\/product_tag?post=3075"}],"curies":[{"name":"wp","href":"https:\/\/api.w.org\/{rel}","templated":true}]}}