{"id":2919,"date":"2025-03-14T14:58:06","date_gmt":"2025-03-14T13:58:06","guid":{"rendered":"https:\/\/9editions.com\/boutique\/?post_type=product&#038;p=2919"},"modified":"2025-04-01T14:39:48","modified_gmt":"2025-04-01T12:39:48","slug":"les-secrets-de-calysta-tome-1-les-pouvoirs-caches","status":"publish","type":"product","link":"https:\/\/9editions.com\/boutique\/produit\/les-secrets-de-calysta-tome-1-les-pouvoirs-caches\/","title":{"rendered":"Les secrets de Calysta Tome 1 Les pouvoirs cach\u00e9s"},"content":{"rendered":"<p>Lily est une adolescente comme les autres\u2026 ou presque. Une nuit d\u2019orage, sa vie bascule lorsqu\u2019un \u00e9clair r\u00e9veille en elle un pouvoir qu\u2019elle ne soup\u00e7onnait pas. Entre myst\u00e8res, dangers et d\u00e9couvertes bouleversantes, elle se retrouve plong\u00e9e dans une qu\u00eate o\u00f9 se m\u00ealent amiti\u00e9, trahison et r\u00e9v\u00e9lations sur son pass\u00e9.<\/p>\n<p>Accompagn\u00e9e de Mathis, un gar\u00e7on au temp\u00e9rament de feu \u2013 au sens propre comme au figur\u00e9 \u2013, elle devra apprendre \u00e0 ma\u00eetriser ses nouvelles capacit\u00e9s tout en affrontant ceux qui veulent s\u2019en emparer.<\/p>\n<p>Entre aventures palpitantes et introspection,\u00a0<strong>Les pouvoirs cach\u00e9s<\/strong>\u00a0est un roman captivant qui explore les th\u00e8mes de la r\u00e9silience, du deuil et de l\u2019acceptation de soi.<\/p>\n<p>Une histoire de courage et d\u2019\u00e9motions qui ne vous laissera pas indiff\u00e9rent.<\/p>\n","protected":false},"excerpt":{"rendered":"<p>Calysta Baba est n\u00e9e le 1er juin 2012, grande pr\u00e9matur\u00e9e avec sa jumelle L\u00e9a. D\u00e8s ses premiers instants, elle a d\u00fb se battre, un combat qu&rsquo;elle m\u00e8ne encore aujourd\u2019hui avec force et d\u00e9termination. Passionn\u00e9e par l\u2019\u00e9criture depuis son plus jeune \u00e2ge, elle a commenc\u00e9 \u00e0 \u00e9crire ses premi\u00e8res histoires en CM1.<\/p>\n<p>Curieuse et cr\u00e9ative, elle nourrit son imagination \u00e0 travers ses mots et ses dessins, transformant chaque d\u00e9fi en inspiration.<\/p>\n","protected":false},"featured_media":2920,"comment_status":"open","ping_status":"closed","template":"","meta":[],"product_brand":[],"product_cat":[36,184,156,32],"product_tag":[509,512,510,508,507,511],"class_list":{"0":"post-2919","1":"product","2":"type-product","3":"status-publish","6":"product_cat-aventures","7":"product_cat-fantastique","8":"product_cat-jeune-adulte","9":"product_cat-livre-broche","10":"product_tag-calysta-baba","11":"product_tag-les-pouvoirs-caches","12":"product_tag-les-secrets-de-calysta","13":"product_tag-pouvoir","14":"product_tag-roman-fantastique","15":"product_tag-tome-1","16":"product_shipping_class-livre","18":"first","19":"instock","20":"purchasable","21":"product-type-simple"},"yoast_head":"<!-- This site is optimized with the Yoast SEO plugin v27.3 - https:\/\/yoast.com\/product\/yoast-seo-wordpress\/ -->\n<title>Les secrets de Calysta Tome 1 Les pouvoirs cach\u00e9s - 9 \u00e9ditions<\/title>\n<meta name=\"description\" content=\"D\u00e9couvrez le premier tome de ce roman fantastique \u00e9crit par notre jeune autrice, Calysta Baba. Lily lors d&#039;une d&#039;orage re\u00e7oit des pouvoirs...\" \/>\n<meta name=\"robots\" content=\"index, follow, max-snippet:-1, max-image-preview:large, max-video-preview:-1\" \/>\n<link rel=\"canonical\" href=\"https:\/\/9editions.com\/boutique\/produit\/les-secrets-de-calysta-tome-1-les-pouvoirs-caches\/\" \/>\n<meta property=\"og:locale\" content=\"fr_FR\" \/>\n<meta property=\"og:type\" content=\"article\" \/>\n<meta property=\"og:title\" content=\"Les secrets de Calysta Tome 1 Les pouvoirs cach\u00e9s - 9 \u00e9ditions\" \/>\n<meta property=\"og:description\" content=\"D\u00e9couvrez le premier tome de ce roman fantastique \u00e9crit par notre jeune autrice, Calysta Baba. Lily lors d&#039;une d&#039;orage re\u00e7oit des pouvoirs...\" \/>\n<meta property=\"og:url\" content=\"https:\/\/9editions.com\/boutique\/produit\/les-secrets-de-calysta-tome-1-les-pouvoirs-caches\/\" \/>\n<meta property=\"og:site_name\" content=\"9 \u00e9ditions\" \/>\n<meta property=\"article:publisher\" content=\"https:\/\/www.facebook.com\/9editions?ref=bookmarks\" \/>\n<meta property=\"article:modified_time\" content=\"2025-04-01T12:39:48+00:00\" \/>\n<meta property=\"og:image\" content=\"https:\/\/9editions.com\/boutique\/wp-content\/uploads\/2025\/03\/9782377271900_1.jpg\" \/>\n\t<meta property=\"og:image:width\" content=\"1714\" \/>\n\t<meta property=\"og:image:height\" content=\"2363\" \/>\n\t<meta property=\"og:image:type\" content=\"image\/jpeg\" \/>\n<meta name=\"twitter:card\" content=\"summary_large_image\" \/>\n<meta name=\"twitter:site\" content=\"@9_editions\" \/>\n<meta name=\"twitter:label1\" content=\"Dur\u00e9e de lecture estim\u00e9e\" \/>\n\t<meta name=\"twitter:data1\" content=\"1 minute\" \/>\n<script type=\"application\/ld+json\" class=\"yoast-schema-graph\">{\"@context\":\"https:\\\/\\\/schema.org\",\"@graph\":[{\"@type\":\"WebPage\",\"@id\":\"https:\\\/\\\/9editions.com\\\/boutique\\\/produit\\\/les-secrets-de-calysta-tome-1-les-pouvoirs-caches\\\/\",\"url\":\"https:\\\/\\\/9editions.com\\\/boutique\\\/produit\\\/les-secrets-de-calysta-tome-1-les-pouvoirs-caches\\\/\",\"name\":\"Les secrets de Calysta Tome 1 Les pouvoirs cach\u00e9s - 9 \u00e9ditions\",\"isPartOf\":{\"@id\":\"https:\\\/\\\/9editions.com\\\/boutique\\\/#website\"},\"primaryImageOfPage\":{\"@id\":\"https:\\\/\\\/9editions.com\\\/boutique\\\/produit\\\/les-secrets-de-calysta-tome-1-les-pouvoirs-caches\\\/#primaryimage\"},\"image\":{\"@id\":\"https:\\\/\\\/9editions.com\\\/boutique\\\/produit\\\/les-secrets-de-calysta-tome-1-les-pouvoirs-caches\\\/#primaryimage\"},\"thumbnailUrl\":\"https:\\\/\\\/9editions.com\\\/boutique\\\/wp-content\\\/uploads\\\/2025\\\/03\\\/9782377271900_1.jpg\",\"datePublished\":\"2025-03-14T13:58:06+00:00\",\"dateModified\":\"2025-04-01T12:39:48+00:00\",\"description\":\"D\u00e9couvrez le premier tome de ce roman fantastique \u00e9crit par notre jeune autrice, Calysta Baba. Lily lors d'une d'orage re\u00e7oit des pouvoirs...\",\"breadcrumb\":{\"@id\":\"https:\\\/\\\/9editions.com\\\/boutique\\\/produit\\\/les-secrets-de-calysta-tome-1-les-pouvoirs-caches\\\/#breadcrumb\"},\"inLanguage\":\"fr-FR\",\"potentialAction\":[{\"@type\":\"ReadAction\",\"target\":[\"https:\\\/\\\/9editions.com\\\/boutique\\\/produit\\\/les-secrets-de-calysta-tome-1-les-pouvoirs-caches\\\/\"]}]},{\"@type\":\"ImageObject\",\"inLanguage\":\"fr-FR\",\"@id\":\"https:\\\/\\\/9editions.com\\\/boutique\\\/produit\\\/les-secrets-de-calysta-tome-1-les-pouvoirs-caches\\\/#primaryimage\",\"url\":\"https:\\\/\\\/9editions.com\\\/boutique\\\/wp-content\\\/uploads\\\/2025\\\/03\\\/9782377271900_1.jpg\",\"contentUrl\":\"https:\\\/\\\/9editions.com\\\/boutique\\\/wp-content\\\/uploads\\\/2025\\\/03\\\/9782377271900_1.jpg\",\"width\":1714,\"height\":2363},{\"@type\":\"BreadcrumbList\",\"@id\":\"https:\\\/\\\/9editions.com\\\/boutique\\\/produit\\\/les-secrets-de-calysta-tome-1-les-pouvoirs-caches\\\/#breadcrumb\",\"itemListElement\":[{\"@type\":\"ListItem\",\"position\":1,\"name\":\"Accueil\",\"item\":\"https:\\\/\\\/9editions.com\\\/boutique\\\/\"},{\"@type\":\"ListItem\",\"position\":2,\"name\":\"Boutique\",\"item\":\"https:\\\/\\\/9editions.com\\\/boutique\\\/\"},{\"@type\":\"ListItem\",\"position\":3,\"name\":\"Les secrets de Calysta Tome 1 Les pouvoirs cach\u00e9s\"}]},{\"@type\":\"WebSite\",\"@id\":\"https:\\\/\\\/9editions.com\\\/boutique\\\/#website\",\"url\":\"https:\\\/\\\/9editions.com\\\/boutique\\\/\",\"name\":\"9 \u00e9ditions\",\"description\":\"La maison d&#039;\u00e9dition au c\u00f4t\u00e9 des auteurs\",\"publisher\":{\"@id\":\"https:\\\/\\\/9editions.com\\\/boutique\\\/#organization\"},\"potentialAction\":[{\"@type\":\"SearchAction\",\"target\":{\"@type\":\"EntryPoint\",\"urlTemplate\":\"https:\\\/\\\/9editions.com\\\/boutique\\\/?s={search_term_string}\"},\"query-input\":{\"@type\":\"PropertyValueSpecification\",\"valueRequired\":true,\"valueName\":\"search_term_string\"}}],\"inLanguage\":\"fr-FR\"},{\"@type\":\"Organization\",\"@id\":\"https:\\\/\\\/9editions.com\\\/boutique\\\/#organization\",\"name\":\"9 \u00e9ditions\",\"url\":\"https:\\\/\\\/9editions.com\\\/boutique\\\/\",\"logo\":{\"@type\":\"ImageObject\",\"inLanguage\":\"fr-FR\",\"@id\":\"https:\\\/\\\/9editions.com\\\/boutique\\\/#\\\/schema\\\/logo\\\/image\\\/\",\"url\":\"https:\\\/\\\/9editions.com\\\/boutique\\\/wp-content\\\/uploads\\\/2020\\\/03\\\/cropped-9-editions-logo-amazon.jpg\",\"contentUrl\":\"https:\\\/\\\/9editions.com\\\/boutique\\\/wp-content\\\/uploads\\\/2020\\\/03\\\/cropped-9-editions-logo-amazon.jpg\",\"width\":120,\"height\":30,\"caption\":\"9 \u00e9ditions\"},\"image\":{\"@id\":\"https:\\\/\\\/9editions.com\\\/boutique\\\/#\\\/schema\\\/logo\\\/image\\\/\"},\"sameAs\":[\"https:\\\/\\\/www.facebook.com\\\/9editions?ref=bookmarks\",\"https:\\\/\\\/x.com\\\/9_editions\",\"https:\\\/\\\/www.instagram.com\\\/9editions_\\\/\"]}]}<\/script>\n<!-- \/ Yoast SEO plugin. -->","yoast_head_json":{"title":"Les secrets de Calysta Tome 1 Les pouvoirs cach\u00e9s - 9 \u00e9ditions","description":"D\u00e9couvrez le premier tome de ce roman fantastique \u00e9crit par notre jeune autrice, Calysta Baba. Lily lors d'une d'orage re\u00e7oit des pouvoirs...","robots":{"index":"index","follow":"follow","max-snippet":"max-snippet:-1","max-image-preview":"max-image-preview:large","max-video-preview":"max-video-preview:-1"},"canonical":"https:\/\/9editions.com\/boutique\/produit\/les-secrets-de-calysta-tome-1-les-pouvoirs-caches\/","og_locale":"fr_FR","og_type":"article","og_title":"Les secrets de Calysta Tome 1 Les pouvoirs cach\u00e9s - 9 \u00e9ditions","og_description":"D\u00e9couvrez le premier tome de ce roman fantastique \u00e9crit par notre jeune autrice, Calysta Baba. Lily lors d'une d'orage re\u00e7oit des pouvoirs...","og_url":"https:\/\/9editions.com\/boutique\/produit\/les-secrets-de-calysta-tome-1-les-pouvoirs-caches\/","og_site_name":"9 \u00e9ditions","article_publisher":"https:\/\/www.facebook.com\/9editions?ref=bookmarks","article_modified_time":"2025-04-01T12:39:48+00:00","og_image":[{"width":1714,"height":2363,"url":"https:\/\/9editions.com\/boutique\/wp-content\/uploads\/2025\/03\/9782377271900_1.jpg","type":"image\/jpeg"}],"twitter_card":"summary_large_image","twitter_site":"@9_editions","twitter_misc":{"Dur\u00e9e de lecture estim\u00e9e":"1 minute"},"schema":{"@context":"https:\/\/schema.org","@graph":[{"@type":"WebPage","@id":"https:\/\/9editions.com\/boutique\/produit\/les-secrets-de-calysta-tome-1-les-pouvoirs-caches\/","url":"https:\/\/9editions.com\/boutique\/produit\/les-secrets-de-calysta-tome-1-les-pouvoirs-caches\/","name":"Les secrets de Calysta Tome 1 Les pouvoirs cach\u00e9s - 9 \u00e9ditions","isPartOf":{"@id":"https:\/\/9editions.com\/boutique\/#website"},"primaryImageOfPage":{"@id":"https:\/\/9editions.com\/boutique\/produit\/les-secrets-de-calysta-tome-1-les-pouvoirs-caches\/#primaryimage"},"image":{"@id":"https:\/\/9editions.com\/boutique\/produit\/les-secrets-de-calysta-tome-1-les-pouvoirs-caches\/#primaryimage"},"thumbnailUrl":"https:\/\/9editions.com\/boutique\/wp-content\/uploads\/2025\/03\/9782377271900_1.jpg","datePublished":"2025-03-14T13:58:06+00:00","dateModified":"2025-04-01T12:39:48+00:00","description":"D\u00e9couvrez le premier tome de ce roman fantastique \u00e9crit par notre jeune autrice, Calysta Baba. Lily lors d'une d'orage re\u00e7oit des pouvoirs...","breadcrumb":{"@id":"https:\/\/9editions.com\/boutique\/produit\/les-secrets-de-calysta-tome-1-les-pouvoirs-caches\/#breadcrumb"},"inLanguage":"fr-FR","potentialAction":[{"@type":"ReadAction","target":["https:\/\/9editions.com\/boutique\/produit\/les-secrets-de-calysta-tome-1-les-pouvoirs-caches\/"]}]},{"@type":"ImageObject","inLanguage":"fr-FR","@id":"https:\/\/9editions.com\/boutique\/produit\/les-secrets-de-calysta-tome-1-les-pouvoirs-caches\/#primaryimage","url":"https:\/\/9editions.com\/boutique\/wp-content\/uploads\/2025\/03\/9782377271900_1.jpg","contentUrl":"https:\/\/9editions.com\/boutique\/wp-content\/uploads\/2025\/03\/9782377271900_1.jpg","width":1714,"height":2363},{"@type":"BreadcrumbList","@id":"https:\/\/9editions.com\/boutique\/produit\/les-secrets-de-calysta-tome-1-les-pouvoirs-caches\/#breadcrumb","itemListElement":[{"@type":"ListItem","position":1,"name":"Accueil","item":"https:\/\/9editions.com\/boutique\/"},{"@type":"ListItem","position":2,"name":"Boutique","item":"https:\/\/9editions.com\/boutique\/"},{"@type":"ListItem","position":3,"name":"Les secrets de Calysta Tome 1 Les pouvoirs cach\u00e9s"}]},{"@type":"WebSite","@id":"https:\/\/9editions.com\/boutique\/#website","url":"https:\/\/9editions.com\/boutique\/","name":"9 \u00e9ditions","description":"La maison d&#039;\u00e9dition au c\u00f4t\u00e9 des auteurs","publisher":{"@id":"https:\/\/9editions.com\/boutique\/#organization"},"potentialAction":[{"@type":"SearchAction","target":{"@type":"EntryPoint","urlTemplate":"https:\/\/9editions.com\/boutique\/?s={search_term_string}"},"query-input":{"@type":"PropertyValueSpecification","valueRequired":true,"valueName":"search_term_string"}}],"inLanguage":"fr-FR"},{"@type":"Organization","@id":"https:\/\/9editions.com\/boutique\/#organization","name":"9 \u00e9ditions","url":"https:\/\/9editions.com\/boutique\/","logo":{"@type":"ImageObject","inLanguage":"fr-FR","@id":"https:\/\/9editions.com\/boutique\/#\/schema\/logo\/image\/","url":"https:\/\/9editions.com\/boutique\/wp-content\/uploads\/2020\/03\/cropped-9-editions-logo-amazon.jpg","contentUrl":"https:\/\/9editions.com\/boutique\/wp-content\/uploads\/2020\/03\/cropped-9-editions-logo-amazon.jpg","width":120,"height":30,"caption":"9 \u00e9ditions"},"image":{"@id":"https:\/\/9editions.com\/boutique\/#\/schema\/logo\/image\/"},"sameAs":["https:\/\/www.facebook.com\/9editions?ref=bookmarks","https:\/\/x.com\/9_editions","https:\/\/www.instagram.com\/9editions_\/"]}]}},"jetpack_sharing_enabled":true,"_links":{"self":[{"href":"https:\/\/9editions.com\/boutique\/wp-json\/wp\/v2\/product\/2919","targetHints":{"allow":["GET"]}}],"collection":[{"href":"https:\/\/9editions.com\/boutique\/wp-json\/wp\/v2\/product"}],"about":[{"href":"https:\/\/9editions.com\/boutique\/wp-json\/wp\/v2\/types\/product"}],"replies":[{"embeddable":true,"href":"https:\/\/9editions.com\/boutique\/wp-json\/wp\/v2\/comments?post=2919"}],"wp:featuredmedia":[{"embeddable":true,"href":"https:\/\/9editions.com\/boutique\/wp-json\/wp\/v2\/media\/2920"}],"wp:attachment":[{"href":"https:\/\/9editions.com\/boutique\/wp-json\/wp\/v2\/media?parent=2919"}],"wp:term":[{"taxonomy":"product_brand","embeddable":true,"href":"https:\/\/9editions.com\/boutique\/wp-json\/wp\/v2\/product_brand?post=2919"},{"taxonomy":"product_cat","embeddable":true,"href":"https:\/\/9editions.com\/boutique\/wp-json\/wp\/v2\/product_cat?post=2919"},{"taxonomy":"product_tag","embeddable":true,"href":"https:\/\/9editions.com\/boutique\/wp-json\/wp\/v2\/product_tag?post=2919"}],"curies":[{"name":"wp","href":"https:\/\/api.w.org\/{rel}","templated":true}]}}