{"id":2902,"date":"2025-01-28T10:56:05","date_gmt":"2025-01-28T09:56:05","guid":{"rendered":"https:\/\/9editions.com\/boutique\/?post_type=product&#038;p=2902"},"modified":"2025-03-01T19:22:55","modified_gmt":"2025-03-01T18:22:55","slug":"stop-au-mariage","status":"publish","type":"product","link":"https:\/\/9editions.com\/boutique\/produit\/stop-au-mariage\/","title":{"rendered":"STOP AU MARIAGE !!! (Livre broch\u00e9)"},"content":{"rendered":"<p>R\u00e9sum\u00e9 :<\/p>\n<p>Le r\u00e9cit s\u2019ouvre \u00e0 Venise dans les ann\u00e9es 1970-75\u00a0: Anna se marie juste pour fuir le carcan conventionnel de sa famille catholique conservatrice et s\u2019unit \u00e0 un \u00e9crivain polyglotte brillant mais boh\u00e8me de 20 ans son ain\u00e9. Elle prend tout \u00e0 la l\u00e9g\u00e8re. Son divorce, consensuel, est c\u00e9l\u00e9br\u00e9 un an plus tard, pour le bonheur des deux ex-\u00e9poux qui restent amis \u00e0 vie.<\/p>\n<p>La deuxi\u00e8me partie raconte un divorce douloureux de p\u00e9riode actuelle, 2024, entre un homme de 36 ans fran\u00e7ais, brillant chef d\u2019entreprise, de sa femme, avocate am\u00e9ricaine. Ils ont v\u00e9cu 6-7 ans d\u2019un mariage devenu p\u00e9nible, d\u00e9chirant. Le divorce, initi\u00e9 par le mari, instigue la femme \u00e0 monter une campagne de d\u00e9nigrement fausse, m\u00e9prisable contre son mari pour avoir la garde des deux gar\u00e7ons auxquels le p\u00e8re est tr\u00e8s attach\u00e9, qui doit se d\u00e9doubler entre deux continents pour leur rendre visite.<\/p>\n<p>Th\u00e8me :<\/p>\n<p>Le th\u00e8me de ce roman est le mariage et sa cons\u00e9quence r\u00e9pandue\u00a0: le divorce. Bas\u00e9 sur des v\u00e9cus partiellement vrais, ce roman en deux parties d\u00e9crit deux mani\u00e8res d\u2019affronter l\u2019un et l\u2019autre\u00a0: l\u00e9g\u00e8re, consensuelle ou tragique et destructrice.<\/p>\n<p>L\u2019essence est que cette institution est un m\u00e9canisme qui tue l\u2019amour dans un pourcentage \u00e9lev\u00e9 de cas (50% chez les 20-29 ans) et que les cons\u00e9quences psychologiques, \u00e9conomiques et logistiques du divorce sont une complication et une souffrance qui marque \u00e0 vie. C\u2019est une institution de contr\u00f4le social et \u00e9conomique\u00a0: le sentiment n\u2019a pas besoin de mariage. Mariage et divorce peuvent ruiner des vies.<\/p>\n","protected":false},"excerpt":{"rendered":"<p>Actuellement en pr\u00e9vente<\/p>\n<p>Marie T. Carlevaris est Docteure en lettres et sciences humaines et a un master en sociologie, sciences politiques, compl\u00e9t\u00e9 par des \u00e9tudes de psychologie et psychanalyse. Actuellement professeur de l\u2019enseignement sup\u00e9rieur, elle donne des cours d\u2019enseignement sup\u00e9rieur et supervise m\u00e9moires et th\u00e8ses. Elle \u00e9crit r\u00e9guli\u00e8rement (15 livres \u00e0 ce jour) et parle quatre langues\u00a0: anglais, italien, espagnol, et fran\u00e7ais. Ayant exerc\u00e9 comme psychopraticienne, psychanalyste, et sophrologue<strong>,<\/strong> l\u2019autrice comprend les gens intuitivement.<\/p>\n<p>Ses int\u00e9r\u00eats portent sur les ressentis, les \u00e9motions, les choix de vie, les diff\u00e9rentes p\u00e9riodes de la vie avec ses illusions et d\u00e9sillusions, les liens familiaux et de couple, qui peuvent \u00eatre difficiles et frustrants.<\/p>\n","protected":false},"featured_media":2904,"comment_status":"open","ping_status":"closed","template":"","meta":[],"product_brand":[],"product_cat":[32,18],"product_tag":[179,494,495,493,497,496,498],"class_list":{"0":"post-2902","1":"product","2":"type-product","3":"status-publish","6":"product_cat-livre-broche","7":"product_cat-roman","8":"product_tag-amour","9":"product_tag-divorce","10":"product_tag-enfants","11":"product_tag-mariage","12":"product_tag-marie-t-carlevaris","13":"product_tag-rupture","14":"product_tag-stop-au-mariage","15":"product_shipping_class-livre","17":"first","18":"instock","19":"purchasable","20":"product-type-simple"},"yoast_head":"<!-- This site is optimized with the Yoast SEO plugin v27.3 - https:\/\/yoast.com\/product\/yoast-seo-wordpress\/ -->\n<title>STOP AU MARIAGE !!! (Livre broch\u00e9) - 9 \u00e9ditions<\/title>\n<meta name=\"description\" content=\"STOP AU MARIAGE !!! est le nouveau roman sociologique de notre autrice Marie T Carlevaris. D\u00e9couvrez cet ouvrage en deux parties qui propose un regard...\" \/>\n<meta name=\"robots\" content=\"index, follow, max-snippet:-1, max-image-preview:large, max-video-preview:-1\" \/>\n<link rel=\"canonical\" href=\"https:\/\/9editions.com\/boutique\/produit\/stop-au-mariage\/\" \/>\n<meta property=\"og:locale\" content=\"fr_FR\" \/>\n<meta property=\"og:type\" content=\"article\" \/>\n<meta property=\"og:title\" content=\"STOP AU MARIAGE !!! (Livre broch\u00e9) - 9 \u00e9ditions\" \/>\n<meta property=\"og:description\" content=\"STOP AU MARIAGE !!! est le nouveau roman sociologique de notre autrice Marie T Carlevaris. D\u00e9couvrez cet ouvrage en deux parties qui propose un regard...\" \/>\n<meta property=\"og:url\" content=\"https:\/\/9editions.com\/boutique\/produit\/stop-au-mariage\/\" \/>\n<meta property=\"og:site_name\" content=\"9 \u00e9ditions\" \/>\n<meta property=\"article:publisher\" content=\"https:\/\/www.facebook.com\/9editions?ref=bookmarks\" \/>\n<meta property=\"article:modified_time\" content=\"2025-03-01T18:22:55+00:00\" \/>\n<meta property=\"og:image\" content=\"https:\/\/9editions.com\/boutique\/wp-content\/uploads\/2025\/01\/9editions-Marie-T-CARLEVARIS-STOP-AU-MIARAGE-FRONTT.jpg\" \/>\n\t<meta property=\"og:image:width\" content=\"1713\" \/>\n\t<meta property=\"og:image:height\" content=\"2362\" \/>\n\t<meta property=\"og:image:type\" content=\"image\/jpeg\" \/>\n<meta name=\"twitter:card\" content=\"summary_large_image\" \/>\n<meta name=\"twitter:site\" content=\"@9_editions\" \/>\n<meta name=\"twitter:label1\" content=\"Dur\u00e9e de lecture estim\u00e9e\" \/>\n\t<meta name=\"twitter:data1\" content=\"2 minutes\" \/>\n<script type=\"application\/ld+json\" class=\"yoast-schema-graph\">{\"@context\":\"https:\\\/\\\/schema.org\",\"@graph\":[{\"@type\":\"WebPage\",\"@id\":\"https:\\\/\\\/9editions.com\\\/boutique\\\/produit\\\/stop-au-mariage\\\/\",\"url\":\"https:\\\/\\\/9editions.com\\\/boutique\\\/produit\\\/stop-au-mariage\\\/\",\"name\":\"STOP AU MARIAGE !!! (Livre broch\u00e9) - 9 \u00e9ditions\",\"isPartOf\":{\"@id\":\"https:\\\/\\\/9editions.com\\\/boutique\\\/#website\"},\"primaryImageOfPage\":{\"@id\":\"https:\\\/\\\/9editions.com\\\/boutique\\\/produit\\\/stop-au-mariage\\\/#primaryimage\"},\"image\":{\"@id\":\"https:\\\/\\\/9editions.com\\\/boutique\\\/produit\\\/stop-au-mariage\\\/#primaryimage\"},\"thumbnailUrl\":\"https:\\\/\\\/9editions.com\\\/boutique\\\/wp-content\\\/uploads\\\/2025\\\/01\\\/9editions-Marie-T-CARLEVARIS-STOP-AU-MIARAGE-FRONTT.jpg\",\"datePublished\":\"2025-01-28T09:56:05+00:00\",\"dateModified\":\"2025-03-01T18:22:55+00:00\",\"description\":\"STOP AU MARIAGE !!! est le nouveau roman sociologique de notre autrice Marie T Carlevaris. D\u00e9couvrez cet ouvrage en deux parties qui propose un regard...\",\"breadcrumb\":{\"@id\":\"https:\\\/\\\/9editions.com\\\/boutique\\\/produit\\\/stop-au-mariage\\\/#breadcrumb\"},\"inLanguage\":\"fr-FR\",\"potentialAction\":[{\"@type\":\"ReadAction\",\"target\":[\"https:\\\/\\\/9editions.com\\\/boutique\\\/produit\\\/stop-au-mariage\\\/\"]}]},{\"@type\":\"ImageObject\",\"inLanguage\":\"fr-FR\",\"@id\":\"https:\\\/\\\/9editions.com\\\/boutique\\\/produit\\\/stop-au-mariage\\\/#primaryimage\",\"url\":\"https:\\\/\\\/9editions.com\\\/boutique\\\/wp-content\\\/uploads\\\/2025\\\/01\\\/9editions-Marie-T-CARLEVARIS-STOP-AU-MIARAGE-FRONTT.jpg\",\"contentUrl\":\"https:\\\/\\\/9editions.com\\\/boutique\\\/wp-content\\\/uploads\\\/2025\\\/01\\\/9editions-Marie-T-CARLEVARIS-STOP-AU-MIARAGE-FRONTT.jpg\",\"width\":1713,\"height\":2362},{\"@type\":\"BreadcrumbList\",\"@id\":\"https:\\\/\\\/9editions.com\\\/boutique\\\/produit\\\/stop-au-mariage\\\/#breadcrumb\",\"itemListElement\":[{\"@type\":\"ListItem\",\"position\":1,\"name\":\"Accueil\",\"item\":\"https:\\\/\\\/9editions.com\\\/boutique\\\/\"},{\"@type\":\"ListItem\",\"position\":2,\"name\":\"Boutique\",\"item\":\"https:\\\/\\\/9editions.com\\\/boutique\\\/\"},{\"@type\":\"ListItem\",\"position\":3,\"name\":\"STOP AU MARIAGE !!! (Livre broch\u00e9)\"}]},{\"@type\":\"WebSite\",\"@id\":\"https:\\\/\\\/9editions.com\\\/boutique\\\/#website\",\"url\":\"https:\\\/\\\/9editions.com\\\/boutique\\\/\",\"name\":\"9 \u00e9ditions\",\"description\":\"La maison d&#039;\u00e9dition au c\u00f4t\u00e9 des auteurs\",\"publisher\":{\"@id\":\"https:\\\/\\\/9editions.com\\\/boutique\\\/#organization\"},\"potentialAction\":[{\"@type\":\"SearchAction\",\"target\":{\"@type\":\"EntryPoint\",\"urlTemplate\":\"https:\\\/\\\/9editions.com\\\/boutique\\\/?s={search_term_string}\"},\"query-input\":{\"@type\":\"PropertyValueSpecification\",\"valueRequired\":true,\"valueName\":\"search_term_string\"}}],\"inLanguage\":\"fr-FR\"},{\"@type\":\"Organization\",\"@id\":\"https:\\\/\\\/9editions.com\\\/boutique\\\/#organization\",\"name\":\"9 \u00e9ditions\",\"url\":\"https:\\\/\\\/9editions.com\\\/boutique\\\/\",\"logo\":{\"@type\":\"ImageObject\",\"inLanguage\":\"fr-FR\",\"@id\":\"https:\\\/\\\/9editions.com\\\/boutique\\\/#\\\/schema\\\/logo\\\/image\\\/\",\"url\":\"https:\\\/\\\/9editions.com\\\/boutique\\\/wp-content\\\/uploads\\\/2020\\\/03\\\/cropped-9-editions-logo-amazon.jpg\",\"contentUrl\":\"https:\\\/\\\/9editions.com\\\/boutique\\\/wp-content\\\/uploads\\\/2020\\\/03\\\/cropped-9-editions-logo-amazon.jpg\",\"width\":120,\"height\":30,\"caption\":\"9 \u00e9ditions\"},\"image\":{\"@id\":\"https:\\\/\\\/9editions.com\\\/boutique\\\/#\\\/schema\\\/logo\\\/image\\\/\"},\"sameAs\":[\"https:\\\/\\\/www.facebook.com\\\/9editions?ref=bookmarks\",\"https:\\\/\\\/x.com\\\/9_editions\",\"https:\\\/\\\/www.instagram.com\\\/9editions_\\\/\"]}]}<\/script>\n<!-- \/ Yoast SEO plugin. -->","yoast_head_json":{"title":"STOP AU MARIAGE !!! (Livre broch\u00e9) - 9 \u00e9ditions","description":"STOP AU MARIAGE !!! est le nouveau roman sociologique de notre autrice Marie T Carlevaris. D\u00e9couvrez cet ouvrage en deux parties qui propose un regard...","robots":{"index":"index","follow":"follow","max-snippet":"max-snippet:-1","max-image-preview":"max-image-preview:large","max-video-preview":"max-video-preview:-1"},"canonical":"https:\/\/9editions.com\/boutique\/produit\/stop-au-mariage\/","og_locale":"fr_FR","og_type":"article","og_title":"STOP AU MARIAGE !!! (Livre broch\u00e9) - 9 \u00e9ditions","og_description":"STOP AU MARIAGE !!! est le nouveau roman sociologique de notre autrice Marie T Carlevaris. D\u00e9couvrez cet ouvrage en deux parties qui propose un regard...","og_url":"https:\/\/9editions.com\/boutique\/produit\/stop-au-mariage\/","og_site_name":"9 \u00e9ditions","article_publisher":"https:\/\/www.facebook.com\/9editions?ref=bookmarks","article_modified_time":"2025-03-01T18:22:55+00:00","og_image":[{"width":1713,"height":2362,"url":"https:\/\/9editions.com\/boutique\/wp-content\/uploads\/2025\/01\/9editions-Marie-T-CARLEVARIS-STOP-AU-MIARAGE-FRONTT.jpg","type":"image\/jpeg"}],"twitter_card":"summary_large_image","twitter_site":"@9_editions","twitter_misc":{"Dur\u00e9e de lecture estim\u00e9e":"2 minutes"},"schema":{"@context":"https:\/\/schema.org","@graph":[{"@type":"WebPage","@id":"https:\/\/9editions.com\/boutique\/produit\/stop-au-mariage\/","url":"https:\/\/9editions.com\/boutique\/produit\/stop-au-mariage\/","name":"STOP AU MARIAGE !!! (Livre broch\u00e9) - 9 \u00e9ditions","isPartOf":{"@id":"https:\/\/9editions.com\/boutique\/#website"},"primaryImageOfPage":{"@id":"https:\/\/9editions.com\/boutique\/produit\/stop-au-mariage\/#primaryimage"},"image":{"@id":"https:\/\/9editions.com\/boutique\/produit\/stop-au-mariage\/#primaryimage"},"thumbnailUrl":"https:\/\/9editions.com\/boutique\/wp-content\/uploads\/2025\/01\/9editions-Marie-T-CARLEVARIS-STOP-AU-MIARAGE-FRONTT.jpg","datePublished":"2025-01-28T09:56:05+00:00","dateModified":"2025-03-01T18:22:55+00:00","description":"STOP AU MARIAGE !!! est le nouveau roman sociologique de notre autrice Marie T Carlevaris. D\u00e9couvrez cet ouvrage en deux parties qui propose un regard...","breadcrumb":{"@id":"https:\/\/9editions.com\/boutique\/produit\/stop-au-mariage\/#breadcrumb"},"inLanguage":"fr-FR","potentialAction":[{"@type":"ReadAction","target":["https:\/\/9editions.com\/boutique\/produit\/stop-au-mariage\/"]}]},{"@type":"ImageObject","inLanguage":"fr-FR","@id":"https:\/\/9editions.com\/boutique\/produit\/stop-au-mariage\/#primaryimage","url":"https:\/\/9editions.com\/boutique\/wp-content\/uploads\/2025\/01\/9editions-Marie-T-CARLEVARIS-STOP-AU-MIARAGE-FRONTT.jpg","contentUrl":"https:\/\/9editions.com\/boutique\/wp-content\/uploads\/2025\/01\/9editions-Marie-T-CARLEVARIS-STOP-AU-MIARAGE-FRONTT.jpg","width":1713,"height":2362},{"@type":"BreadcrumbList","@id":"https:\/\/9editions.com\/boutique\/produit\/stop-au-mariage\/#breadcrumb","itemListElement":[{"@type":"ListItem","position":1,"name":"Accueil","item":"https:\/\/9editions.com\/boutique\/"},{"@type":"ListItem","position":2,"name":"Boutique","item":"https:\/\/9editions.com\/boutique\/"},{"@type":"ListItem","position":3,"name":"STOP AU MARIAGE !!! (Livre broch\u00e9)"}]},{"@type":"WebSite","@id":"https:\/\/9editions.com\/boutique\/#website","url":"https:\/\/9editions.com\/boutique\/","name":"9 \u00e9ditions","description":"La maison d&#039;\u00e9dition au c\u00f4t\u00e9 des auteurs","publisher":{"@id":"https:\/\/9editions.com\/boutique\/#organization"},"potentialAction":[{"@type":"SearchAction","target":{"@type":"EntryPoint","urlTemplate":"https:\/\/9editions.com\/boutique\/?s={search_term_string}"},"query-input":{"@type":"PropertyValueSpecification","valueRequired":true,"valueName":"search_term_string"}}],"inLanguage":"fr-FR"},{"@type":"Organization","@id":"https:\/\/9editions.com\/boutique\/#organization","name":"9 \u00e9ditions","url":"https:\/\/9editions.com\/boutique\/","logo":{"@type":"ImageObject","inLanguage":"fr-FR","@id":"https:\/\/9editions.com\/boutique\/#\/schema\/logo\/image\/","url":"https:\/\/9editions.com\/boutique\/wp-content\/uploads\/2020\/03\/cropped-9-editions-logo-amazon.jpg","contentUrl":"https:\/\/9editions.com\/boutique\/wp-content\/uploads\/2020\/03\/cropped-9-editions-logo-amazon.jpg","width":120,"height":30,"caption":"9 \u00e9ditions"},"image":{"@id":"https:\/\/9editions.com\/boutique\/#\/schema\/logo\/image\/"},"sameAs":["https:\/\/www.facebook.com\/9editions?ref=bookmarks","https:\/\/x.com\/9_editions","https:\/\/www.instagram.com\/9editions_\/"]}]}},"jetpack_sharing_enabled":true,"_links":{"self":[{"href":"https:\/\/9editions.com\/boutique\/wp-json\/wp\/v2\/product\/2902","targetHints":{"allow":["GET"]}}],"collection":[{"href":"https:\/\/9editions.com\/boutique\/wp-json\/wp\/v2\/product"}],"about":[{"href":"https:\/\/9editions.com\/boutique\/wp-json\/wp\/v2\/types\/product"}],"replies":[{"embeddable":true,"href":"https:\/\/9editions.com\/boutique\/wp-json\/wp\/v2\/comments?post=2902"}],"wp:featuredmedia":[{"embeddable":true,"href":"https:\/\/9editions.com\/boutique\/wp-json\/wp\/v2\/media\/2904"}],"wp:attachment":[{"href":"https:\/\/9editions.com\/boutique\/wp-json\/wp\/v2\/media?parent=2902"}],"wp:term":[{"taxonomy":"product_brand","embeddable":true,"href":"https:\/\/9editions.com\/boutique\/wp-json\/wp\/v2\/product_brand?post=2902"},{"taxonomy":"product_cat","embeddable":true,"href":"https:\/\/9editions.com\/boutique\/wp-json\/wp\/v2\/product_cat?post=2902"},{"taxonomy":"product_tag","embeddable":true,"href":"https:\/\/9editions.com\/boutique\/wp-json\/wp\/v2\/product_tag?post=2902"}],"curies":[{"name":"wp","href":"https:\/\/api.w.org\/{rel}","templated":true}]}}