{"id":2658,"date":"2024-09-09T10:22:34","date_gmt":"2024-09-09T08:22:34","guid":{"rendered":"https:\/\/9editions.com\/boutique\/?post_type=product&#038;p=2658"},"modified":"2024-09-09T10:22:35","modified_gmt":"2024-09-09T08:22:35","slug":"decoder-le-code-nouvelle-edition-2024-2025","status":"publish","type":"product","link":"https:\/\/9editions.com\/boutique\/produit\/decoder-le-code-nouvelle-edition-2024-2025\/","title":{"rendered":"D\u00e9coder le Code Nouvelle \u00e9dition 2024-2025"},"content":{"rendered":"<p>Vous faites du droit et vous \u00eates perdus dans les textes juridiques\u00a0? \u00ab\u00a0D\u00e9coder le Code\u00a0\u00bb est un livre fait pour vous\u00a0!<\/p>\n<p>C\u2019est un ouvrage de m\u00e9thodologie en droit qui s\u2019adresse \u00e0 l\u2019ensemble des \u00e9tudiants en premi\u00e8re ann\u00e9e de droit, aux \u00e9tudiants des autres cursus (comme sciences politiques ou sociologie) qui ont une \u00e9preuve de droit, ainsi qu\u2019\u00e0 tous ceux qui pr\u00e9parent un concours difficile, et qui souhaitent mettre de l\u2019ordre pour ma\u00eetriser la masse de textes \u00e0 apprendre.<\/p>\n<p>Cette m\u00e9thode totalement in\u00e9dite permet de comprendre en d\u00e9tail de quoi est compos\u00e9 un Code de droit et d\u2019apprendre \u00e0 vraiment se servir des marque-pages et des surligneurs pour retrouver rapidement les textes de droit le jour de l\u2019\u00e9preuve.<\/p>\n<p>Avec \u00ab\u00a0D\u00e9coder le Code\u00a0\u00bb, les \u00e9tudiants en droit apprendront la rigueur et n\u2019auront plus de trou de m\u00e9moire le jour de l\u2019examen.<\/p>\n<p>Ouvrage illustr\u00e9, en couleurs, et structur\u00e9 par un plan clair et pr\u00e9cis, dense en information et en id\u00e9es in\u00e9dites tout en \u00e9tant r\u00e9dig\u00e9 dans un style fluide et facile \u00e0 comprendre, il contient de nombreux exemples concrets de textes r\u00e9cents (\u00e0 jour des Codes 2025), en droit public comme en droit priv\u00e9.<\/p>\n","protected":false},"excerpt":{"rendered":"<p>Avant de se rediriger vers une carri\u00e8re d\u2019\u00e9crivaine, Catherine Sentenac a acquis une formation de juriste, le Master en droit de l&rsquo;environnement de l&rsquo;Universit\u00e9 de Montpellier\u00a0; elle a obtenu l\u2019examen d&rsquo;acc\u00e8s \u00e0 l\u2019\u00c9cole des Avocats de Montpellier.<\/p>\n<p>Elle a travaill\u00e9 pour diverses associations de protection de l&rsquo;environnement, dont l&rsquo;Association de Protection des Animaux Sauvages et l\u2019Association D\u00e9veloppement Solidaire et Durable, et a d\u00e9j\u00e0 publi\u00e9 un ouvrage de m\u00e9thodologie\u00a0:<\/p>\n<p>\u00ab\u00a0Note de synth\u00e8se, Astuces et Couleurs\u00a0\u00bb.<\/p>\n","protected":false},"featured_media":2659,"comment_status":"open","ping_status":"closed","template":"","meta":[],"product_brand":[],"product_cat":[32,48],"product_tag":[50,287,122,51,288,60,286],"class_list":{"0":"post-2658","1":"product","2":"type-product","3":"status-publish","6":"product_cat-livre-broche","7":"product_cat-methodologie","8":"product_tag-catherine-sentenac","9":"product_tag-classe-preparatoire","10":"product_tag-concours","11":"product_tag-droit","12":"product_tag-etudiant-en-droit","13":"product_tag-methodologie","14":"product_tag-ufr-de-droit","15":"product_shipping_class-livre","17":"first","18":"instock","19":"purchasable","20":"product-type-simple"},"yoast_head":"<!-- This site is optimized with the Yoast SEO plugin v27.2 - https:\/\/yoast.com\/product\/yoast-seo-wordpress\/ -->\n<title>D\u00e9coder le Code Nouvelle \u00e9dition 2024-2025 - 9 \u00e9ditions<\/title>\n<meta name=\"description\" content=\"Comme chaque ann\u00e9e pour la rentr\u00e9e universitaire, 9 \u00e9ditions vous propose la mise \u00e0 du livre de m\u00e9thodologie D\u00e9coder le Code de Catherine Sentenac\" \/>\n<meta name=\"robots\" content=\"index, follow, max-snippet:-1, max-image-preview:large, max-video-preview:-1\" \/>\n<link rel=\"canonical\" href=\"https:\/\/9editions.com\/boutique\/produit\/decoder-le-code-nouvelle-edition-2024-2025\/\" \/>\n<meta property=\"og:locale\" content=\"fr_FR\" \/>\n<meta property=\"og:type\" content=\"article\" \/>\n<meta property=\"og:title\" content=\"D\u00e9coder le Code Nouvelle \u00e9dition 2024-2025 - 9 \u00e9ditions\" \/>\n<meta property=\"og:description\" content=\"Comme chaque ann\u00e9e pour la rentr\u00e9e universitaire, 9 \u00e9ditions vous propose la mise \u00e0 du livre de m\u00e9thodologie D\u00e9coder le Code de Catherine Sentenac\" \/>\n<meta property=\"og:url\" content=\"https:\/\/9editions.com\/boutique\/produit\/decoder-le-code-nouvelle-edition-2024-2025\/\" \/>\n<meta property=\"og:site_name\" content=\"9 \u00e9ditions\" \/>\n<meta property=\"article:publisher\" content=\"https:\/\/www.facebook.com\/9editions?ref=bookmarks\" \/>\n<meta property=\"article:modified_time\" content=\"2024-09-09T08:22:35+00:00\" \/>\n<meta property=\"og:image\" content=\"https:\/\/9editions.com\/boutique\/wp-content\/uploads\/2024\/09\/9782377271825_1.jpg\" \/>\n\t<meta property=\"og:image:width\" content=\"1713\" \/>\n\t<meta property=\"og:image:height\" content=\"2364\" \/>\n\t<meta property=\"og:image:type\" content=\"image\/jpeg\" \/>\n<meta name=\"twitter:card\" content=\"summary_large_image\" \/>\n<meta name=\"twitter:site\" content=\"@9_editions\" \/>\n<meta name=\"twitter:label1\" content=\"Dur\u00e9e de lecture estim\u00e9e\" \/>\n\t<meta name=\"twitter:data1\" content=\"2 minutes\" \/>\n<script type=\"application\/ld+json\" class=\"yoast-schema-graph\">{\"@context\":\"https:\/\/schema.org\",\"@graph\":[{\"@type\":\"WebPage\",\"@id\":\"https:\/\/9editions.com\/boutique\/produit\/decoder-le-code-nouvelle-edition-2024-2025\/\",\"url\":\"https:\/\/9editions.com\/boutique\/produit\/decoder-le-code-nouvelle-edition-2024-2025\/\",\"name\":\"D\u00e9coder le Code Nouvelle \u00e9dition 2024-2025 - 9 \u00e9ditions\",\"isPartOf\":{\"@id\":\"https:\/\/9editions.com\/boutique\/#website\"},\"primaryImageOfPage\":{\"@id\":\"https:\/\/9editions.com\/boutique\/produit\/decoder-le-code-nouvelle-edition-2024-2025\/#primaryimage\"},\"image\":{\"@id\":\"https:\/\/9editions.com\/boutique\/produit\/decoder-le-code-nouvelle-edition-2024-2025\/#primaryimage\"},\"thumbnailUrl\":\"https:\/\/9editions.com\/boutique\/wp-content\/uploads\/2024\/09\/9782377271825_1.jpg\",\"datePublished\":\"2024-09-09T08:22:34+00:00\",\"dateModified\":\"2024-09-09T08:22:35+00:00\",\"description\":\"Comme chaque ann\u00e9e pour la rentr\u00e9e universitaire, 9 \u00e9ditions vous propose la mise \u00e0 du livre de m\u00e9thodologie D\u00e9coder le Code de Catherine Sentenac\",\"breadcrumb\":{\"@id\":\"https:\/\/9editions.com\/boutique\/produit\/decoder-le-code-nouvelle-edition-2024-2025\/#breadcrumb\"},\"inLanguage\":\"fr-FR\",\"potentialAction\":[{\"@type\":\"ReadAction\",\"target\":[\"https:\/\/9editions.com\/boutique\/produit\/decoder-le-code-nouvelle-edition-2024-2025\/\"]}]},{\"@type\":\"ImageObject\",\"inLanguage\":\"fr-FR\",\"@id\":\"https:\/\/9editions.com\/boutique\/produit\/decoder-le-code-nouvelle-edition-2024-2025\/#primaryimage\",\"url\":\"https:\/\/9editions.com\/boutique\/wp-content\/uploads\/2024\/09\/9782377271825_1.jpg\",\"contentUrl\":\"https:\/\/9editions.com\/boutique\/wp-content\/uploads\/2024\/09\/9782377271825_1.jpg\",\"width\":1713,\"height\":2364},{\"@type\":\"BreadcrumbList\",\"@id\":\"https:\/\/9editions.com\/boutique\/produit\/decoder-le-code-nouvelle-edition-2024-2025\/#breadcrumb\",\"itemListElement\":[{\"@type\":\"ListItem\",\"position\":1,\"name\":\"Accueil\",\"item\":\"https:\/\/9editions.com\/boutique\/\"},{\"@type\":\"ListItem\",\"position\":2,\"name\":\"Boutique\",\"item\":\"https:\/\/9editions.com\/boutique\/\"},{\"@type\":\"ListItem\",\"position\":3,\"name\":\"D\u00e9coder le Code Nouvelle \u00e9dition 2024-2025\"}]},{\"@type\":\"WebSite\",\"@id\":\"https:\/\/9editions.com\/boutique\/#website\",\"url\":\"https:\/\/9editions.com\/boutique\/\",\"name\":\"9 \u00e9ditions\",\"description\":\"La maison d&#039;\u00e9dition au c\u00f4t\u00e9 des auteurs\",\"publisher\":{\"@id\":\"https:\/\/9editions.com\/boutique\/#organization\"},\"potentialAction\":[{\"@type\":\"SearchAction\",\"target\":{\"@type\":\"EntryPoint\",\"urlTemplate\":\"https:\/\/9editions.com\/boutique\/?s={search_term_string}\"},\"query-input\":{\"@type\":\"PropertyValueSpecification\",\"valueRequired\":true,\"valueName\":\"search_term_string\"}}],\"inLanguage\":\"fr-FR\"},{\"@type\":\"Organization\",\"@id\":\"https:\/\/9editions.com\/boutique\/#organization\",\"name\":\"9 \u00e9ditions\",\"url\":\"https:\/\/9editions.com\/boutique\/\",\"logo\":{\"@type\":\"ImageObject\",\"inLanguage\":\"fr-FR\",\"@id\":\"https:\/\/9editions.com\/boutique\/#\/schema\/logo\/image\/\",\"url\":\"https:\/\/9editions.com\/boutique\/wp-content\/uploads\/2020\/03\/cropped-9-editions-logo-amazon.jpg\",\"contentUrl\":\"https:\/\/9editions.com\/boutique\/wp-content\/uploads\/2020\/03\/cropped-9-editions-logo-amazon.jpg\",\"width\":120,\"height\":30,\"caption\":\"9 \u00e9ditions\"},\"image\":{\"@id\":\"https:\/\/9editions.com\/boutique\/#\/schema\/logo\/image\/\"},\"sameAs\":[\"https:\/\/www.facebook.com\/9editions?ref=bookmarks\",\"https:\/\/x.com\/9_editions\",\"https:\/\/www.instagram.com\/9editions_\/\"]}]}<\/script>\n<!-- \/ Yoast SEO plugin. -->","yoast_head_json":{"title":"D\u00e9coder le Code Nouvelle \u00e9dition 2024-2025 - 9 \u00e9ditions","description":"Comme chaque ann\u00e9e pour la rentr\u00e9e universitaire, 9 \u00e9ditions vous propose la mise \u00e0 du livre de m\u00e9thodologie D\u00e9coder le Code de Catherine Sentenac","robots":{"index":"index","follow":"follow","max-snippet":"max-snippet:-1","max-image-preview":"max-image-preview:large","max-video-preview":"max-video-preview:-1"},"canonical":"https:\/\/9editions.com\/boutique\/produit\/decoder-le-code-nouvelle-edition-2024-2025\/","og_locale":"fr_FR","og_type":"article","og_title":"D\u00e9coder le Code Nouvelle \u00e9dition 2024-2025 - 9 \u00e9ditions","og_description":"Comme chaque ann\u00e9e pour la rentr\u00e9e universitaire, 9 \u00e9ditions vous propose la mise \u00e0 du livre de m\u00e9thodologie D\u00e9coder le Code de Catherine Sentenac","og_url":"https:\/\/9editions.com\/boutique\/produit\/decoder-le-code-nouvelle-edition-2024-2025\/","og_site_name":"9 \u00e9ditions","article_publisher":"https:\/\/www.facebook.com\/9editions?ref=bookmarks","article_modified_time":"2024-09-09T08:22:35+00:00","og_image":[{"width":1713,"height":2364,"url":"https:\/\/9editions.com\/boutique\/wp-content\/uploads\/2024\/09\/9782377271825_1.jpg","type":"image\/jpeg"}],"twitter_card":"summary_large_image","twitter_site":"@9_editions","twitter_misc":{"Dur\u00e9e de lecture estim\u00e9e":"2 minutes"},"schema":{"@context":"https:\/\/schema.org","@graph":[{"@type":"WebPage","@id":"https:\/\/9editions.com\/boutique\/produit\/decoder-le-code-nouvelle-edition-2024-2025\/","url":"https:\/\/9editions.com\/boutique\/produit\/decoder-le-code-nouvelle-edition-2024-2025\/","name":"D\u00e9coder le Code Nouvelle \u00e9dition 2024-2025 - 9 \u00e9ditions","isPartOf":{"@id":"https:\/\/9editions.com\/boutique\/#website"},"primaryImageOfPage":{"@id":"https:\/\/9editions.com\/boutique\/produit\/decoder-le-code-nouvelle-edition-2024-2025\/#primaryimage"},"image":{"@id":"https:\/\/9editions.com\/boutique\/produit\/decoder-le-code-nouvelle-edition-2024-2025\/#primaryimage"},"thumbnailUrl":"https:\/\/9editions.com\/boutique\/wp-content\/uploads\/2024\/09\/9782377271825_1.jpg","datePublished":"2024-09-09T08:22:34+00:00","dateModified":"2024-09-09T08:22:35+00:00","description":"Comme chaque ann\u00e9e pour la rentr\u00e9e universitaire, 9 \u00e9ditions vous propose la mise \u00e0 du livre de m\u00e9thodologie D\u00e9coder le Code de Catherine Sentenac","breadcrumb":{"@id":"https:\/\/9editions.com\/boutique\/produit\/decoder-le-code-nouvelle-edition-2024-2025\/#breadcrumb"},"inLanguage":"fr-FR","potentialAction":[{"@type":"ReadAction","target":["https:\/\/9editions.com\/boutique\/produit\/decoder-le-code-nouvelle-edition-2024-2025\/"]}]},{"@type":"ImageObject","inLanguage":"fr-FR","@id":"https:\/\/9editions.com\/boutique\/produit\/decoder-le-code-nouvelle-edition-2024-2025\/#primaryimage","url":"https:\/\/9editions.com\/boutique\/wp-content\/uploads\/2024\/09\/9782377271825_1.jpg","contentUrl":"https:\/\/9editions.com\/boutique\/wp-content\/uploads\/2024\/09\/9782377271825_1.jpg","width":1713,"height":2364},{"@type":"BreadcrumbList","@id":"https:\/\/9editions.com\/boutique\/produit\/decoder-le-code-nouvelle-edition-2024-2025\/#breadcrumb","itemListElement":[{"@type":"ListItem","position":1,"name":"Accueil","item":"https:\/\/9editions.com\/boutique\/"},{"@type":"ListItem","position":2,"name":"Boutique","item":"https:\/\/9editions.com\/boutique\/"},{"@type":"ListItem","position":3,"name":"D\u00e9coder le Code Nouvelle \u00e9dition 2024-2025"}]},{"@type":"WebSite","@id":"https:\/\/9editions.com\/boutique\/#website","url":"https:\/\/9editions.com\/boutique\/","name":"9 \u00e9ditions","description":"La maison d&#039;\u00e9dition au c\u00f4t\u00e9 des auteurs","publisher":{"@id":"https:\/\/9editions.com\/boutique\/#organization"},"potentialAction":[{"@type":"SearchAction","target":{"@type":"EntryPoint","urlTemplate":"https:\/\/9editions.com\/boutique\/?s={search_term_string}"},"query-input":{"@type":"PropertyValueSpecification","valueRequired":true,"valueName":"search_term_string"}}],"inLanguage":"fr-FR"},{"@type":"Organization","@id":"https:\/\/9editions.com\/boutique\/#organization","name":"9 \u00e9ditions","url":"https:\/\/9editions.com\/boutique\/","logo":{"@type":"ImageObject","inLanguage":"fr-FR","@id":"https:\/\/9editions.com\/boutique\/#\/schema\/logo\/image\/","url":"https:\/\/9editions.com\/boutique\/wp-content\/uploads\/2020\/03\/cropped-9-editions-logo-amazon.jpg","contentUrl":"https:\/\/9editions.com\/boutique\/wp-content\/uploads\/2020\/03\/cropped-9-editions-logo-amazon.jpg","width":120,"height":30,"caption":"9 \u00e9ditions"},"image":{"@id":"https:\/\/9editions.com\/boutique\/#\/schema\/logo\/image\/"},"sameAs":["https:\/\/www.facebook.com\/9editions?ref=bookmarks","https:\/\/x.com\/9_editions","https:\/\/www.instagram.com\/9editions_\/"]}]}},"jetpack_sharing_enabled":true,"_links":{"self":[{"href":"https:\/\/9editions.com\/boutique\/wp-json\/wp\/v2\/product\/2658","targetHints":{"allow":["GET"]}}],"collection":[{"href":"https:\/\/9editions.com\/boutique\/wp-json\/wp\/v2\/product"}],"about":[{"href":"https:\/\/9editions.com\/boutique\/wp-json\/wp\/v2\/types\/product"}],"replies":[{"embeddable":true,"href":"https:\/\/9editions.com\/boutique\/wp-json\/wp\/v2\/comments?post=2658"}],"wp:featuredmedia":[{"embeddable":true,"href":"https:\/\/9editions.com\/boutique\/wp-json\/wp\/v2\/media\/2659"}],"wp:attachment":[{"href":"https:\/\/9editions.com\/boutique\/wp-json\/wp\/v2\/media?parent=2658"}],"wp:term":[{"taxonomy":"product_brand","embeddable":true,"href":"https:\/\/9editions.com\/boutique\/wp-json\/wp\/v2\/product_brand?post=2658"},{"taxonomy":"product_cat","embeddable":true,"href":"https:\/\/9editions.com\/boutique\/wp-json\/wp\/v2\/product_cat?post=2658"},{"taxonomy":"product_tag","embeddable":true,"href":"https:\/\/9editions.com\/boutique\/wp-json\/wp\/v2\/product_tag?post=2658"}],"curies":[{"name":"wp","href":"https:\/\/api.w.org\/{rel}","templated":true}]}}