{"id":2653,"date":"2024-08-22T14:44:06","date_gmt":"2024-08-22T12:44:06","guid":{"rendered":"https:\/\/9editions.com\/boutique\/?post_type=product&#038;p=2653"},"modified":"2024-10-26T10:32:49","modified_gmt":"2024-10-26T08:32:49","slug":"cagoules-et-masque-a-gaz-ebook","status":"publish","type":"product","link":"https:\/\/9editions.com\/boutique\/produit\/cagoules-et-masque-a-gaz-ebook\/","title":{"rendered":"Cagoules et masque \u00e0 gaz (ebook)"},"content":{"rendered":"<p>A la suite du hold-up \u00e9lectoral perp\u00e9tr\u00e9 par le tyran ALOUM-NDONG-MINKO, encourag\u00e9 par son ministre de la guerre, la population de l\u2019Etat de KAMETA d\u00e9cide de se r\u00e9volter pour r\u00e9clamer le respect du verdict des urnes.<\/p>\n<p>ESSINGA, un jeune K\u00e9mite, qui ne veut pas se laisser conter l\u2019histoire de ce mouvement de contestation, d\u00e9cide d\u2019y prendre part en s\u2019investissant pleinement au p\u00e9ril de sa vie pour \u00ab d\u00e9fendre son vote \u00bb.<\/p>\n<p>L\u2019intensit\u00e9 de son m\u00e9contentement le rend sans cesse imprudent dans l\u2019expression de sa col\u00e8re, ce qui le conduit vers des dangers quasi in\u00e9vitables qui finiront, irr\u00e9m\u00e9diablement, par ensevelir une partie de son pass\u00e9.<\/p>\n<p>Tout en laissant des s\u00e9quelles ind\u00e9l\u00e9biles sur la population, cette longue nuit de r\u00e9pression sanglante, commandit\u00e9e par le \u00ab N\u00e9ron \u00bb de KAMETA, comptera, parmi les cris des p\u00e9nitents et la cohorte des martyres, les voix et les \u00e2mes de personne qui lui sont ch\u00e8res.<\/p>\n<p>\u00ab Cagoules et masque \u00e0 gaz \u00bb est, de ce qu\u2019il contient, le r\u00e9cit qui tisse le portrait de l&rsquo;irr\u00e9parable. Un r\u00e9cit dans lequel, l&rsquo;auteur, connu pour son sens pointilleux de la description et du d\u00e9tail, en s\u2019inspirant de faits r\u00e9els dans plusieurs pays africains, veut rendre, \u00e0 la dignit\u00e9 des peuples \u00e9pris de Libert\u00e9, un honorable t\u00e9moignage qui d\u00e9peint le jusqu&rsquo;au-boutisme du \u00ab\u00a0REGNE PAR LA TERREUR\u00a0\u00bb et l\u2019impossibilit\u00e9 cons\u00e9cutive de la r\u00e9mission de certaines violences politiques.<\/p>\n","protected":false},"excerpt":{"rendered":"<p>Auteur de plusieurs romans, Pierre d&rsquo;Orig\u00e8ne est n\u00e9 en Afrique centrale, une r\u00e9gion o\u00f9 les conflits \u00e9lectoraux et post \u00e9lectoraux sont r\u00e9currents.<\/p>\n","protected":false},"featured_media":2655,"comment_status":"open","ping_status":"closed","template":"","meta":[],"product_brand":[],"product_cat":[29,18,80],"product_tag":[285,284,189,283,71],"class_list":{"0":"post-2653","1":"product","2":"type-product","3":"status-publish","6":"product_cat-ebook","7":"product_cat-roman","8":"product_cat-societe","9":"product_tag-cagoules-et-masque-a-gaz","10":"product_tag-pierre-dorigene","11":"product_tag-politique","12":"product_tag-revolte","13":"product_tag-roman","14":"product_shipping_class-ebook","16":"first","17":"instock","18":"purchasable","19":"product-type-simple"},"yoast_head":"<!-- This site is optimized with the Yoast SEO plugin v27.5 - https:\/\/yoast.com\/product\/yoast-seo-wordpress\/ -->\n<title>Cagoules et masque \u00e0 gaz (ebook) - 9 \u00e9ditions<\/title>\n<meta name=\"description\" content=\"9 \u00e9ditions vous pr\u00e9sente le nouveau roman de Pierre d&#039;Orig\u00e8ne intitul\u00e9 Cagoules et masque \u00e0 gaz, Cette fiction d\u00e9nonce les d\u00e9rives politiques des pays d&#039;Afrique\" \/>\n<meta name=\"robots\" content=\"index, follow, max-snippet:-1, max-image-preview:large, max-video-preview:-1\" \/>\n<link rel=\"canonical\" href=\"https:\/\/9editions.com\/boutique\/produit\/cagoules-et-masque-a-gaz-ebook\/\" \/>\n<meta property=\"og:locale\" content=\"fr_FR\" \/>\n<meta property=\"og:type\" content=\"article\" \/>\n<meta property=\"og:title\" content=\"Cagoules et masque \u00e0 gaz (ebook) - 9 \u00e9ditions\" \/>\n<meta property=\"og:description\" content=\"9 \u00e9ditions vous pr\u00e9sente le nouveau roman de Pierre d&#039;Orig\u00e8ne intitul\u00e9 Cagoules et masque \u00e0 gaz, Cette fiction d\u00e9nonce les d\u00e9rives politiques des pays d&#039;Afrique\" \/>\n<meta property=\"og:url\" content=\"https:\/\/9editions.com\/boutique\/produit\/cagoules-et-masque-a-gaz-ebook\/\" \/>\n<meta property=\"og:site_name\" content=\"9 \u00e9ditions\" \/>\n<meta property=\"article:publisher\" content=\"https:\/\/www.facebook.com\/9editions?ref=bookmarks\" \/>\n<meta property=\"article:modified_time\" content=\"2024-10-26T08:32:49+00:00\" \/>\n<meta property=\"og:image\" content=\"https:\/\/9editions.com\/boutique\/wp-content\/uploads\/2024\/08\/9782377271801_1.jpg\" \/>\n\t<meta property=\"og:image:width\" content=\"1713\" \/>\n\t<meta property=\"og:image:height\" content=\"2363\" \/>\n\t<meta property=\"og:image:type\" content=\"image\/jpeg\" \/>\n<meta name=\"twitter:card\" content=\"summary_large_image\" \/>\n<meta name=\"twitter:site\" content=\"@9_editions\" \/>\n<meta name=\"twitter:label1\" content=\"Dur\u00e9e de lecture estim\u00e9e\" \/>\n\t<meta name=\"twitter:data1\" content=\"2 minutes\" \/>\n<script type=\"application\/ld+json\" class=\"yoast-schema-graph\">{\"@context\":\"https:\\\/\\\/schema.org\",\"@graph\":[{\"@type\":\"WebPage\",\"@id\":\"https:\\\/\\\/9editions.com\\\/boutique\\\/produit\\\/cagoules-et-masque-a-gaz-ebook\\\/\",\"url\":\"https:\\\/\\\/9editions.com\\\/boutique\\\/produit\\\/cagoules-et-masque-a-gaz-ebook\\\/\",\"name\":\"Cagoules et masque \u00e0 gaz (ebook) - 9 \u00e9ditions\",\"isPartOf\":{\"@id\":\"https:\\\/\\\/9editions.com\\\/boutique\\\/#website\"},\"primaryImageOfPage\":{\"@id\":\"https:\\\/\\\/9editions.com\\\/boutique\\\/produit\\\/cagoules-et-masque-a-gaz-ebook\\\/#primaryimage\"},\"image\":{\"@id\":\"https:\\\/\\\/9editions.com\\\/boutique\\\/produit\\\/cagoules-et-masque-a-gaz-ebook\\\/#primaryimage\"},\"thumbnailUrl\":\"https:\\\/\\\/9editions.com\\\/boutique\\\/wp-content\\\/uploads\\\/2024\\\/08\\\/9782377271801_1.jpg\",\"datePublished\":\"2024-08-22T12:44:06+00:00\",\"dateModified\":\"2024-10-26T08:32:49+00:00\",\"description\":\"9 \u00e9ditions vous pr\u00e9sente le nouveau roman de Pierre d'Orig\u00e8ne intitul\u00e9 Cagoules et masque \u00e0 gaz, Cette fiction d\u00e9nonce les d\u00e9rives politiques des pays d'Afrique\",\"breadcrumb\":{\"@id\":\"https:\\\/\\\/9editions.com\\\/boutique\\\/produit\\\/cagoules-et-masque-a-gaz-ebook\\\/#breadcrumb\"},\"inLanguage\":\"fr-FR\",\"potentialAction\":[{\"@type\":\"ReadAction\",\"target\":[\"https:\\\/\\\/9editions.com\\\/boutique\\\/produit\\\/cagoules-et-masque-a-gaz-ebook\\\/\"]}]},{\"@type\":\"ImageObject\",\"inLanguage\":\"fr-FR\",\"@id\":\"https:\\\/\\\/9editions.com\\\/boutique\\\/produit\\\/cagoules-et-masque-a-gaz-ebook\\\/#primaryimage\",\"url\":\"https:\\\/\\\/9editions.com\\\/boutique\\\/wp-content\\\/uploads\\\/2024\\\/08\\\/9782377271801_1.jpg\",\"contentUrl\":\"https:\\\/\\\/9editions.com\\\/boutique\\\/wp-content\\\/uploads\\\/2024\\\/08\\\/9782377271801_1.jpg\",\"width\":1713,\"height\":2363},{\"@type\":\"BreadcrumbList\",\"@id\":\"https:\\\/\\\/9editions.com\\\/boutique\\\/produit\\\/cagoules-et-masque-a-gaz-ebook\\\/#breadcrumb\",\"itemListElement\":[{\"@type\":\"ListItem\",\"position\":1,\"name\":\"Accueil\",\"item\":\"https:\\\/\\\/9editions.com\\\/boutique\\\/\"},{\"@type\":\"ListItem\",\"position\":2,\"name\":\"Boutique\",\"item\":\"https:\\\/\\\/9editions.com\\\/boutique\\\/\"},{\"@type\":\"ListItem\",\"position\":3,\"name\":\"Cagoules et masque \u00e0 gaz (ebook)\"}]},{\"@type\":\"WebSite\",\"@id\":\"https:\\\/\\\/9editions.com\\\/boutique\\\/#website\",\"url\":\"https:\\\/\\\/9editions.com\\\/boutique\\\/\",\"name\":\"9 \u00e9ditions\",\"description\":\"La maison d&#039;\u00e9dition au c\u00f4t\u00e9 des auteurs\",\"publisher\":{\"@id\":\"https:\\\/\\\/9editions.com\\\/boutique\\\/#organization\"},\"potentialAction\":[{\"@type\":\"SearchAction\",\"target\":{\"@type\":\"EntryPoint\",\"urlTemplate\":\"https:\\\/\\\/9editions.com\\\/boutique\\\/?s={search_term_string}\"},\"query-input\":{\"@type\":\"PropertyValueSpecification\",\"valueRequired\":true,\"valueName\":\"search_term_string\"}}],\"inLanguage\":\"fr-FR\"},{\"@type\":\"Organization\",\"@id\":\"https:\\\/\\\/9editions.com\\\/boutique\\\/#organization\",\"name\":\"9 \u00e9ditions\",\"url\":\"https:\\\/\\\/9editions.com\\\/boutique\\\/\",\"logo\":{\"@type\":\"ImageObject\",\"inLanguage\":\"fr-FR\",\"@id\":\"https:\\\/\\\/9editions.com\\\/boutique\\\/#\\\/schema\\\/logo\\\/image\\\/\",\"url\":\"https:\\\/\\\/9editions.com\\\/boutique\\\/wp-content\\\/uploads\\\/2020\\\/03\\\/cropped-9-editions-logo-amazon.jpg\",\"contentUrl\":\"https:\\\/\\\/9editions.com\\\/boutique\\\/wp-content\\\/uploads\\\/2020\\\/03\\\/cropped-9-editions-logo-amazon.jpg\",\"width\":120,\"height\":30,\"caption\":\"9 \u00e9ditions\"},\"image\":{\"@id\":\"https:\\\/\\\/9editions.com\\\/boutique\\\/#\\\/schema\\\/logo\\\/image\\\/\"},\"sameAs\":[\"https:\\\/\\\/www.facebook.com\\\/9editions?ref=bookmarks\",\"https:\\\/\\\/x.com\\\/9_editions\",\"https:\\\/\\\/www.instagram.com\\\/9editions_\\\/\"]}]}<\/script>\n<!-- \/ Yoast SEO plugin. -->","yoast_head_json":{"title":"Cagoules et masque \u00e0 gaz (ebook) - 9 \u00e9ditions","description":"9 \u00e9ditions vous pr\u00e9sente le nouveau roman de Pierre d'Orig\u00e8ne intitul\u00e9 Cagoules et masque \u00e0 gaz, Cette fiction d\u00e9nonce les d\u00e9rives politiques des pays d'Afrique","robots":{"index":"index","follow":"follow","max-snippet":"max-snippet:-1","max-image-preview":"max-image-preview:large","max-video-preview":"max-video-preview:-1"},"canonical":"https:\/\/9editions.com\/boutique\/produit\/cagoules-et-masque-a-gaz-ebook\/","og_locale":"fr_FR","og_type":"article","og_title":"Cagoules et masque \u00e0 gaz (ebook) - 9 \u00e9ditions","og_description":"9 \u00e9ditions vous pr\u00e9sente le nouveau roman de Pierre d'Orig\u00e8ne intitul\u00e9 Cagoules et masque \u00e0 gaz, Cette fiction d\u00e9nonce les d\u00e9rives politiques des pays d'Afrique","og_url":"https:\/\/9editions.com\/boutique\/produit\/cagoules-et-masque-a-gaz-ebook\/","og_site_name":"9 \u00e9ditions","article_publisher":"https:\/\/www.facebook.com\/9editions?ref=bookmarks","article_modified_time":"2024-10-26T08:32:49+00:00","og_image":[{"width":1713,"height":2363,"url":"https:\/\/9editions.com\/boutique\/wp-content\/uploads\/2024\/08\/9782377271801_1.jpg","type":"image\/jpeg"}],"twitter_card":"summary_large_image","twitter_site":"@9_editions","twitter_misc":{"Dur\u00e9e de lecture estim\u00e9e":"2 minutes"},"schema":{"@context":"https:\/\/schema.org","@graph":[{"@type":"WebPage","@id":"https:\/\/9editions.com\/boutique\/produit\/cagoules-et-masque-a-gaz-ebook\/","url":"https:\/\/9editions.com\/boutique\/produit\/cagoules-et-masque-a-gaz-ebook\/","name":"Cagoules et masque \u00e0 gaz (ebook) - 9 \u00e9ditions","isPartOf":{"@id":"https:\/\/9editions.com\/boutique\/#website"},"primaryImageOfPage":{"@id":"https:\/\/9editions.com\/boutique\/produit\/cagoules-et-masque-a-gaz-ebook\/#primaryimage"},"image":{"@id":"https:\/\/9editions.com\/boutique\/produit\/cagoules-et-masque-a-gaz-ebook\/#primaryimage"},"thumbnailUrl":"https:\/\/9editions.com\/boutique\/wp-content\/uploads\/2024\/08\/9782377271801_1.jpg","datePublished":"2024-08-22T12:44:06+00:00","dateModified":"2024-10-26T08:32:49+00:00","description":"9 \u00e9ditions vous pr\u00e9sente le nouveau roman de Pierre d'Orig\u00e8ne intitul\u00e9 Cagoules et masque \u00e0 gaz, Cette fiction d\u00e9nonce les d\u00e9rives politiques des pays d'Afrique","breadcrumb":{"@id":"https:\/\/9editions.com\/boutique\/produit\/cagoules-et-masque-a-gaz-ebook\/#breadcrumb"},"inLanguage":"fr-FR","potentialAction":[{"@type":"ReadAction","target":["https:\/\/9editions.com\/boutique\/produit\/cagoules-et-masque-a-gaz-ebook\/"]}]},{"@type":"ImageObject","inLanguage":"fr-FR","@id":"https:\/\/9editions.com\/boutique\/produit\/cagoules-et-masque-a-gaz-ebook\/#primaryimage","url":"https:\/\/9editions.com\/boutique\/wp-content\/uploads\/2024\/08\/9782377271801_1.jpg","contentUrl":"https:\/\/9editions.com\/boutique\/wp-content\/uploads\/2024\/08\/9782377271801_1.jpg","width":1713,"height":2363},{"@type":"BreadcrumbList","@id":"https:\/\/9editions.com\/boutique\/produit\/cagoules-et-masque-a-gaz-ebook\/#breadcrumb","itemListElement":[{"@type":"ListItem","position":1,"name":"Accueil","item":"https:\/\/9editions.com\/boutique\/"},{"@type":"ListItem","position":2,"name":"Boutique","item":"https:\/\/9editions.com\/boutique\/"},{"@type":"ListItem","position":3,"name":"Cagoules et masque \u00e0 gaz (ebook)"}]},{"@type":"WebSite","@id":"https:\/\/9editions.com\/boutique\/#website","url":"https:\/\/9editions.com\/boutique\/","name":"9 \u00e9ditions","description":"La maison d&#039;\u00e9dition au c\u00f4t\u00e9 des auteurs","publisher":{"@id":"https:\/\/9editions.com\/boutique\/#organization"},"potentialAction":[{"@type":"SearchAction","target":{"@type":"EntryPoint","urlTemplate":"https:\/\/9editions.com\/boutique\/?s={search_term_string}"},"query-input":{"@type":"PropertyValueSpecification","valueRequired":true,"valueName":"search_term_string"}}],"inLanguage":"fr-FR"},{"@type":"Organization","@id":"https:\/\/9editions.com\/boutique\/#organization","name":"9 \u00e9ditions","url":"https:\/\/9editions.com\/boutique\/","logo":{"@type":"ImageObject","inLanguage":"fr-FR","@id":"https:\/\/9editions.com\/boutique\/#\/schema\/logo\/image\/","url":"https:\/\/9editions.com\/boutique\/wp-content\/uploads\/2020\/03\/cropped-9-editions-logo-amazon.jpg","contentUrl":"https:\/\/9editions.com\/boutique\/wp-content\/uploads\/2020\/03\/cropped-9-editions-logo-amazon.jpg","width":120,"height":30,"caption":"9 \u00e9ditions"},"image":{"@id":"https:\/\/9editions.com\/boutique\/#\/schema\/logo\/image\/"},"sameAs":["https:\/\/www.facebook.com\/9editions?ref=bookmarks","https:\/\/x.com\/9_editions","https:\/\/www.instagram.com\/9editions_\/"]}]}},"jetpack_sharing_enabled":true,"_links":{"self":[{"href":"https:\/\/9editions.com\/boutique\/wp-json\/wp\/v2\/product\/2653","targetHints":{"allow":["GET"]}}],"collection":[{"href":"https:\/\/9editions.com\/boutique\/wp-json\/wp\/v2\/product"}],"about":[{"href":"https:\/\/9editions.com\/boutique\/wp-json\/wp\/v2\/types\/product"}],"replies":[{"embeddable":true,"href":"https:\/\/9editions.com\/boutique\/wp-json\/wp\/v2\/comments?post=2653"}],"wp:featuredmedia":[{"embeddable":true,"href":"https:\/\/9editions.com\/boutique\/wp-json\/wp\/v2\/media\/2655"}],"wp:attachment":[{"href":"https:\/\/9editions.com\/boutique\/wp-json\/wp\/v2\/media?parent=2653"}],"wp:term":[{"taxonomy":"product_brand","embeddable":true,"href":"https:\/\/9editions.com\/boutique\/wp-json\/wp\/v2\/product_brand?post=2653"},{"taxonomy":"product_cat","embeddable":true,"href":"https:\/\/9editions.com\/boutique\/wp-json\/wp\/v2\/product_cat?post=2653"},{"taxonomy":"product_tag","embeddable":true,"href":"https:\/\/9editions.com\/boutique\/wp-json\/wp\/v2\/product_tag?post=2653"}],"curies":[{"name":"wp","href":"https:\/\/api.w.org\/{rel}","templated":true}]}}