{"id":2652,"date":"2024-06-24T11:23:27","date_gmt":"2024-06-24T09:23:27","guid":{"rendered":"https:\/\/9editions.com\/boutique\/?post_type=product&#038;p=2652"},"modified":"2024-06-24T11:24:41","modified_gmt":"2024-06-24T09:24:41","slug":"nul-ne-sait-de-quoi-demain-sera-fait-ebook","status":"publish","type":"product","link":"https:\/\/9editions.com\/boutique\/produit\/nul-ne-sait-de-quoi-demain-sera-fait-ebook\/","title":{"rendered":"Nul ne sait de quoi demain sera fait (ebook)"},"content":{"rendered":"<p>Quand elle \u00e9tait un peu nostalgique, elle \u00e9coutait la chanson de Francis Cabrel : c&rsquo;\u00e9tait l&rsquo;hiver&#8230;<\/p>\n<p>Devant chez lui, les arbres au-del\u00e0 de la route, ceux qui brodaient le fleuve s&rsquo;agitaient d&rsquo;un c\u00f4t\u00e9 et de l&rsquo;autre telle une valse \u00e0 trois temps, puis s&rsquo;assagissaient, oubliant leur fr\u00e9n\u00e9sie, pour danser un slow langoureux en osmose avec cette v\u00e9g\u00e9tation si dense et apaisante.<\/p>\n<p>Les rencontres humaines ne se font pas par hasard. L\u00e0, les g\u00e9n\u00e9rations se d\u00e9couvrent, partagent, s&rsquo;enseignent, se compl\u00e8tent et s&rsquo;aiment.<\/p>\n","protected":false},"excerpt":{"rendered":"<p>\u00c0 la retraite l&rsquo;auteure prend du plaisir et du temps \u00e0 \u00e9crire et \u00e0 vivre plusieurs vies qu&rsquo;elle dirige \u00e0 sa fa\u00e7on et comme il est tellement facile de conseiller autrui.<\/p>\n<p>Maryl\u00e8ne Blas applique ce qu&rsquo;elle estime \u00eatre valable pour elle, certaine que beaucoup se reconna\u00eetront dans cette phrase si logique lui semble-t-elle.<\/p>\n","protected":false},"featured_media":2649,"comment_status":"open","ping_status":"closed","template":"","meta":[],"product_brand":[],"product_cat":[29,18,80],"product_tag":[282,281,70,280,71],"class_list":{"0":"post-2652","1":"product","2":"type-product","3":"status-publish","6":"product_cat-ebook","7":"product_cat-roman","8":"product_cat-societe","9":"product_tag-beau-livre","10":"product_tag-espoir","11":"product_tag-marylene-blas","12":"product_tag-nul-ne-sait-de-quoi-demain-sera-fait","13":"product_tag-roman","14":"product_shipping_class-livre","16":"first","17":"instock","18":"downloadable","19":"purchasable","20":"product-type-simple"},"yoast_head":"<!-- This site is optimized with the Yoast SEO plugin v27.3 - https:\/\/yoast.com\/product\/yoast-seo-wordpress\/ -->\n<title>Nul ne sait de quoi demain sera fait (ebook) - 9 \u00e9ditions<\/title>\n<meta name=\"description\" content=\"D\u00e9couvrez le nouveau roman touchant, redonne espoir en l&#039;humanit\u00e9. Des personnes que tout oppose se rencontre pour provoquer de belles \u00e9motions.\" \/>\n<meta name=\"robots\" content=\"index, follow, max-snippet:-1, max-image-preview:large, max-video-preview:-1\" \/>\n<link rel=\"canonical\" href=\"https:\/\/9editions.com\/boutique\/produit\/nul-ne-sait-de-quoi-demain-sera-fait-ebook\/\" \/>\n<meta property=\"og:locale\" content=\"fr_FR\" \/>\n<meta property=\"og:type\" content=\"article\" \/>\n<meta property=\"og:title\" content=\"Nul ne sait de quoi demain sera fait (ebook) - 9 \u00e9ditions\" \/>\n<meta property=\"og:description\" content=\"D\u00e9couvrez le nouveau roman touchant, redonne espoir en l&#039;humanit\u00e9. Des personnes que tout oppose se rencontre pour provoquer de belles \u00e9motions.\" \/>\n<meta property=\"og:url\" content=\"https:\/\/9editions.com\/boutique\/produit\/nul-ne-sait-de-quoi-demain-sera-fait-ebook\/\" \/>\n<meta property=\"og:site_name\" content=\"9 \u00e9ditions\" \/>\n<meta property=\"article:publisher\" content=\"https:\/\/www.facebook.com\/9editions?ref=bookmarks\" \/>\n<meta property=\"article:modified_time\" content=\"2024-06-24T09:24:41+00:00\" \/>\n<meta property=\"og:image\" content=\"https:\/\/9editions.com\/boutique\/wp-content\/uploads\/2024\/06\/9782377271788_1.jpg\" \/>\n\t<meta property=\"og:image:width\" content=\"1714\" \/>\n\t<meta property=\"og:image:height\" content=\"2362\" \/>\n\t<meta property=\"og:image:type\" content=\"image\/jpeg\" \/>\n<meta name=\"twitter:card\" content=\"summary_large_image\" \/>\n<meta name=\"twitter:site\" content=\"@9_editions\" \/>\n<meta name=\"twitter:label1\" content=\"Dur\u00e9e de lecture estim\u00e9e\" \/>\n\t<meta name=\"twitter:data1\" content=\"1 minute\" \/>\n<script type=\"application\/ld+json\" class=\"yoast-schema-graph\">{\"@context\":\"https:\\\/\\\/schema.org\",\"@graph\":[{\"@type\":\"WebPage\",\"@id\":\"https:\\\/\\\/9editions.com\\\/boutique\\\/produit\\\/nul-ne-sait-de-quoi-demain-sera-fait-ebook\\\/\",\"url\":\"https:\\\/\\\/9editions.com\\\/boutique\\\/produit\\\/nul-ne-sait-de-quoi-demain-sera-fait-ebook\\\/\",\"name\":\"Nul ne sait de quoi demain sera fait (ebook) - 9 \u00e9ditions\",\"isPartOf\":{\"@id\":\"https:\\\/\\\/9editions.com\\\/boutique\\\/#website\"},\"primaryImageOfPage\":{\"@id\":\"https:\\\/\\\/9editions.com\\\/boutique\\\/produit\\\/nul-ne-sait-de-quoi-demain-sera-fait-ebook\\\/#primaryimage\"},\"image\":{\"@id\":\"https:\\\/\\\/9editions.com\\\/boutique\\\/produit\\\/nul-ne-sait-de-quoi-demain-sera-fait-ebook\\\/#primaryimage\"},\"thumbnailUrl\":\"https:\\\/\\\/9editions.com\\\/boutique\\\/wp-content\\\/uploads\\\/2024\\\/06\\\/9782377271788_1.jpg\",\"datePublished\":\"2024-06-24T09:23:27+00:00\",\"dateModified\":\"2024-06-24T09:24:41+00:00\",\"description\":\"D\u00e9couvrez le nouveau roman touchant, redonne espoir en l'humanit\u00e9. Des personnes que tout oppose se rencontre pour provoquer de belles \u00e9motions.\",\"breadcrumb\":{\"@id\":\"https:\\\/\\\/9editions.com\\\/boutique\\\/produit\\\/nul-ne-sait-de-quoi-demain-sera-fait-ebook\\\/#breadcrumb\"},\"inLanguage\":\"fr-FR\",\"potentialAction\":[{\"@type\":\"ReadAction\",\"target\":[\"https:\\\/\\\/9editions.com\\\/boutique\\\/produit\\\/nul-ne-sait-de-quoi-demain-sera-fait-ebook\\\/\"]}]},{\"@type\":\"ImageObject\",\"inLanguage\":\"fr-FR\",\"@id\":\"https:\\\/\\\/9editions.com\\\/boutique\\\/produit\\\/nul-ne-sait-de-quoi-demain-sera-fait-ebook\\\/#primaryimage\",\"url\":\"https:\\\/\\\/9editions.com\\\/boutique\\\/wp-content\\\/uploads\\\/2024\\\/06\\\/9782377271788_1.jpg\",\"contentUrl\":\"https:\\\/\\\/9editions.com\\\/boutique\\\/wp-content\\\/uploads\\\/2024\\\/06\\\/9782377271788_1.jpg\",\"width\":1714,\"height\":2362,\"caption\":\"Nul ne sait de quoi demain sera fait Maryl\u00e8ne BLAS\"},{\"@type\":\"BreadcrumbList\",\"@id\":\"https:\\\/\\\/9editions.com\\\/boutique\\\/produit\\\/nul-ne-sait-de-quoi-demain-sera-fait-ebook\\\/#breadcrumb\",\"itemListElement\":[{\"@type\":\"ListItem\",\"position\":1,\"name\":\"Accueil\",\"item\":\"https:\\\/\\\/9editions.com\\\/boutique\\\/\"},{\"@type\":\"ListItem\",\"position\":2,\"name\":\"Boutique\",\"item\":\"https:\\\/\\\/9editions.com\\\/boutique\\\/\"},{\"@type\":\"ListItem\",\"position\":3,\"name\":\"Nul ne sait de quoi demain sera fait (ebook)\"}]},{\"@type\":\"WebSite\",\"@id\":\"https:\\\/\\\/9editions.com\\\/boutique\\\/#website\",\"url\":\"https:\\\/\\\/9editions.com\\\/boutique\\\/\",\"name\":\"9 \u00e9ditions\",\"description\":\"La maison d&#039;\u00e9dition au c\u00f4t\u00e9 des auteurs\",\"publisher\":{\"@id\":\"https:\\\/\\\/9editions.com\\\/boutique\\\/#organization\"},\"potentialAction\":[{\"@type\":\"SearchAction\",\"target\":{\"@type\":\"EntryPoint\",\"urlTemplate\":\"https:\\\/\\\/9editions.com\\\/boutique\\\/?s={search_term_string}\"},\"query-input\":{\"@type\":\"PropertyValueSpecification\",\"valueRequired\":true,\"valueName\":\"search_term_string\"}}],\"inLanguage\":\"fr-FR\"},{\"@type\":\"Organization\",\"@id\":\"https:\\\/\\\/9editions.com\\\/boutique\\\/#organization\",\"name\":\"9 \u00e9ditions\",\"url\":\"https:\\\/\\\/9editions.com\\\/boutique\\\/\",\"logo\":{\"@type\":\"ImageObject\",\"inLanguage\":\"fr-FR\",\"@id\":\"https:\\\/\\\/9editions.com\\\/boutique\\\/#\\\/schema\\\/logo\\\/image\\\/\",\"url\":\"https:\\\/\\\/9editions.com\\\/boutique\\\/wp-content\\\/uploads\\\/2020\\\/03\\\/cropped-9-editions-logo-amazon.jpg\",\"contentUrl\":\"https:\\\/\\\/9editions.com\\\/boutique\\\/wp-content\\\/uploads\\\/2020\\\/03\\\/cropped-9-editions-logo-amazon.jpg\",\"width\":120,\"height\":30,\"caption\":\"9 \u00e9ditions\"},\"image\":{\"@id\":\"https:\\\/\\\/9editions.com\\\/boutique\\\/#\\\/schema\\\/logo\\\/image\\\/\"},\"sameAs\":[\"https:\\\/\\\/www.facebook.com\\\/9editions?ref=bookmarks\",\"https:\\\/\\\/x.com\\\/9_editions\",\"https:\\\/\\\/www.instagram.com\\\/9editions_\\\/\"]}]}<\/script>\n<!-- \/ Yoast SEO plugin. -->","yoast_head_json":{"title":"Nul ne sait de quoi demain sera fait (ebook) - 9 \u00e9ditions","description":"D\u00e9couvrez le nouveau roman touchant, redonne espoir en l'humanit\u00e9. Des personnes que tout oppose se rencontre pour provoquer de belles \u00e9motions.","robots":{"index":"index","follow":"follow","max-snippet":"max-snippet:-1","max-image-preview":"max-image-preview:large","max-video-preview":"max-video-preview:-1"},"canonical":"https:\/\/9editions.com\/boutique\/produit\/nul-ne-sait-de-quoi-demain-sera-fait-ebook\/","og_locale":"fr_FR","og_type":"article","og_title":"Nul ne sait de quoi demain sera fait (ebook) - 9 \u00e9ditions","og_description":"D\u00e9couvrez le nouveau roman touchant, redonne espoir en l'humanit\u00e9. Des personnes que tout oppose se rencontre pour provoquer de belles \u00e9motions.","og_url":"https:\/\/9editions.com\/boutique\/produit\/nul-ne-sait-de-quoi-demain-sera-fait-ebook\/","og_site_name":"9 \u00e9ditions","article_publisher":"https:\/\/www.facebook.com\/9editions?ref=bookmarks","article_modified_time":"2024-06-24T09:24:41+00:00","og_image":[{"width":1714,"height":2362,"url":"https:\/\/9editions.com\/boutique\/wp-content\/uploads\/2024\/06\/9782377271788_1.jpg","type":"image\/jpeg"}],"twitter_card":"summary_large_image","twitter_site":"@9_editions","twitter_misc":{"Dur\u00e9e de lecture estim\u00e9e":"1 minute"},"schema":{"@context":"https:\/\/schema.org","@graph":[{"@type":"WebPage","@id":"https:\/\/9editions.com\/boutique\/produit\/nul-ne-sait-de-quoi-demain-sera-fait-ebook\/","url":"https:\/\/9editions.com\/boutique\/produit\/nul-ne-sait-de-quoi-demain-sera-fait-ebook\/","name":"Nul ne sait de quoi demain sera fait (ebook) - 9 \u00e9ditions","isPartOf":{"@id":"https:\/\/9editions.com\/boutique\/#website"},"primaryImageOfPage":{"@id":"https:\/\/9editions.com\/boutique\/produit\/nul-ne-sait-de-quoi-demain-sera-fait-ebook\/#primaryimage"},"image":{"@id":"https:\/\/9editions.com\/boutique\/produit\/nul-ne-sait-de-quoi-demain-sera-fait-ebook\/#primaryimage"},"thumbnailUrl":"https:\/\/9editions.com\/boutique\/wp-content\/uploads\/2024\/06\/9782377271788_1.jpg","datePublished":"2024-06-24T09:23:27+00:00","dateModified":"2024-06-24T09:24:41+00:00","description":"D\u00e9couvrez le nouveau roman touchant, redonne espoir en l'humanit\u00e9. Des personnes que tout oppose se rencontre pour provoquer de belles \u00e9motions.","breadcrumb":{"@id":"https:\/\/9editions.com\/boutique\/produit\/nul-ne-sait-de-quoi-demain-sera-fait-ebook\/#breadcrumb"},"inLanguage":"fr-FR","potentialAction":[{"@type":"ReadAction","target":["https:\/\/9editions.com\/boutique\/produit\/nul-ne-sait-de-quoi-demain-sera-fait-ebook\/"]}]},{"@type":"ImageObject","inLanguage":"fr-FR","@id":"https:\/\/9editions.com\/boutique\/produit\/nul-ne-sait-de-quoi-demain-sera-fait-ebook\/#primaryimage","url":"https:\/\/9editions.com\/boutique\/wp-content\/uploads\/2024\/06\/9782377271788_1.jpg","contentUrl":"https:\/\/9editions.com\/boutique\/wp-content\/uploads\/2024\/06\/9782377271788_1.jpg","width":1714,"height":2362,"caption":"Nul ne sait de quoi demain sera fait Maryl\u00e8ne BLAS"},{"@type":"BreadcrumbList","@id":"https:\/\/9editions.com\/boutique\/produit\/nul-ne-sait-de-quoi-demain-sera-fait-ebook\/#breadcrumb","itemListElement":[{"@type":"ListItem","position":1,"name":"Accueil","item":"https:\/\/9editions.com\/boutique\/"},{"@type":"ListItem","position":2,"name":"Boutique","item":"https:\/\/9editions.com\/boutique\/"},{"@type":"ListItem","position":3,"name":"Nul ne sait de quoi demain sera fait (ebook)"}]},{"@type":"WebSite","@id":"https:\/\/9editions.com\/boutique\/#website","url":"https:\/\/9editions.com\/boutique\/","name":"9 \u00e9ditions","description":"La maison d&#039;\u00e9dition au c\u00f4t\u00e9 des auteurs","publisher":{"@id":"https:\/\/9editions.com\/boutique\/#organization"},"potentialAction":[{"@type":"SearchAction","target":{"@type":"EntryPoint","urlTemplate":"https:\/\/9editions.com\/boutique\/?s={search_term_string}"},"query-input":{"@type":"PropertyValueSpecification","valueRequired":true,"valueName":"search_term_string"}}],"inLanguage":"fr-FR"},{"@type":"Organization","@id":"https:\/\/9editions.com\/boutique\/#organization","name":"9 \u00e9ditions","url":"https:\/\/9editions.com\/boutique\/","logo":{"@type":"ImageObject","inLanguage":"fr-FR","@id":"https:\/\/9editions.com\/boutique\/#\/schema\/logo\/image\/","url":"https:\/\/9editions.com\/boutique\/wp-content\/uploads\/2020\/03\/cropped-9-editions-logo-amazon.jpg","contentUrl":"https:\/\/9editions.com\/boutique\/wp-content\/uploads\/2020\/03\/cropped-9-editions-logo-amazon.jpg","width":120,"height":30,"caption":"9 \u00e9ditions"},"image":{"@id":"https:\/\/9editions.com\/boutique\/#\/schema\/logo\/image\/"},"sameAs":["https:\/\/www.facebook.com\/9editions?ref=bookmarks","https:\/\/x.com\/9_editions","https:\/\/www.instagram.com\/9editions_\/"]}]}},"jetpack_sharing_enabled":true,"_links":{"self":[{"href":"https:\/\/9editions.com\/boutique\/wp-json\/wp\/v2\/product\/2652","targetHints":{"allow":["GET"]}}],"collection":[{"href":"https:\/\/9editions.com\/boutique\/wp-json\/wp\/v2\/product"}],"about":[{"href":"https:\/\/9editions.com\/boutique\/wp-json\/wp\/v2\/types\/product"}],"replies":[{"embeddable":true,"href":"https:\/\/9editions.com\/boutique\/wp-json\/wp\/v2\/comments?post=2652"}],"wp:featuredmedia":[{"embeddable":true,"href":"https:\/\/9editions.com\/boutique\/wp-json\/wp\/v2\/media\/2649"}],"wp:attachment":[{"href":"https:\/\/9editions.com\/boutique\/wp-json\/wp\/v2\/media?parent=2652"}],"wp:term":[{"taxonomy":"product_brand","embeddable":true,"href":"https:\/\/9editions.com\/boutique\/wp-json\/wp\/v2\/product_brand?post=2652"},{"taxonomy":"product_cat","embeddable":true,"href":"https:\/\/9editions.com\/boutique\/wp-json\/wp\/v2\/product_cat?post=2652"},{"taxonomy":"product_tag","embeddable":true,"href":"https:\/\/9editions.com\/boutique\/wp-json\/wp\/v2\/product_tag?post=2652"}],"curies":[{"name":"wp","href":"https:\/\/api.w.org\/{rel}","templated":true}]}}