{"id":2580,"date":"2024-02-26T17:54:57","date_gmt":"2024-02-26T16:54:57","guid":{"rendered":"https:\/\/9editions.com\/boutique\/?post_type=product&#038;p=2580"},"modified":"2024-02-26T17:57:52","modified_gmt":"2024-02-26T16:57:52","slug":"interferences-livre-broche","status":"publish","type":"product","link":"https:\/\/9editions.com\/boutique\/produit\/interferences-livre-broche\/","title":{"rendered":"Interf\u00e9rences (Livre broch\u00e9)"},"content":{"rendered":"<p>Les Nouvelles d\u2019Evelyne Biausser commencent toutes dans la simplicit\u00e9 : des personnages qui nous ressemblent \u00e9voluent dans une soci\u00e9t\u00e9 tr\u00e8s contemporaine, au sein de situations quotidiennes.<br \/>\nMais un al\u00e9a vient tout complexifier et leur vie bien huil\u00e9e bifurque \u00e0 partir de l\u00e0.<br \/>\nDe ces interf\u00e9rences al\u00e9atoires naissent alors des cons\u00e9quences impr\u00e9visibles qui vont bouleverser l\u2019\u00e9quilibre, personnel, familial, soci\u00e9tal.<br \/>\nL\u2019ordinaire conduit ainsi \u00e0 l\u2019inattendu.<br \/>\nA travers leur diversit\u00e9, finesse psychologique, humour et po\u00e9sie tissent une continuit\u00e9 qui rend ces courtes tranches de vie passionnantes.<\/p>\n","protected":false},"excerpt":{"rendered":"<p>Evelyne Biausser a exerc\u00e9 plusieurs m\u00e9tiers autour de l\u2019\u00e9criture : Enseignante en litt\u00e9rature fran\u00e7aise, Journaliste, R\u00e9dactrice en chef, Formatrice en communication \u00e9crite pour les Entreprises, Consultante en management de projets complexes.<\/p>\n<p>Depuis quelques ann\u00e9es, elle anime un atelier d\u2019\u00e9criture oulipien visant \u00e0 faire \u00e9clore la cr\u00e9ativit\u00e9 de chacun dans l\u2019\u00e9criture. Elle a publi\u00e9 plusieurs recueils de po\u00e8mes, certains prim\u00e9s, parfois accompagn\u00e9s de photographies, expression qu\u2019elle pratique \u00e9galement. Celles-ci ont \u00e9t\u00e9 expos\u00e9es en France comme \u00e0 l\u2019\u00e9tranger ou dans des festivals internationaux.<\/p>\n<p>Plus r\u00e9cemment, elle a initi\u00e9 un atelier \u00ab Ecriture d\u2019une nouvelle \u00bb et a relev\u00e9 le d\u00e9fi de montrer l\u2019exemple !<\/p>\n","protected":false},"featured_media":2578,"comment_status":"open","ping_status":"closed","template":"","meta":[],"product_brand":[],"product_cat":[32,151],"product_tag":[276,274,275,273],"class_list":{"0":"post-2580","1":"product","2":"type-product","3":"status-publish","6":"product_cat-livre-broche","7":"product_cat-nouvelles","8":"product_tag-consequences-imprevisibles","9":"product_tag-evelyne-biauser","10":"product_tag-interferences","11":"product_tag-recueil-de-nouvelles","12":"product_shipping_class-livre","14":"first","15":"instock","16":"purchasable","17":"product-type-simple"},"yoast_head":"<!-- This site is optimized with the Yoast SEO plugin v27.3 - https:\/\/yoast.com\/product\/yoast-seo-wordpress\/ -->\n<title>Interf\u00e9rences (Livre broch\u00e9) - 9 \u00e9ditions<\/title>\n<meta name=\"description\" content=\"9 \u00e9ditions vous pr\u00e9sente le nouveau recueil de nouvelles d&#039;Evelyne Biausser. D\u00e9couvrez des histoires d&#039;o\u00f9 naissent des cons\u00e9quence impr\u00e9visibles.\" \/>\n<meta name=\"robots\" content=\"index, follow, max-snippet:-1, max-image-preview:large, max-video-preview:-1\" \/>\n<link rel=\"canonical\" href=\"https:\/\/9editions.com\/boutique\/produit\/interferences-livre-broche\/\" \/>\n<meta property=\"og:locale\" content=\"fr_FR\" \/>\n<meta property=\"og:type\" content=\"article\" \/>\n<meta property=\"og:title\" content=\"Interf\u00e9rences (Livre broch\u00e9) - 9 \u00e9ditions\" \/>\n<meta property=\"og:description\" content=\"9 \u00e9ditions vous pr\u00e9sente le nouveau recueil de nouvelles d&#039;Evelyne Biausser. D\u00e9couvrez des histoires d&#039;o\u00f9 naissent des cons\u00e9quence impr\u00e9visibles.\" \/>\n<meta property=\"og:url\" content=\"https:\/\/9editions.com\/boutique\/produit\/interferences-livre-broche\/\" \/>\n<meta property=\"og:site_name\" content=\"9 \u00e9ditions\" \/>\n<meta property=\"article:publisher\" content=\"https:\/\/www.facebook.com\/9editions?ref=bookmarks\" \/>\n<meta property=\"article:modified_time\" content=\"2024-02-26T16:57:52+00:00\" \/>\n<meta property=\"og:image\" content=\"https:\/\/9editions.com\/boutique\/wp-content\/uploads\/2024\/02\/978-2-37727-170-2_1.jpg\" \/>\n\t<meta property=\"og:image:width\" content=\"1713\" \/>\n\t<meta property=\"og:image:height\" content=\"2362\" \/>\n\t<meta property=\"og:image:type\" content=\"image\/jpeg\" \/>\n<meta name=\"twitter:card\" content=\"summary_large_image\" \/>\n<meta name=\"twitter:site\" content=\"@9_editions\" \/>\n<meta name=\"twitter:label1\" content=\"Dur\u00e9e de lecture estim\u00e9e\" \/>\n\t<meta name=\"twitter:data1\" content=\"1 minute\" \/>\n<script type=\"application\/ld+json\" class=\"yoast-schema-graph\">{\"@context\":\"https:\\\/\\\/schema.org\",\"@graph\":[{\"@type\":\"WebPage\",\"@id\":\"https:\\\/\\\/9editions.com\\\/boutique\\\/produit\\\/interferences-livre-broche\\\/\",\"url\":\"https:\\\/\\\/9editions.com\\\/boutique\\\/produit\\\/interferences-livre-broche\\\/\",\"name\":\"Interf\u00e9rences (Livre broch\u00e9) - 9 \u00e9ditions\",\"isPartOf\":{\"@id\":\"https:\\\/\\\/9editions.com\\\/boutique\\\/#website\"},\"primaryImageOfPage\":{\"@id\":\"https:\\\/\\\/9editions.com\\\/boutique\\\/produit\\\/interferences-livre-broche\\\/#primaryimage\"},\"image\":{\"@id\":\"https:\\\/\\\/9editions.com\\\/boutique\\\/produit\\\/interferences-livre-broche\\\/#primaryimage\"},\"thumbnailUrl\":\"https:\\\/\\\/9editions.com\\\/boutique\\\/wp-content\\\/uploads\\\/2024\\\/02\\\/978-2-37727-170-2_1.jpg\",\"datePublished\":\"2024-02-26T16:54:57+00:00\",\"dateModified\":\"2024-02-26T16:57:52+00:00\",\"description\":\"9 \u00e9ditions vous pr\u00e9sente le nouveau recueil de nouvelles d'Evelyne Biausser. D\u00e9couvrez des histoires d'o\u00f9 naissent des cons\u00e9quence impr\u00e9visibles.\",\"breadcrumb\":{\"@id\":\"https:\\\/\\\/9editions.com\\\/boutique\\\/produit\\\/interferences-livre-broche\\\/#breadcrumb\"},\"inLanguage\":\"fr-FR\",\"potentialAction\":[{\"@type\":\"ReadAction\",\"target\":[\"https:\\\/\\\/9editions.com\\\/boutique\\\/produit\\\/interferences-livre-broche\\\/\"]}]},{\"@type\":\"ImageObject\",\"inLanguage\":\"fr-FR\",\"@id\":\"https:\\\/\\\/9editions.com\\\/boutique\\\/produit\\\/interferences-livre-broche\\\/#primaryimage\",\"url\":\"https:\\\/\\\/9editions.com\\\/boutique\\\/wp-content\\\/uploads\\\/2024\\\/02\\\/978-2-37727-170-2_1.jpg\",\"contentUrl\":\"https:\\\/\\\/9editions.com\\\/boutique\\\/wp-content\\\/uploads\\\/2024\\\/02\\\/978-2-37727-170-2_1.jpg\",\"width\":1713,\"height\":2362},{\"@type\":\"BreadcrumbList\",\"@id\":\"https:\\\/\\\/9editions.com\\\/boutique\\\/produit\\\/interferences-livre-broche\\\/#breadcrumb\",\"itemListElement\":[{\"@type\":\"ListItem\",\"position\":1,\"name\":\"Accueil\",\"item\":\"https:\\\/\\\/9editions.com\\\/boutique\\\/\"},{\"@type\":\"ListItem\",\"position\":2,\"name\":\"Boutique\",\"item\":\"https:\\\/\\\/9editions.com\\\/boutique\\\/\"},{\"@type\":\"ListItem\",\"position\":3,\"name\":\"Interf\u00e9rences (Livre broch\u00e9)\"}]},{\"@type\":\"WebSite\",\"@id\":\"https:\\\/\\\/9editions.com\\\/boutique\\\/#website\",\"url\":\"https:\\\/\\\/9editions.com\\\/boutique\\\/\",\"name\":\"9 \u00e9ditions\",\"description\":\"La maison d&#039;\u00e9dition au c\u00f4t\u00e9 des auteurs\",\"publisher\":{\"@id\":\"https:\\\/\\\/9editions.com\\\/boutique\\\/#organization\"},\"potentialAction\":[{\"@type\":\"SearchAction\",\"target\":{\"@type\":\"EntryPoint\",\"urlTemplate\":\"https:\\\/\\\/9editions.com\\\/boutique\\\/?s={search_term_string}\"},\"query-input\":{\"@type\":\"PropertyValueSpecification\",\"valueRequired\":true,\"valueName\":\"search_term_string\"}}],\"inLanguage\":\"fr-FR\"},{\"@type\":\"Organization\",\"@id\":\"https:\\\/\\\/9editions.com\\\/boutique\\\/#organization\",\"name\":\"9 \u00e9ditions\",\"url\":\"https:\\\/\\\/9editions.com\\\/boutique\\\/\",\"logo\":{\"@type\":\"ImageObject\",\"inLanguage\":\"fr-FR\",\"@id\":\"https:\\\/\\\/9editions.com\\\/boutique\\\/#\\\/schema\\\/logo\\\/image\\\/\",\"url\":\"https:\\\/\\\/9editions.com\\\/boutique\\\/wp-content\\\/uploads\\\/2020\\\/03\\\/cropped-9-editions-logo-amazon.jpg\",\"contentUrl\":\"https:\\\/\\\/9editions.com\\\/boutique\\\/wp-content\\\/uploads\\\/2020\\\/03\\\/cropped-9-editions-logo-amazon.jpg\",\"width\":120,\"height\":30,\"caption\":\"9 \u00e9ditions\"},\"image\":{\"@id\":\"https:\\\/\\\/9editions.com\\\/boutique\\\/#\\\/schema\\\/logo\\\/image\\\/\"},\"sameAs\":[\"https:\\\/\\\/www.facebook.com\\\/9editions?ref=bookmarks\",\"https:\\\/\\\/x.com\\\/9_editions\",\"https:\\\/\\\/www.instagram.com\\\/9editions_\\\/\"]}]}<\/script>\n<!-- \/ Yoast SEO plugin. -->","yoast_head_json":{"title":"Interf\u00e9rences (Livre broch\u00e9) - 9 \u00e9ditions","description":"9 \u00e9ditions vous pr\u00e9sente le nouveau recueil de nouvelles d'Evelyne Biausser. D\u00e9couvrez des histoires d'o\u00f9 naissent des cons\u00e9quence impr\u00e9visibles.","robots":{"index":"index","follow":"follow","max-snippet":"max-snippet:-1","max-image-preview":"max-image-preview:large","max-video-preview":"max-video-preview:-1"},"canonical":"https:\/\/9editions.com\/boutique\/produit\/interferences-livre-broche\/","og_locale":"fr_FR","og_type":"article","og_title":"Interf\u00e9rences (Livre broch\u00e9) - 9 \u00e9ditions","og_description":"9 \u00e9ditions vous pr\u00e9sente le nouveau recueil de nouvelles d'Evelyne Biausser. D\u00e9couvrez des histoires d'o\u00f9 naissent des cons\u00e9quence impr\u00e9visibles.","og_url":"https:\/\/9editions.com\/boutique\/produit\/interferences-livre-broche\/","og_site_name":"9 \u00e9ditions","article_publisher":"https:\/\/www.facebook.com\/9editions?ref=bookmarks","article_modified_time":"2024-02-26T16:57:52+00:00","og_image":[{"width":1713,"height":2362,"url":"https:\/\/9editions.com\/boutique\/wp-content\/uploads\/2024\/02\/978-2-37727-170-2_1.jpg","type":"image\/jpeg"}],"twitter_card":"summary_large_image","twitter_site":"@9_editions","twitter_misc":{"Dur\u00e9e de lecture estim\u00e9e":"1 minute"},"schema":{"@context":"https:\/\/schema.org","@graph":[{"@type":"WebPage","@id":"https:\/\/9editions.com\/boutique\/produit\/interferences-livre-broche\/","url":"https:\/\/9editions.com\/boutique\/produit\/interferences-livre-broche\/","name":"Interf\u00e9rences (Livre broch\u00e9) - 9 \u00e9ditions","isPartOf":{"@id":"https:\/\/9editions.com\/boutique\/#website"},"primaryImageOfPage":{"@id":"https:\/\/9editions.com\/boutique\/produit\/interferences-livre-broche\/#primaryimage"},"image":{"@id":"https:\/\/9editions.com\/boutique\/produit\/interferences-livre-broche\/#primaryimage"},"thumbnailUrl":"https:\/\/9editions.com\/boutique\/wp-content\/uploads\/2024\/02\/978-2-37727-170-2_1.jpg","datePublished":"2024-02-26T16:54:57+00:00","dateModified":"2024-02-26T16:57:52+00:00","description":"9 \u00e9ditions vous pr\u00e9sente le nouveau recueil de nouvelles d'Evelyne Biausser. D\u00e9couvrez des histoires d'o\u00f9 naissent des cons\u00e9quence impr\u00e9visibles.","breadcrumb":{"@id":"https:\/\/9editions.com\/boutique\/produit\/interferences-livre-broche\/#breadcrumb"},"inLanguage":"fr-FR","potentialAction":[{"@type":"ReadAction","target":["https:\/\/9editions.com\/boutique\/produit\/interferences-livre-broche\/"]}]},{"@type":"ImageObject","inLanguage":"fr-FR","@id":"https:\/\/9editions.com\/boutique\/produit\/interferences-livre-broche\/#primaryimage","url":"https:\/\/9editions.com\/boutique\/wp-content\/uploads\/2024\/02\/978-2-37727-170-2_1.jpg","contentUrl":"https:\/\/9editions.com\/boutique\/wp-content\/uploads\/2024\/02\/978-2-37727-170-2_1.jpg","width":1713,"height":2362},{"@type":"BreadcrumbList","@id":"https:\/\/9editions.com\/boutique\/produit\/interferences-livre-broche\/#breadcrumb","itemListElement":[{"@type":"ListItem","position":1,"name":"Accueil","item":"https:\/\/9editions.com\/boutique\/"},{"@type":"ListItem","position":2,"name":"Boutique","item":"https:\/\/9editions.com\/boutique\/"},{"@type":"ListItem","position":3,"name":"Interf\u00e9rences (Livre broch\u00e9)"}]},{"@type":"WebSite","@id":"https:\/\/9editions.com\/boutique\/#website","url":"https:\/\/9editions.com\/boutique\/","name":"9 \u00e9ditions","description":"La maison d&#039;\u00e9dition au c\u00f4t\u00e9 des auteurs","publisher":{"@id":"https:\/\/9editions.com\/boutique\/#organization"},"potentialAction":[{"@type":"SearchAction","target":{"@type":"EntryPoint","urlTemplate":"https:\/\/9editions.com\/boutique\/?s={search_term_string}"},"query-input":{"@type":"PropertyValueSpecification","valueRequired":true,"valueName":"search_term_string"}}],"inLanguage":"fr-FR"},{"@type":"Organization","@id":"https:\/\/9editions.com\/boutique\/#organization","name":"9 \u00e9ditions","url":"https:\/\/9editions.com\/boutique\/","logo":{"@type":"ImageObject","inLanguage":"fr-FR","@id":"https:\/\/9editions.com\/boutique\/#\/schema\/logo\/image\/","url":"https:\/\/9editions.com\/boutique\/wp-content\/uploads\/2020\/03\/cropped-9-editions-logo-amazon.jpg","contentUrl":"https:\/\/9editions.com\/boutique\/wp-content\/uploads\/2020\/03\/cropped-9-editions-logo-amazon.jpg","width":120,"height":30,"caption":"9 \u00e9ditions"},"image":{"@id":"https:\/\/9editions.com\/boutique\/#\/schema\/logo\/image\/"},"sameAs":["https:\/\/www.facebook.com\/9editions?ref=bookmarks","https:\/\/x.com\/9_editions","https:\/\/www.instagram.com\/9editions_\/"]}]}},"jetpack_sharing_enabled":true,"_links":{"self":[{"href":"https:\/\/9editions.com\/boutique\/wp-json\/wp\/v2\/product\/2580","targetHints":{"allow":["GET"]}}],"collection":[{"href":"https:\/\/9editions.com\/boutique\/wp-json\/wp\/v2\/product"}],"about":[{"href":"https:\/\/9editions.com\/boutique\/wp-json\/wp\/v2\/types\/product"}],"replies":[{"embeddable":true,"href":"https:\/\/9editions.com\/boutique\/wp-json\/wp\/v2\/comments?post=2580"}],"wp:featuredmedia":[{"embeddable":true,"href":"https:\/\/9editions.com\/boutique\/wp-json\/wp\/v2\/media\/2578"}],"wp:attachment":[{"href":"https:\/\/9editions.com\/boutique\/wp-json\/wp\/v2\/media?parent=2580"}],"wp:term":[{"taxonomy":"product_brand","embeddable":true,"href":"https:\/\/9editions.com\/boutique\/wp-json\/wp\/v2\/product_brand?post=2580"},{"taxonomy":"product_cat","embeddable":true,"href":"https:\/\/9editions.com\/boutique\/wp-json\/wp\/v2\/product_cat?post=2580"},{"taxonomy":"product_tag","embeddable":true,"href":"https:\/\/9editions.com\/boutique\/wp-json\/wp\/v2\/product_tag?post=2580"}],"curies":[{"name":"wp","href":"https:\/\/api.w.org\/{rel}","templated":true}]}}