{"id":2540,"date":"2023-09-27T12:47:08","date_gmt":"2023-09-27T10:47:08","guid":{"rendered":"https:\/\/9editions.com\/boutique\/?post_type=product&#038;p=2540"},"modified":"2024-09-20T09:19:19","modified_gmt":"2024-09-20T07:19:19","slug":"pack-road-trip-avec-thifaine-roussel","status":"publish","type":"product","link":"https:\/\/9editions.com\/boutique\/produit\/pack-road-trip-avec-thifaine-roussel\/","title":{"rendered":"Pack Road Trip avec Thifaine Roussel"},"content":{"rendered":"<p>9 \u00e9ditions vous propose de d\u00e9couvrir les deux r\u00e9cit de voyage de Thifaine Roussel :<\/p>\n<ul>\n<li>La meilleure fa\u00e7on de p\u00e9ter les plombs<\/li>\n<li>CAP ou PAS CAP de traverser la France en v\u00e9lo ?<\/li>\n<\/ul>\n<p>A l&rsquo;occasion de la sortie de son second livre, b\u00e9n\u00e9ficiez d&rsquo;une remise pour cette commande.<\/p>\n<p>Bonne lecture !<\/p>\n","protected":false},"excerpt":{"rendered":"<p>9 \u00e9ditions vous propose de d\u00e9couvrir les deux r\u00e9cit de voyage de Thifaine Roussel :<\/p>\n<ul>\n<li>La meilleure fa\u00e7on de p\u00e9ter les plombs<\/li>\n<li>CAP ou PAS CAP de traverser la France en v\u00e9lo ?<\/li>\n<\/ul>\n<p>A l&rsquo;occasion de la sortie de son second livre, b\u00e9n\u00e9ficiez d&rsquo;une remise pour cette commande.<\/p>\n<p>Bonne lecture !<\/p>\n","protected":false},"featured_media":2526,"comment_status":"open","ping_status":"closed","template":"","meta":[],"product_brand":[],"product_cat":[36,32,251],"product_tag":[254,90,46,252,253,91],"class_list":{"0":"post-2540","1":"product","2":"type-product","3":"status-publish","6":"product_cat-aventures","7":"product_cat-livre-broche","8":"product_cat-voyage","9":"product_tag-cap-ou-pas-cap","10":"product_tag-la-meilleure-facon-de-peter-les-plombs","11":"product_tag-pack","12":"product_tag-recit-de-voyage","13":"product_tag-reduction","14":"product_tag-thifaine-roussel","15":"product_shipping_class-rt","17":"first","18":"instock","19":"sale","20":"purchasable","21":"product-type-simple"},"yoast_head":"<!-- This site is optimized with the Yoast SEO plugin v27.5 - https:\/\/yoast.com\/product\/yoast-seo-wordpress\/ -->\n<title>Pack Road Trip avec Thifaine Roussel - 9 \u00e9ditions<\/title>\n<meta name=\"description\" content=\"A l&#039;occasion de la sortie du nouveau livre de Thifaine Roussel, 9 \u00e9ditions vous propose un pack \u00e0 prix r\u00e9duit pour ces deux r\u00e9cits de voyage\" \/>\n<meta name=\"robots\" content=\"index, follow, max-snippet:-1, max-image-preview:large, max-video-preview:-1\" \/>\n<link rel=\"canonical\" href=\"https:\/\/9editions.com\/boutique\/produit\/pack-road-trip-avec-thifaine-roussel\/\" \/>\n<meta property=\"og:locale\" content=\"fr_FR\" \/>\n<meta property=\"og:type\" content=\"article\" \/>\n<meta property=\"og:title\" content=\"Pack Road Trip avec Thifaine Roussel - 9 \u00e9ditions\" \/>\n<meta property=\"og:description\" content=\"A l&#039;occasion de la sortie du nouveau livre de Thifaine Roussel, 9 \u00e9ditions vous propose un pack \u00e0 prix r\u00e9duit pour ces deux r\u00e9cits de voyage\" \/>\n<meta property=\"og:url\" content=\"https:\/\/9editions.com\/boutique\/produit\/pack-road-trip-avec-thifaine-roussel\/\" \/>\n<meta property=\"og:site_name\" content=\"9 \u00e9ditions\" \/>\n<meta property=\"article:publisher\" content=\"https:\/\/www.facebook.com\/9editions?ref=bookmarks\" \/>\n<meta property=\"article:modified_time\" content=\"2024-09-20T07:19:19+00:00\" \/>\n<meta property=\"og:image\" content=\"https:\/\/9editions.com\/boutique\/wp-content\/uploads\/2023\/08\/978-2-37727-164-1-1.jpg\" \/>\n\t<meta property=\"og:image:width\" content=\"1771\" \/>\n\t<meta property=\"og:image:height\" content=\"2480\" \/>\n\t<meta property=\"og:image:type\" content=\"image\/jpeg\" \/>\n<meta name=\"twitter:card\" content=\"summary_large_image\" \/>\n<meta name=\"twitter:site\" content=\"@9_editions\" \/>\n<meta name=\"twitter:label1\" content=\"Dur\u00e9e de lecture estim\u00e9e\" \/>\n\t<meta name=\"twitter:data1\" content=\"1 minute\" \/>\n<script type=\"application\/ld+json\" class=\"yoast-schema-graph\">{\"@context\":\"https:\\\/\\\/schema.org\",\"@graph\":[{\"@type\":\"WebPage\",\"@id\":\"https:\\\/\\\/9editions.com\\\/boutique\\\/produit\\\/pack-road-trip-avec-thifaine-roussel\\\/\",\"url\":\"https:\\\/\\\/9editions.com\\\/boutique\\\/produit\\\/pack-road-trip-avec-thifaine-roussel\\\/\",\"name\":\"Pack Road Trip avec Thifaine Roussel - 9 \u00e9ditions\",\"isPartOf\":{\"@id\":\"https:\\\/\\\/9editions.com\\\/boutique\\\/#website\"},\"primaryImageOfPage\":{\"@id\":\"https:\\\/\\\/9editions.com\\\/boutique\\\/produit\\\/pack-road-trip-avec-thifaine-roussel\\\/#primaryimage\"},\"image\":{\"@id\":\"https:\\\/\\\/9editions.com\\\/boutique\\\/produit\\\/pack-road-trip-avec-thifaine-roussel\\\/#primaryimage\"},\"thumbnailUrl\":\"https:\\\/\\\/9editions.com\\\/boutique\\\/wp-content\\\/uploads\\\/2023\\\/08\\\/978-2-37727-164-1-1.jpg\",\"datePublished\":\"2023-09-27T10:47:08+00:00\",\"dateModified\":\"2024-09-20T07:19:19+00:00\",\"description\":\"A l'occasion de la sortie du nouveau livre de Thifaine Roussel, 9 \u00e9ditions vous propose un pack \u00e0 prix r\u00e9duit pour ces deux r\u00e9cits de voyage\",\"breadcrumb\":{\"@id\":\"https:\\\/\\\/9editions.com\\\/boutique\\\/produit\\\/pack-road-trip-avec-thifaine-roussel\\\/#breadcrumb\"},\"inLanguage\":\"fr-FR\",\"potentialAction\":[{\"@type\":\"ReadAction\",\"target\":[\"https:\\\/\\\/9editions.com\\\/boutique\\\/produit\\\/pack-road-trip-avec-thifaine-roussel\\\/\"]}]},{\"@type\":\"ImageObject\",\"inLanguage\":\"fr-FR\",\"@id\":\"https:\\\/\\\/9editions.com\\\/boutique\\\/produit\\\/pack-road-trip-avec-thifaine-roussel\\\/#primaryimage\",\"url\":\"https:\\\/\\\/9editions.com\\\/boutique\\\/wp-content\\\/uploads\\\/2023\\\/08\\\/978-2-37727-164-1-1.jpg\",\"contentUrl\":\"https:\\\/\\\/9editions.com\\\/boutique\\\/wp-content\\\/uploads\\\/2023\\\/08\\\/978-2-37727-164-1-1.jpg\",\"width\":1771,\"height\":2480,\"caption\":\"CAP OU PAS CAP de traverser la France en v\u00e9lo ? Thifaine ROUSSEL 9 \u00e9ditions\"},{\"@type\":\"BreadcrumbList\",\"@id\":\"https:\\\/\\\/9editions.com\\\/boutique\\\/produit\\\/pack-road-trip-avec-thifaine-roussel\\\/#breadcrumb\",\"itemListElement\":[{\"@type\":\"ListItem\",\"position\":1,\"name\":\"Accueil\",\"item\":\"https:\\\/\\\/9editions.com\\\/boutique\\\/\"},{\"@type\":\"ListItem\",\"position\":2,\"name\":\"Boutique\",\"item\":\"https:\\\/\\\/9editions.com\\\/boutique\\\/\"},{\"@type\":\"ListItem\",\"position\":3,\"name\":\"Pack Road Trip avec Thifaine Roussel\"}]},{\"@type\":\"WebSite\",\"@id\":\"https:\\\/\\\/9editions.com\\\/boutique\\\/#website\",\"url\":\"https:\\\/\\\/9editions.com\\\/boutique\\\/\",\"name\":\"9 \u00e9ditions\",\"description\":\"La maison d&#039;\u00e9dition au c\u00f4t\u00e9 des auteurs\",\"publisher\":{\"@id\":\"https:\\\/\\\/9editions.com\\\/boutique\\\/#organization\"},\"potentialAction\":[{\"@type\":\"SearchAction\",\"target\":{\"@type\":\"EntryPoint\",\"urlTemplate\":\"https:\\\/\\\/9editions.com\\\/boutique\\\/?s={search_term_string}\"},\"query-input\":{\"@type\":\"PropertyValueSpecification\",\"valueRequired\":true,\"valueName\":\"search_term_string\"}}],\"inLanguage\":\"fr-FR\"},{\"@type\":\"Organization\",\"@id\":\"https:\\\/\\\/9editions.com\\\/boutique\\\/#organization\",\"name\":\"9 \u00e9ditions\",\"url\":\"https:\\\/\\\/9editions.com\\\/boutique\\\/\",\"logo\":{\"@type\":\"ImageObject\",\"inLanguage\":\"fr-FR\",\"@id\":\"https:\\\/\\\/9editions.com\\\/boutique\\\/#\\\/schema\\\/logo\\\/image\\\/\",\"url\":\"https:\\\/\\\/9editions.com\\\/boutique\\\/wp-content\\\/uploads\\\/2020\\\/03\\\/cropped-9-editions-logo-amazon.jpg\",\"contentUrl\":\"https:\\\/\\\/9editions.com\\\/boutique\\\/wp-content\\\/uploads\\\/2020\\\/03\\\/cropped-9-editions-logo-amazon.jpg\",\"width\":120,\"height\":30,\"caption\":\"9 \u00e9ditions\"},\"image\":{\"@id\":\"https:\\\/\\\/9editions.com\\\/boutique\\\/#\\\/schema\\\/logo\\\/image\\\/\"},\"sameAs\":[\"https:\\\/\\\/www.facebook.com\\\/9editions?ref=bookmarks\",\"https:\\\/\\\/x.com\\\/9_editions\",\"https:\\\/\\\/www.instagram.com\\\/9editions_\\\/\"]}]}<\/script>\n<!-- \/ Yoast SEO plugin. -->","yoast_head_json":{"title":"Pack Road Trip avec Thifaine Roussel - 9 \u00e9ditions","description":"A l'occasion de la sortie du nouveau livre de Thifaine Roussel, 9 \u00e9ditions vous propose un pack \u00e0 prix r\u00e9duit pour ces deux r\u00e9cits de voyage","robots":{"index":"index","follow":"follow","max-snippet":"max-snippet:-1","max-image-preview":"max-image-preview:large","max-video-preview":"max-video-preview:-1"},"canonical":"https:\/\/9editions.com\/boutique\/produit\/pack-road-trip-avec-thifaine-roussel\/","og_locale":"fr_FR","og_type":"article","og_title":"Pack Road Trip avec Thifaine Roussel - 9 \u00e9ditions","og_description":"A l'occasion de la sortie du nouveau livre de Thifaine Roussel, 9 \u00e9ditions vous propose un pack \u00e0 prix r\u00e9duit pour ces deux r\u00e9cits de voyage","og_url":"https:\/\/9editions.com\/boutique\/produit\/pack-road-trip-avec-thifaine-roussel\/","og_site_name":"9 \u00e9ditions","article_publisher":"https:\/\/www.facebook.com\/9editions?ref=bookmarks","article_modified_time":"2024-09-20T07:19:19+00:00","og_image":[{"width":1771,"height":2480,"url":"https:\/\/9editions.com\/boutique\/wp-content\/uploads\/2023\/08\/978-2-37727-164-1-1.jpg","type":"image\/jpeg"}],"twitter_card":"summary_large_image","twitter_site":"@9_editions","twitter_misc":{"Dur\u00e9e de lecture estim\u00e9e":"1 minute"},"schema":{"@context":"https:\/\/schema.org","@graph":[{"@type":"WebPage","@id":"https:\/\/9editions.com\/boutique\/produit\/pack-road-trip-avec-thifaine-roussel\/","url":"https:\/\/9editions.com\/boutique\/produit\/pack-road-trip-avec-thifaine-roussel\/","name":"Pack Road Trip avec Thifaine Roussel - 9 \u00e9ditions","isPartOf":{"@id":"https:\/\/9editions.com\/boutique\/#website"},"primaryImageOfPage":{"@id":"https:\/\/9editions.com\/boutique\/produit\/pack-road-trip-avec-thifaine-roussel\/#primaryimage"},"image":{"@id":"https:\/\/9editions.com\/boutique\/produit\/pack-road-trip-avec-thifaine-roussel\/#primaryimage"},"thumbnailUrl":"https:\/\/9editions.com\/boutique\/wp-content\/uploads\/2023\/08\/978-2-37727-164-1-1.jpg","datePublished":"2023-09-27T10:47:08+00:00","dateModified":"2024-09-20T07:19:19+00:00","description":"A l'occasion de la sortie du nouveau livre de Thifaine Roussel, 9 \u00e9ditions vous propose un pack \u00e0 prix r\u00e9duit pour ces deux r\u00e9cits de voyage","breadcrumb":{"@id":"https:\/\/9editions.com\/boutique\/produit\/pack-road-trip-avec-thifaine-roussel\/#breadcrumb"},"inLanguage":"fr-FR","potentialAction":[{"@type":"ReadAction","target":["https:\/\/9editions.com\/boutique\/produit\/pack-road-trip-avec-thifaine-roussel\/"]}]},{"@type":"ImageObject","inLanguage":"fr-FR","@id":"https:\/\/9editions.com\/boutique\/produit\/pack-road-trip-avec-thifaine-roussel\/#primaryimage","url":"https:\/\/9editions.com\/boutique\/wp-content\/uploads\/2023\/08\/978-2-37727-164-1-1.jpg","contentUrl":"https:\/\/9editions.com\/boutique\/wp-content\/uploads\/2023\/08\/978-2-37727-164-1-1.jpg","width":1771,"height":2480,"caption":"CAP OU PAS CAP de traverser la France en v\u00e9lo ? Thifaine ROUSSEL 9 \u00e9ditions"},{"@type":"BreadcrumbList","@id":"https:\/\/9editions.com\/boutique\/produit\/pack-road-trip-avec-thifaine-roussel\/#breadcrumb","itemListElement":[{"@type":"ListItem","position":1,"name":"Accueil","item":"https:\/\/9editions.com\/boutique\/"},{"@type":"ListItem","position":2,"name":"Boutique","item":"https:\/\/9editions.com\/boutique\/"},{"@type":"ListItem","position":3,"name":"Pack Road Trip avec Thifaine Roussel"}]},{"@type":"WebSite","@id":"https:\/\/9editions.com\/boutique\/#website","url":"https:\/\/9editions.com\/boutique\/","name":"9 \u00e9ditions","description":"La maison d&#039;\u00e9dition au c\u00f4t\u00e9 des auteurs","publisher":{"@id":"https:\/\/9editions.com\/boutique\/#organization"},"potentialAction":[{"@type":"SearchAction","target":{"@type":"EntryPoint","urlTemplate":"https:\/\/9editions.com\/boutique\/?s={search_term_string}"},"query-input":{"@type":"PropertyValueSpecification","valueRequired":true,"valueName":"search_term_string"}}],"inLanguage":"fr-FR"},{"@type":"Organization","@id":"https:\/\/9editions.com\/boutique\/#organization","name":"9 \u00e9ditions","url":"https:\/\/9editions.com\/boutique\/","logo":{"@type":"ImageObject","inLanguage":"fr-FR","@id":"https:\/\/9editions.com\/boutique\/#\/schema\/logo\/image\/","url":"https:\/\/9editions.com\/boutique\/wp-content\/uploads\/2020\/03\/cropped-9-editions-logo-amazon.jpg","contentUrl":"https:\/\/9editions.com\/boutique\/wp-content\/uploads\/2020\/03\/cropped-9-editions-logo-amazon.jpg","width":120,"height":30,"caption":"9 \u00e9ditions"},"image":{"@id":"https:\/\/9editions.com\/boutique\/#\/schema\/logo\/image\/"},"sameAs":["https:\/\/www.facebook.com\/9editions?ref=bookmarks","https:\/\/x.com\/9_editions","https:\/\/www.instagram.com\/9editions_\/"]}]}},"jetpack_sharing_enabled":true,"_links":{"self":[{"href":"https:\/\/9editions.com\/boutique\/wp-json\/wp\/v2\/product\/2540","targetHints":{"allow":["GET"]}}],"collection":[{"href":"https:\/\/9editions.com\/boutique\/wp-json\/wp\/v2\/product"}],"about":[{"href":"https:\/\/9editions.com\/boutique\/wp-json\/wp\/v2\/types\/product"}],"replies":[{"embeddable":true,"href":"https:\/\/9editions.com\/boutique\/wp-json\/wp\/v2\/comments?post=2540"}],"wp:featuredmedia":[{"embeddable":true,"href":"https:\/\/9editions.com\/boutique\/wp-json\/wp\/v2\/media\/2526"}],"wp:attachment":[{"href":"https:\/\/9editions.com\/boutique\/wp-json\/wp\/v2\/media?parent=2540"}],"wp:term":[{"taxonomy":"product_brand","embeddable":true,"href":"https:\/\/9editions.com\/boutique\/wp-json\/wp\/v2\/product_brand?post=2540"},{"taxonomy":"product_cat","embeddable":true,"href":"https:\/\/9editions.com\/boutique\/wp-json\/wp\/v2\/product_cat?post=2540"},{"taxonomy":"product_tag","embeddable":true,"href":"https:\/\/9editions.com\/boutique\/wp-json\/wp\/v2\/product_tag?post=2540"}],"curies":[{"name":"wp","href":"https:\/\/api.w.org\/{rel}","templated":true}]}}