{"id":250,"date":"2022-09-28T14:28:07","date_gmt":"2022-09-28T12:28:07","guid":{"rendered":"https:\/\/9editions.com\/boutique\/?post_type=product&#038;p=250"},"modified":"2023-11-21T11:57:52","modified_gmt":"2023-11-21T10:57:52","slug":"il-y-a-quelquun","status":"publish","type":"product","link":"https:\/\/9editions.com\/boutique\/produit\/il-y-a-quelquun\/","title":{"rendered":"Il  y a quelqu&rsquo;un ?"},"content":{"rendered":"<p>Pascal se morfond : il est au ch\u00f4mage, sa femme est morte et sa femme de m\u00e9nage est partie. Seuls l\u2019int\u00e9ressent les jeux vid\u00e9os. Guy, son ami d\u2019enfance, lui offre une enceinte vocale qui va r\u00e9v\u00e9ler bien des surprises.<\/p>\n","protected":false},"excerpt":{"rendered":"<p>Pascal se morfond : il est au ch\u00f4mage, sa femme est morte et sa femme de m\u00e9nage est partie. Seuls l\u2019int\u00e9ressent les jeux vid\u00e9os. Guy, son ami d\u2019enfance, lui offre une enceinte vocale qui va r\u00e9v\u00e9ler bien des surprises.<\/p>\n","protected":false},"featured_media":249,"comment_status":"open","ping_status":"closed","template":"","meta":[],"product_brand":[],"product_cat":[32,33],"product_tag":[61,62,35,63,64],"class_list":{"0":"post-250","1":"product","2":"type-product","3":"status-publish","6":"product_cat-livre-broche","7":"product_cat-piece-de-theatre","8":"product_tag-humour","9":"product_tag-il-y-a-quelquun","10":"product_tag-piece-de-theatre","11":"product_tag-samy-bersou","12":"product_tag-societe","13":"product_shipping_class-livre","15":"first","16":"instock","17":"purchasable","18":"product-type-simple"},"yoast_head":"<!-- This site is optimized with the Yoast SEO plugin v27.3 - https:\/\/yoast.com\/product\/yoast-seo-wordpress\/ -->\n<title>Il y a quelqu&#039;un ? - 9 \u00e9ditions<\/title>\n<meta name=\"description\" content=\"Une pi\u00e8ce de th\u00e9\u00e2tre dr\u00f4le est bien \u00e9crite par notre auteur Samy Bersou qui fera parler d&#039;elle lorsqu&#039;elle sera mis en sc\u00e8ne chez 9 \u00e9ditions\" \/>\n<meta name=\"robots\" content=\"index, follow, max-snippet:-1, max-image-preview:large, max-video-preview:-1\" \/>\n<link rel=\"canonical\" href=\"https:\/\/9editions.com\/boutique\/produit\/il-y-a-quelquun\/\" \/>\n<meta property=\"og:locale\" content=\"fr_FR\" \/>\n<meta property=\"og:type\" content=\"article\" \/>\n<meta property=\"og:title\" content=\"Il y a quelqu&#039;un ? - 9 \u00e9ditions\" \/>\n<meta property=\"og:description\" content=\"Une pi\u00e8ce de th\u00e9\u00e2tre dr\u00f4le est bien \u00e9crite par notre auteur Samy Bersou qui fera parler d&#039;elle lorsqu&#039;elle sera mis en sc\u00e8ne chez 9 \u00e9ditions\" \/>\n<meta property=\"og:url\" content=\"https:\/\/9editions.com\/boutique\/produit\/il-y-a-quelquun\/\" \/>\n<meta property=\"og:site_name\" content=\"9 \u00e9ditions\" \/>\n<meta property=\"article:publisher\" content=\"https:\/\/www.facebook.com\/9editions?ref=bookmarks\" \/>\n<meta property=\"article:modified_time\" content=\"2023-11-21T10:57:52+00:00\" \/>\n<meta property=\"og:image\" content=\"https:\/\/9editions.com\/boutique\/wp-content\/uploads\/2022\/09\/9editions-LIVRE-SAMY-BERSOU-IL-Y-A-QIUELQUUN-FRONT.jpg\" \/>\n\t<meta property=\"og:image:width\" content=\"1713\" \/>\n\t<meta property=\"og:image:height\" content=\"2363\" \/>\n\t<meta property=\"og:image:type\" content=\"image\/jpeg\" \/>\n<meta name=\"twitter:card\" content=\"summary_large_image\" \/>\n<meta name=\"twitter:site\" content=\"@9_editions\" \/>\n<script type=\"application\/ld+json\" class=\"yoast-schema-graph\">{\"@context\":\"https:\\\/\\\/schema.org\",\"@graph\":[{\"@type\":\"WebPage\",\"@id\":\"https:\\\/\\\/9editions.com\\\/boutique\\\/produit\\\/il-y-a-quelquun\\\/\",\"url\":\"https:\\\/\\\/9editions.com\\\/boutique\\\/produit\\\/il-y-a-quelquun\\\/\",\"name\":\"Il y a quelqu'un ? - 9 \u00e9ditions\",\"isPartOf\":{\"@id\":\"https:\\\/\\\/9editions.com\\\/boutique\\\/#website\"},\"primaryImageOfPage\":{\"@id\":\"https:\\\/\\\/9editions.com\\\/boutique\\\/produit\\\/il-y-a-quelquun\\\/#primaryimage\"},\"image\":{\"@id\":\"https:\\\/\\\/9editions.com\\\/boutique\\\/produit\\\/il-y-a-quelquun\\\/#primaryimage\"},\"thumbnailUrl\":\"https:\\\/\\\/9editions.com\\\/boutique\\\/wp-content\\\/uploads\\\/2022\\\/09\\\/9editions-LIVRE-SAMY-BERSOU-IL-Y-A-QIUELQUUN-FRONT.jpg\",\"datePublished\":\"2022-09-28T12:28:07+00:00\",\"dateModified\":\"2023-11-21T10:57:52+00:00\",\"description\":\"Une pi\u00e8ce de th\u00e9\u00e2tre dr\u00f4le est bien \u00e9crite par notre auteur Samy Bersou qui fera parler d'elle lorsqu'elle sera mis en sc\u00e8ne chez 9 \u00e9ditions\",\"breadcrumb\":{\"@id\":\"https:\\\/\\\/9editions.com\\\/boutique\\\/produit\\\/il-y-a-quelquun\\\/#breadcrumb\"},\"inLanguage\":\"fr-FR\",\"potentialAction\":[{\"@type\":\"ReadAction\",\"target\":[\"https:\\\/\\\/9editions.com\\\/boutique\\\/produit\\\/il-y-a-quelquun\\\/\"]}]},{\"@type\":\"ImageObject\",\"inLanguage\":\"fr-FR\",\"@id\":\"https:\\\/\\\/9editions.com\\\/boutique\\\/produit\\\/il-y-a-quelquun\\\/#primaryimage\",\"url\":\"https:\\\/\\\/9editions.com\\\/boutique\\\/wp-content\\\/uploads\\\/2022\\\/09\\\/9editions-LIVRE-SAMY-BERSOU-IL-Y-A-QIUELQUUN-FRONT.jpg\",\"contentUrl\":\"https:\\\/\\\/9editions.com\\\/boutique\\\/wp-content\\\/uploads\\\/2022\\\/09\\\/9editions-LIVRE-SAMY-BERSOU-IL-Y-A-QIUELQUUN-FRONT.jpg\",\"width\":1713,\"height\":2363},{\"@type\":\"BreadcrumbList\",\"@id\":\"https:\\\/\\\/9editions.com\\\/boutique\\\/produit\\\/il-y-a-quelquun\\\/#breadcrumb\",\"itemListElement\":[{\"@type\":\"ListItem\",\"position\":1,\"name\":\"Accueil\",\"item\":\"https:\\\/\\\/9editions.com\\\/boutique\\\/\"},{\"@type\":\"ListItem\",\"position\":2,\"name\":\"Boutique\",\"item\":\"https:\\\/\\\/9editions.com\\\/boutique\\\/\"},{\"@type\":\"ListItem\",\"position\":3,\"name\":\"Il y a quelqu&rsquo;un ?\"}]},{\"@type\":\"WebSite\",\"@id\":\"https:\\\/\\\/9editions.com\\\/boutique\\\/#website\",\"url\":\"https:\\\/\\\/9editions.com\\\/boutique\\\/\",\"name\":\"9 \u00e9ditions\",\"description\":\"La maison d&#039;\u00e9dition au c\u00f4t\u00e9 des auteurs\",\"publisher\":{\"@id\":\"https:\\\/\\\/9editions.com\\\/boutique\\\/#organization\"},\"potentialAction\":[{\"@type\":\"SearchAction\",\"target\":{\"@type\":\"EntryPoint\",\"urlTemplate\":\"https:\\\/\\\/9editions.com\\\/boutique\\\/?s={search_term_string}\"},\"query-input\":{\"@type\":\"PropertyValueSpecification\",\"valueRequired\":true,\"valueName\":\"search_term_string\"}}],\"inLanguage\":\"fr-FR\"},{\"@type\":\"Organization\",\"@id\":\"https:\\\/\\\/9editions.com\\\/boutique\\\/#organization\",\"name\":\"9 \u00e9ditions\",\"url\":\"https:\\\/\\\/9editions.com\\\/boutique\\\/\",\"logo\":{\"@type\":\"ImageObject\",\"inLanguage\":\"fr-FR\",\"@id\":\"https:\\\/\\\/9editions.com\\\/boutique\\\/#\\\/schema\\\/logo\\\/image\\\/\",\"url\":\"https:\\\/\\\/9editions.com\\\/boutique\\\/wp-content\\\/uploads\\\/2020\\\/03\\\/cropped-9-editions-logo-amazon.jpg\",\"contentUrl\":\"https:\\\/\\\/9editions.com\\\/boutique\\\/wp-content\\\/uploads\\\/2020\\\/03\\\/cropped-9-editions-logo-amazon.jpg\",\"width\":120,\"height\":30,\"caption\":\"9 \u00e9ditions\"},\"image\":{\"@id\":\"https:\\\/\\\/9editions.com\\\/boutique\\\/#\\\/schema\\\/logo\\\/image\\\/\"},\"sameAs\":[\"https:\\\/\\\/www.facebook.com\\\/9editions?ref=bookmarks\",\"https:\\\/\\\/x.com\\\/9_editions\",\"https:\\\/\\\/www.instagram.com\\\/9editions_\\\/\"]}]}<\/script>\n<!-- \/ Yoast SEO plugin. -->","yoast_head_json":{"title":"Il y a quelqu'un ? - 9 \u00e9ditions","description":"Une pi\u00e8ce de th\u00e9\u00e2tre dr\u00f4le est bien \u00e9crite par notre auteur Samy Bersou qui fera parler d'elle lorsqu'elle sera mis en sc\u00e8ne chez 9 \u00e9ditions","robots":{"index":"index","follow":"follow","max-snippet":"max-snippet:-1","max-image-preview":"max-image-preview:large","max-video-preview":"max-video-preview:-1"},"canonical":"https:\/\/9editions.com\/boutique\/produit\/il-y-a-quelquun\/","og_locale":"fr_FR","og_type":"article","og_title":"Il y a quelqu'un ? - 9 \u00e9ditions","og_description":"Une pi\u00e8ce de th\u00e9\u00e2tre dr\u00f4le est bien \u00e9crite par notre auteur Samy Bersou qui fera parler d'elle lorsqu'elle sera mis en sc\u00e8ne chez 9 \u00e9ditions","og_url":"https:\/\/9editions.com\/boutique\/produit\/il-y-a-quelquun\/","og_site_name":"9 \u00e9ditions","article_publisher":"https:\/\/www.facebook.com\/9editions?ref=bookmarks","article_modified_time":"2023-11-21T10:57:52+00:00","og_image":[{"width":1713,"height":2363,"url":"https:\/\/9editions.com\/boutique\/wp-content\/uploads\/2022\/09\/9editions-LIVRE-SAMY-BERSOU-IL-Y-A-QIUELQUUN-FRONT.jpg","type":"image\/jpeg"}],"twitter_card":"summary_large_image","twitter_site":"@9_editions","schema":{"@context":"https:\/\/schema.org","@graph":[{"@type":"WebPage","@id":"https:\/\/9editions.com\/boutique\/produit\/il-y-a-quelquun\/","url":"https:\/\/9editions.com\/boutique\/produit\/il-y-a-quelquun\/","name":"Il y a quelqu'un ? - 9 \u00e9ditions","isPartOf":{"@id":"https:\/\/9editions.com\/boutique\/#website"},"primaryImageOfPage":{"@id":"https:\/\/9editions.com\/boutique\/produit\/il-y-a-quelquun\/#primaryimage"},"image":{"@id":"https:\/\/9editions.com\/boutique\/produit\/il-y-a-quelquun\/#primaryimage"},"thumbnailUrl":"https:\/\/9editions.com\/boutique\/wp-content\/uploads\/2022\/09\/9editions-LIVRE-SAMY-BERSOU-IL-Y-A-QIUELQUUN-FRONT.jpg","datePublished":"2022-09-28T12:28:07+00:00","dateModified":"2023-11-21T10:57:52+00:00","description":"Une pi\u00e8ce de th\u00e9\u00e2tre dr\u00f4le est bien \u00e9crite par notre auteur Samy Bersou qui fera parler d'elle lorsqu'elle sera mis en sc\u00e8ne chez 9 \u00e9ditions","breadcrumb":{"@id":"https:\/\/9editions.com\/boutique\/produit\/il-y-a-quelquun\/#breadcrumb"},"inLanguage":"fr-FR","potentialAction":[{"@type":"ReadAction","target":["https:\/\/9editions.com\/boutique\/produit\/il-y-a-quelquun\/"]}]},{"@type":"ImageObject","inLanguage":"fr-FR","@id":"https:\/\/9editions.com\/boutique\/produit\/il-y-a-quelquun\/#primaryimage","url":"https:\/\/9editions.com\/boutique\/wp-content\/uploads\/2022\/09\/9editions-LIVRE-SAMY-BERSOU-IL-Y-A-QIUELQUUN-FRONT.jpg","contentUrl":"https:\/\/9editions.com\/boutique\/wp-content\/uploads\/2022\/09\/9editions-LIVRE-SAMY-BERSOU-IL-Y-A-QIUELQUUN-FRONT.jpg","width":1713,"height":2363},{"@type":"BreadcrumbList","@id":"https:\/\/9editions.com\/boutique\/produit\/il-y-a-quelquun\/#breadcrumb","itemListElement":[{"@type":"ListItem","position":1,"name":"Accueil","item":"https:\/\/9editions.com\/boutique\/"},{"@type":"ListItem","position":2,"name":"Boutique","item":"https:\/\/9editions.com\/boutique\/"},{"@type":"ListItem","position":3,"name":"Il y a quelqu&rsquo;un ?"}]},{"@type":"WebSite","@id":"https:\/\/9editions.com\/boutique\/#website","url":"https:\/\/9editions.com\/boutique\/","name":"9 \u00e9ditions","description":"La maison d&#039;\u00e9dition au c\u00f4t\u00e9 des auteurs","publisher":{"@id":"https:\/\/9editions.com\/boutique\/#organization"},"potentialAction":[{"@type":"SearchAction","target":{"@type":"EntryPoint","urlTemplate":"https:\/\/9editions.com\/boutique\/?s={search_term_string}"},"query-input":{"@type":"PropertyValueSpecification","valueRequired":true,"valueName":"search_term_string"}}],"inLanguage":"fr-FR"},{"@type":"Organization","@id":"https:\/\/9editions.com\/boutique\/#organization","name":"9 \u00e9ditions","url":"https:\/\/9editions.com\/boutique\/","logo":{"@type":"ImageObject","inLanguage":"fr-FR","@id":"https:\/\/9editions.com\/boutique\/#\/schema\/logo\/image\/","url":"https:\/\/9editions.com\/boutique\/wp-content\/uploads\/2020\/03\/cropped-9-editions-logo-amazon.jpg","contentUrl":"https:\/\/9editions.com\/boutique\/wp-content\/uploads\/2020\/03\/cropped-9-editions-logo-amazon.jpg","width":120,"height":30,"caption":"9 \u00e9ditions"},"image":{"@id":"https:\/\/9editions.com\/boutique\/#\/schema\/logo\/image\/"},"sameAs":["https:\/\/www.facebook.com\/9editions?ref=bookmarks","https:\/\/x.com\/9_editions","https:\/\/www.instagram.com\/9editions_\/"]}]}},"jetpack_sharing_enabled":true,"_links":{"self":[{"href":"https:\/\/9editions.com\/boutique\/wp-json\/wp\/v2\/product\/250","targetHints":{"allow":["GET"]}}],"collection":[{"href":"https:\/\/9editions.com\/boutique\/wp-json\/wp\/v2\/product"}],"about":[{"href":"https:\/\/9editions.com\/boutique\/wp-json\/wp\/v2\/types\/product"}],"replies":[{"embeddable":true,"href":"https:\/\/9editions.com\/boutique\/wp-json\/wp\/v2\/comments?post=250"}],"wp:featuredmedia":[{"embeddable":true,"href":"https:\/\/9editions.com\/boutique\/wp-json\/wp\/v2\/media\/249"}],"wp:attachment":[{"href":"https:\/\/9editions.com\/boutique\/wp-json\/wp\/v2\/media?parent=250"}],"wp:term":[{"taxonomy":"product_brand","embeddable":true,"href":"https:\/\/9editions.com\/boutique\/wp-json\/wp\/v2\/product_brand?post=250"},{"taxonomy":"product_cat","embeddable":true,"href":"https:\/\/9editions.com\/boutique\/wp-json\/wp\/v2\/product_cat?post=250"},{"taxonomy":"product_tag","embeddable":true,"href":"https:\/\/9editions.com\/boutique\/wp-json\/wp\/v2\/product_tag?post=250"}],"curies":[{"name":"wp","href":"https:\/\/api.w.org\/{rel}","templated":true}]}}