{"id":2469,"date":"2023-02-20T15:48:43","date_gmt":"2023-02-20T14:48:43","guid":{"rendered":"https:\/\/9editions.com\/boutique\/?post_type=product&#038;p=2469"},"modified":"2023-05-14T16:09:08","modified_gmt":"2023-05-14T14:09:08","slug":"lamour-de-lautre-commence-par-le-respect-de-soi-ebook","status":"publish","type":"product","link":"https:\/\/9editions.com\/boutique\/produit\/lamour-de-lautre-commence-par-le-respect-de-soi-ebook\/","title":{"rendered":"L&rsquo;Amour de l&rsquo;autre commence par le Respect de soi (ebook)"},"content":{"rendered":"<p>\u201cTu aimeras les autres comme toi-m\u00eame\u201d, disait le Messie.<br \/>\nC\u2019est vrai, et pour s\u2019aimer soi-m\u00eame et par la suite appr\u00e9cier les autres, encore faut-il se respecter.<br \/>\nVoil\u00e0 pourquoi, dans cet ouvrage, vous d\u00e9couvrirez de nombreuses pistes et r\u00e9flexions pour vous trouver vous-m\u00eame, et de ce fait, vous accepter, avoir une r\u00e9elle consid\u00e9ration pour vous, voire vous respecter profond\u00e9ment.<br \/>\nEt c\u2019est ainsi que vous apprendrez \u00e0 vous aimer, puis \u00e0 appr\u00e9cier les autres.<\/p>\n<p>In\u00e9dit et r\u00e9dig\u00e9 dans un style nouveau, fluide et facile \u00e0 comprendre, ce livre contient de nombreuses images pleines de fantaisie et de po\u00e9sie, saupoudr\u00e9es d\u2019une touche d\u2019humour.<\/p>\n","protected":false},"excerpt":{"rendered":"<p>\u201cTu aimeras les autres comme toi-m\u00eame\u201d, disait le Messie.<br \/>\nC\u2019est vrai, et pour s\u2019aimer soi-m\u00eame et par la suite appr\u00e9cier les autres, encore faut-il se respecter.<br \/>\nVoil\u00e0 pourquoi, dans cet ouvrage, vous d\u00e9couvrirez de nombreuses pistes et r\u00e9flexions pour vous trouver vous-m\u00eame, et de ce fait, vous accepter, avoir une r\u00e9elle consid\u00e9ration pour vous, voire vous respecter profond\u00e9ment.<br \/>\nEt c\u2019est ainsi que vous apprendrez \u00e0 vous aimer, puis \u00e0 appr\u00e9cier les autres.<\/p>\n<p>In\u00e9dit et r\u00e9dig\u00e9 dans un style nouveau, fluide et facile \u00e0 comprendre, ce livre contient de nombreuses images pleines de fantaisie et de po\u00e9sie, saupoudr\u00e9es d\u2019une touche d\u2019humour.<\/p>\n","protected":false},"featured_media":2463,"comment_status":"open","ping_status":"closed","template":"","meta":[],"product_brand":[],"product_cat":[211,29],"product_tag":[215,28,212,213,216,214],"class_list":{"0":"post-2469","1":"product","2":"type-product","3":"status-publish","6":"product_cat-developpement-personnel","7":"product_cat-ebook","8":"product_tag-amour-de-lautre","9":"product_tag-catherine-centanse","10":"product_tag-developpement-personnel","11":"product_tag-poemes","12":"product_tag-respect-de-soi","13":"product_tag-textes","14":"product_shipping_class-livre","16":"first","17":"instock","18":"purchasable","19":"product-type-simple"},"yoast_head":"<!-- This site is optimized with the Yoast SEO plugin v27.5 - https:\/\/yoast.com\/product\/yoast-seo-wordpress\/ -->\n<title>L&#039;Amour de l&#039;autre commence par le Respect de soi (ebook) - 9 \u00e9ditions<\/title>\n<meta name=\"description\" content=\"L&#039;Amour de l&#039;autre commence par le Respect de soi - 9 \u00e9ditions - nouveau recueil de textes pour le d\u00e9veloppement personnel de Catherine Centanse\" \/>\n<meta name=\"robots\" content=\"index, follow, max-snippet:-1, max-image-preview:large, max-video-preview:-1\" \/>\n<link rel=\"canonical\" href=\"https:\/\/9editions.com\/boutique\/produit\/lamour-de-lautre-commence-par-le-respect-de-soi-ebook\/\" \/>\n<meta property=\"og:locale\" content=\"fr_FR\" \/>\n<meta property=\"og:type\" content=\"article\" \/>\n<meta property=\"og:title\" content=\"L&#039;Amour de l&#039;autre commence par le Respect de soi (ebook) - 9 \u00e9ditions\" \/>\n<meta property=\"og:description\" content=\"L&#039;Amour de l&#039;autre commence par le Respect de soi - 9 \u00e9ditions - nouveau recueil de textes pour le d\u00e9veloppement personnel de Catherine Centanse\" \/>\n<meta property=\"og:url\" content=\"https:\/\/9editions.com\/boutique\/produit\/lamour-de-lautre-commence-par-le-respect-de-soi-ebook\/\" \/>\n<meta property=\"og:site_name\" content=\"9 \u00e9ditions\" \/>\n<meta property=\"article:publisher\" content=\"https:\/\/www.facebook.com\/9editions?ref=bookmarks\" \/>\n<meta property=\"article:modified_time\" content=\"2023-05-14T14:09:08+00:00\" \/>\n<meta property=\"og:image\" content=\"https:\/\/9editions.com\/boutique\/wp-content\/uploads\/2023\/02\/9782377271597-1.jpg\" \/>\n\t<meta property=\"og:image:width\" content=\"1714\" \/>\n\t<meta property=\"og:image:height\" content=\"2363\" \/>\n\t<meta property=\"og:image:type\" content=\"image\/jpeg\" \/>\n<meta name=\"twitter:card\" content=\"summary_large_image\" \/>\n<meta name=\"twitter:site\" content=\"@9_editions\" \/>\n<meta name=\"twitter:label1\" content=\"Dur\u00e9e de lecture estim\u00e9e\" \/>\n\t<meta name=\"twitter:data1\" content=\"1 minute\" \/>\n<script type=\"application\/ld+json\" class=\"yoast-schema-graph\">{\"@context\":\"https:\\\/\\\/schema.org\",\"@graph\":[{\"@type\":\"WebPage\",\"@id\":\"https:\\\/\\\/9editions.com\\\/boutique\\\/produit\\\/lamour-de-lautre-commence-par-le-respect-de-soi-ebook\\\/\",\"url\":\"https:\\\/\\\/9editions.com\\\/boutique\\\/produit\\\/lamour-de-lautre-commence-par-le-respect-de-soi-ebook\\\/\",\"name\":\"L'Amour de l'autre commence par le Respect de soi (ebook) - 9 \u00e9ditions\",\"isPartOf\":{\"@id\":\"https:\\\/\\\/9editions.com\\\/boutique\\\/#website\"},\"primaryImageOfPage\":{\"@id\":\"https:\\\/\\\/9editions.com\\\/boutique\\\/produit\\\/lamour-de-lautre-commence-par-le-respect-de-soi-ebook\\\/#primaryimage\"},\"image\":{\"@id\":\"https:\\\/\\\/9editions.com\\\/boutique\\\/produit\\\/lamour-de-lautre-commence-par-le-respect-de-soi-ebook\\\/#primaryimage\"},\"thumbnailUrl\":\"https:\\\/\\\/9editions.com\\\/boutique\\\/wp-content\\\/uploads\\\/2023\\\/02\\\/9782377271597-1.jpg\",\"datePublished\":\"2023-02-20T14:48:43+00:00\",\"dateModified\":\"2023-05-14T14:09:08+00:00\",\"description\":\"L'Amour de l'autre commence par le Respect de soi - 9 \u00e9ditions - nouveau recueil de textes pour le d\u00e9veloppement personnel de Catherine Centanse\",\"breadcrumb\":{\"@id\":\"https:\\\/\\\/9editions.com\\\/boutique\\\/produit\\\/lamour-de-lautre-commence-par-le-respect-de-soi-ebook\\\/#breadcrumb\"},\"inLanguage\":\"fr-FR\",\"potentialAction\":[{\"@type\":\"ReadAction\",\"target\":[\"https:\\\/\\\/9editions.com\\\/boutique\\\/produit\\\/lamour-de-lautre-commence-par-le-respect-de-soi-ebook\\\/\"]}]},{\"@type\":\"ImageObject\",\"inLanguage\":\"fr-FR\",\"@id\":\"https:\\\/\\\/9editions.com\\\/boutique\\\/produit\\\/lamour-de-lautre-commence-par-le-respect-de-soi-ebook\\\/#primaryimage\",\"url\":\"https:\\\/\\\/9editions.com\\\/boutique\\\/wp-content\\\/uploads\\\/2023\\\/02\\\/9782377271597-1.jpg\",\"contentUrl\":\"https:\\\/\\\/9editions.com\\\/boutique\\\/wp-content\\\/uploads\\\/2023\\\/02\\\/9782377271597-1.jpg\",\"width\":1714,\"height\":2363,\"caption\":\"L'Amour de l'autre commence par le Respect de soi - 9 \u00e9ditions - Catherine Centanse\"},{\"@type\":\"BreadcrumbList\",\"@id\":\"https:\\\/\\\/9editions.com\\\/boutique\\\/produit\\\/lamour-de-lautre-commence-par-le-respect-de-soi-ebook\\\/#breadcrumb\",\"itemListElement\":[{\"@type\":\"ListItem\",\"position\":1,\"name\":\"Accueil\",\"item\":\"https:\\\/\\\/9editions.com\\\/boutique\\\/\"},{\"@type\":\"ListItem\",\"position\":2,\"name\":\"Boutique\",\"item\":\"https:\\\/\\\/9editions.com\\\/boutique\\\/\"},{\"@type\":\"ListItem\",\"position\":3,\"name\":\"L&rsquo;Amour de l&rsquo;autre commence par le Respect de soi (ebook)\"}]},{\"@type\":\"WebSite\",\"@id\":\"https:\\\/\\\/9editions.com\\\/boutique\\\/#website\",\"url\":\"https:\\\/\\\/9editions.com\\\/boutique\\\/\",\"name\":\"9 \u00e9ditions\",\"description\":\"La maison d&#039;\u00e9dition au c\u00f4t\u00e9 des auteurs\",\"publisher\":{\"@id\":\"https:\\\/\\\/9editions.com\\\/boutique\\\/#organization\"},\"potentialAction\":[{\"@type\":\"SearchAction\",\"target\":{\"@type\":\"EntryPoint\",\"urlTemplate\":\"https:\\\/\\\/9editions.com\\\/boutique\\\/?s={search_term_string}\"},\"query-input\":{\"@type\":\"PropertyValueSpecification\",\"valueRequired\":true,\"valueName\":\"search_term_string\"}}],\"inLanguage\":\"fr-FR\"},{\"@type\":\"Organization\",\"@id\":\"https:\\\/\\\/9editions.com\\\/boutique\\\/#organization\",\"name\":\"9 \u00e9ditions\",\"url\":\"https:\\\/\\\/9editions.com\\\/boutique\\\/\",\"logo\":{\"@type\":\"ImageObject\",\"inLanguage\":\"fr-FR\",\"@id\":\"https:\\\/\\\/9editions.com\\\/boutique\\\/#\\\/schema\\\/logo\\\/image\\\/\",\"url\":\"https:\\\/\\\/9editions.com\\\/boutique\\\/wp-content\\\/uploads\\\/2020\\\/03\\\/cropped-9-editions-logo-amazon.jpg\",\"contentUrl\":\"https:\\\/\\\/9editions.com\\\/boutique\\\/wp-content\\\/uploads\\\/2020\\\/03\\\/cropped-9-editions-logo-amazon.jpg\",\"width\":120,\"height\":30,\"caption\":\"9 \u00e9ditions\"},\"image\":{\"@id\":\"https:\\\/\\\/9editions.com\\\/boutique\\\/#\\\/schema\\\/logo\\\/image\\\/\"},\"sameAs\":[\"https:\\\/\\\/www.facebook.com\\\/9editions?ref=bookmarks\",\"https:\\\/\\\/x.com\\\/9_editions\",\"https:\\\/\\\/www.instagram.com\\\/9editions_\\\/\"]}]}<\/script>\n<!-- \/ Yoast SEO plugin. -->","yoast_head_json":{"title":"L'Amour de l'autre commence par le Respect de soi (ebook) - 9 \u00e9ditions","description":"L'Amour de l'autre commence par le Respect de soi - 9 \u00e9ditions - nouveau recueil de textes pour le d\u00e9veloppement personnel de Catherine Centanse","robots":{"index":"index","follow":"follow","max-snippet":"max-snippet:-1","max-image-preview":"max-image-preview:large","max-video-preview":"max-video-preview:-1"},"canonical":"https:\/\/9editions.com\/boutique\/produit\/lamour-de-lautre-commence-par-le-respect-de-soi-ebook\/","og_locale":"fr_FR","og_type":"article","og_title":"L'Amour de l'autre commence par le Respect de soi (ebook) - 9 \u00e9ditions","og_description":"L'Amour de l'autre commence par le Respect de soi - 9 \u00e9ditions - nouveau recueil de textes pour le d\u00e9veloppement personnel de Catherine Centanse","og_url":"https:\/\/9editions.com\/boutique\/produit\/lamour-de-lautre-commence-par-le-respect-de-soi-ebook\/","og_site_name":"9 \u00e9ditions","article_publisher":"https:\/\/www.facebook.com\/9editions?ref=bookmarks","article_modified_time":"2023-05-14T14:09:08+00:00","og_image":[{"width":1714,"height":2363,"url":"https:\/\/9editions.com\/boutique\/wp-content\/uploads\/2023\/02\/9782377271597-1.jpg","type":"image\/jpeg"}],"twitter_card":"summary_large_image","twitter_site":"@9_editions","twitter_misc":{"Dur\u00e9e de lecture estim\u00e9e":"1 minute"},"schema":{"@context":"https:\/\/schema.org","@graph":[{"@type":"WebPage","@id":"https:\/\/9editions.com\/boutique\/produit\/lamour-de-lautre-commence-par-le-respect-de-soi-ebook\/","url":"https:\/\/9editions.com\/boutique\/produit\/lamour-de-lautre-commence-par-le-respect-de-soi-ebook\/","name":"L'Amour de l'autre commence par le Respect de soi (ebook) - 9 \u00e9ditions","isPartOf":{"@id":"https:\/\/9editions.com\/boutique\/#website"},"primaryImageOfPage":{"@id":"https:\/\/9editions.com\/boutique\/produit\/lamour-de-lautre-commence-par-le-respect-de-soi-ebook\/#primaryimage"},"image":{"@id":"https:\/\/9editions.com\/boutique\/produit\/lamour-de-lautre-commence-par-le-respect-de-soi-ebook\/#primaryimage"},"thumbnailUrl":"https:\/\/9editions.com\/boutique\/wp-content\/uploads\/2023\/02\/9782377271597-1.jpg","datePublished":"2023-02-20T14:48:43+00:00","dateModified":"2023-05-14T14:09:08+00:00","description":"L'Amour de l'autre commence par le Respect de soi - 9 \u00e9ditions - nouveau recueil de textes pour le d\u00e9veloppement personnel de Catherine Centanse","breadcrumb":{"@id":"https:\/\/9editions.com\/boutique\/produit\/lamour-de-lautre-commence-par-le-respect-de-soi-ebook\/#breadcrumb"},"inLanguage":"fr-FR","potentialAction":[{"@type":"ReadAction","target":["https:\/\/9editions.com\/boutique\/produit\/lamour-de-lautre-commence-par-le-respect-de-soi-ebook\/"]}]},{"@type":"ImageObject","inLanguage":"fr-FR","@id":"https:\/\/9editions.com\/boutique\/produit\/lamour-de-lautre-commence-par-le-respect-de-soi-ebook\/#primaryimage","url":"https:\/\/9editions.com\/boutique\/wp-content\/uploads\/2023\/02\/9782377271597-1.jpg","contentUrl":"https:\/\/9editions.com\/boutique\/wp-content\/uploads\/2023\/02\/9782377271597-1.jpg","width":1714,"height":2363,"caption":"L'Amour de l'autre commence par le Respect de soi - 9 \u00e9ditions - Catherine Centanse"},{"@type":"BreadcrumbList","@id":"https:\/\/9editions.com\/boutique\/produit\/lamour-de-lautre-commence-par-le-respect-de-soi-ebook\/#breadcrumb","itemListElement":[{"@type":"ListItem","position":1,"name":"Accueil","item":"https:\/\/9editions.com\/boutique\/"},{"@type":"ListItem","position":2,"name":"Boutique","item":"https:\/\/9editions.com\/boutique\/"},{"@type":"ListItem","position":3,"name":"L&rsquo;Amour de l&rsquo;autre commence par le Respect de soi (ebook)"}]},{"@type":"WebSite","@id":"https:\/\/9editions.com\/boutique\/#website","url":"https:\/\/9editions.com\/boutique\/","name":"9 \u00e9ditions","description":"La maison d&#039;\u00e9dition au c\u00f4t\u00e9 des auteurs","publisher":{"@id":"https:\/\/9editions.com\/boutique\/#organization"},"potentialAction":[{"@type":"SearchAction","target":{"@type":"EntryPoint","urlTemplate":"https:\/\/9editions.com\/boutique\/?s={search_term_string}"},"query-input":{"@type":"PropertyValueSpecification","valueRequired":true,"valueName":"search_term_string"}}],"inLanguage":"fr-FR"},{"@type":"Organization","@id":"https:\/\/9editions.com\/boutique\/#organization","name":"9 \u00e9ditions","url":"https:\/\/9editions.com\/boutique\/","logo":{"@type":"ImageObject","inLanguage":"fr-FR","@id":"https:\/\/9editions.com\/boutique\/#\/schema\/logo\/image\/","url":"https:\/\/9editions.com\/boutique\/wp-content\/uploads\/2020\/03\/cropped-9-editions-logo-amazon.jpg","contentUrl":"https:\/\/9editions.com\/boutique\/wp-content\/uploads\/2020\/03\/cropped-9-editions-logo-amazon.jpg","width":120,"height":30,"caption":"9 \u00e9ditions"},"image":{"@id":"https:\/\/9editions.com\/boutique\/#\/schema\/logo\/image\/"},"sameAs":["https:\/\/www.facebook.com\/9editions?ref=bookmarks","https:\/\/x.com\/9_editions","https:\/\/www.instagram.com\/9editions_\/"]}]}},"jetpack_sharing_enabled":true,"_links":{"self":[{"href":"https:\/\/9editions.com\/boutique\/wp-json\/wp\/v2\/product\/2469","targetHints":{"allow":["GET"]}}],"collection":[{"href":"https:\/\/9editions.com\/boutique\/wp-json\/wp\/v2\/product"}],"about":[{"href":"https:\/\/9editions.com\/boutique\/wp-json\/wp\/v2\/types\/product"}],"replies":[{"embeddable":true,"href":"https:\/\/9editions.com\/boutique\/wp-json\/wp\/v2\/comments?post=2469"}],"wp:featuredmedia":[{"embeddable":true,"href":"https:\/\/9editions.com\/boutique\/wp-json\/wp\/v2\/media\/2463"}],"wp:attachment":[{"href":"https:\/\/9editions.com\/boutique\/wp-json\/wp\/v2\/media?parent=2469"}],"wp:term":[{"taxonomy":"product_brand","embeddable":true,"href":"https:\/\/9editions.com\/boutique\/wp-json\/wp\/v2\/product_brand?post=2469"},{"taxonomy":"product_cat","embeddable":true,"href":"https:\/\/9editions.com\/boutique\/wp-json\/wp\/v2\/product_cat?post=2469"},{"taxonomy":"product_tag","embeddable":true,"href":"https:\/\/9editions.com\/boutique\/wp-json\/wp\/v2\/product_tag?post=2469"}],"curies":[{"name":"wp","href":"https:\/\/api.w.org\/{rel}","templated":true}]}}