{"id":2465,"date":"2023-02-20T13:51:52","date_gmt":"2023-02-20T12:51:52","guid":{"rendered":"https:\/\/9editions.com\/boutique\/?post_type=product&#038;p=2465"},"modified":"2023-05-14T16:09:57","modified_gmt":"2023-05-14T14:09:57","slug":"ou-tu-iras-jirai-ou-pas","status":"publish","type":"product","link":"https:\/\/9editions.com\/boutique\/produit\/ou-tu-iras-jirai-ou-pas\/","title":{"rendered":"O\u00f9 tu iras j&rsquo;irai&#8230; Ou pas"},"content":{"rendered":"<p>Il faut vivre le bonheur avec ce que nous offre chaque jour la vie.<br \/>\nLes impr\u00e9vus, les d\u00e9sagr\u00e9ments, voire les malheurs je les vis aussi, mais pour qu&rsquo;ils ne m&rsquo;atteignent pas, je pense \u00e0 demain quand ils seront pass\u00e9s, quand ce ne seront plus que des souvenirs, alors je me dis, rien n&rsquo;est hasard, ton destin l&rsquo;avait pr\u00e9vu et tu as su le d\u00e9passer&#8230;<br \/>\nMaintenant je conjugue ma vie au pr\u00e9sent, c&rsquo;est \u00e7a le bonheur&#8230;<\/p>\n","protected":false},"excerpt":{"rendered":"<p>Il faut vivre le bonheur avec ce que nous offre chaque jour la vie.<br \/>\nLes impr\u00e9vus, les d\u00e9sagr\u00e9ments, voire les malheurs je les vis aussi, mais pour qu&rsquo;ils ne m&rsquo;atteignent pas, je pense \u00e0 demain quand ils seront pass\u00e9s, quand ce ne seront plus que des souvenirs, alors je me dis, rien n&rsquo;est hasard, ton destin l&rsquo;avait pr\u00e9vu et tu as su le d\u00e9passer&#8230;<br \/>\nMaintenant je conjugue ma vie au pr\u00e9sent, c&rsquo;est \u00e7a le bonheur&#8230;<\/p>\n","protected":false},"featured_media":2466,"comment_status":"open","ping_status":"closed","template":"","meta":[],"product_brand":[],"product_cat":[32,18,80],"product_tag":[127,217,218,70,71],"class_list":{"0":"post-2465","1":"product","2":"type-product","3":"status-publish","6":"product_cat-livre-broche","7":"product_cat-roman","8":"product_cat-societe","9":"product_tag-drame","10":"product_tag-emotion","11":"product_tag-faits-reels","12":"product_tag-marylene-blas","13":"product_tag-roman","14":"product_shipping_class-livre","16":"first","17":"instock","18":"purchasable","19":"product-type-simple"},"yoast_head":"<!-- This site is optimized with the Yoast SEO plugin v27.5 - https:\/\/yoast.com\/product\/yoast-seo-wordpress\/ -->\n<title>O\u00f9 tu iras j&#039;irai... Ou pas - 9 \u00e9ditions<\/title>\n<meta name=\"description\" content=\"D\u00e9couvrez le nouveau roman de Maryl\u00e8ne Blas, comme \u00e0 son habitude notre auteure se sert de son v\u00e9cu pour \u00e9crire des ouvrages bouleversants. A d\u00e9couvrir !\" \/>\n<meta name=\"robots\" content=\"index, follow, max-snippet:-1, max-image-preview:large, max-video-preview:-1\" \/>\n<link rel=\"canonical\" href=\"https:\/\/9editions.com\/boutique\/produit\/ou-tu-iras-jirai-ou-pas\/\" \/>\n<meta property=\"og:locale\" content=\"fr_FR\" \/>\n<meta property=\"og:type\" content=\"article\" \/>\n<meta property=\"og:title\" content=\"O\u00f9 tu iras j&#039;irai... Ou pas - 9 \u00e9ditions\" \/>\n<meta property=\"og:description\" content=\"D\u00e9couvrez le nouveau roman de Maryl\u00e8ne Blas, comme \u00e0 son habitude notre auteure se sert de son v\u00e9cu pour \u00e9crire des ouvrages bouleversants. A d\u00e9couvrir !\" \/>\n<meta property=\"og:url\" content=\"https:\/\/9editions.com\/boutique\/produit\/ou-tu-iras-jirai-ou-pas\/\" \/>\n<meta property=\"og:site_name\" content=\"9 \u00e9ditions\" \/>\n<meta property=\"article:publisher\" content=\"https:\/\/www.facebook.com\/9editions?ref=bookmarks\" \/>\n<meta property=\"article:modified_time\" content=\"2023-05-14T14:09:57+00:00\" \/>\n<meta property=\"og:image\" content=\"https:\/\/9editions.com\/boutique\/wp-content\/uploads\/2023\/02\/9782377271566-1.jpg\" \/>\n\t<meta property=\"og:image:width\" content=\"1713\" \/>\n\t<meta property=\"og:image:height\" content=\"2362\" \/>\n\t<meta property=\"og:image:type\" content=\"image\/jpeg\" \/>\n<meta name=\"twitter:card\" content=\"summary_large_image\" \/>\n<meta name=\"twitter:site\" content=\"@9_editions\" \/>\n<script type=\"application\/ld+json\" class=\"yoast-schema-graph\">{\"@context\":\"https:\\\/\\\/schema.org\",\"@graph\":[{\"@type\":\"WebPage\",\"@id\":\"https:\\\/\\\/9editions.com\\\/boutique\\\/produit\\\/ou-tu-iras-jirai-ou-pas\\\/\",\"url\":\"https:\\\/\\\/9editions.com\\\/boutique\\\/produit\\\/ou-tu-iras-jirai-ou-pas\\\/\",\"name\":\"O\u00f9 tu iras j'irai... Ou pas - 9 \u00e9ditions\",\"isPartOf\":{\"@id\":\"https:\\\/\\\/9editions.com\\\/boutique\\\/#website\"},\"primaryImageOfPage\":{\"@id\":\"https:\\\/\\\/9editions.com\\\/boutique\\\/produit\\\/ou-tu-iras-jirai-ou-pas\\\/#primaryimage\"},\"image\":{\"@id\":\"https:\\\/\\\/9editions.com\\\/boutique\\\/produit\\\/ou-tu-iras-jirai-ou-pas\\\/#primaryimage\"},\"thumbnailUrl\":\"https:\\\/\\\/9editions.com\\\/boutique\\\/wp-content\\\/uploads\\\/2023\\\/02\\\/9782377271566-1.jpg\",\"datePublished\":\"2023-02-20T12:51:52+00:00\",\"dateModified\":\"2023-05-14T14:09:57+00:00\",\"description\":\"D\u00e9couvrez le nouveau roman de Maryl\u00e8ne Blas, comme \u00e0 son habitude notre auteure se sert de son v\u00e9cu pour \u00e9crire des ouvrages bouleversants. A d\u00e9couvrir !\",\"breadcrumb\":{\"@id\":\"https:\\\/\\\/9editions.com\\\/boutique\\\/produit\\\/ou-tu-iras-jirai-ou-pas\\\/#breadcrumb\"},\"inLanguage\":\"fr-FR\",\"potentialAction\":[{\"@type\":\"ReadAction\",\"target\":[\"https:\\\/\\\/9editions.com\\\/boutique\\\/produit\\\/ou-tu-iras-jirai-ou-pas\\\/\"]}]},{\"@type\":\"ImageObject\",\"inLanguage\":\"fr-FR\",\"@id\":\"https:\\\/\\\/9editions.com\\\/boutique\\\/produit\\\/ou-tu-iras-jirai-ou-pas\\\/#primaryimage\",\"url\":\"https:\\\/\\\/9editions.com\\\/boutique\\\/wp-content\\\/uploads\\\/2023\\\/02\\\/9782377271566-1.jpg\",\"contentUrl\":\"https:\\\/\\\/9editions.com\\\/boutique\\\/wp-content\\\/uploads\\\/2023\\\/02\\\/9782377271566-1.jpg\",\"width\":1713,\"height\":2362,\"caption\":\"O\u00f9 tu iras j'irai... Ou pas ! de Maryl\u00e8ne Blas publi\u00e9 chez 9 \u00e9ditions\"},{\"@type\":\"BreadcrumbList\",\"@id\":\"https:\\\/\\\/9editions.com\\\/boutique\\\/produit\\\/ou-tu-iras-jirai-ou-pas\\\/#breadcrumb\",\"itemListElement\":[{\"@type\":\"ListItem\",\"position\":1,\"name\":\"Accueil\",\"item\":\"https:\\\/\\\/9editions.com\\\/boutique\\\/\"},{\"@type\":\"ListItem\",\"position\":2,\"name\":\"Boutique\",\"item\":\"https:\\\/\\\/9editions.com\\\/boutique\\\/\"},{\"@type\":\"ListItem\",\"position\":3,\"name\":\"O\u00f9 tu iras j&rsquo;irai&#8230; Ou pas\"}]},{\"@type\":\"WebSite\",\"@id\":\"https:\\\/\\\/9editions.com\\\/boutique\\\/#website\",\"url\":\"https:\\\/\\\/9editions.com\\\/boutique\\\/\",\"name\":\"9 \u00e9ditions\",\"description\":\"La maison d&#039;\u00e9dition au c\u00f4t\u00e9 des auteurs\",\"publisher\":{\"@id\":\"https:\\\/\\\/9editions.com\\\/boutique\\\/#organization\"},\"potentialAction\":[{\"@type\":\"SearchAction\",\"target\":{\"@type\":\"EntryPoint\",\"urlTemplate\":\"https:\\\/\\\/9editions.com\\\/boutique\\\/?s={search_term_string}\"},\"query-input\":{\"@type\":\"PropertyValueSpecification\",\"valueRequired\":true,\"valueName\":\"search_term_string\"}}],\"inLanguage\":\"fr-FR\"},{\"@type\":\"Organization\",\"@id\":\"https:\\\/\\\/9editions.com\\\/boutique\\\/#organization\",\"name\":\"9 \u00e9ditions\",\"url\":\"https:\\\/\\\/9editions.com\\\/boutique\\\/\",\"logo\":{\"@type\":\"ImageObject\",\"inLanguage\":\"fr-FR\",\"@id\":\"https:\\\/\\\/9editions.com\\\/boutique\\\/#\\\/schema\\\/logo\\\/image\\\/\",\"url\":\"https:\\\/\\\/9editions.com\\\/boutique\\\/wp-content\\\/uploads\\\/2020\\\/03\\\/cropped-9-editions-logo-amazon.jpg\",\"contentUrl\":\"https:\\\/\\\/9editions.com\\\/boutique\\\/wp-content\\\/uploads\\\/2020\\\/03\\\/cropped-9-editions-logo-amazon.jpg\",\"width\":120,\"height\":30,\"caption\":\"9 \u00e9ditions\"},\"image\":{\"@id\":\"https:\\\/\\\/9editions.com\\\/boutique\\\/#\\\/schema\\\/logo\\\/image\\\/\"},\"sameAs\":[\"https:\\\/\\\/www.facebook.com\\\/9editions?ref=bookmarks\",\"https:\\\/\\\/x.com\\\/9_editions\",\"https:\\\/\\\/www.instagram.com\\\/9editions_\\\/\"]}]}<\/script>\n<!-- \/ Yoast SEO plugin. -->","yoast_head_json":{"title":"O\u00f9 tu iras j'irai... Ou pas - 9 \u00e9ditions","description":"D\u00e9couvrez le nouveau roman de Maryl\u00e8ne Blas, comme \u00e0 son habitude notre auteure se sert de son v\u00e9cu pour \u00e9crire des ouvrages bouleversants. A d\u00e9couvrir !","robots":{"index":"index","follow":"follow","max-snippet":"max-snippet:-1","max-image-preview":"max-image-preview:large","max-video-preview":"max-video-preview:-1"},"canonical":"https:\/\/9editions.com\/boutique\/produit\/ou-tu-iras-jirai-ou-pas\/","og_locale":"fr_FR","og_type":"article","og_title":"O\u00f9 tu iras j'irai... Ou pas - 9 \u00e9ditions","og_description":"D\u00e9couvrez le nouveau roman de Maryl\u00e8ne Blas, comme \u00e0 son habitude notre auteure se sert de son v\u00e9cu pour \u00e9crire des ouvrages bouleversants. A d\u00e9couvrir !","og_url":"https:\/\/9editions.com\/boutique\/produit\/ou-tu-iras-jirai-ou-pas\/","og_site_name":"9 \u00e9ditions","article_publisher":"https:\/\/www.facebook.com\/9editions?ref=bookmarks","article_modified_time":"2023-05-14T14:09:57+00:00","og_image":[{"width":1713,"height":2362,"url":"https:\/\/9editions.com\/boutique\/wp-content\/uploads\/2023\/02\/9782377271566-1.jpg","type":"image\/jpeg"}],"twitter_card":"summary_large_image","twitter_site":"@9_editions","schema":{"@context":"https:\/\/schema.org","@graph":[{"@type":"WebPage","@id":"https:\/\/9editions.com\/boutique\/produit\/ou-tu-iras-jirai-ou-pas\/","url":"https:\/\/9editions.com\/boutique\/produit\/ou-tu-iras-jirai-ou-pas\/","name":"O\u00f9 tu iras j'irai... Ou pas - 9 \u00e9ditions","isPartOf":{"@id":"https:\/\/9editions.com\/boutique\/#website"},"primaryImageOfPage":{"@id":"https:\/\/9editions.com\/boutique\/produit\/ou-tu-iras-jirai-ou-pas\/#primaryimage"},"image":{"@id":"https:\/\/9editions.com\/boutique\/produit\/ou-tu-iras-jirai-ou-pas\/#primaryimage"},"thumbnailUrl":"https:\/\/9editions.com\/boutique\/wp-content\/uploads\/2023\/02\/9782377271566-1.jpg","datePublished":"2023-02-20T12:51:52+00:00","dateModified":"2023-05-14T14:09:57+00:00","description":"D\u00e9couvrez le nouveau roman de Maryl\u00e8ne Blas, comme \u00e0 son habitude notre auteure se sert de son v\u00e9cu pour \u00e9crire des ouvrages bouleversants. A d\u00e9couvrir !","breadcrumb":{"@id":"https:\/\/9editions.com\/boutique\/produit\/ou-tu-iras-jirai-ou-pas\/#breadcrumb"},"inLanguage":"fr-FR","potentialAction":[{"@type":"ReadAction","target":["https:\/\/9editions.com\/boutique\/produit\/ou-tu-iras-jirai-ou-pas\/"]}]},{"@type":"ImageObject","inLanguage":"fr-FR","@id":"https:\/\/9editions.com\/boutique\/produit\/ou-tu-iras-jirai-ou-pas\/#primaryimage","url":"https:\/\/9editions.com\/boutique\/wp-content\/uploads\/2023\/02\/9782377271566-1.jpg","contentUrl":"https:\/\/9editions.com\/boutique\/wp-content\/uploads\/2023\/02\/9782377271566-1.jpg","width":1713,"height":2362,"caption":"O\u00f9 tu iras j'irai... Ou pas ! de Maryl\u00e8ne Blas publi\u00e9 chez 9 \u00e9ditions"},{"@type":"BreadcrumbList","@id":"https:\/\/9editions.com\/boutique\/produit\/ou-tu-iras-jirai-ou-pas\/#breadcrumb","itemListElement":[{"@type":"ListItem","position":1,"name":"Accueil","item":"https:\/\/9editions.com\/boutique\/"},{"@type":"ListItem","position":2,"name":"Boutique","item":"https:\/\/9editions.com\/boutique\/"},{"@type":"ListItem","position":3,"name":"O\u00f9 tu iras j&rsquo;irai&#8230; Ou pas"}]},{"@type":"WebSite","@id":"https:\/\/9editions.com\/boutique\/#website","url":"https:\/\/9editions.com\/boutique\/","name":"9 \u00e9ditions","description":"La maison d&#039;\u00e9dition au c\u00f4t\u00e9 des auteurs","publisher":{"@id":"https:\/\/9editions.com\/boutique\/#organization"},"potentialAction":[{"@type":"SearchAction","target":{"@type":"EntryPoint","urlTemplate":"https:\/\/9editions.com\/boutique\/?s={search_term_string}"},"query-input":{"@type":"PropertyValueSpecification","valueRequired":true,"valueName":"search_term_string"}}],"inLanguage":"fr-FR"},{"@type":"Organization","@id":"https:\/\/9editions.com\/boutique\/#organization","name":"9 \u00e9ditions","url":"https:\/\/9editions.com\/boutique\/","logo":{"@type":"ImageObject","inLanguage":"fr-FR","@id":"https:\/\/9editions.com\/boutique\/#\/schema\/logo\/image\/","url":"https:\/\/9editions.com\/boutique\/wp-content\/uploads\/2020\/03\/cropped-9-editions-logo-amazon.jpg","contentUrl":"https:\/\/9editions.com\/boutique\/wp-content\/uploads\/2020\/03\/cropped-9-editions-logo-amazon.jpg","width":120,"height":30,"caption":"9 \u00e9ditions"},"image":{"@id":"https:\/\/9editions.com\/boutique\/#\/schema\/logo\/image\/"},"sameAs":["https:\/\/www.facebook.com\/9editions?ref=bookmarks","https:\/\/x.com\/9_editions","https:\/\/www.instagram.com\/9editions_\/"]}]}},"jetpack_sharing_enabled":true,"_links":{"self":[{"href":"https:\/\/9editions.com\/boutique\/wp-json\/wp\/v2\/product\/2465","targetHints":{"allow":["GET"]}}],"collection":[{"href":"https:\/\/9editions.com\/boutique\/wp-json\/wp\/v2\/product"}],"about":[{"href":"https:\/\/9editions.com\/boutique\/wp-json\/wp\/v2\/types\/product"}],"replies":[{"embeddable":true,"href":"https:\/\/9editions.com\/boutique\/wp-json\/wp\/v2\/comments?post=2465"}],"wp:featuredmedia":[{"embeddable":true,"href":"https:\/\/9editions.com\/boutique\/wp-json\/wp\/v2\/media\/2466"}],"wp:attachment":[{"href":"https:\/\/9editions.com\/boutique\/wp-json\/wp\/v2\/media?parent=2465"}],"wp:term":[{"taxonomy":"product_brand","embeddable":true,"href":"https:\/\/9editions.com\/boutique\/wp-json\/wp\/v2\/product_brand?post=2465"},{"taxonomy":"product_cat","embeddable":true,"href":"https:\/\/9editions.com\/boutique\/wp-json\/wp\/v2\/product_cat?post=2465"},{"taxonomy":"product_tag","embeddable":true,"href":"https:\/\/9editions.com\/boutique\/wp-json\/wp\/v2\/product_tag?post=2465"}],"curies":[{"name":"wp","href":"https:\/\/api.w.org\/{rel}","templated":true}]}}