{"id":2442,"date":"2023-01-03T08:55:19","date_gmt":"2023-01-03T07:55:19","guid":{"rendered":"https:\/\/9editions.com\/boutique\/?post_type=product&#038;p=2442"},"modified":"2023-01-17T17:27:00","modified_gmt":"2023-01-17T16:27:00","slug":"mes-anges-34","status":"publish","type":"product","link":"https:\/\/9editions.com\/boutique\/produit\/mes-anges-34\/","title":{"rendered":"Mes Anges 34"},"content":{"rendered":"<p>L\u2019esprit est le moteur de ta pens\u00e9e, ta pens\u00e9e dicte ton esprit, ainsi elle dirige ton monde.<\/p>\n<p>Retourne en arri\u00e8re afin de vivre ton pr\u00e9sent en toute s\u00e9curit\u00e9.<\/p>\n<p>Cultive la paix en toute circonstance, mais n\u2019oublie pas demain de faire pousser les feuilles de ton arbre.<\/p>\n","protected":false},"excerpt":{"rendered":"<p>L\u2019esprit est le moteur de ta pens\u00e9e, ta pens\u00e9e dicte ton esprit, ainsi elle dirige ton monde.<br \/>\nRetourne en arri\u00e8re afin de vivre ton pr\u00e9sent en toute s\u00e9curit\u00e9.<br \/>\nCultive la paix en toute circonstance, mais n\u2019oublie pas demain de faire pousser les feuilles de ton arbre.<\/p>\n","protected":false},"featured_media":2444,"comment_status":"open","ping_status":"closed","template":"","meta":[],"product_brand":[],"product_cat":[32,199,80],"product_tag":[203,194,201,200,202],"class_list":{"0":"post-2442","1":"product","2":"type-product","3":"status-publish","6":"product_cat-livre-broche","7":"product_cat-philosophie","8":"product_cat-societe","9":"product_tag-bien-etre","10":"product_tag-essai","11":"product_tag-marcelle-nguema","12":"product_tag-mes-anges-34","13":"product_tag-philosophie","14":"product_shipping_class-livre","16":"first","17":"instock","18":"purchasable","19":"product-type-simple"},"yoast_head":"<!-- This site is optimized with the Yoast SEO plugin v27.3 - https:\/\/yoast.com\/product\/yoast-seo-wordpress\/ -->\n<title>Mes Anges 34 - 9 \u00e9ditions<\/title>\n<meta name=\"description\" content=\"9 \u00e9ditions est heureux de vous pr\u00e9senter le nouvel essai philosophique de Marcelle Nguema intitul\u00e9 &quot;Mes Anges 34&quot;. Un ouvrage de citations sur le bien \u00eatre\" \/>\n<meta name=\"robots\" content=\"index, follow, max-snippet:-1, max-image-preview:large, max-video-preview:-1\" \/>\n<link rel=\"canonical\" href=\"https:\/\/9editions.com\/boutique\/produit\/mes-anges-34\/\" \/>\n<meta property=\"og:locale\" content=\"fr_FR\" \/>\n<meta property=\"og:type\" content=\"article\" \/>\n<meta property=\"og:title\" content=\"Mes Anges 34 - 9 \u00e9ditions\" \/>\n<meta property=\"og:description\" content=\"9 \u00e9ditions est heureux de vous pr\u00e9senter le nouvel essai philosophique de Marcelle Nguema intitul\u00e9 &quot;Mes Anges 34&quot;. Un ouvrage de citations sur le bien \u00eatre\" \/>\n<meta property=\"og:url\" content=\"https:\/\/9editions.com\/boutique\/produit\/mes-anges-34\/\" \/>\n<meta property=\"og:site_name\" content=\"9 \u00e9ditions\" \/>\n<meta property=\"article:publisher\" content=\"https:\/\/www.facebook.com\/9editions?ref=bookmarks\" \/>\n<meta property=\"article:modified_time\" content=\"2023-01-17T16:27:00+00:00\" \/>\n<meta property=\"og:image\" content=\"https:\/\/9editions.com\/boutique\/wp-content\/uploads\/2023\/01\/9editions-LIVRE-NGUEMA-MARCELLE-MES-ANGES-34-FRONT.jpg\" \/>\n\t<meta property=\"og:image:width\" content=\"1713\" \/>\n\t<meta property=\"og:image:height\" content=\"2363\" \/>\n\t<meta property=\"og:image:type\" content=\"image\/jpeg\" \/>\n<meta name=\"twitter:card\" content=\"summary_large_image\" \/>\n<meta name=\"twitter:site\" content=\"@9_editions\" \/>\n<meta name=\"twitter:label1\" content=\"Dur\u00e9e de lecture estim\u00e9e\" \/>\n\t<meta name=\"twitter:data1\" content=\"1 minute\" \/>\n<script type=\"application\/ld+json\" class=\"yoast-schema-graph\">{\"@context\":\"https:\\\/\\\/schema.org\",\"@graph\":[{\"@type\":\"WebPage\",\"@id\":\"https:\\\/\\\/9editions.com\\\/boutique\\\/produit\\\/mes-anges-34\\\/\",\"url\":\"https:\\\/\\\/9editions.com\\\/boutique\\\/produit\\\/mes-anges-34\\\/\",\"name\":\"Mes Anges 34 - 9 \u00e9ditions\",\"isPartOf\":{\"@id\":\"https:\\\/\\\/9editions.com\\\/boutique\\\/#website\"},\"primaryImageOfPage\":{\"@id\":\"https:\\\/\\\/9editions.com\\\/boutique\\\/produit\\\/mes-anges-34\\\/#primaryimage\"},\"image\":{\"@id\":\"https:\\\/\\\/9editions.com\\\/boutique\\\/produit\\\/mes-anges-34\\\/#primaryimage\"},\"thumbnailUrl\":\"https:\\\/\\\/9editions.com\\\/boutique\\\/wp-content\\\/uploads\\\/2023\\\/01\\\/9editions-LIVRE-NGUEMA-MARCELLE-MES-ANGES-34-FRONT.jpg\",\"datePublished\":\"2023-01-03T07:55:19+00:00\",\"dateModified\":\"2023-01-17T16:27:00+00:00\",\"description\":\"9 \u00e9ditions est heureux de vous pr\u00e9senter le nouvel essai philosophique de Marcelle Nguema intitul\u00e9 \\\"Mes Anges 34\\\". Un ouvrage de citations sur le bien \u00eatre\",\"breadcrumb\":{\"@id\":\"https:\\\/\\\/9editions.com\\\/boutique\\\/produit\\\/mes-anges-34\\\/#breadcrumb\"},\"inLanguage\":\"fr-FR\",\"potentialAction\":[{\"@type\":\"ReadAction\",\"target\":[\"https:\\\/\\\/9editions.com\\\/boutique\\\/produit\\\/mes-anges-34\\\/\"]}]},{\"@type\":\"ImageObject\",\"inLanguage\":\"fr-FR\",\"@id\":\"https:\\\/\\\/9editions.com\\\/boutique\\\/produit\\\/mes-anges-34\\\/#primaryimage\",\"url\":\"https:\\\/\\\/9editions.com\\\/boutique\\\/wp-content\\\/uploads\\\/2023\\\/01\\\/9editions-LIVRE-NGUEMA-MARCELLE-MES-ANGES-34-FRONT.jpg\",\"contentUrl\":\"https:\\\/\\\/9editions.com\\\/boutique\\\/wp-content\\\/uploads\\\/2023\\\/01\\\/9editions-LIVRE-NGUEMA-MARCELLE-MES-ANGES-34-FRONT.jpg\",\"width\":1713,\"height\":2363,\"caption\":\"D\u00e9couvrez l'essai philosophique de Marcelle Nguema Mes Anges 34\"},{\"@type\":\"BreadcrumbList\",\"@id\":\"https:\\\/\\\/9editions.com\\\/boutique\\\/produit\\\/mes-anges-34\\\/#breadcrumb\",\"itemListElement\":[{\"@type\":\"ListItem\",\"position\":1,\"name\":\"Accueil\",\"item\":\"https:\\\/\\\/9editions.com\\\/boutique\\\/\"},{\"@type\":\"ListItem\",\"position\":2,\"name\":\"Boutique\",\"item\":\"https:\\\/\\\/9editions.com\\\/boutique\\\/\"},{\"@type\":\"ListItem\",\"position\":3,\"name\":\"Mes Anges 34\"}]},{\"@type\":\"WebSite\",\"@id\":\"https:\\\/\\\/9editions.com\\\/boutique\\\/#website\",\"url\":\"https:\\\/\\\/9editions.com\\\/boutique\\\/\",\"name\":\"9 \u00e9ditions\",\"description\":\"La maison d&#039;\u00e9dition au c\u00f4t\u00e9 des auteurs\",\"publisher\":{\"@id\":\"https:\\\/\\\/9editions.com\\\/boutique\\\/#organization\"},\"potentialAction\":[{\"@type\":\"SearchAction\",\"target\":{\"@type\":\"EntryPoint\",\"urlTemplate\":\"https:\\\/\\\/9editions.com\\\/boutique\\\/?s={search_term_string}\"},\"query-input\":{\"@type\":\"PropertyValueSpecification\",\"valueRequired\":true,\"valueName\":\"search_term_string\"}}],\"inLanguage\":\"fr-FR\"},{\"@type\":\"Organization\",\"@id\":\"https:\\\/\\\/9editions.com\\\/boutique\\\/#organization\",\"name\":\"9 \u00e9ditions\",\"url\":\"https:\\\/\\\/9editions.com\\\/boutique\\\/\",\"logo\":{\"@type\":\"ImageObject\",\"inLanguage\":\"fr-FR\",\"@id\":\"https:\\\/\\\/9editions.com\\\/boutique\\\/#\\\/schema\\\/logo\\\/image\\\/\",\"url\":\"https:\\\/\\\/9editions.com\\\/boutique\\\/wp-content\\\/uploads\\\/2020\\\/03\\\/cropped-9-editions-logo-amazon.jpg\",\"contentUrl\":\"https:\\\/\\\/9editions.com\\\/boutique\\\/wp-content\\\/uploads\\\/2020\\\/03\\\/cropped-9-editions-logo-amazon.jpg\",\"width\":120,\"height\":30,\"caption\":\"9 \u00e9ditions\"},\"image\":{\"@id\":\"https:\\\/\\\/9editions.com\\\/boutique\\\/#\\\/schema\\\/logo\\\/image\\\/\"},\"sameAs\":[\"https:\\\/\\\/www.facebook.com\\\/9editions?ref=bookmarks\",\"https:\\\/\\\/x.com\\\/9_editions\",\"https:\\\/\\\/www.instagram.com\\\/9editions_\\\/\"]}]}<\/script>\n<!-- \/ Yoast SEO plugin. -->","yoast_head_json":{"title":"Mes Anges 34 - 9 \u00e9ditions","description":"9 \u00e9ditions est heureux de vous pr\u00e9senter le nouvel essai philosophique de Marcelle Nguema intitul\u00e9 \"Mes Anges 34\". Un ouvrage de citations sur le bien \u00eatre","robots":{"index":"index","follow":"follow","max-snippet":"max-snippet:-1","max-image-preview":"max-image-preview:large","max-video-preview":"max-video-preview:-1"},"canonical":"https:\/\/9editions.com\/boutique\/produit\/mes-anges-34\/","og_locale":"fr_FR","og_type":"article","og_title":"Mes Anges 34 - 9 \u00e9ditions","og_description":"9 \u00e9ditions est heureux de vous pr\u00e9senter le nouvel essai philosophique de Marcelle Nguema intitul\u00e9 \"Mes Anges 34\". Un ouvrage de citations sur le bien \u00eatre","og_url":"https:\/\/9editions.com\/boutique\/produit\/mes-anges-34\/","og_site_name":"9 \u00e9ditions","article_publisher":"https:\/\/www.facebook.com\/9editions?ref=bookmarks","article_modified_time":"2023-01-17T16:27:00+00:00","og_image":[{"width":1713,"height":2363,"url":"https:\/\/9editions.com\/boutique\/wp-content\/uploads\/2023\/01\/9editions-LIVRE-NGUEMA-MARCELLE-MES-ANGES-34-FRONT.jpg","type":"image\/jpeg"}],"twitter_card":"summary_large_image","twitter_site":"@9_editions","twitter_misc":{"Dur\u00e9e de lecture estim\u00e9e":"1 minute"},"schema":{"@context":"https:\/\/schema.org","@graph":[{"@type":"WebPage","@id":"https:\/\/9editions.com\/boutique\/produit\/mes-anges-34\/","url":"https:\/\/9editions.com\/boutique\/produit\/mes-anges-34\/","name":"Mes Anges 34 - 9 \u00e9ditions","isPartOf":{"@id":"https:\/\/9editions.com\/boutique\/#website"},"primaryImageOfPage":{"@id":"https:\/\/9editions.com\/boutique\/produit\/mes-anges-34\/#primaryimage"},"image":{"@id":"https:\/\/9editions.com\/boutique\/produit\/mes-anges-34\/#primaryimage"},"thumbnailUrl":"https:\/\/9editions.com\/boutique\/wp-content\/uploads\/2023\/01\/9editions-LIVRE-NGUEMA-MARCELLE-MES-ANGES-34-FRONT.jpg","datePublished":"2023-01-03T07:55:19+00:00","dateModified":"2023-01-17T16:27:00+00:00","description":"9 \u00e9ditions est heureux de vous pr\u00e9senter le nouvel essai philosophique de Marcelle Nguema intitul\u00e9 \"Mes Anges 34\". Un ouvrage de citations sur le bien \u00eatre","breadcrumb":{"@id":"https:\/\/9editions.com\/boutique\/produit\/mes-anges-34\/#breadcrumb"},"inLanguage":"fr-FR","potentialAction":[{"@type":"ReadAction","target":["https:\/\/9editions.com\/boutique\/produit\/mes-anges-34\/"]}]},{"@type":"ImageObject","inLanguage":"fr-FR","@id":"https:\/\/9editions.com\/boutique\/produit\/mes-anges-34\/#primaryimage","url":"https:\/\/9editions.com\/boutique\/wp-content\/uploads\/2023\/01\/9editions-LIVRE-NGUEMA-MARCELLE-MES-ANGES-34-FRONT.jpg","contentUrl":"https:\/\/9editions.com\/boutique\/wp-content\/uploads\/2023\/01\/9editions-LIVRE-NGUEMA-MARCELLE-MES-ANGES-34-FRONT.jpg","width":1713,"height":2363,"caption":"D\u00e9couvrez l'essai philosophique de Marcelle Nguema Mes Anges 34"},{"@type":"BreadcrumbList","@id":"https:\/\/9editions.com\/boutique\/produit\/mes-anges-34\/#breadcrumb","itemListElement":[{"@type":"ListItem","position":1,"name":"Accueil","item":"https:\/\/9editions.com\/boutique\/"},{"@type":"ListItem","position":2,"name":"Boutique","item":"https:\/\/9editions.com\/boutique\/"},{"@type":"ListItem","position":3,"name":"Mes Anges 34"}]},{"@type":"WebSite","@id":"https:\/\/9editions.com\/boutique\/#website","url":"https:\/\/9editions.com\/boutique\/","name":"9 \u00e9ditions","description":"La maison d&#039;\u00e9dition au c\u00f4t\u00e9 des auteurs","publisher":{"@id":"https:\/\/9editions.com\/boutique\/#organization"},"potentialAction":[{"@type":"SearchAction","target":{"@type":"EntryPoint","urlTemplate":"https:\/\/9editions.com\/boutique\/?s={search_term_string}"},"query-input":{"@type":"PropertyValueSpecification","valueRequired":true,"valueName":"search_term_string"}}],"inLanguage":"fr-FR"},{"@type":"Organization","@id":"https:\/\/9editions.com\/boutique\/#organization","name":"9 \u00e9ditions","url":"https:\/\/9editions.com\/boutique\/","logo":{"@type":"ImageObject","inLanguage":"fr-FR","@id":"https:\/\/9editions.com\/boutique\/#\/schema\/logo\/image\/","url":"https:\/\/9editions.com\/boutique\/wp-content\/uploads\/2020\/03\/cropped-9-editions-logo-amazon.jpg","contentUrl":"https:\/\/9editions.com\/boutique\/wp-content\/uploads\/2020\/03\/cropped-9-editions-logo-amazon.jpg","width":120,"height":30,"caption":"9 \u00e9ditions"},"image":{"@id":"https:\/\/9editions.com\/boutique\/#\/schema\/logo\/image\/"},"sameAs":["https:\/\/www.facebook.com\/9editions?ref=bookmarks","https:\/\/x.com\/9_editions","https:\/\/www.instagram.com\/9editions_\/"]}]}},"jetpack_sharing_enabled":true,"_links":{"self":[{"href":"https:\/\/9editions.com\/boutique\/wp-json\/wp\/v2\/product\/2442","targetHints":{"allow":["GET"]}}],"collection":[{"href":"https:\/\/9editions.com\/boutique\/wp-json\/wp\/v2\/product"}],"about":[{"href":"https:\/\/9editions.com\/boutique\/wp-json\/wp\/v2\/types\/product"}],"replies":[{"embeddable":true,"href":"https:\/\/9editions.com\/boutique\/wp-json\/wp\/v2\/comments?post=2442"}],"wp:featuredmedia":[{"embeddable":true,"href":"https:\/\/9editions.com\/boutique\/wp-json\/wp\/v2\/media\/2444"}],"wp:attachment":[{"href":"https:\/\/9editions.com\/boutique\/wp-json\/wp\/v2\/media?parent=2442"}],"wp:term":[{"taxonomy":"product_brand","embeddable":true,"href":"https:\/\/9editions.com\/boutique\/wp-json\/wp\/v2\/product_brand?post=2442"},{"taxonomy":"product_cat","embeddable":true,"href":"https:\/\/9editions.com\/boutique\/wp-json\/wp\/v2\/product_cat?post=2442"},{"taxonomy":"product_tag","embeddable":true,"href":"https:\/\/9editions.com\/boutique\/wp-json\/wp\/v2\/product_tag?post=2442"}],"curies":[{"name":"wp","href":"https:\/\/api.w.org\/{rel}","templated":true}]}}