{"id":225,"date":"2022-09-28T09:56:05","date_gmt":"2022-09-28T07:56:05","guid":{"rendered":"https:\/\/9editions.com\/boutique\/?post_type=product&#038;p=225"},"modified":"2024-11-28T08:31:53","modified_gmt":"2024-11-28T07:31:53","slug":"andy-walid-tome-2-bande-dessinee","status":"publish","type":"product","link":"https:\/\/9editions.com\/boutique\/produit\/andy-walid-tome-2-bande-dessinee\/","title":{"rendered":"Andy &#038; Walid Tome 2 (bande dessin\u00e9e)"},"content":{"rendered":"<h1>La\u00a0bande dessin\u00e9e\u00a0qui offre avec humour un regard nouveau sur le handicap.<\/h1>\n<p>D\u00e9couvrez\u00a0les nouvelles aventures de Andy, un parapl\u00e9gique accompagn\u00e9 de son ami Walid et de son chien Roulette. Une BD humoristique avec un regard nouveau sur l\u2019handicap.<\/p>\n<p>Georges Emmanuel Moutiez et Fr\u00e9d\u00e9ric King ont cr\u00e9\u00e9 une bande dessin\u00e9e originale.<\/p>\n<p>Apr\u00e8s la parution du Tome 1 voici le Tome 2 tant attendu.<\/p>\n<p>C&rsquo;est un travail colossal r\u00e9alis\u00e9 par0 Fr\u00e9d\u00e9ric King pour les dessins alors que Georges Emmanuel Moutiez \u00e9crit les textes et les r\u00e9adapte en fonction des illustrations.<\/p>\n<p>9 \u00e9ditions est heureux de s&rsquo;associer \u00e0 ces deux talents et de publier leur ouvrage.<\/p>\n<p>Ainsi, ce projet est enti\u00e8rement r\u00e9alis\u00e9 par trois t\u00e9trapl\u00e9giques :\u00a0auteur, illustrateur et \u00e9diteur.<\/p>\n<p>La BD est vendue 16 euros TTC et nous demandons 5 euros de participation aux frais de port.<\/p>\n","protected":false},"excerpt":{"rendered":"<p>La bande dessin\u00e9e qui offre avec humour un regard nouveau sur le handicap.<br \/>\nD\u00e9couvrez les aventures de Andy, un parapl\u00e9gique accompagn\u00e9 de son ami Walid et de son chien Roulette. Une BD humoristique avec un regard nouveau sur l\u2019handicap.<br \/>\nGeorges Emmanuel Moutiez et Fr\u00e9d\u00e9ric King ont cr\u00e9\u00e9 une bande dessin\u00e9e originale.<br \/>\nApr\u00e8s deux de travail, Fr\u00e9d\u00e9ric King a r\u00e9alis\u00e9 les dessins pendant que Georges Emmanuel Moutiez a \u00e9crit les textes.<\/p>\n<p>9 \u00e9ditions est heureux de s&rsquo;associer \u00e0 ces deux talents et de publier leur ouvrage.<br \/>\nAinsi, ce projet est enti\u00e8rement r\u00e9alis\u00e9 par trois t\u00e9trapl\u00e9giques : auteur, illustrateur et \u00e9diteur.<\/p>\n","protected":false},"featured_media":226,"comment_status":"open","ping_status":"closed","template":"","meta":[],"product_brand":[],"product_cat":[36,21],"product_tag":[37,38,41,40,39],"class_list":{"0":"post-225","1":"product","2":"type-product","3":"status-publish","6":"product_cat-aventures","7":"product_cat-bande-dessinee","8":"product_tag-andy-wild","9":"product_tag-bande-dessinee","10":"product_tag-frederic-king","11":"product_tag-georges-emmanuel-moutiez","12":"product_tag-handicap","13":"product_shipping_class-bd","15":"first","16":"instock","17":"purchasable","18":"product-type-simple"},"yoast_head":"<!-- This site is optimized with the Yoast SEO plugin v27.3 - https:\/\/yoast.com\/product\/yoast-seo-wordpress\/ -->\n<title>Andy &amp; Walid Tome 2 (bande dessin\u00e9e) - 9 \u00e9ditions<\/title>\n<meta name=\"description\" content=\"D\u00e9couvrez les nouvelles aventures de Andy, un parapl\u00e9gique accompagn\u00e9 de son ami Walid et de son chien Roulette. Une BD qui offre un regard nouveau sur le handicap.\" \/>\n<meta name=\"robots\" content=\"index, follow, max-snippet:-1, max-image-preview:large, max-video-preview:-1\" \/>\n<link rel=\"canonical\" href=\"https:\/\/9editions.com\/boutique\/produit\/andy-walid-tome-2-bande-dessinee\/\" \/>\n<meta property=\"og:locale\" content=\"fr_FR\" \/>\n<meta property=\"og:type\" content=\"article\" \/>\n<meta property=\"og:title\" content=\"Andy &amp; Walid Tome 2 (bande dessin\u00e9e) - 9 \u00e9ditions\" \/>\n<meta property=\"og:description\" content=\"D\u00e9couvrez les nouvelles aventures de Andy, un parapl\u00e9gique accompagn\u00e9 de son ami Walid et de son chien Roulette. Une BD qui offre un regard nouveau sur le handicap.\" \/>\n<meta property=\"og:url\" content=\"https:\/\/9editions.com\/boutique\/produit\/andy-walid-tome-2-bande-dessinee\/\" \/>\n<meta property=\"og:site_name\" content=\"9 \u00e9ditions\" \/>\n<meta property=\"article:publisher\" content=\"https:\/\/www.facebook.com\/9editions?ref=bookmarks\" \/>\n<meta property=\"article:modified_time\" content=\"2024-11-28T07:31:53+00:00\" \/>\n<meta property=\"og:image\" content=\"https:\/\/9editions.com\/boutique\/wp-content\/uploads\/2022\/09\/9-Editions-Andy-Walid-tome2-Front-scaled.jpg\" \/>\n\t<meta property=\"og:image:width\" content=\"1613\" \/>\n\t<meta property=\"og:image:height\" content=\"2560\" \/>\n\t<meta property=\"og:image:type\" content=\"image\/jpeg\" \/>\n<meta name=\"twitter:card\" content=\"summary_large_image\" \/>\n<meta name=\"twitter:site\" content=\"@9_editions\" \/>\n<meta name=\"twitter:label1\" content=\"Dur\u00e9e de lecture estim\u00e9e\" \/>\n\t<meta name=\"twitter:data1\" content=\"1 minute\" \/>\n<script type=\"application\/ld+json\" class=\"yoast-schema-graph\">{\"@context\":\"https:\\\/\\\/schema.org\",\"@graph\":[{\"@type\":\"WebPage\",\"@id\":\"https:\\\/\\\/9editions.com\\\/boutique\\\/produit\\\/andy-walid-tome-2-bande-dessinee\\\/\",\"url\":\"https:\\\/\\\/9editions.com\\\/boutique\\\/produit\\\/andy-walid-tome-2-bande-dessinee\\\/\",\"name\":\"Andy & Walid Tome 2 (bande dessin\u00e9e) - 9 \u00e9ditions\",\"isPartOf\":{\"@id\":\"https:\\\/\\\/9editions.com\\\/boutique\\\/#website\"},\"primaryImageOfPage\":{\"@id\":\"https:\\\/\\\/9editions.com\\\/boutique\\\/produit\\\/andy-walid-tome-2-bande-dessinee\\\/#primaryimage\"},\"image\":{\"@id\":\"https:\\\/\\\/9editions.com\\\/boutique\\\/produit\\\/andy-walid-tome-2-bande-dessinee\\\/#primaryimage\"},\"thumbnailUrl\":\"https:\\\/\\\/9editions.com\\\/boutique\\\/wp-content\\\/uploads\\\/2022\\\/09\\\/9-Editions-Andy-Walid-tome2-Front-scaled.jpg\",\"datePublished\":\"2022-09-28T07:56:05+00:00\",\"dateModified\":\"2024-11-28T07:31:53+00:00\",\"description\":\"D\u00e9couvrez les nouvelles aventures de Andy, un parapl\u00e9gique accompagn\u00e9 de son ami Walid et de son chien Roulette. Une BD qui offre un regard nouveau sur le handicap.\",\"breadcrumb\":{\"@id\":\"https:\\\/\\\/9editions.com\\\/boutique\\\/produit\\\/andy-walid-tome-2-bande-dessinee\\\/#breadcrumb\"},\"inLanguage\":\"fr-FR\",\"potentialAction\":[{\"@type\":\"ReadAction\",\"target\":[\"https:\\\/\\\/9editions.com\\\/boutique\\\/produit\\\/andy-walid-tome-2-bande-dessinee\\\/\"]}]},{\"@type\":\"ImageObject\",\"inLanguage\":\"fr-FR\",\"@id\":\"https:\\\/\\\/9editions.com\\\/boutique\\\/produit\\\/andy-walid-tome-2-bande-dessinee\\\/#primaryimage\",\"url\":\"https:\\\/\\\/9editions.com\\\/boutique\\\/wp-content\\\/uploads\\\/2022\\\/09\\\/9-Editions-Andy-Walid-tome2-Front-scaled.jpg\",\"contentUrl\":\"https:\\\/\\\/9editions.com\\\/boutique\\\/wp-content\\\/uploads\\\/2022\\\/09\\\/9-Editions-Andy-Walid-tome2-Front-scaled.jpg\",\"width\":1613,\"height\":2560},{\"@type\":\"BreadcrumbList\",\"@id\":\"https:\\\/\\\/9editions.com\\\/boutique\\\/produit\\\/andy-walid-tome-2-bande-dessinee\\\/#breadcrumb\",\"itemListElement\":[{\"@type\":\"ListItem\",\"position\":1,\"name\":\"Accueil\",\"item\":\"https:\\\/\\\/9editions.com\\\/boutique\\\/\"},{\"@type\":\"ListItem\",\"position\":2,\"name\":\"Boutique\",\"item\":\"https:\\\/\\\/9editions.com\\\/boutique\\\/\"},{\"@type\":\"ListItem\",\"position\":3,\"name\":\"Andy &#038; Walid Tome 2 (bande dessin\u00e9e)\"}]},{\"@type\":\"WebSite\",\"@id\":\"https:\\\/\\\/9editions.com\\\/boutique\\\/#website\",\"url\":\"https:\\\/\\\/9editions.com\\\/boutique\\\/\",\"name\":\"9 \u00e9ditions\",\"description\":\"La maison d&#039;\u00e9dition au c\u00f4t\u00e9 des auteurs\",\"publisher\":{\"@id\":\"https:\\\/\\\/9editions.com\\\/boutique\\\/#organization\"},\"potentialAction\":[{\"@type\":\"SearchAction\",\"target\":{\"@type\":\"EntryPoint\",\"urlTemplate\":\"https:\\\/\\\/9editions.com\\\/boutique\\\/?s={search_term_string}\"},\"query-input\":{\"@type\":\"PropertyValueSpecification\",\"valueRequired\":true,\"valueName\":\"search_term_string\"}}],\"inLanguage\":\"fr-FR\"},{\"@type\":\"Organization\",\"@id\":\"https:\\\/\\\/9editions.com\\\/boutique\\\/#organization\",\"name\":\"9 \u00e9ditions\",\"url\":\"https:\\\/\\\/9editions.com\\\/boutique\\\/\",\"logo\":{\"@type\":\"ImageObject\",\"inLanguage\":\"fr-FR\",\"@id\":\"https:\\\/\\\/9editions.com\\\/boutique\\\/#\\\/schema\\\/logo\\\/image\\\/\",\"url\":\"https:\\\/\\\/9editions.com\\\/boutique\\\/wp-content\\\/uploads\\\/2020\\\/03\\\/cropped-9-editions-logo-amazon.jpg\",\"contentUrl\":\"https:\\\/\\\/9editions.com\\\/boutique\\\/wp-content\\\/uploads\\\/2020\\\/03\\\/cropped-9-editions-logo-amazon.jpg\",\"width\":120,\"height\":30,\"caption\":\"9 \u00e9ditions\"},\"image\":{\"@id\":\"https:\\\/\\\/9editions.com\\\/boutique\\\/#\\\/schema\\\/logo\\\/image\\\/\"},\"sameAs\":[\"https:\\\/\\\/www.facebook.com\\\/9editions?ref=bookmarks\",\"https:\\\/\\\/x.com\\\/9_editions\",\"https:\\\/\\\/www.instagram.com\\\/9editions_\\\/\"]}]}<\/script>\n<!-- \/ Yoast SEO plugin. -->","yoast_head_json":{"title":"Andy & Walid Tome 2 (bande dessin\u00e9e) - 9 \u00e9ditions","description":"D\u00e9couvrez les nouvelles aventures de Andy, un parapl\u00e9gique accompagn\u00e9 de son ami Walid et de son chien Roulette. Une BD qui offre un regard nouveau sur le handicap.","robots":{"index":"index","follow":"follow","max-snippet":"max-snippet:-1","max-image-preview":"max-image-preview:large","max-video-preview":"max-video-preview:-1"},"canonical":"https:\/\/9editions.com\/boutique\/produit\/andy-walid-tome-2-bande-dessinee\/","og_locale":"fr_FR","og_type":"article","og_title":"Andy & Walid Tome 2 (bande dessin\u00e9e) - 9 \u00e9ditions","og_description":"D\u00e9couvrez les nouvelles aventures de Andy, un parapl\u00e9gique accompagn\u00e9 de son ami Walid et de son chien Roulette. Une BD qui offre un regard nouveau sur le handicap.","og_url":"https:\/\/9editions.com\/boutique\/produit\/andy-walid-tome-2-bande-dessinee\/","og_site_name":"9 \u00e9ditions","article_publisher":"https:\/\/www.facebook.com\/9editions?ref=bookmarks","article_modified_time":"2024-11-28T07:31:53+00:00","og_image":[{"width":1613,"height":2560,"url":"https:\/\/9editions.com\/boutique\/wp-content\/uploads\/2022\/09\/9-Editions-Andy-Walid-tome2-Front-scaled.jpg","type":"image\/jpeg"}],"twitter_card":"summary_large_image","twitter_site":"@9_editions","twitter_misc":{"Dur\u00e9e de lecture estim\u00e9e":"1 minute"},"schema":{"@context":"https:\/\/schema.org","@graph":[{"@type":"WebPage","@id":"https:\/\/9editions.com\/boutique\/produit\/andy-walid-tome-2-bande-dessinee\/","url":"https:\/\/9editions.com\/boutique\/produit\/andy-walid-tome-2-bande-dessinee\/","name":"Andy & Walid Tome 2 (bande dessin\u00e9e) - 9 \u00e9ditions","isPartOf":{"@id":"https:\/\/9editions.com\/boutique\/#website"},"primaryImageOfPage":{"@id":"https:\/\/9editions.com\/boutique\/produit\/andy-walid-tome-2-bande-dessinee\/#primaryimage"},"image":{"@id":"https:\/\/9editions.com\/boutique\/produit\/andy-walid-tome-2-bande-dessinee\/#primaryimage"},"thumbnailUrl":"https:\/\/9editions.com\/boutique\/wp-content\/uploads\/2022\/09\/9-Editions-Andy-Walid-tome2-Front-scaled.jpg","datePublished":"2022-09-28T07:56:05+00:00","dateModified":"2024-11-28T07:31:53+00:00","description":"D\u00e9couvrez les nouvelles aventures de Andy, un parapl\u00e9gique accompagn\u00e9 de son ami Walid et de son chien Roulette. Une BD qui offre un regard nouveau sur le handicap.","breadcrumb":{"@id":"https:\/\/9editions.com\/boutique\/produit\/andy-walid-tome-2-bande-dessinee\/#breadcrumb"},"inLanguage":"fr-FR","potentialAction":[{"@type":"ReadAction","target":["https:\/\/9editions.com\/boutique\/produit\/andy-walid-tome-2-bande-dessinee\/"]}]},{"@type":"ImageObject","inLanguage":"fr-FR","@id":"https:\/\/9editions.com\/boutique\/produit\/andy-walid-tome-2-bande-dessinee\/#primaryimage","url":"https:\/\/9editions.com\/boutique\/wp-content\/uploads\/2022\/09\/9-Editions-Andy-Walid-tome2-Front-scaled.jpg","contentUrl":"https:\/\/9editions.com\/boutique\/wp-content\/uploads\/2022\/09\/9-Editions-Andy-Walid-tome2-Front-scaled.jpg","width":1613,"height":2560},{"@type":"BreadcrumbList","@id":"https:\/\/9editions.com\/boutique\/produit\/andy-walid-tome-2-bande-dessinee\/#breadcrumb","itemListElement":[{"@type":"ListItem","position":1,"name":"Accueil","item":"https:\/\/9editions.com\/boutique\/"},{"@type":"ListItem","position":2,"name":"Boutique","item":"https:\/\/9editions.com\/boutique\/"},{"@type":"ListItem","position":3,"name":"Andy &#038; Walid Tome 2 (bande dessin\u00e9e)"}]},{"@type":"WebSite","@id":"https:\/\/9editions.com\/boutique\/#website","url":"https:\/\/9editions.com\/boutique\/","name":"9 \u00e9ditions","description":"La maison d&#039;\u00e9dition au c\u00f4t\u00e9 des auteurs","publisher":{"@id":"https:\/\/9editions.com\/boutique\/#organization"},"potentialAction":[{"@type":"SearchAction","target":{"@type":"EntryPoint","urlTemplate":"https:\/\/9editions.com\/boutique\/?s={search_term_string}"},"query-input":{"@type":"PropertyValueSpecification","valueRequired":true,"valueName":"search_term_string"}}],"inLanguage":"fr-FR"},{"@type":"Organization","@id":"https:\/\/9editions.com\/boutique\/#organization","name":"9 \u00e9ditions","url":"https:\/\/9editions.com\/boutique\/","logo":{"@type":"ImageObject","inLanguage":"fr-FR","@id":"https:\/\/9editions.com\/boutique\/#\/schema\/logo\/image\/","url":"https:\/\/9editions.com\/boutique\/wp-content\/uploads\/2020\/03\/cropped-9-editions-logo-amazon.jpg","contentUrl":"https:\/\/9editions.com\/boutique\/wp-content\/uploads\/2020\/03\/cropped-9-editions-logo-amazon.jpg","width":120,"height":30,"caption":"9 \u00e9ditions"},"image":{"@id":"https:\/\/9editions.com\/boutique\/#\/schema\/logo\/image\/"},"sameAs":["https:\/\/www.facebook.com\/9editions?ref=bookmarks","https:\/\/x.com\/9_editions","https:\/\/www.instagram.com\/9editions_\/"]}]}},"jetpack_sharing_enabled":true,"_links":{"self":[{"href":"https:\/\/9editions.com\/boutique\/wp-json\/wp\/v2\/product\/225","targetHints":{"allow":["GET"]}}],"collection":[{"href":"https:\/\/9editions.com\/boutique\/wp-json\/wp\/v2\/product"}],"about":[{"href":"https:\/\/9editions.com\/boutique\/wp-json\/wp\/v2\/types\/product"}],"replies":[{"embeddable":true,"href":"https:\/\/9editions.com\/boutique\/wp-json\/wp\/v2\/comments?post=225"}],"wp:featuredmedia":[{"embeddable":true,"href":"https:\/\/9editions.com\/boutique\/wp-json\/wp\/v2\/media\/226"}],"wp:attachment":[{"href":"https:\/\/9editions.com\/boutique\/wp-json\/wp\/v2\/media?parent=225"}],"wp:term":[{"taxonomy":"product_brand","embeddable":true,"href":"https:\/\/9editions.com\/boutique\/wp-json\/wp\/v2\/product_brand?post=225"},{"taxonomy":"product_cat","embeddable":true,"href":"https:\/\/9editions.com\/boutique\/wp-json\/wp\/v2\/product_cat?post=225"},{"taxonomy":"product_tag","embeddable":true,"href":"https:\/\/9editions.com\/boutique\/wp-json\/wp\/v2\/product_tag?post=225"}],"curies":[{"name":"wp","href":"https:\/\/api.w.org\/{rel}","templated":true}]}}