{"id":210,"date":"2022-09-27T17:53:52","date_gmt":"2022-09-27T15:53:52","guid":{"rendered":"https:\/\/9editions.com\/boutique\/?post_type=product&#038;p=210"},"modified":"2022-12-09T16:11:23","modified_gmt":"2022-12-09T15:11:23","slug":"mosaiques-ebook","status":"publish","type":"product","link":"https:\/\/9editions.com\/boutique\/produit\/mosaiques-ebook\/","title":{"rendered":"Mosa\u00efques (ebook)"},"content":{"rendered":"<p>\u00ab Mosa\u00efques \u00bb, c\u2019est un recueil de textes in\u00e9dits et en tous genres : des fables, des po\u00e9sies originales, des histoires pour enfants, mais aussi des nouvelles in\u00e9dites sur l\u2019intuition, sur le Temps qui passe, et l\u2019estime de soi notamment. Ce sont aussi des r\u00e9cits originaux, et des po\u00e8mes \u00e9toil\u00e9s qui permettent d\u2019expliquer de mani\u00e8re imaginative la m\u00e9t\u00e9o, et les mouvements des plan\u00e8tes. Le tout rythm\u00e9 par des vers \u00e0 pieds, et parsem\u00e9 de paraboles diverses et vari\u00e9es, de proverbes et d\u2019images jamais parues.<\/p>\n<p>Ouvrage \u00e9crit dans un style in\u00e9dit, fluide et facile \u00e0 comprendre, \u00ab Mosa\u00efques \u00bb, c\u2019est une bouff\u00e9e d\u2019air frais dans cette atmosph\u00e8re si pesante qui nous envahit tous.<\/p>\n","protected":false},"excerpt":{"rendered":"<p>\u00ab Mosa\u00efques \u00bb, c\u2019est un recueil de textes in\u00e9dits et en tous genres : des fables, des po\u00e9sies originales, des histoires pour enfants, mais aussi des nouvelles in\u00e9dites sur l\u2019intuition, sur le Temps qui passe, et l\u2019estime de soi notamment. Ce sont aussi des r\u00e9cits originaux, et des po\u00e8mes \u00e9toil\u00e9s qui permettent d\u2019expliquer de mani\u00e8re imaginative la m\u00e9t\u00e9o, et les mouvements des plan\u00e8tes. Le tout rythm\u00e9 par des vers \u00e0 pieds, et parsem\u00e9 de paraboles diverses et vari\u00e9es, de proverbes et d\u2019images jamais parues.<br \/>\nOuvrage \u00e9crit dans un style in\u00e9dit, fluide et facile \u00e0 comprendre, \u00ab Mosa\u00efques \u00bb, c\u2019est une bouff\u00e9e d\u2019air frais dans cette atmosph\u00e8re si pesante qui nous envahit tous.<\/p>\n","protected":false},"featured_media":208,"comment_status":"open","ping_status":"closed","template":"","meta":[],"product_brand":[],"product_cat":[29,19],"product_tag":[28,30,31,27],"class_list":{"0":"post-210","1":"product","2":"type-product","3":"status-publish","6":"product_cat-ebook","7":"product_cat-poesie","8":"product_tag-catherine-centanse","9":"product_tag-mosaiques","10":"product_tag-prix-litteraire","11":"product_tag-recueil-de-textes","12":"product_shipping_class-ebook","14":"first","15":"instock","16":"taxable","17":"shipping-taxable","18":"purchasable","19":"product-type-simple"},"yoast_head":"<!-- This site is optimized with the Yoast SEO plugin v27.3 - https:\/\/yoast.com\/product\/yoast-seo-wordpress\/ -->\n<title>Mosa\u00efques (ebook) - 9 \u00e9ditions<\/title>\n<meta name=\"description\" content=\"D\u00e9couvrez le recueil de textes de Catherine Centanse, auteure r\u00e9compens\u00e9 par l&#039;institue Acad\u00e9mique Fran\u00e7aise de la litt\u00e9rature pour ses po\u00e8mes\" \/>\n<meta name=\"robots\" content=\"index, follow, max-snippet:-1, max-image-preview:large, max-video-preview:-1\" \/>\n<link rel=\"canonical\" href=\"https:\/\/9editions.com\/boutique\/produit\/mosaiques-ebook\/\" \/>\n<meta property=\"og:locale\" content=\"fr_FR\" \/>\n<meta property=\"og:type\" content=\"article\" \/>\n<meta property=\"og:title\" content=\"Mosa\u00efques (ebook) - 9 \u00e9ditions\" \/>\n<meta property=\"og:description\" content=\"D\u00e9couvrez le recueil de textes de Catherine Centanse, auteure r\u00e9compens\u00e9 par l&#039;institue Acad\u00e9mique Fran\u00e7aise de la litt\u00e9rature pour ses po\u00e8mes\" \/>\n<meta property=\"og:url\" content=\"https:\/\/9editions.com\/boutique\/produit\/mosaiques-ebook\/\" \/>\n<meta property=\"og:site_name\" content=\"9 \u00e9ditions\" \/>\n<meta property=\"article:publisher\" content=\"https:\/\/www.facebook.com\/9editions?ref=bookmarks\" \/>\n<meta property=\"article:modified_time\" content=\"2022-12-09T15:11:23+00:00\" \/>\n<meta property=\"og:image\" content=\"https:\/\/9editions.com\/boutique\/wp-content\/uploads\/2022\/09\/9782377271511-75-1.jpg\" \/>\n\t<meta property=\"og:image:width\" content=\"1713\" \/>\n\t<meta property=\"og:image:height\" content=\"2363\" \/>\n\t<meta property=\"og:image:type\" content=\"image\/jpeg\" \/>\n<meta name=\"twitter:card\" content=\"summary_large_image\" \/>\n<meta name=\"twitter:site\" content=\"@9_editions\" \/>\n<meta name=\"twitter:label1\" content=\"Dur\u00e9e de lecture estim\u00e9e\" \/>\n\t<meta name=\"twitter:data1\" content=\"1 minute\" \/>\n<script type=\"application\/ld+json\" class=\"yoast-schema-graph\">{\"@context\":\"https:\\\/\\\/schema.org\",\"@graph\":[{\"@type\":\"WebPage\",\"@id\":\"https:\\\/\\\/9editions.com\\\/boutique\\\/produit\\\/mosaiques-ebook\\\/\",\"url\":\"https:\\\/\\\/9editions.com\\\/boutique\\\/produit\\\/mosaiques-ebook\\\/\",\"name\":\"Mosa\u00efques (ebook) - 9 \u00e9ditions\",\"isPartOf\":{\"@id\":\"https:\\\/\\\/9editions.com\\\/boutique\\\/#website\"},\"primaryImageOfPage\":{\"@id\":\"https:\\\/\\\/9editions.com\\\/boutique\\\/produit\\\/mosaiques-ebook\\\/#primaryimage\"},\"image\":{\"@id\":\"https:\\\/\\\/9editions.com\\\/boutique\\\/produit\\\/mosaiques-ebook\\\/#primaryimage\"},\"thumbnailUrl\":\"https:\\\/\\\/9editions.com\\\/boutique\\\/wp-content\\\/uploads\\\/2022\\\/09\\\/9782377271511-75-1.jpg\",\"datePublished\":\"2022-09-27T15:53:52+00:00\",\"dateModified\":\"2022-12-09T15:11:23+00:00\",\"description\":\"D\u00e9couvrez le recueil de textes de Catherine Centanse, auteure r\u00e9compens\u00e9 par l'institue Acad\u00e9mique Fran\u00e7aise de la litt\u00e9rature pour ses po\u00e8mes\",\"breadcrumb\":{\"@id\":\"https:\\\/\\\/9editions.com\\\/boutique\\\/produit\\\/mosaiques-ebook\\\/#breadcrumb\"},\"inLanguage\":\"fr-FR\",\"potentialAction\":[{\"@type\":\"ReadAction\",\"target\":[\"https:\\\/\\\/9editions.com\\\/boutique\\\/produit\\\/mosaiques-ebook\\\/\"]}]},{\"@type\":\"ImageObject\",\"inLanguage\":\"fr-FR\",\"@id\":\"https:\\\/\\\/9editions.com\\\/boutique\\\/produit\\\/mosaiques-ebook\\\/#primaryimage\",\"url\":\"https:\\\/\\\/9editions.com\\\/boutique\\\/wp-content\\\/uploads\\\/2022\\\/09\\\/9782377271511-75-1.jpg\",\"contentUrl\":\"https:\\\/\\\/9editions.com\\\/boutique\\\/wp-content\\\/uploads\\\/2022\\\/09\\\/9782377271511-75-1.jpg\",\"width\":1713,\"height\":2363},{\"@type\":\"BreadcrumbList\",\"@id\":\"https:\\\/\\\/9editions.com\\\/boutique\\\/produit\\\/mosaiques-ebook\\\/#breadcrumb\",\"itemListElement\":[{\"@type\":\"ListItem\",\"position\":1,\"name\":\"Accueil\",\"item\":\"https:\\\/\\\/9editions.com\\\/boutique\\\/\"},{\"@type\":\"ListItem\",\"position\":2,\"name\":\"Boutique\",\"item\":\"https:\\\/\\\/9editions.com\\\/boutique\\\/\"},{\"@type\":\"ListItem\",\"position\":3,\"name\":\"Mosa\u00efques (ebook)\"}]},{\"@type\":\"WebSite\",\"@id\":\"https:\\\/\\\/9editions.com\\\/boutique\\\/#website\",\"url\":\"https:\\\/\\\/9editions.com\\\/boutique\\\/\",\"name\":\"9 \u00e9ditions\",\"description\":\"La maison d&#039;\u00e9dition au c\u00f4t\u00e9 des auteurs\",\"publisher\":{\"@id\":\"https:\\\/\\\/9editions.com\\\/boutique\\\/#organization\"},\"potentialAction\":[{\"@type\":\"SearchAction\",\"target\":{\"@type\":\"EntryPoint\",\"urlTemplate\":\"https:\\\/\\\/9editions.com\\\/boutique\\\/?s={search_term_string}\"},\"query-input\":{\"@type\":\"PropertyValueSpecification\",\"valueRequired\":true,\"valueName\":\"search_term_string\"}}],\"inLanguage\":\"fr-FR\"},{\"@type\":\"Organization\",\"@id\":\"https:\\\/\\\/9editions.com\\\/boutique\\\/#organization\",\"name\":\"9 \u00e9ditions\",\"url\":\"https:\\\/\\\/9editions.com\\\/boutique\\\/\",\"logo\":{\"@type\":\"ImageObject\",\"inLanguage\":\"fr-FR\",\"@id\":\"https:\\\/\\\/9editions.com\\\/boutique\\\/#\\\/schema\\\/logo\\\/image\\\/\",\"url\":\"https:\\\/\\\/9editions.com\\\/boutique\\\/wp-content\\\/uploads\\\/2020\\\/03\\\/cropped-9-editions-logo-amazon.jpg\",\"contentUrl\":\"https:\\\/\\\/9editions.com\\\/boutique\\\/wp-content\\\/uploads\\\/2020\\\/03\\\/cropped-9-editions-logo-amazon.jpg\",\"width\":120,\"height\":30,\"caption\":\"9 \u00e9ditions\"},\"image\":{\"@id\":\"https:\\\/\\\/9editions.com\\\/boutique\\\/#\\\/schema\\\/logo\\\/image\\\/\"},\"sameAs\":[\"https:\\\/\\\/www.facebook.com\\\/9editions?ref=bookmarks\",\"https:\\\/\\\/x.com\\\/9_editions\",\"https:\\\/\\\/www.instagram.com\\\/9editions_\\\/\"]}]}<\/script>\n<!-- \/ Yoast SEO plugin. -->","yoast_head_json":{"title":"Mosa\u00efques (ebook) - 9 \u00e9ditions","description":"D\u00e9couvrez le recueil de textes de Catherine Centanse, auteure r\u00e9compens\u00e9 par l'institue Acad\u00e9mique Fran\u00e7aise de la litt\u00e9rature pour ses po\u00e8mes","robots":{"index":"index","follow":"follow","max-snippet":"max-snippet:-1","max-image-preview":"max-image-preview:large","max-video-preview":"max-video-preview:-1"},"canonical":"https:\/\/9editions.com\/boutique\/produit\/mosaiques-ebook\/","og_locale":"fr_FR","og_type":"article","og_title":"Mosa\u00efques (ebook) - 9 \u00e9ditions","og_description":"D\u00e9couvrez le recueil de textes de Catherine Centanse, auteure r\u00e9compens\u00e9 par l'institue Acad\u00e9mique Fran\u00e7aise de la litt\u00e9rature pour ses po\u00e8mes","og_url":"https:\/\/9editions.com\/boutique\/produit\/mosaiques-ebook\/","og_site_name":"9 \u00e9ditions","article_publisher":"https:\/\/www.facebook.com\/9editions?ref=bookmarks","article_modified_time":"2022-12-09T15:11:23+00:00","og_image":[{"width":1713,"height":2363,"url":"https:\/\/9editions.com\/boutique\/wp-content\/uploads\/2022\/09\/9782377271511-75-1.jpg","type":"image\/jpeg"}],"twitter_card":"summary_large_image","twitter_site":"@9_editions","twitter_misc":{"Dur\u00e9e de lecture estim\u00e9e":"1 minute"},"schema":{"@context":"https:\/\/schema.org","@graph":[{"@type":"WebPage","@id":"https:\/\/9editions.com\/boutique\/produit\/mosaiques-ebook\/","url":"https:\/\/9editions.com\/boutique\/produit\/mosaiques-ebook\/","name":"Mosa\u00efques (ebook) - 9 \u00e9ditions","isPartOf":{"@id":"https:\/\/9editions.com\/boutique\/#website"},"primaryImageOfPage":{"@id":"https:\/\/9editions.com\/boutique\/produit\/mosaiques-ebook\/#primaryimage"},"image":{"@id":"https:\/\/9editions.com\/boutique\/produit\/mosaiques-ebook\/#primaryimage"},"thumbnailUrl":"https:\/\/9editions.com\/boutique\/wp-content\/uploads\/2022\/09\/9782377271511-75-1.jpg","datePublished":"2022-09-27T15:53:52+00:00","dateModified":"2022-12-09T15:11:23+00:00","description":"D\u00e9couvrez le recueil de textes de Catherine Centanse, auteure r\u00e9compens\u00e9 par l'institue Acad\u00e9mique Fran\u00e7aise de la litt\u00e9rature pour ses po\u00e8mes","breadcrumb":{"@id":"https:\/\/9editions.com\/boutique\/produit\/mosaiques-ebook\/#breadcrumb"},"inLanguage":"fr-FR","potentialAction":[{"@type":"ReadAction","target":["https:\/\/9editions.com\/boutique\/produit\/mosaiques-ebook\/"]}]},{"@type":"ImageObject","inLanguage":"fr-FR","@id":"https:\/\/9editions.com\/boutique\/produit\/mosaiques-ebook\/#primaryimage","url":"https:\/\/9editions.com\/boutique\/wp-content\/uploads\/2022\/09\/9782377271511-75-1.jpg","contentUrl":"https:\/\/9editions.com\/boutique\/wp-content\/uploads\/2022\/09\/9782377271511-75-1.jpg","width":1713,"height":2363},{"@type":"BreadcrumbList","@id":"https:\/\/9editions.com\/boutique\/produit\/mosaiques-ebook\/#breadcrumb","itemListElement":[{"@type":"ListItem","position":1,"name":"Accueil","item":"https:\/\/9editions.com\/boutique\/"},{"@type":"ListItem","position":2,"name":"Boutique","item":"https:\/\/9editions.com\/boutique\/"},{"@type":"ListItem","position":3,"name":"Mosa\u00efques (ebook)"}]},{"@type":"WebSite","@id":"https:\/\/9editions.com\/boutique\/#website","url":"https:\/\/9editions.com\/boutique\/","name":"9 \u00e9ditions","description":"La maison d&#039;\u00e9dition au c\u00f4t\u00e9 des auteurs","publisher":{"@id":"https:\/\/9editions.com\/boutique\/#organization"},"potentialAction":[{"@type":"SearchAction","target":{"@type":"EntryPoint","urlTemplate":"https:\/\/9editions.com\/boutique\/?s={search_term_string}"},"query-input":{"@type":"PropertyValueSpecification","valueRequired":true,"valueName":"search_term_string"}}],"inLanguage":"fr-FR"},{"@type":"Organization","@id":"https:\/\/9editions.com\/boutique\/#organization","name":"9 \u00e9ditions","url":"https:\/\/9editions.com\/boutique\/","logo":{"@type":"ImageObject","inLanguage":"fr-FR","@id":"https:\/\/9editions.com\/boutique\/#\/schema\/logo\/image\/","url":"https:\/\/9editions.com\/boutique\/wp-content\/uploads\/2020\/03\/cropped-9-editions-logo-amazon.jpg","contentUrl":"https:\/\/9editions.com\/boutique\/wp-content\/uploads\/2020\/03\/cropped-9-editions-logo-amazon.jpg","width":120,"height":30,"caption":"9 \u00e9ditions"},"image":{"@id":"https:\/\/9editions.com\/boutique\/#\/schema\/logo\/image\/"},"sameAs":["https:\/\/www.facebook.com\/9editions?ref=bookmarks","https:\/\/x.com\/9_editions","https:\/\/www.instagram.com\/9editions_\/"]}]}},"jetpack_sharing_enabled":true,"_links":{"self":[{"href":"https:\/\/9editions.com\/boutique\/wp-json\/wp\/v2\/product\/210","targetHints":{"allow":["GET"]}}],"collection":[{"href":"https:\/\/9editions.com\/boutique\/wp-json\/wp\/v2\/product"}],"about":[{"href":"https:\/\/9editions.com\/boutique\/wp-json\/wp\/v2\/types\/product"}],"replies":[{"embeddable":true,"href":"https:\/\/9editions.com\/boutique\/wp-json\/wp\/v2\/comments?post=210"}],"wp:featuredmedia":[{"embeddable":true,"href":"https:\/\/9editions.com\/boutique\/wp-json\/wp\/v2\/media\/208"}],"wp:attachment":[{"href":"https:\/\/9editions.com\/boutique\/wp-json\/wp\/v2\/media?parent=210"}],"wp:term":[{"taxonomy":"product_brand","embeddable":true,"href":"https:\/\/9editions.com\/boutique\/wp-json\/wp\/v2\/product_brand?post=210"},{"taxonomy":"product_cat","embeddable":true,"href":"https:\/\/9editions.com\/boutique\/wp-json\/wp\/v2\/product_cat?post=210"},{"taxonomy":"product_tag","embeddable":true,"href":"https:\/\/9editions.com\/boutique\/wp-json\/wp\/v2\/product_tag?post=210"}],"curies":[{"name":"wp","href":"https:\/\/api.w.org\/{rel}","templated":true}]}}