{"id":43,"date":"2020-02-28T19:50:36","date_gmt":"2020-02-28T18:50:36","guid":{"rendered":"http:\/\/9editions.com\/boutique\/?page_id=43"},"modified":"2024-03-04T09:38:27","modified_gmt":"2024-03-04T08:38:27","slug":"envoyer-votre-manuscrit","status":"publish","type":"page","link":"https:\/\/9editions.com\/boutique\/envoyer-votre-manuscrit\/","title":{"rendered":"Envoyer votre manuscrit"},"content":{"rendered":"<p><iframe src=\"https:\/\/maps.google.com\/maps?q=11-13%20Chemin%20de%20l%27industrie%2006110%20Le%20Cannet&amp;t=m&amp;z=10&amp;output=embed&amp;iwloc=near\" frameborder=\"0\" marginwidth=\"0\" marginheight=\"0\" scrolling=\"no\" aria-label=\"11-13 Chemin de l'industrie 06110 Le Cannet\"><\/iframe><\/p>\n\n\n<p>Vous \u00eates auteur et vous souhaitez soumettre votre manuscrit, merci de nous l&rsquo;envoyer \u00e0 l&rsquo;adresse suivante : 9editions@gmail.com avec votre nom et vos coordonn\u00e9es afin que nous puissions vous donner notre avis.<\/p>\n\n\n<div class=\"wp-block-jetpack-contact-form is-layout-flex wp-container-jetpack-contact-form-is-layout-faa3ad1c wp-block-jetpack-contact-form-is-layout-flex\"><a href=\"https:\/\/9editions.com\/boutique\/envoyer-votre-manuscrit\/\" target=\"_blank\" rel=\"noopener noreferrer\">Soumettre un formulaire.<\/a><\/div>","protected":false},"excerpt":{"rendered":"<p>Vous \u00eates auteur et vous souhaitez soumettre votre manuscrit, merci de nous l&rsquo;envoyer \u00e0 l&rsquo;adresse suivante : 9editions@gmail.com avec votre nom et vos coordonn\u00e9es afin que nous puissions vous donner notre avis.<\/p>\n","protected":false},"author":1,"featured_media":0,"parent":0,"menu_order":0,"comment_status":"closed","ping_status":"closed","template":"","meta":{"footnotes":""},"class_list":{"1":"page","2":"type-page","3":"status-publish","4":"hentry"},"yoast_head":"<!-- This site is optimized with the Yoast SEO plugin v27.3 - https:\/\/yoast.com\/product\/yoast-seo-wordpress\/ -->\n<title>Envoyer votre manuscrit - 9 \u00e9ditions<\/title>\n<meta name=\"description\" content=\"Vous souhaitez contacter 9 \u00e9ditions, n&#039;h\u00e9sitez pas \u00e0 r\u00e9pondre \u00e0 notre formulaire de contact ou nous envoyer un mail.\" \/>\n<meta name=\"robots\" content=\"index, follow, max-snippet:-1, max-image-preview:large, max-video-preview:-1\" \/>\n<link rel=\"canonical\" href=\"https:\/\/9editions.com\/boutique\/envoyer-votre-manuscrit\/\" \/>\n<meta property=\"og:locale\" content=\"fr_FR\" \/>\n<meta property=\"og:type\" content=\"article\" \/>\n<meta property=\"og:title\" content=\"Envoyer votre manuscrit - 9 \u00e9ditions\" \/>\n<meta property=\"og:description\" content=\"Vous souhaitez contacter 9 \u00e9ditions, n&#039;h\u00e9sitez pas \u00e0 r\u00e9pondre \u00e0 notre formulaire de contact ou nous envoyer un mail.\" \/>\n<meta property=\"og:url\" content=\"https:\/\/9editions.com\/boutique\/envoyer-votre-manuscrit\/\" \/>\n<meta property=\"og:site_name\" content=\"9 \u00e9ditions\" \/>\n<meta property=\"article:publisher\" content=\"https:\/\/www.facebook.com\/9editions?ref=bookmarks\" \/>\n<meta property=\"article:modified_time\" content=\"2024-03-04T08:38:27+00:00\" \/>\n<meta name=\"twitter:card\" content=\"summary_large_image\" \/>\n<meta name=\"twitter:site\" content=\"@9_editions\" \/>\n<meta name=\"twitter:label1\" content=\"Dur\u00e9e de lecture estim\u00e9e\" \/>\n\t<meta name=\"twitter:data1\" content=\"1 minute\" \/>\n<script type=\"application\/ld+json\" class=\"yoast-schema-graph\">{\"@context\":\"https:\\\/\\\/schema.org\",\"@graph\":[{\"@type\":\"WebPage\",\"@id\":\"https:\\\/\\\/9editions.com\\\/boutique\\\/envoyer-votre-manuscrit\\\/\",\"url\":\"https:\\\/\\\/9editions.com\\\/boutique\\\/envoyer-votre-manuscrit\\\/\",\"name\":\"Envoyer votre manuscrit - 9 \u00e9ditions\",\"isPartOf\":{\"@id\":\"https:\\\/\\\/9editions.com\\\/boutique\\\/#website\"},\"datePublished\":\"2020-02-28T18:50:36+00:00\",\"dateModified\":\"2024-03-04T08:38:27+00:00\",\"description\":\"Vous souhaitez contacter 9 \u00e9ditions, n'h\u00e9sitez pas \u00e0 r\u00e9pondre \u00e0 notre formulaire de contact ou nous envoyer un mail.\",\"breadcrumb\":{\"@id\":\"https:\\\/\\\/9editions.com\\\/boutique\\\/envoyer-votre-manuscrit\\\/#breadcrumb\"},\"inLanguage\":\"fr-FR\",\"potentialAction\":[{\"@type\":\"ReadAction\",\"target\":[\"https:\\\/\\\/9editions.com\\\/boutique\\\/envoyer-votre-manuscrit\\\/\"]}]},{\"@type\":\"BreadcrumbList\",\"@id\":\"https:\\\/\\\/9editions.com\\\/boutique\\\/envoyer-votre-manuscrit\\\/#breadcrumb\",\"itemListElement\":[{\"@type\":\"ListItem\",\"position\":1,\"name\":\"Accueil\",\"item\":\"https:\\\/\\\/9editions.com\\\/boutique\\\/\"},{\"@type\":\"ListItem\",\"position\":2,\"name\":\"Envoyer votre manuscrit\"}]},{\"@type\":\"WebSite\",\"@id\":\"https:\\\/\\\/9editions.com\\\/boutique\\\/#website\",\"url\":\"https:\\\/\\\/9editions.com\\\/boutique\\\/\",\"name\":\"9 \u00e9ditions\",\"description\":\"La maison d&#039;\u00e9dition au c\u00f4t\u00e9 des auteurs\",\"publisher\":{\"@id\":\"https:\\\/\\\/9editions.com\\\/boutique\\\/#organization\"},\"potentialAction\":[{\"@type\":\"SearchAction\",\"target\":{\"@type\":\"EntryPoint\",\"urlTemplate\":\"https:\\\/\\\/9editions.com\\\/boutique\\\/?s={search_term_string}\"},\"query-input\":{\"@type\":\"PropertyValueSpecification\",\"valueRequired\":true,\"valueName\":\"search_term_string\"}}],\"inLanguage\":\"fr-FR\"},{\"@type\":\"Organization\",\"@id\":\"https:\\\/\\\/9editions.com\\\/boutique\\\/#organization\",\"name\":\"9 \u00e9ditions\",\"url\":\"https:\\\/\\\/9editions.com\\\/boutique\\\/\",\"logo\":{\"@type\":\"ImageObject\",\"inLanguage\":\"fr-FR\",\"@id\":\"https:\\\/\\\/9editions.com\\\/boutique\\\/#\\\/schema\\\/logo\\\/image\\\/\",\"url\":\"https:\\\/\\\/9editions.com\\\/boutique\\\/wp-content\\\/uploads\\\/2020\\\/03\\\/cropped-9-editions-logo-amazon.jpg\",\"contentUrl\":\"https:\\\/\\\/9editions.com\\\/boutique\\\/wp-content\\\/uploads\\\/2020\\\/03\\\/cropped-9-editions-logo-amazon.jpg\",\"width\":120,\"height\":30,\"caption\":\"9 \u00e9ditions\"},\"image\":{\"@id\":\"https:\\\/\\\/9editions.com\\\/boutique\\\/#\\\/schema\\\/logo\\\/image\\\/\"},\"sameAs\":[\"https:\\\/\\\/www.facebook.com\\\/9editions?ref=bookmarks\",\"https:\\\/\\\/x.com\\\/9_editions\",\"https:\\\/\\\/www.instagram.com\\\/9editions_\\\/\"]}]}<\/script>\n<!-- \/ Yoast SEO plugin. -->","yoast_head_json":{"title":"Envoyer votre manuscrit - 9 \u00e9ditions","description":"Vous souhaitez contacter 9 \u00e9ditions, n'h\u00e9sitez pas \u00e0 r\u00e9pondre \u00e0 notre formulaire de contact ou nous envoyer un mail.","robots":{"index":"index","follow":"follow","max-snippet":"max-snippet:-1","max-image-preview":"max-image-preview:large","max-video-preview":"max-video-preview:-1"},"canonical":"https:\/\/9editions.com\/boutique\/envoyer-votre-manuscrit\/","og_locale":"fr_FR","og_type":"article","og_title":"Envoyer votre manuscrit - 9 \u00e9ditions","og_description":"Vous souhaitez contacter 9 \u00e9ditions, n'h\u00e9sitez pas \u00e0 r\u00e9pondre \u00e0 notre formulaire de contact ou nous envoyer un mail.","og_url":"https:\/\/9editions.com\/boutique\/envoyer-votre-manuscrit\/","og_site_name":"9 \u00e9ditions","article_publisher":"https:\/\/www.facebook.com\/9editions?ref=bookmarks","article_modified_time":"2024-03-04T08:38:27+00:00","twitter_card":"summary_large_image","twitter_site":"@9_editions","twitter_misc":{"Dur\u00e9e de lecture estim\u00e9e":"1 minute"},"schema":{"@context":"https:\/\/schema.org","@graph":[{"@type":"WebPage","@id":"https:\/\/9editions.com\/boutique\/envoyer-votre-manuscrit\/","url":"https:\/\/9editions.com\/boutique\/envoyer-votre-manuscrit\/","name":"Envoyer votre manuscrit - 9 \u00e9ditions","isPartOf":{"@id":"https:\/\/9editions.com\/boutique\/#website"},"datePublished":"2020-02-28T18:50:36+00:00","dateModified":"2024-03-04T08:38:27+00:00","description":"Vous souhaitez contacter 9 \u00e9ditions, n'h\u00e9sitez pas \u00e0 r\u00e9pondre \u00e0 notre formulaire de contact ou nous envoyer un mail.","breadcrumb":{"@id":"https:\/\/9editions.com\/boutique\/envoyer-votre-manuscrit\/#breadcrumb"},"inLanguage":"fr-FR","potentialAction":[{"@type":"ReadAction","target":["https:\/\/9editions.com\/boutique\/envoyer-votre-manuscrit\/"]}]},{"@type":"BreadcrumbList","@id":"https:\/\/9editions.com\/boutique\/envoyer-votre-manuscrit\/#breadcrumb","itemListElement":[{"@type":"ListItem","position":1,"name":"Accueil","item":"https:\/\/9editions.com\/boutique\/"},{"@type":"ListItem","position":2,"name":"Envoyer votre manuscrit"}]},{"@type":"WebSite","@id":"https:\/\/9editions.com\/boutique\/#website","url":"https:\/\/9editions.com\/boutique\/","name":"9 \u00e9ditions","description":"La maison d&#039;\u00e9dition au c\u00f4t\u00e9 des auteurs","publisher":{"@id":"https:\/\/9editions.com\/boutique\/#organization"},"potentialAction":[{"@type":"SearchAction","target":{"@type":"EntryPoint","urlTemplate":"https:\/\/9editions.com\/boutique\/?s={search_term_string}"},"query-input":{"@type":"PropertyValueSpecification","valueRequired":true,"valueName":"search_term_string"}}],"inLanguage":"fr-FR"},{"@type":"Organization","@id":"https:\/\/9editions.com\/boutique\/#organization","name":"9 \u00e9ditions","url":"https:\/\/9editions.com\/boutique\/","logo":{"@type":"ImageObject","inLanguage":"fr-FR","@id":"https:\/\/9editions.com\/boutique\/#\/schema\/logo\/image\/","url":"https:\/\/9editions.com\/boutique\/wp-content\/uploads\/2020\/03\/cropped-9-editions-logo-amazon.jpg","contentUrl":"https:\/\/9editions.com\/boutique\/wp-content\/uploads\/2020\/03\/cropped-9-editions-logo-amazon.jpg","width":120,"height":30,"caption":"9 \u00e9ditions"},"image":{"@id":"https:\/\/9editions.com\/boutique\/#\/schema\/logo\/image\/"},"sameAs":["https:\/\/www.facebook.com\/9editions?ref=bookmarks","https:\/\/x.com\/9_editions","https:\/\/www.instagram.com\/9editions_\/"]}]}},"jetpack_sharing_enabled":true,"_links":{"self":[{"href":"https:\/\/9editions.com\/boutique\/wp-json\/wp\/v2\/pages\/43","targetHints":{"allow":["GET"]}}],"collection":[{"href":"https:\/\/9editions.com\/boutique\/wp-json\/wp\/v2\/pages"}],"about":[{"href":"https:\/\/9editions.com\/boutique\/wp-json\/wp\/v2\/types\/page"}],"author":[{"embeddable":true,"href":"https:\/\/9editions.com\/boutique\/wp-json\/wp\/v2\/users\/1"}],"replies":[{"embeddable":true,"href":"https:\/\/9editions.com\/boutique\/wp-json\/wp\/v2\/comments?post=43"}],"version-history":[{"count":7,"href":"https:\/\/9editions.com\/boutique\/wp-json\/wp\/v2\/pages\/43\/revisions"}],"predecessor-version":[{"id":2583,"href":"https:\/\/9editions.com\/boutique\/wp-json\/wp\/v2\/pages\/43\/revisions\/2583"}],"wp:attachment":[{"href":"https:\/\/9editions.com\/boutique\/wp-json\/wp\/v2\/media?parent=43"}],"curies":[{"name":"wp","href":"https:\/\/api.w.org\/{rel}","templated":true}]}}