{"id":3029,"date":"2025-09-12T14:14:23","date_gmt":"2025-09-12T12:14:23","guid":{"rendered":"https:\/\/9editions.com\/boutique\/?page_id=3029"},"modified":"2025-09-12T15:39:31","modified_gmt":"2025-09-12T13:39:31","slug":"publication-gratuite","status":"publish","type":"page","link":"https:\/\/9editions.com\/boutique\/publication-gratuite\/","title":{"rendered":"Publication gratuite"},"content":{"rendered":"\n<h2 class=\"wp-block-heading\">Tester le potentiel de votre livre gratuitement<\/h2>\n\n\n\n<p>9 \u00e9ditions r\u00e9volutionne l\u2019\u00e9dition telle que vous la connaissez.<\/p>\n\n\n\n<p>Pourquoi faire confiance de mani\u00e8re aveugle \u00e0 un \u00e9diteur qui vous demande un gros investissement, quelle garantie avez-vous que les promesses \u00e9chang\u00e9es lors d\u2019une discussion t\u00e9l\u00e9phonique soient respect\u00e9es&nbsp;?<\/p>\n\n\n\n<p>Nous vous proposons de nous mettre \u00e0 l\u2019\u00e9preuve, pour cela nous prenons sur nous le co\u00fbt de la cr\u00e9ation de votre ebook&nbsp;! Cela ne vous suffit pas&nbsp;! \u00c0 juste titre qu\u2019est-ce que cela prouve&nbsp;? Allons plus loin, nous r\u00e9f\u00e9ren\u00e7ons votre ebook sur les Marketplace&nbsp;: Amazon, Fnac, i-Kiosque et bien s\u00fbr sur notre site&nbsp;<a href=\"https:\/\/9editions.com\/\">www.9editions.com<\/a><\/p>\n\n\n\n<h2 class=\"wp-block-heading\">D\u00e9tachons-nous des \u00e9diteurs fran\u00e7ais, arr\u00eatons l\u2019arnaque autour de l\u2019\u00e9dition&nbsp;!<\/h2>\n\n\n\n<p>Nous mettons notre savoir-faire \u00e0 votre disposition afin de pouvoir vous prouver que l\u2019\u00e9dition n\u2019est pas qu\u2019une histoire d\u2019argent&nbsp;!<\/p>\n\n\n\n<p>Vous pourrez ainsi, juger de notre s\u00e9rieux et par la m\u00eame occasion d\u00e9couvrir si votre livre \u00e0 le potentiel d\u2019\u00eatre publi\u00e9. Vaut-il le co\u00fbt d\u2019investir dans un contrat de publication \u00ab&nbsp;ebook&nbsp;\u00bb et\/ou \u00ab&nbsp;papier&nbsp;\u00bb&nbsp;?<\/p>\n\n\n\n<p>Le mois de publication gratuite arrive \u00e0 son terme, vous voulez connaitre vos ventes, aucun souci nous faisons le point avec vous dans les 48 heures. Vous d\u00e9cidez ensuite de continuer ou non l\u2019aventure avec &nbsp;9 \u00e9ditions&nbsp;!<\/p>\n\n\n\n<p>9 \u00e9ditions se r\u00e9serve le droit de refuser de publier des manuscrits qui comporteraient trop de fautes (ou vous proposera de faire corriger votre tapuscrit moyennant une contrepartie financi\u00e8re) ou si votre ouvrage n\u2019entre pas dans notre ligne \u00e9ditoriale.<\/p>\n\n\n\n<h2 class=\"wp-block-heading\">Une formule est sans engagement<\/h2>\n\n\n\n<p>Vous pouvez donc arr\u00eater \u00e0 tout moment d\u2019\u00eatre publi\u00e9 par nos services.<\/p>\n\n\n\n<p>Mais alors vous fournissez votre \u0153uvre &nbsp;et que touchez-vous en \u00e9change&nbsp;?<\/p>\n\n\n\n<p>Comme tous les auteurs vous souhaitez avoir la r\u00e9mun\u00e9ration li\u00e9e \u00e0 vos \u00e9crits, ce qui est normal&nbsp;!<\/p>\n\n\n\n<p>9 \u00e9ditions vous reverse 30%&nbsp;HT des ventes r\u00e9alis\u00e9es.<\/p>\n\n\n\n<h2 class=\"wp-block-heading\">Pourquoi 30%, alors que d\u2019autres nous proposent plus&nbsp;!<\/h2>\n\n\n\n<p>Nous sommes transparents quant aux chiffres que nous avan\u00e7ons. Les Marketplace comme Amazon, Fnac, i-Kiosque prennent entre 30 et 40% du prix des livres num\u00e9riques.<\/p>\n\n\n\n<p><em>Faisons donc une simple addition 30+40=70%.<\/em><\/p>\n\n\n\n<p>9 \u00e9ditions r\u00e9cup\u00e8re donc 30% du prix HT&nbsp;!<\/p>\n\n\n\n<p>C\u2019est vrai&nbsp;! Cependant, nous avons r\u00e9alis\u00e9 la cr\u00e9ation de votre ebook avec les m\u00e9tadonn\u00e9es, une couverture&nbsp;pr\u00e9con\u00e7ue&nbsp;pour le pr\u00e9senter, l\u2019enregistrement sur les Marketplace et sur notre site.<\/p>\n\n\n\n<p>Nous mettons votre talent en avant en parlant de vous sur notre 9 \u00e9ditions mais aussi sur les r\u00e9seaux sociaux&nbsp;: Facebook, Twitter, Instagram, Linked In\u2026<\/p>\n\n\n\n<p>Et \u00e0 la fin de votre mois gratuit. Vous serez donc dans tous les cas gagnant, puisque vous aurez \u00e9t\u00e9 pr\u00e9sent\u00e9 aux lecteurs ! Vous ne serez plus inconnu dans le monde de l\u2019\u00e9dition.<\/p>\n\n\n\n<h2 class=\"wp-block-heading\">Que se passe-t-il apr\u00e8s le mois de publication gratuite ?<\/h2>\n\n\n\n<p>Un agent de 9 \u00e9ditions prendra contact avec vous pour vous pr\u00e9senter les diff\u00e9rentes options qui s\u2019offrent \u00e0 vous.<\/p>\n\n\n\n<p>9 \u00e9ditions fera le point sur vos ventes afin de vous dire les points forts et les points faibles de votre publication. En fonction de ce bilan nous vous ferons des propositions de packs litt\u00e9raires que nous avons mis en place. Vous aurez ainsi toutes les cartes en main avec le recul d\u2019un mois d\u2019exp\u00e9rience avec nos \u00e9quipes pour d\u00e9cider de l\u2019avenir de votre ouvrage et de votre statut d\u2019auteur.<\/p>\n\n\n\n<p>Rien n\u2019est cach\u00e9 ! Tout est expliqu\u00e9 dans les conditions g\u00e9n\u00e9rales que vous pourrez t\u00e9l\u00e9charger et que vous aurez, au pr\u00e9alable, accept\u00e9es.<\/p>\n\n\n\n<p>Alors n\u2019h\u00e9sitez plus et lancez-vous dans l\u2019aventure avec 9 \u00e9ditions.<\/p>\n","protected":false},"excerpt":{"rendered":"<p>Tester le potentiel de votre livre gratuitement 9 \u00e9ditions r\u00e9volutionne l\u2019\u00e9dition telle que vous la connaissez. Pourquoi faire confiance de mani\u00e8re aveugle \u00e0 un \u00e9diteur qui vous demande un gros investissement, quelle garantie avez-vous que les promesses \u00e9chang\u00e9es lors d\u2019une discussion t\u00e9l\u00e9phonique soient respect\u00e9es&nbsp;? Nous vous proposons de nous mettre<\/p>\n","protected":false},"author":1,"featured_media":0,"parent":0,"menu_order":0,"comment_status":"closed","ping_status":"closed","template":"","meta":{"footnotes":""},"class_list":{"1":"page","2":"type-page","3":"status-publish","4":"hentry"},"yoast_head":"<!-- This site is optimized with the Yoast SEO plugin v27.3 - https:\/\/yoast.com\/product\/yoast-seo-wordpress\/ -->\n<title>Publication gratuite - 9 \u00e9ditions<\/title>\n<meta name=\"robots\" content=\"index, follow, max-snippet:-1, max-image-preview:large, max-video-preview:-1\" \/>\n<link rel=\"canonical\" href=\"https:\/\/9editions.com\/boutique\/publication-gratuite\/\" \/>\n<meta property=\"og:locale\" content=\"fr_FR\" \/>\n<meta property=\"og:type\" content=\"article\" \/>\n<meta property=\"og:title\" content=\"Publication gratuite - 9 \u00e9ditions\" \/>\n<meta property=\"og:description\" content=\"Tester le potentiel de votre livre gratuitement 9 \u00e9ditions r\u00e9volutionne l\u2019\u00e9dition telle que vous la connaissez. Pourquoi faire confiance de mani\u00e8re aveugle \u00e0 un \u00e9diteur qui vous demande un gros investissement, quelle garantie avez-vous que les promesses \u00e9chang\u00e9es lors d\u2019une discussion t\u00e9l\u00e9phonique soient respect\u00e9es&nbsp;? Nous vous proposons de nous mettre\" \/>\n<meta property=\"og:url\" content=\"https:\/\/9editions.com\/boutique\/publication-gratuite\/\" \/>\n<meta property=\"og:site_name\" content=\"9 \u00e9ditions\" \/>\n<meta property=\"article:publisher\" content=\"https:\/\/www.facebook.com\/9editions?ref=bookmarks\" \/>\n<meta property=\"article:modified_time\" content=\"2025-09-12T13:39:31+00:00\" \/>\n<meta name=\"twitter:card\" content=\"summary_large_image\" \/>\n<meta name=\"twitter:site\" content=\"@9_editions\" \/>\n<meta name=\"twitter:label1\" content=\"Dur\u00e9e de lecture estim\u00e9e\" \/>\n\t<meta name=\"twitter:data1\" content=\"3 minutes\" \/>\n<script type=\"application\/ld+json\" class=\"yoast-schema-graph\">{\"@context\":\"https:\\\/\\\/schema.org\",\"@graph\":[{\"@type\":\"WebPage\",\"@id\":\"https:\\\/\\\/9editions.com\\\/boutique\\\/publication-gratuite\\\/\",\"url\":\"https:\\\/\\\/9editions.com\\\/boutique\\\/publication-gratuite\\\/\",\"name\":\"Publication gratuite - 9 \u00e9ditions\",\"isPartOf\":{\"@id\":\"https:\\\/\\\/9editions.com\\\/boutique\\\/#website\"},\"datePublished\":\"2025-09-12T12:14:23+00:00\",\"dateModified\":\"2025-09-12T13:39:31+00:00\",\"breadcrumb\":{\"@id\":\"https:\\\/\\\/9editions.com\\\/boutique\\\/publication-gratuite\\\/#breadcrumb\"},\"inLanguage\":\"fr-FR\",\"potentialAction\":[{\"@type\":\"ReadAction\",\"target\":[\"https:\\\/\\\/9editions.com\\\/boutique\\\/publication-gratuite\\\/\"]}]},{\"@type\":\"BreadcrumbList\",\"@id\":\"https:\\\/\\\/9editions.com\\\/boutique\\\/publication-gratuite\\\/#breadcrumb\",\"itemListElement\":[{\"@type\":\"ListItem\",\"position\":1,\"name\":\"Accueil\",\"item\":\"https:\\\/\\\/9editions.com\\\/boutique\\\/\"},{\"@type\":\"ListItem\",\"position\":2,\"name\":\"Publication gratuite\"}]},{\"@type\":\"WebSite\",\"@id\":\"https:\\\/\\\/9editions.com\\\/boutique\\\/#website\",\"url\":\"https:\\\/\\\/9editions.com\\\/boutique\\\/\",\"name\":\"9 \u00e9ditions\",\"description\":\"La maison d&#039;\u00e9dition au c\u00f4t\u00e9 des auteurs\",\"publisher\":{\"@id\":\"https:\\\/\\\/9editions.com\\\/boutique\\\/#organization\"},\"potentialAction\":[{\"@type\":\"SearchAction\",\"target\":{\"@type\":\"EntryPoint\",\"urlTemplate\":\"https:\\\/\\\/9editions.com\\\/boutique\\\/?s={search_term_string}\"},\"query-input\":{\"@type\":\"PropertyValueSpecification\",\"valueRequired\":true,\"valueName\":\"search_term_string\"}}],\"inLanguage\":\"fr-FR\"},{\"@type\":\"Organization\",\"@id\":\"https:\\\/\\\/9editions.com\\\/boutique\\\/#organization\",\"name\":\"9 \u00e9ditions\",\"url\":\"https:\\\/\\\/9editions.com\\\/boutique\\\/\",\"logo\":{\"@type\":\"ImageObject\",\"inLanguage\":\"fr-FR\",\"@id\":\"https:\\\/\\\/9editions.com\\\/boutique\\\/#\\\/schema\\\/logo\\\/image\\\/\",\"url\":\"https:\\\/\\\/9editions.com\\\/boutique\\\/wp-content\\\/uploads\\\/2020\\\/03\\\/cropped-9-editions-logo-amazon.jpg\",\"contentUrl\":\"https:\\\/\\\/9editions.com\\\/boutique\\\/wp-content\\\/uploads\\\/2020\\\/03\\\/cropped-9-editions-logo-amazon.jpg\",\"width\":120,\"height\":30,\"caption\":\"9 \u00e9ditions\"},\"image\":{\"@id\":\"https:\\\/\\\/9editions.com\\\/boutique\\\/#\\\/schema\\\/logo\\\/image\\\/\"},\"sameAs\":[\"https:\\\/\\\/www.facebook.com\\\/9editions?ref=bookmarks\",\"https:\\\/\\\/x.com\\\/9_editions\",\"https:\\\/\\\/www.instagram.com\\\/9editions_\\\/\"]}]}<\/script>\n<!-- \/ Yoast SEO plugin. -->","yoast_head_json":{"title":"Publication gratuite - 9 \u00e9ditions","robots":{"index":"index","follow":"follow","max-snippet":"max-snippet:-1","max-image-preview":"max-image-preview:large","max-video-preview":"max-video-preview:-1"},"canonical":"https:\/\/9editions.com\/boutique\/publication-gratuite\/","og_locale":"fr_FR","og_type":"article","og_title":"Publication gratuite - 9 \u00e9ditions","og_description":"Tester le potentiel de votre livre gratuitement 9 \u00e9ditions r\u00e9volutionne l\u2019\u00e9dition telle que vous la connaissez. Pourquoi faire confiance de mani\u00e8re aveugle \u00e0 un \u00e9diteur qui vous demande un gros investissement, quelle garantie avez-vous que les promesses \u00e9chang\u00e9es lors d\u2019une discussion t\u00e9l\u00e9phonique soient respect\u00e9es&nbsp;? Nous vous proposons de nous mettre","og_url":"https:\/\/9editions.com\/boutique\/publication-gratuite\/","og_site_name":"9 \u00e9ditions","article_publisher":"https:\/\/www.facebook.com\/9editions?ref=bookmarks","article_modified_time":"2025-09-12T13:39:31+00:00","twitter_card":"summary_large_image","twitter_site":"@9_editions","twitter_misc":{"Dur\u00e9e de lecture estim\u00e9e":"3 minutes"},"schema":{"@context":"https:\/\/schema.org","@graph":[{"@type":"WebPage","@id":"https:\/\/9editions.com\/boutique\/publication-gratuite\/","url":"https:\/\/9editions.com\/boutique\/publication-gratuite\/","name":"Publication gratuite - 9 \u00e9ditions","isPartOf":{"@id":"https:\/\/9editions.com\/boutique\/#website"},"datePublished":"2025-09-12T12:14:23+00:00","dateModified":"2025-09-12T13:39:31+00:00","breadcrumb":{"@id":"https:\/\/9editions.com\/boutique\/publication-gratuite\/#breadcrumb"},"inLanguage":"fr-FR","potentialAction":[{"@type":"ReadAction","target":["https:\/\/9editions.com\/boutique\/publication-gratuite\/"]}]},{"@type":"BreadcrumbList","@id":"https:\/\/9editions.com\/boutique\/publication-gratuite\/#breadcrumb","itemListElement":[{"@type":"ListItem","position":1,"name":"Accueil","item":"https:\/\/9editions.com\/boutique\/"},{"@type":"ListItem","position":2,"name":"Publication gratuite"}]},{"@type":"WebSite","@id":"https:\/\/9editions.com\/boutique\/#website","url":"https:\/\/9editions.com\/boutique\/","name":"9 \u00e9ditions","description":"La maison d&#039;\u00e9dition au c\u00f4t\u00e9 des auteurs","publisher":{"@id":"https:\/\/9editions.com\/boutique\/#organization"},"potentialAction":[{"@type":"SearchAction","target":{"@type":"EntryPoint","urlTemplate":"https:\/\/9editions.com\/boutique\/?s={search_term_string}"},"query-input":{"@type":"PropertyValueSpecification","valueRequired":true,"valueName":"search_term_string"}}],"inLanguage":"fr-FR"},{"@type":"Organization","@id":"https:\/\/9editions.com\/boutique\/#organization","name":"9 \u00e9ditions","url":"https:\/\/9editions.com\/boutique\/","logo":{"@type":"ImageObject","inLanguage":"fr-FR","@id":"https:\/\/9editions.com\/boutique\/#\/schema\/logo\/image\/","url":"https:\/\/9editions.com\/boutique\/wp-content\/uploads\/2020\/03\/cropped-9-editions-logo-amazon.jpg","contentUrl":"https:\/\/9editions.com\/boutique\/wp-content\/uploads\/2020\/03\/cropped-9-editions-logo-amazon.jpg","width":120,"height":30,"caption":"9 \u00e9ditions"},"image":{"@id":"https:\/\/9editions.com\/boutique\/#\/schema\/logo\/image\/"},"sameAs":["https:\/\/www.facebook.com\/9editions?ref=bookmarks","https:\/\/x.com\/9_editions","https:\/\/www.instagram.com\/9editions_\/"]}]}},"jetpack_sharing_enabled":true,"_links":{"self":[{"href":"https:\/\/9editions.com\/boutique\/wp-json\/wp\/v2\/pages\/3029","targetHints":{"allow":["GET"]}}],"collection":[{"href":"https:\/\/9editions.com\/boutique\/wp-json\/wp\/v2\/pages"}],"about":[{"href":"https:\/\/9editions.com\/boutique\/wp-json\/wp\/v2\/types\/page"}],"author":[{"embeddable":true,"href":"https:\/\/9editions.com\/boutique\/wp-json\/wp\/v2\/users\/1"}],"replies":[{"embeddable":true,"href":"https:\/\/9editions.com\/boutique\/wp-json\/wp\/v2\/comments?post=3029"}],"version-history":[{"count":3,"href":"https:\/\/9editions.com\/boutique\/wp-json\/wp\/v2\/pages\/3029\/revisions"}],"predecessor-version":[{"id":3040,"href":"https:\/\/9editions.com\/boutique\/wp-json\/wp\/v2\/pages\/3029\/revisions\/3040"}],"wp:attachment":[{"href":"https:\/\/9editions.com\/boutique\/wp-json\/wp\/v2\/media?parent=3029"}],"curies":[{"name":"wp","href":"https:\/\/api.w.org\/{rel}","templated":true}]}}