{"id":3021,"date":"2025-09-12T15:33:47","date_gmt":"2025-09-12T13:33:47","guid":{"rendered":"https:\/\/9editions.com\/boutique\/?page_id=3021"},"modified":"2025-09-12T17:25:43","modified_gmt":"2025-09-12T15:25:43","slug":"conditions-de-collaboration","status":"publish","type":"page","link":"https:\/\/9editions.com\/boutique\/conditions-de-collaboration\/","title":{"rendered":"Conditions de collaboration"},"content":{"rendered":"\n<h2 class=\"wp-block-heading\">Donner une chance \u00e0 tous<\/h2>\n\n\n\n<p><strong>9 \u00e9ditions<\/strong>&nbsp;s\u2019engage \u00e0 collaborer avec les auteurs pour leur permettre de publier leurs<strong>&nbsp;livres num\u00e9riques ou papiers<\/strong>&nbsp;dans des conditions optimales.<\/p>\n\n\n\n<p>Aussi notre objectif est de donner une&nbsp;<strong>chance<\/strong>&nbsp;aux \u00e9crivains peu connus de se faire conna\u00eetre.<br>Nous consid\u00e9rons tous nos auteurs de la m\u00eame fa\u00e7on. Notre maison d\u2019\u00e9dition con\u00e7oit ses relations avec ses \u00e9crivains, ses illustrateurs ou ses photographes comme un partenariat. En effet, si&nbsp;<strong>9 \u00e9ditions&nbsp;<\/strong>a les comp\u00e9tences pour r\u00e9aliser un livre (mise en page, correction, couverture de livre attrayante) et la promotion de vos \u0153uvres litt\u00e9raires (organisation de s\u00e9ances de d\u00e9dicaces, participation \u00e0 des salons du livre, s\u00e9ances de lecture publique et supports m\u00e9diatiques), nous ne pourrions pas mettre en application notre savoir-faire sans votre fibre artistique. Inversement les auteurs ont besoin des maisons d\u2019\u00e9dition pour \u00eatre inform\u00e9s, conseill\u00e9s et parfois form\u00e9s afin de vendre leurs ouvrages, de&nbsp;<strong>d\u00e9battre avec leurs lecteurs et de partager leurs histoires avec le grand public.<\/strong><\/p>\n\n\n\n<p>Les auto-\u00e9dit\u00e9s malgr\u00e9 toutes leurs bonnes volont\u00e9s ne pourront malheureusement jamais acc\u00e9der aux services propos\u00e9s par les maisons d\u2019\u00e9dition. Ce m\u00e9tier repose sur un savoir-faire irrempla\u00e7able. Notre m\u00e9tier consiste \u00e0&nbsp;<strong>d\u00e9tecter des talents et les faire prosp\u00e9rer.&nbsp;<\/strong>C\u2019est pour toutes ces raisons que&nbsp;<strong>9 \u00e9ditions<\/strong>&nbsp;a fait le choix d\u2019investir sur les \u0153uvres en devenir et vous propose des packs afin de r\u00e9pondre \u00e0 toutes vos attentes selon&nbsp;vos besoins.<\/p>\n\n\n\n<p>Quel que soit votre choix de publication,&nbsp;<strong>9 \u00e9ditions<\/strong>&nbsp;peut vous apporter des solutions pour vous aider \u00e0 atteindre vos objectifs.<\/p>\n\n\n\n<p>Nous vous invitons \u00e0 d\u00e9couvrir nos prestations et nos packs&nbsp;<a href=\"https:\/\/9editions.com\/prestations-3\/\">ici<\/a><\/p>\n\n\n\n<p><\/p>\n","protected":false},"excerpt":{"rendered":"<p>Donner une chance \u00e0 tous 9 \u00e9ditions&nbsp;s\u2019engage \u00e0 collaborer avec les auteurs pour leur permettre de publier leurs&nbsp;livres num\u00e9riques ou papiers&nbsp;dans des conditions optimales. Aussi notre objectif est de donner une&nbsp;chance&nbsp;aux \u00e9crivains peu connus de se faire conna\u00eetre.Nous consid\u00e9rons tous nos auteurs de la m\u00eame fa\u00e7on. Notre maison d\u2019\u00e9dition con\u00e7oit<\/p>\n","protected":false},"author":1,"featured_media":3038,"parent":0,"menu_order":0,"comment_status":"closed","ping_status":"closed","template":"","meta":{"footnotes":""},"class_list":{"0":"post-3021","1":"page","2":"type-page","3":"status-publish","5":"hentry"},"yoast_head":"<!-- This site is optimized with the Yoast SEO plugin v27.3 - https:\/\/yoast.com\/product\/yoast-seo-wordpress\/ -->\n<title>Conditions de collaboration - 9 \u00e9ditions<\/title>\n<meta name=\"description\" content=\"9 \u00e9ditions aide les auteurs \u00e0 publier leurs livres et \u00e0 se faire conna\u00eetre gr\u00e2ce \u00e0 un accompagnement complet et personnalis\u00e9.\" \/>\n<meta name=\"robots\" content=\"index, follow, max-snippet:-1, max-image-preview:large, max-video-preview:-1\" \/>\n<link rel=\"canonical\" href=\"https:\/\/9editions.com\/boutique\/conditions-de-collaboration\/\" \/>\n<meta property=\"og:locale\" content=\"fr_FR\" \/>\n<meta property=\"og:type\" content=\"article\" \/>\n<meta property=\"og:title\" content=\"Conditions de collaboration - 9 \u00e9ditions\" \/>\n<meta property=\"og:description\" content=\"9 \u00e9ditions aide les auteurs \u00e0 publier leurs livres et \u00e0 se faire conna\u00eetre gr\u00e2ce \u00e0 un accompagnement complet et personnalis\u00e9.\" \/>\n<meta property=\"og:url\" content=\"https:\/\/9editions.com\/boutique\/conditions-de-collaboration\/\" \/>\n<meta property=\"og:site_name\" content=\"9 \u00e9ditions\" \/>\n<meta property=\"article:publisher\" content=\"https:\/\/www.facebook.com\/9editions?ref=bookmarks\" \/>\n<meta property=\"article:modified_time\" content=\"2025-09-12T15:25:43+00:00\" \/>\n<meta property=\"og:image\" content=\"https:\/\/9editions.com\/boutique\/wp-content\/uploads\/2025\/09\/unnamed-file.jpg\" \/>\n\t<meta property=\"og:image:width\" content=\"736\" \/>\n\t<meta property=\"og:image:height\" content=\"487\" \/>\n\t<meta property=\"og:image:type\" content=\"image\/jpeg\" \/>\n<meta name=\"twitter:card\" content=\"summary_large_image\" \/>\n<meta name=\"twitter:site\" content=\"@9_editions\" \/>\n<meta name=\"twitter:label1\" content=\"Dur\u00e9e de lecture estim\u00e9e\" \/>\n\t<meta name=\"twitter:data1\" content=\"2 minutes\" \/>\n<script type=\"application\/ld+json\" class=\"yoast-schema-graph\">{\"@context\":\"https:\\\/\\\/schema.org\",\"@graph\":[{\"@type\":\"WebPage\",\"@id\":\"https:\\\/\\\/9editions.com\\\/boutique\\\/conditions-de-collaboration\\\/\",\"url\":\"https:\\\/\\\/9editions.com\\\/boutique\\\/conditions-de-collaboration\\\/\",\"name\":\"Conditions de collaboration - 9 \u00e9ditions\",\"isPartOf\":{\"@id\":\"https:\\\/\\\/9editions.com\\\/boutique\\\/#website\"},\"primaryImageOfPage\":{\"@id\":\"https:\\\/\\\/9editions.com\\\/boutique\\\/conditions-de-collaboration\\\/#primaryimage\"},\"image\":{\"@id\":\"https:\\\/\\\/9editions.com\\\/boutique\\\/conditions-de-collaboration\\\/#primaryimage\"},\"thumbnailUrl\":\"https:\\\/\\\/9editions.com\\\/boutique\\\/wp-content\\\/uploads\\\/2025\\\/09\\\/unnamed-file.jpg\",\"datePublished\":\"2025-09-12T13:33:47+00:00\",\"dateModified\":\"2025-09-12T15:25:43+00:00\",\"description\":\"9 \u00e9ditions aide les auteurs \u00e0 publier leurs livres et \u00e0 se faire conna\u00eetre gr\u00e2ce \u00e0 un accompagnement complet et personnalis\u00e9.\",\"breadcrumb\":{\"@id\":\"https:\\\/\\\/9editions.com\\\/boutique\\\/conditions-de-collaboration\\\/#breadcrumb\"},\"inLanguage\":\"fr-FR\",\"potentialAction\":[{\"@type\":\"ReadAction\",\"target\":[\"https:\\\/\\\/9editions.com\\\/boutique\\\/conditions-de-collaboration\\\/\"]}]},{\"@type\":\"ImageObject\",\"inLanguage\":\"fr-FR\",\"@id\":\"https:\\\/\\\/9editions.com\\\/boutique\\\/conditions-de-collaboration\\\/#primaryimage\",\"url\":\"https:\\\/\\\/9editions.com\\\/boutique\\\/wp-content\\\/uploads\\\/2025\\\/09\\\/unnamed-file.jpg\",\"contentUrl\":\"https:\\\/\\\/9editions.com\\\/boutique\\\/wp-content\\\/uploads\\\/2025\\\/09\\\/unnamed-file.jpg\",\"width\":736,\"height\":487},{\"@type\":\"BreadcrumbList\",\"@id\":\"https:\\\/\\\/9editions.com\\\/boutique\\\/conditions-de-collaboration\\\/#breadcrumb\",\"itemListElement\":[{\"@type\":\"ListItem\",\"position\":1,\"name\":\"Accueil\",\"item\":\"https:\\\/\\\/9editions.com\\\/boutique\\\/\"},{\"@type\":\"ListItem\",\"position\":2,\"name\":\"Conditions de collaboration\"}]},{\"@type\":\"WebSite\",\"@id\":\"https:\\\/\\\/9editions.com\\\/boutique\\\/#website\",\"url\":\"https:\\\/\\\/9editions.com\\\/boutique\\\/\",\"name\":\"9 \u00e9ditions\",\"description\":\"La maison d&#039;\u00e9dition au c\u00f4t\u00e9 des auteurs\",\"publisher\":{\"@id\":\"https:\\\/\\\/9editions.com\\\/boutique\\\/#organization\"},\"potentialAction\":[{\"@type\":\"SearchAction\",\"target\":{\"@type\":\"EntryPoint\",\"urlTemplate\":\"https:\\\/\\\/9editions.com\\\/boutique\\\/?s={search_term_string}\"},\"query-input\":{\"@type\":\"PropertyValueSpecification\",\"valueRequired\":true,\"valueName\":\"search_term_string\"}}],\"inLanguage\":\"fr-FR\"},{\"@type\":\"Organization\",\"@id\":\"https:\\\/\\\/9editions.com\\\/boutique\\\/#organization\",\"name\":\"9 \u00e9ditions\",\"url\":\"https:\\\/\\\/9editions.com\\\/boutique\\\/\",\"logo\":{\"@type\":\"ImageObject\",\"inLanguage\":\"fr-FR\",\"@id\":\"https:\\\/\\\/9editions.com\\\/boutique\\\/#\\\/schema\\\/logo\\\/image\\\/\",\"url\":\"https:\\\/\\\/9editions.com\\\/boutique\\\/wp-content\\\/uploads\\\/2020\\\/03\\\/cropped-9-editions-logo-amazon.jpg\",\"contentUrl\":\"https:\\\/\\\/9editions.com\\\/boutique\\\/wp-content\\\/uploads\\\/2020\\\/03\\\/cropped-9-editions-logo-amazon.jpg\",\"width\":120,\"height\":30,\"caption\":\"9 \u00e9ditions\"},\"image\":{\"@id\":\"https:\\\/\\\/9editions.com\\\/boutique\\\/#\\\/schema\\\/logo\\\/image\\\/\"},\"sameAs\":[\"https:\\\/\\\/www.facebook.com\\\/9editions?ref=bookmarks\",\"https:\\\/\\\/x.com\\\/9_editions\",\"https:\\\/\\\/www.instagram.com\\\/9editions_\\\/\"]}]}<\/script>\n<!-- \/ Yoast SEO plugin. -->","yoast_head_json":{"title":"Conditions de collaboration - 9 \u00e9ditions","description":"9 \u00e9ditions aide les auteurs \u00e0 publier leurs livres et \u00e0 se faire conna\u00eetre gr\u00e2ce \u00e0 un accompagnement complet et personnalis\u00e9.","robots":{"index":"index","follow":"follow","max-snippet":"max-snippet:-1","max-image-preview":"max-image-preview:large","max-video-preview":"max-video-preview:-1"},"canonical":"https:\/\/9editions.com\/boutique\/conditions-de-collaboration\/","og_locale":"fr_FR","og_type":"article","og_title":"Conditions de collaboration - 9 \u00e9ditions","og_description":"9 \u00e9ditions aide les auteurs \u00e0 publier leurs livres et \u00e0 se faire conna\u00eetre gr\u00e2ce \u00e0 un accompagnement complet et personnalis\u00e9.","og_url":"https:\/\/9editions.com\/boutique\/conditions-de-collaboration\/","og_site_name":"9 \u00e9ditions","article_publisher":"https:\/\/www.facebook.com\/9editions?ref=bookmarks","article_modified_time":"2025-09-12T15:25:43+00:00","og_image":[{"width":736,"height":487,"url":"https:\/\/9editions.com\/boutique\/wp-content\/uploads\/2025\/09\/unnamed-file.jpg","type":"image\/jpeg"}],"twitter_card":"summary_large_image","twitter_site":"@9_editions","twitter_misc":{"Dur\u00e9e de lecture estim\u00e9e":"2 minutes"},"schema":{"@context":"https:\/\/schema.org","@graph":[{"@type":"WebPage","@id":"https:\/\/9editions.com\/boutique\/conditions-de-collaboration\/","url":"https:\/\/9editions.com\/boutique\/conditions-de-collaboration\/","name":"Conditions de collaboration - 9 \u00e9ditions","isPartOf":{"@id":"https:\/\/9editions.com\/boutique\/#website"},"primaryImageOfPage":{"@id":"https:\/\/9editions.com\/boutique\/conditions-de-collaboration\/#primaryimage"},"image":{"@id":"https:\/\/9editions.com\/boutique\/conditions-de-collaboration\/#primaryimage"},"thumbnailUrl":"https:\/\/9editions.com\/boutique\/wp-content\/uploads\/2025\/09\/unnamed-file.jpg","datePublished":"2025-09-12T13:33:47+00:00","dateModified":"2025-09-12T15:25:43+00:00","description":"9 \u00e9ditions aide les auteurs \u00e0 publier leurs livres et \u00e0 se faire conna\u00eetre gr\u00e2ce \u00e0 un accompagnement complet et personnalis\u00e9.","breadcrumb":{"@id":"https:\/\/9editions.com\/boutique\/conditions-de-collaboration\/#breadcrumb"},"inLanguage":"fr-FR","potentialAction":[{"@type":"ReadAction","target":["https:\/\/9editions.com\/boutique\/conditions-de-collaboration\/"]}]},{"@type":"ImageObject","inLanguage":"fr-FR","@id":"https:\/\/9editions.com\/boutique\/conditions-de-collaboration\/#primaryimage","url":"https:\/\/9editions.com\/boutique\/wp-content\/uploads\/2025\/09\/unnamed-file.jpg","contentUrl":"https:\/\/9editions.com\/boutique\/wp-content\/uploads\/2025\/09\/unnamed-file.jpg","width":736,"height":487},{"@type":"BreadcrumbList","@id":"https:\/\/9editions.com\/boutique\/conditions-de-collaboration\/#breadcrumb","itemListElement":[{"@type":"ListItem","position":1,"name":"Accueil","item":"https:\/\/9editions.com\/boutique\/"},{"@type":"ListItem","position":2,"name":"Conditions de collaboration"}]},{"@type":"WebSite","@id":"https:\/\/9editions.com\/boutique\/#website","url":"https:\/\/9editions.com\/boutique\/","name":"9 \u00e9ditions","description":"La maison d&#039;\u00e9dition au c\u00f4t\u00e9 des auteurs","publisher":{"@id":"https:\/\/9editions.com\/boutique\/#organization"},"potentialAction":[{"@type":"SearchAction","target":{"@type":"EntryPoint","urlTemplate":"https:\/\/9editions.com\/boutique\/?s={search_term_string}"},"query-input":{"@type":"PropertyValueSpecification","valueRequired":true,"valueName":"search_term_string"}}],"inLanguage":"fr-FR"},{"@type":"Organization","@id":"https:\/\/9editions.com\/boutique\/#organization","name":"9 \u00e9ditions","url":"https:\/\/9editions.com\/boutique\/","logo":{"@type":"ImageObject","inLanguage":"fr-FR","@id":"https:\/\/9editions.com\/boutique\/#\/schema\/logo\/image\/","url":"https:\/\/9editions.com\/boutique\/wp-content\/uploads\/2020\/03\/cropped-9-editions-logo-amazon.jpg","contentUrl":"https:\/\/9editions.com\/boutique\/wp-content\/uploads\/2020\/03\/cropped-9-editions-logo-amazon.jpg","width":120,"height":30,"caption":"9 \u00e9ditions"},"image":{"@id":"https:\/\/9editions.com\/boutique\/#\/schema\/logo\/image\/"},"sameAs":["https:\/\/www.facebook.com\/9editions?ref=bookmarks","https:\/\/x.com\/9_editions","https:\/\/www.instagram.com\/9editions_\/"]}]}},"jetpack_sharing_enabled":true,"_links":{"self":[{"href":"https:\/\/9editions.com\/boutique\/wp-json\/wp\/v2\/pages\/3021","targetHints":{"allow":["GET"]}}],"collection":[{"href":"https:\/\/9editions.com\/boutique\/wp-json\/wp\/v2\/pages"}],"about":[{"href":"https:\/\/9editions.com\/boutique\/wp-json\/wp\/v2\/types\/page"}],"author":[{"embeddable":true,"href":"https:\/\/9editions.com\/boutique\/wp-json\/wp\/v2\/users\/1"}],"replies":[{"embeddable":true,"href":"https:\/\/9editions.com\/boutique\/wp-json\/wp\/v2\/comments?post=3021"}],"version-history":[{"count":2,"href":"https:\/\/9editions.com\/boutique\/wp-json\/wp\/v2\/pages\/3021\/revisions"}],"predecessor-version":[{"id":3039,"href":"https:\/\/9editions.com\/boutique\/wp-json\/wp\/v2\/pages\/3021\/revisions\/3039"}],"wp:featuredmedia":[{"embeddable":true,"href":"https:\/\/9editions.com\/boutique\/wp-json\/wp\/v2\/media\/3038"}],"wp:attachment":[{"href":"https:\/\/9editions.com\/boutique\/wp-json\/wp\/v2\/media?parent=3021"}],"curies":[{"name":"wp","href":"https:\/\/api.w.org\/{rel}","templated":true}]}}