{"id":3014,"date":"2025-09-12T13:47:39","date_gmt":"2025-09-12T11:47:39","guid":{"rendered":"https:\/\/9editions.com\/boutique\/?page_id=3014"},"modified":"2025-09-15T15:08:29","modified_gmt":"2025-09-15T13:08:29","slug":"mentions-legales","status":"publish","type":"page","link":"https:\/\/9editions.com\/boutique\/mentions-legales\/","title":{"rendered":"Mentions l\u00e9gales"},"content":{"rendered":"\n<figure class=\"wp-block-gallery has-nested-images columns-default is-cropped wp-block-gallery-1 is-layout-flex wp-block-gallery-is-layout-flex\"><\/figure>\n\n\n\n<figure class=\"wp-block-image size-full is-resized\"><img fetchpriority=\"high\" decoding=\"async\" width=\"626\" height=\"417\" src=\"https:\/\/9editions.com\/boutique\/wp-content\/uploads\/2025\/09\/Vue-rapprochee-des-mains-dhomme-daffaires-tapant-sur-un-ordinateur-portable-Photo-Premium-1.jpg\" alt=\"\" class=\"wp-image-3036\" style=\"width:444px;height:auto\" srcset=\"https:\/\/9editions.com\/boutique\/wp-content\/uploads\/2025\/09\/Vue-rapprochee-des-mains-dhomme-daffaires-tapant-sur-un-ordinateur-portable-Photo-Premium-1.jpg 626w, https:\/\/9editions.com\/boutique\/wp-content\/uploads\/2025\/09\/Vue-rapprochee-des-mains-dhomme-daffaires-tapant-sur-un-ordinateur-portable-Photo-Premium-1-300x200.jpg 300w, https:\/\/9editions.com\/boutique\/wp-content\/uploads\/2025\/09\/Vue-rapprochee-des-mains-dhomme-daffaires-tapant-sur-un-ordinateur-portable-Photo-Premium-1-600x400.jpg 600w, https:\/\/9editions.com\/boutique\/wp-content\/uploads\/2025\/09\/Vue-rapprochee-des-mains-dhomme-daffaires-tapant-sur-un-ordinateur-portable-Photo-Premium-1-90x60.jpg 90w, https:\/\/9editions.com\/boutique\/wp-content\/uploads\/2025\/09\/Vue-rapprochee-des-mains-dhomme-daffaires-tapant-sur-un-ordinateur-portable-Photo-Premium-1-135x90.jpg 135w\" sizes=\"(max-width: 626px) 100vw, 626px\" \/><\/figure>\n\n\n\n<h2 class=\"wp-block-heading\">Informations l\u00e9gales<\/h2>\n\n\n\n<h3 class=\"wp-block-heading\">1. Pr\u00e9sentation du site.<\/h3>\n\n\n\n<p>En vertu de l&rsquo;article 6 de la loi n\u00b0 2004-575 du 21 juin 2004 pour la confiance dans l&rsquo;\u00e9conomie num\u00e9rique, il est pr\u00e9cis\u00e9 aux utilisateurs du site <a href=\"http:\/\/9editions.com\/\">9editions.com<\/a> l&rsquo;identit\u00e9 des diff\u00e9rents intervenants dans le cadre de sa r\u00e9alisation et de son suivi :<\/p>\n\n\n\n<p><strong>Propri\u00e9taire<\/strong> : SAS 9 \u00e9ditions \u2013 82320277500016 \u2013 11-13 Chemin de l&rsquo;industrie 06110 Le Cannet.<br><strong>Cr\u00e9ateur<\/strong> : Jean-Christophe LAY<br><strong>Responsable publication<\/strong> : Jean-Christophe LAY \u2013 9editions@gmail.com<br>Le responsable publication est une personne morale.<br><strong>Webmaster<\/strong> : 9editions@gmail.com<br><strong>H\u00e9bergeur<\/strong> : OVH SAS \u2013 2 rue Kellermann, 59100 Roubaix, France \u2013 T\u00e9l. 1007<\/p>\n\n\n\n<h3 class=\"wp-block-heading\">2. Conditions g\u00e9n\u00e9rales d\u2019utilisation du site et des services propos\u00e9s.<\/h3>\n\n\n\n<p>L\u2019utilisation du site <a href=\"http:\/\/9editions.com\/\">9editions.com<\/a> implique l\u2019acceptation pleine et enti\u00e8re des conditions g\u00e9n\u00e9rales d\u2019utilisation ci-apr\u00e8s d\u00e9crites. Ces conditions d\u2019utilisation sont susceptibles d\u2019\u00eatre modifi\u00e9es ou compl\u00e9t\u00e9es \u00e0 tout moment, les utilisateurs du site <a href=\"http:\/\/9editions.com\/\">9editions.com<\/a> sont donc invit\u00e9s \u00e0 les consulter de mani\u00e8re r\u00e9guli\u00e8re.<\/p>\n\n\n\n<p>Ce site est &nbsp;accessible \u00e0 tout moment aux utilisateurs. Une interruption pour raison de maintenance technique peut \u00eatre toutefois d\u00e9cid\u00e9e par SAS 9 \u00e9ditions, qui s\u2019efforcera alors de communiquer pr\u00e9alablement aux utilisateurs les dates et heures de l\u2019intervention.<\/p>\n\n\n\n<p>Le site <a href=\"http:\/\/9editions.com\/\">9editions.com<\/a> est mis \u00e0 jour r\u00e9guli\u00e8rement par Jean-Christophe LAY. De la m\u00eame fa\u00e7on, les mentions l\u00e9gales peuvent \u00eatre modifi\u00e9es \u00e0 tout moment : elles s\u2019imposent n\u00e9anmoins \u00e0 l\u2019utilisateur qui est invit\u00e9 \u00e0 s\u2019y r\u00e9f\u00e9rer le plus souvent possible afin d\u2019en prendre connaissance.<\/p>\n\n\n\n<h3 class=\"wp-block-heading\">3. Description des services fournis.<\/h3>\n\n\n\n<p>Le site <a href=\"http:\/\/9editions.com\/\">9editions.com<\/a> a pour objet de fournir une information concernant l\u2019ensemble des activit\u00e9s de la soci\u00e9t\u00e9.<\/p>\n\n\n\n<p>SAS 9 \u00e9ditions s\u2019efforce de fournir sur le site <a href=\"http:\/\/9editions.com\/\">9editions.com<\/a> des informations aussi pr\u00e9cises que possible. Toutefois, il ne pourra \u00eatre tenue responsable des omissions, des inexactitudes et des carences dans la mise \u00e0 jour, qu\u2019elles soient de son fait ou du fait des tiers partenaires qui lui fournissent ces informations.<\/p>\n\n\n\n<p>Tous les informations indiqu\u00e9es sur le site <a href=\"http:\/\/9editions.com\/\">9editions.com<\/a> sont donn\u00e9es \u00e0 titre indicatif, et sont susceptibles d\u2019\u00e9voluer. Par ailleurs, les renseignements figurant sur le site <a href=\"http:\/\/9editions.com\/\">9editions.com<\/a> ne sont pas exhaustifs. Ils sont donn\u00e9s sous r\u00e9serve de modifications ayant \u00e9t\u00e9 apport\u00e9es depuis leur mise en ligne.<\/p>\n\n\n\n<h3 class=\"wp-block-heading\">4. Limitations contractuelles sur les donn\u00e9es techniques.<\/h3>\n\n\n\n<p>Le site utilise la technologie JavaScript.<\/p>\n\n\n\n<p>Le site Internet ne pourra \u00eatre tenu responsable de dommages mat\u00e9riels li\u00e9s \u00e0 l\u2019utilisation du site. De plus, l\u2019utilisateur du site s\u2019engage \u00e0 acc\u00e9der au site en utilisant un mat\u00e9riel r\u00e9cent, ne contenant pas de virus et avec un navigateur de derni\u00e8re g\u00e9n\u00e9ration mis-\u00e0-jour.<\/p>\n\n\n\n<h3 class=\"wp-block-heading\">5. Propri\u00e9t\u00e9 intellectuelle et contrefa\u00e7ons.<\/h3>\n\n\n\n<p>SAS 9 \u00e9ditions est propri\u00e9taire des droits de propri\u00e9t\u00e9 intellectuelle ou d\u00e9tient les droits d\u2019usage sur tous les \u00e9l\u00e9ments accessibles sur le site, notamment les textes, images, graphismes, logo, ic\u00f4nes, sons, logiciels.<\/p>\n\n\n\n<p>Toute reproduction, repr\u00e9sentation, modification, publication, adaptation de tout ou partie des \u00e9l\u00e9ments du site, quel que soit le moyen ou le proc\u00e9d\u00e9 utilis\u00e9, est interdite, sauf autorisation \u00e9crite pr\u00e9alable de : SAS 9 \u00e9ditions.<\/p>\n\n\n\n<p>Toute exploitation non autoris\u00e9e du site ou de l\u2019un quelconque des \u00e9l\u00e9ments qu\u2019il contient sera consid\u00e9r\u00e9e comme constitutive d\u2019une contrefa\u00e7on et poursuivie conform\u00e9ment aux dispositions des articles L.335-2 et suivants du Code de Propri\u00e9t\u00e9 Intellectuelle.<\/p>\n\n\n\n<h3 class=\"wp-block-heading\">6. Limitations de responsabilit\u00e9.<\/h3>\n\n\n\n<p>SAS 9 \u00e9ditions ne pourra \u00eatre tenue responsable des dommages directs et indirects caus\u00e9s au mat\u00e9riel de l\u2019utilisateur, lors de l\u2019acc\u00e8s au site 9editions.com, et r\u00e9sultant soit de l\u2019utilisation d\u2019un mat\u00e9riel ne r\u00e9pondant pas aux sp\u00e9cifications indiqu\u00e9es au point 4, soit de l\u2019apparition d\u2019un bug ou d\u2019une incompatibilit\u00e9.<\/p>\n\n\n\n<p>SAS 9 \u00e9ditions ne pourra \u00e9galement \u00eatre tenue responsable des dommages indirects (tels par exemple qu\u2019une perte de march\u00e9 ou perte d\u2019une chance) cons\u00e9cutifs \u00e0 l\u2019utilisation du site <a href=\"http:\/\/9editions.com\/\">9editions.com<\/a>.<\/p>\n\n\n\n<p>Des espaces interactifs (possibilit\u00e9 de poser des questions dans l\u2019espace contact) sont \u00e0 la disposition des utilisateurs. SAS 9 \u00e9ditions se r\u00e9serve le droit de supprimer, sans mise en demeure pr\u00e9alable, tout contenu d\u00e9pos\u00e9 dans cet espace qui contreviendrait \u00e0 la l\u00e9gislation applicable en France, en particulier aux dispositions relatives \u00e0 la protection des donn\u00e9es. Le cas \u00e9ch\u00e9ant, SAS 9 \u00e9ditions se r\u00e9serve \u00e9galement la possibilit\u00e9 de mettre en cause la responsabilit\u00e9 civile et\/ou p\u00e9nale de l\u2019utilisateur, notamment en cas de message \u00e0 caract\u00e8re raciste, injurieux, diffamant, ou pornographique, quel que soit le support utilis\u00e9 (texte, photographie\u2026).<\/p>\n\n\n\n<h3 class=\"wp-block-heading\"><strong>7. Conditions G\u00e9n\u00e9rales de Vente<\/strong><\/h3>\n\n\n\n<p>Les modalit\u00e9s de commande, de paiement, de livraison et de droit de r\u00e9tractation applicables aux ventes r\u00e9alis\u00e9es sur ce site sont d\u00e9crites dans nos <a href=\"lien-vers-la-page-cgv\">Conditions G\u00e9n\u00e9rales de Vente<\/a>.<\/p>\n\n\n\n<h3 class=\"wp-block-heading\">8. Gestion des donn\u00e9es personnelles.<\/h3>\n\n\n\n<p>Le site collecte et traite des informations personnelles concernant ses utilisateurs.&nbsp; \u00ab toute information se rapportant \u00e0 une personne physique identifi\u00e9e ou identifiable \u00bb (R\u00e8glement UE 2016\/679 \u2013 RGPD).&nbsp;<\/p>\n\n\n\n<p>Pour en savoir plus sur la nature de ces donn\u00e9es, les finalit\u00e9s de leur traitement, ainsi que vos droits (acc\u00e8s, rectification, suppression, opposition), nous vous invitons \u00e0 consulter notre <a href=\"lien-vers-la-page-confidentialit%C3%A9\">Politique de confidentialit\u00e9<\/a>.<\/p>\n\n\n\n<h3 class=\"wp-block-heading\">9. Liens hypertextes et cookies.<\/h3>\n\n\n\n<p>Lors de la consultation du site <a href=\"https:\/\/9editions.com\/?srsltid=AfmBOoqzIAscpJ3gmzzmhqCSDQ1Ac2jJ4Mz5vtspZ5Te0jgn3JDiiKRX\">9editions.com<\/a>, des cookies peuvent \u00eatre install\u00e9s sur le terminal de l\u2019utilisateur.<\/p>\n\n\n\n<p>Un cookie est un petit fichier texte d\u00e9pos\u00e9 par le navigateur, qui permet de faciliter la navigation, d\u2019assurer certaines fonctionnalit\u00e9s et de mesurer l\u2019audience.<\/p>\n\n\n\n<p>Le site utilise diff\u00e9rents types de cookies :<\/p>\n\n\n\n<p>\u2013 Strictement n\u00e9cessaires au bon fonctionnement du site.<\/p>\n\n\n\n<p>\u2013 De mesure d\u2019audience (Google Analytics ou \u00e9quivalent).<\/p>\n\n\n\n<p>\u2013 Li\u00e9s aux r\u00e9seaux sociaux et contenus externes int\u00e9gr\u00e9s (ex. vid\u00e9os, boutons de partage).<\/p>\n\n\n\n<p>Conform\u00e9ment aux recommandations de la CNIL, l\u2019utilisateur est inform\u00e9 d\u00e8s sa premi\u00e8re visite par un bandeau d\u2019information et peut :<\/p>\n\n\n\n<p>\u2013 Accepter tous les cookies.<\/p>\n\n\n\n<p>\u2013 Refuser tous les cookies non essentiels.<\/p>\n\n\n\n<p>\u2013 Personnaliser ses choix cookie par cookie.<\/p>\n\n\n\n<p>L\u2019utilisateur peut \u00e0 tout moment modifier ses pr\u00e9f\u00e9rences en mati\u00e8re de cookies via le bandeau ou son navigateur. Pour en savoir plus, consultez notre Politique de cookies :&nbsp;<a href=\"https:\/\/9editions.com\/politique-de-cookies\/\">https:\/\/9editions.com\/politique-de-cookies\/<\/a><\/p>\n\n\n\n<h3 class=\"wp-block-heading\">10. Droit applicable et attribution de juridiction.<\/h3>\n\n\n\n<p>Tout litige en relation avec l\u2019utilisation du site <a href=\"http:\/\/9editions.com\/\">9editions.com<\/a> est soumis au droit fran\u00e7ais. Il est fait attribution exclusive de juridiction aux tribunaux comp\u00e9tents de Paris.<\/p>\n\n\n\n<h3 class=\"wp-block-heading\">11. Les principales lois concern\u00e9es.<\/h3>\n\n\n\n<p>Loi n\u00b0 2004-575 du 21 juin 2004 pour la confiance dans l\u2019\u00e9conomie num\u00e9rique (LCEN).<\/p>\n\n\n\n<p>Loi n\u00b0 78-17 du 6 janvier 1978 relative \u00e0 l\u2019informatique, aux fichiers et aux libert\u00e9s, modifi\u00e9e notamment par la loi du 20 juin 2018.<\/p>\n\n\n\n<p>R\u00e8glement (UE) 2016\/679 du Parlement europ\u00e9en et du Conseil du 27 avril 2016 (RGPD).<\/p>\n\n\n\n<p>Code de la Propri\u00e9t\u00e9 Intellectuelle (articles L.335-2 et suivants).<\/p>\n\n\n\n<h3 class=\"wp-block-heading\">12. Lexique.<\/h3>\n\n\n\n<p>Utilisateur : toute personne qui acc\u00e8de et utilise le site 9editions.com.<\/p>\n\n\n\n<p><\/p>\n","protected":false},"excerpt":{"rendered":"<p>Informations l\u00e9gales 1. Pr\u00e9sentation du site. En vertu de l&rsquo;article 6 de la loi n\u00b0 2004-575 du 21 juin 2004 pour la confiance dans l&rsquo;\u00e9conomie num\u00e9rique, il est pr\u00e9cis\u00e9 aux utilisateurs du site 9editions.com l&rsquo;identit\u00e9 des diff\u00e9rents intervenants dans le cadre de sa r\u00e9alisation et de son suivi : Propri\u00e9taire<\/p>\n","protected":false},"author":1,"featured_media":0,"parent":0,"menu_order":0,"comment_status":"closed","ping_status":"closed","template":"","meta":{"footnotes":""},"class_list":{"1":"page","2":"type-page","3":"status-publish","4":"hentry"},"yoast_head":"<!-- This site is optimized with the Yoast SEO plugin v27.3 - https:\/\/yoast.com\/product\/yoast-seo-wordpress\/ -->\n<title>Mentions L\u00e9gales de la boutique - 9 \u00e9ditions<\/title>\n<meta name=\"description\" content=\"D\u00e9couvrez les mentions l\u00e9gales du site boutique de 9\u00e9ditions, ainsi que les conditions de vente et la politique de confidentialit\u00e9\" \/>\n<meta name=\"robots\" content=\"index, follow, max-snippet:-1, max-image-preview:large, max-video-preview:-1\" \/>\n<link rel=\"canonical\" href=\"https:\/\/9editions.com\/boutique\/mentions-legales\/\" \/>\n<meta property=\"og:locale\" content=\"fr_FR\" \/>\n<meta property=\"og:type\" content=\"article\" \/>\n<meta property=\"og:title\" content=\"Mentions L\u00e9gales de la boutique - 9 \u00e9ditions\" \/>\n<meta property=\"og:description\" content=\"D\u00e9couvrez les mentions l\u00e9gales du site boutique de 9\u00e9ditions, ainsi que les conditions de vente et la politique de confidentialit\u00e9\" \/>\n<meta property=\"og:url\" content=\"https:\/\/9editions.com\/boutique\/mentions-legales\/\" \/>\n<meta property=\"og:site_name\" content=\"9 \u00e9ditions\" \/>\n<meta property=\"article:publisher\" content=\"https:\/\/www.facebook.com\/9editions?ref=bookmarks\" \/>\n<meta property=\"article:modified_time\" content=\"2025-09-15T13:08:29+00:00\" \/>\n<meta property=\"og:image\" content=\"https:\/\/9editions.com\/boutique\/wp-content\/uploads\/2025\/09\/Vue-rapprochee-des-mains-dhomme-daffaires-tapant-sur-un-ordinateur-portable-Photo-Premium-1.jpg\" \/>\n\t<meta property=\"og:image:width\" content=\"626\" \/>\n\t<meta property=\"og:image:height\" content=\"417\" \/>\n\t<meta property=\"og:image:type\" content=\"image\/jpeg\" \/>\n<meta name=\"twitter:card\" content=\"summary_large_image\" \/>\n<meta name=\"twitter:site\" content=\"@9_editions\" \/>\n<meta name=\"twitter:label1\" content=\"Dur\u00e9e de lecture estim\u00e9e\" \/>\n\t<meta name=\"twitter:data1\" content=\"6 minutes\" \/>\n<script type=\"application\/ld+json\" class=\"yoast-schema-graph\">{\"@context\":\"https:\\\/\\\/schema.org\",\"@graph\":[{\"@type\":\"WebPage\",\"@id\":\"https:\\\/\\\/9editions.com\\\/boutique\\\/mentions-legales\\\/\",\"url\":\"https:\\\/\\\/9editions.com\\\/boutique\\\/mentions-legales\\\/\",\"name\":\"Mentions L\u00e9gales de la boutique - 9 \u00e9ditions\",\"isPartOf\":{\"@id\":\"https:\\\/\\\/9editions.com\\\/boutique\\\/#website\"},\"primaryImageOfPage\":{\"@id\":\"https:\\\/\\\/9editions.com\\\/boutique\\\/mentions-legales\\\/#primaryimage\"},\"image\":{\"@id\":\"https:\\\/\\\/9editions.com\\\/boutique\\\/mentions-legales\\\/#primaryimage\"},\"thumbnailUrl\":\"https:\\\/\\\/9editions.com\\\/boutique\\\/wp-content\\\/uploads\\\/2025\\\/09\\\/Vue-rapprochee-des-mains-dhomme-daffaires-tapant-sur-un-ordinateur-portable-Photo-Premium-1.jpg\",\"datePublished\":\"2025-09-12T11:47:39+00:00\",\"dateModified\":\"2025-09-15T13:08:29+00:00\",\"description\":\"D\u00e9couvrez les mentions l\u00e9gales du site boutique de 9\u00e9ditions, ainsi que les conditions de vente et la politique de confidentialit\u00e9\",\"breadcrumb\":{\"@id\":\"https:\\\/\\\/9editions.com\\\/boutique\\\/mentions-legales\\\/#breadcrumb\"},\"inLanguage\":\"fr-FR\",\"potentialAction\":[{\"@type\":\"ReadAction\",\"target\":[\"https:\\\/\\\/9editions.com\\\/boutique\\\/mentions-legales\\\/\"]}]},{\"@type\":\"ImageObject\",\"inLanguage\":\"fr-FR\",\"@id\":\"https:\\\/\\\/9editions.com\\\/boutique\\\/mentions-legales\\\/#primaryimage\",\"url\":\"https:\\\/\\\/9editions.com\\\/boutique\\\/wp-content\\\/uploads\\\/2025\\\/09\\\/Vue-rapprochee-des-mains-dhomme-daffaires-tapant-sur-un-ordinateur-portable-Photo-Premium-1.jpg\",\"contentUrl\":\"https:\\\/\\\/9editions.com\\\/boutique\\\/wp-content\\\/uploads\\\/2025\\\/09\\\/Vue-rapprochee-des-mains-dhomme-daffaires-tapant-sur-un-ordinateur-portable-Photo-Premium-1.jpg\",\"width\":626,\"height\":417},{\"@type\":\"BreadcrumbList\",\"@id\":\"https:\\\/\\\/9editions.com\\\/boutique\\\/mentions-legales\\\/#breadcrumb\",\"itemListElement\":[{\"@type\":\"ListItem\",\"position\":1,\"name\":\"Accueil\",\"item\":\"https:\\\/\\\/9editions.com\\\/boutique\\\/\"},{\"@type\":\"ListItem\",\"position\":2,\"name\":\"Mentions l\u00e9gales\"}]},{\"@type\":\"WebSite\",\"@id\":\"https:\\\/\\\/9editions.com\\\/boutique\\\/#website\",\"url\":\"https:\\\/\\\/9editions.com\\\/boutique\\\/\",\"name\":\"9 \u00e9ditions\",\"description\":\"La maison d&#039;\u00e9dition au c\u00f4t\u00e9 des auteurs\",\"publisher\":{\"@id\":\"https:\\\/\\\/9editions.com\\\/boutique\\\/#organization\"},\"potentialAction\":[{\"@type\":\"SearchAction\",\"target\":{\"@type\":\"EntryPoint\",\"urlTemplate\":\"https:\\\/\\\/9editions.com\\\/boutique\\\/?s={search_term_string}\"},\"query-input\":{\"@type\":\"PropertyValueSpecification\",\"valueRequired\":true,\"valueName\":\"search_term_string\"}}],\"inLanguage\":\"fr-FR\"},{\"@type\":\"Organization\",\"@id\":\"https:\\\/\\\/9editions.com\\\/boutique\\\/#organization\",\"name\":\"9 \u00e9ditions\",\"url\":\"https:\\\/\\\/9editions.com\\\/boutique\\\/\",\"logo\":{\"@type\":\"ImageObject\",\"inLanguage\":\"fr-FR\",\"@id\":\"https:\\\/\\\/9editions.com\\\/boutique\\\/#\\\/schema\\\/logo\\\/image\\\/\",\"url\":\"https:\\\/\\\/9editions.com\\\/boutique\\\/wp-content\\\/uploads\\\/2020\\\/03\\\/cropped-9-editions-logo-amazon.jpg\",\"contentUrl\":\"https:\\\/\\\/9editions.com\\\/boutique\\\/wp-content\\\/uploads\\\/2020\\\/03\\\/cropped-9-editions-logo-amazon.jpg\",\"width\":120,\"height\":30,\"caption\":\"9 \u00e9ditions\"},\"image\":{\"@id\":\"https:\\\/\\\/9editions.com\\\/boutique\\\/#\\\/schema\\\/logo\\\/image\\\/\"},\"sameAs\":[\"https:\\\/\\\/www.facebook.com\\\/9editions?ref=bookmarks\",\"https:\\\/\\\/x.com\\\/9_editions\",\"https:\\\/\\\/www.instagram.com\\\/9editions_\\\/\"]}]}<\/script>\n<!-- \/ Yoast SEO plugin. -->","yoast_head_json":{"title":"Mentions L\u00e9gales de la boutique - 9 \u00e9ditions","description":"D\u00e9couvrez les mentions l\u00e9gales du site boutique de 9\u00e9ditions, ainsi que les conditions de vente et la politique de confidentialit\u00e9","robots":{"index":"index","follow":"follow","max-snippet":"max-snippet:-1","max-image-preview":"max-image-preview:large","max-video-preview":"max-video-preview:-1"},"canonical":"https:\/\/9editions.com\/boutique\/mentions-legales\/","og_locale":"fr_FR","og_type":"article","og_title":"Mentions L\u00e9gales de la boutique - 9 \u00e9ditions","og_description":"D\u00e9couvrez les mentions l\u00e9gales du site boutique de 9\u00e9ditions, ainsi que les conditions de vente et la politique de confidentialit\u00e9","og_url":"https:\/\/9editions.com\/boutique\/mentions-legales\/","og_site_name":"9 \u00e9ditions","article_publisher":"https:\/\/www.facebook.com\/9editions?ref=bookmarks","article_modified_time":"2025-09-15T13:08:29+00:00","og_image":[{"width":626,"height":417,"url":"https:\/\/9editions.com\/boutique\/wp-content\/uploads\/2025\/09\/Vue-rapprochee-des-mains-dhomme-daffaires-tapant-sur-un-ordinateur-portable-Photo-Premium-1.jpg","type":"image\/jpeg"}],"twitter_card":"summary_large_image","twitter_site":"@9_editions","twitter_misc":{"Dur\u00e9e de lecture estim\u00e9e":"6 minutes"},"schema":{"@context":"https:\/\/schema.org","@graph":[{"@type":"WebPage","@id":"https:\/\/9editions.com\/boutique\/mentions-legales\/","url":"https:\/\/9editions.com\/boutique\/mentions-legales\/","name":"Mentions L\u00e9gales de la boutique - 9 \u00e9ditions","isPartOf":{"@id":"https:\/\/9editions.com\/boutique\/#website"},"primaryImageOfPage":{"@id":"https:\/\/9editions.com\/boutique\/mentions-legales\/#primaryimage"},"image":{"@id":"https:\/\/9editions.com\/boutique\/mentions-legales\/#primaryimage"},"thumbnailUrl":"https:\/\/9editions.com\/boutique\/wp-content\/uploads\/2025\/09\/Vue-rapprochee-des-mains-dhomme-daffaires-tapant-sur-un-ordinateur-portable-Photo-Premium-1.jpg","datePublished":"2025-09-12T11:47:39+00:00","dateModified":"2025-09-15T13:08:29+00:00","description":"D\u00e9couvrez les mentions l\u00e9gales du site boutique de 9\u00e9ditions, ainsi que les conditions de vente et la politique de confidentialit\u00e9","breadcrumb":{"@id":"https:\/\/9editions.com\/boutique\/mentions-legales\/#breadcrumb"},"inLanguage":"fr-FR","potentialAction":[{"@type":"ReadAction","target":["https:\/\/9editions.com\/boutique\/mentions-legales\/"]}]},{"@type":"ImageObject","inLanguage":"fr-FR","@id":"https:\/\/9editions.com\/boutique\/mentions-legales\/#primaryimage","url":"https:\/\/9editions.com\/boutique\/wp-content\/uploads\/2025\/09\/Vue-rapprochee-des-mains-dhomme-daffaires-tapant-sur-un-ordinateur-portable-Photo-Premium-1.jpg","contentUrl":"https:\/\/9editions.com\/boutique\/wp-content\/uploads\/2025\/09\/Vue-rapprochee-des-mains-dhomme-daffaires-tapant-sur-un-ordinateur-portable-Photo-Premium-1.jpg","width":626,"height":417},{"@type":"BreadcrumbList","@id":"https:\/\/9editions.com\/boutique\/mentions-legales\/#breadcrumb","itemListElement":[{"@type":"ListItem","position":1,"name":"Accueil","item":"https:\/\/9editions.com\/boutique\/"},{"@type":"ListItem","position":2,"name":"Mentions l\u00e9gales"}]},{"@type":"WebSite","@id":"https:\/\/9editions.com\/boutique\/#website","url":"https:\/\/9editions.com\/boutique\/","name":"9 \u00e9ditions","description":"La maison d&#039;\u00e9dition au c\u00f4t\u00e9 des auteurs","publisher":{"@id":"https:\/\/9editions.com\/boutique\/#organization"},"potentialAction":[{"@type":"SearchAction","target":{"@type":"EntryPoint","urlTemplate":"https:\/\/9editions.com\/boutique\/?s={search_term_string}"},"query-input":{"@type":"PropertyValueSpecification","valueRequired":true,"valueName":"search_term_string"}}],"inLanguage":"fr-FR"},{"@type":"Organization","@id":"https:\/\/9editions.com\/boutique\/#organization","name":"9 \u00e9ditions","url":"https:\/\/9editions.com\/boutique\/","logo":{"@type":"ImageObject","inLanguage":"fr-FR","@id":"https:\/\/9editions.com\/boutique\/#\/schema\/logo\/image\/","url":"https:\/\/9editions.com\/boutique\/wp-content\/uploads\/2020\/03\/cropped-9-editions-logo-amazon.jpg","contentUrl":"https:\/\/9editions.com\/boutique\/wp-content\/uploads\/2020\/03\/cropped-9-editions-logo-amazon.jpg","width":120,"height":30,"caption":"9 \u00e9ditions"},"image":{"@id":"https:\/\/9editions.com\/boutique\/#\/schema\/logo\/image\/"},"sameAs":["https:\/\/www.facebook.com\/9editions?ref=bookmarks","https:\/\/x.com\/9_editions","https:\/\/www.instagram.com\/9editions_\/"]}]}},"jetpack_sharing_enabled":true,"_links":{"self":[{"href":"https:\/\/9editions.com\/boutique\/wp-json\/wp\/v2\/pages\/3014","targetHints":{"allow":["GET"]}}],"collection":[{"href":"https:\/\/9editions.com\/boutique\/wp-json\/wp\/v2\/pages"}],"about":[{"href":"https:\/\/9editions.com\/boutique\/wp-json\/wp\/v2\/types\/page"}],"author":[{"embeddable":true,"href":"https:\/\/9editions.com\/boutique\/wp-json\/wp\/v2\/users\/1"}],"replies":[{"embeddable":true,"href":"https:\/\/9editions.com\/boutique\/wp-json\/wp\/v2\/comments?post=3014"}],"version-history":[{"count":4,"href":"https:\/\/9editions.com\/boutique\/wp-json\/wp\/v2\/pages\/3014\/revisions"}],"predecessor-version":[{"id":3037,"href":"https:\/\/9editions.com\/boutique\/wp-json\/wp\/v2\/pages\/3014\/revisions\/3037"}],"wp:attachment":[{"href":"https:\/\/9editions.com\/boutique\/wp-json\/wp\/v2\/media?parent=3014"}],"curies":[{"name":"wp","href":"https:\/\/api.w.org\/{rel}","templated":true}]}}